{"id":11,"date":"2022-03-31T09:45:37","date_gmt":"2022-03-31T09:45:37","guid":{"rendered":"https:\/\/rolda.ro\/magazin\/cart\/"},"modified":"2022-06-22T15:50:43","modified_gmt":"2022-06-22T15:50:43","slug":"cosul-meu","status":"publish","type":"page","link":"https:\/\/rolda.ro\/magazin\/cosul-meu\/","title":{"rendered":"Co\u0219ul meu"},"content":{"rendered":"<p>[vc_row el_id=&#8221;row1&#8243;][vc_column][vc_column_text]\n<p>\n[\/vc_column_text][\/vc_column][\/vc_row][vc_row el_id=&#8221;row2&#8243;][vc_column][vc_column_text]<a class=\"proceed left\" href=\"https:\/\/rolda.ro\/magazin\/\">Continu\u0103 cump\u0103r\u0103turile<\/a>[\/vc_column_text][\/vc_column][\/vc_row][vc_row][vc_column][vc_raw_js]JTNDc2NyaXB0JTIwdHlwZSUzRCUyMnRleHQlMkZqYXZhc2NyaXB0JTIyJTNFJTBBalF1ZXJ5JTI4ZG9jdW1lbnQlMjkucmVhZHklMjhmdW5jdGlvbiUyOCUyNCUyOSUyMCU3QiUwQSUyNCUyOCUyN2EucHJvY2VlZC5sZWZ0JTI3JTI5LnJlbW92ZUNsYXNzJTI4JTIycm12YnRuJTIyJTI5JTNCJTBBaWYlMjglMjQlMjglMjdmb3JtLndvb2NvbW1lcmNlLWNhcnQtZm9ybSUyNyUyOS5sZW5ndGglMjklN0IlMEElMjAlMjAlMjAlMjQlMjglMjdhLnByb2NlZWQubGVmdCUyNyUyOS5jc3MlMjglMjJtYXJnaW4tdG9wJTIyJTJDJTIyLTY1cHglMjIlMjklM0IlMEElN0QlMEElMEElMjQlMjglMjJhLnJlbW92ZSUyMiUyOS5jbGljayUyOGZ1bmN0aW9uJTI4JTI5JTdCJTIwJTBBJTIwJTIwJTIwJTIwJTI0JTI4JTI3YS5wcm9jZWVkLmxlZnQlMjclMjkuYWRkQ2xhc3MlMjglMjJybXZidG4lMjIlMjklM0IlMEElN0QlMjklM0IlMEElN0QlMjklM0IlMEElM0MlMkZzY3JpcHQlM0U=[\/vc_raw_js][\/vc_column][\/vc_row]<\/p>","protected":false},"excerpt":{"rendered":"<p>[vc_row el_id=&#8221;row1&#8243;][vc_column][vc_column_text][\/vc_column_text][\/vc_column][\/vc_row][vc_row el_id=&#8221;row2&#8243;][vc_column][vc_column_text]Continu\u0103 cump\u0103r\u0103turile[\/vc_column_text][\/vc_column][\/vc_row][vc_row][vc_column][vc_raw_js]JTNDc2NyaXB0JTIwdHlwZSUzRCUyMnRleHQlMkZqYXZhc2NyaXB0JTIyJTNFJTBBalF1ZXJ5JTI4ZG9jdW1lbnQlMjkucmVhZHklMjhmdW5jdGlvbiUyOCUyNCUyOSUyMCU3QiUwQSUyNCUyOCUyN2EucHJvY2VlZC5sZWZ0JTI3JTI5LnJlbW92ZUNsYXNzJTI4JTIycm12YnRuJTIyJTI5JTNCJTBBaWYlMjglMjQlMjglMjdmb3JtLndvb2NvbW1lcmNlLWNhcnQtZm9ybSUyNyUyOS5sZW5ndGglMjklN0IlMEElMjAlMjAlMjAlMjQlMjglMjdhLnByb2NlZWQubGVmdCUyNyUyOS5jc3MlMjglMjJtYXJnaW4tdG9wJTIyJTJDJTIyLTY1cHglMjIlMjklM0IlMEElN0QlMEElMEElMjQlMjglMjJhLnJlbW92ZSUyMiUyOS5jbGljayUyOGZ1bmN0aW9uJTI4JTI5JTdCJTIwJTBBJTIwJTIwJTIwJTIwJTI0JTI4JTI3YS5wcm9jZWVkLmxlZnQlMjclMjkuYWRkQ2xhc3MlMjglMjJybXZidG4lMjIlMjklM0IlMEElN0QlMjklM0IlMEElN0QlMjklM0IlMEElM0MlMkZzY3JpcHQlM0U=[\/vc_raw_js][\/vc_column][\/vc_row]<\/p>\n","protected":false},"author":1,"featured_media":0,"parent":0,"menu_order":0,"comment_status":"closed","ping_status":"closed","template":"","meta":[],"yoast_head":"<!-- This site is optimized with the Yoast SEO plugin v18.4.1 - https:\/\/yoast.com\/wordpress\/plugins\/seo\/ -->\n<title>Co\u0219ul meu - ROLDA Magazin<\/title>\n<meta name=\"robots\" content=\"index, follow, max-snippet:-1, max-image-preview:large, max-video-preview:-1\" \/>\n<link rel=\"canonical\" href=\"https:\/\/rolda.ro\/magazin\/cosul-meu\/\" \/>\n<meta property=\"og:locale\" content=\"ro_RO\" \/>\n<meta property=\"og:type\" content=\"article\" \/>\n<meta property=\"og:title\" content=\"Co\u0219ul meu - ROLDA Magazin\" \/>\n<meta property=\"og:description\" content=\"[vc_row el_id=&#8221;row1&#8243;][vc_column][vc_column_text][\/vc_column_text][\/vc_column][\/vc_row][vc_row el_id=&#8221;row2&#8243;][vc_column][vc_column_text]Continu\u0103 cump\u0103r\u0103turile[\/vc_column_text][\/vc_column][\/vc_row][vc_row][vc_column][vc_raw_js]JTNDc2NyaXB0JTIwdHlwZSUzRCUyMnRleHQlMkZqYXZhc2NyaXB0JTIyJTNFJTBBalF1ZXJ5JTI4ZG9jdW1lbnQlMjkucmVhZHklMjhmdW5jdGlvbiUyOCUyNCUyOSUyMCU3QiUwQSUyNCUyOCUyN2EucHJvY2VlZC5sZWZ0JTI3JTI5LnJlbW92ZUNsYXNzJTI4JTIycm12YnRuJTIyJTI5JTNCJTBBaWYlMjglMjQlMjglMjdmb3JtLndvb2NvbW1lcmNlLWNhcnQtZm9ybSUyNyUyOS5sZW5ndGglMjklN0IlMEElMjAlMjAlMjAlMjQlMjglMjdhLnByb2NlZWQubGVmdCUyNyUyOS5jc3MlMjglMjJtYXJnaW4tdG9wJTIyJTJDJTIyLTY1cHglMjIlMjklM0IlMEElN0QlMEElMEElMjQlMjglMjJhLnJlbW92ZSUyMiUyOS5jbGljayUyOGZ1bmN0aW9uJTI4JTI5JTdCJTIwJTBBJTIwJTIwJTIwJTIwJTI0JTI4JTI3YS5wcm9jZWVkLmxlZnQlMjclMjkuYWRkQ2xhc3MlMjglMjJybXZidG4lMjIlMjklM0IlMEElN0QlMjklM0IlMEElN0QlMjklM0IlMEElM0MlMkZzY3JpcHQlM0U=[\/vc_raw_js][\/vc_column][\/vc_row]\" \/>\n<meta property=\"og:url\" content=\"https:\/\/rolda.ro\/magazin\/cosul-meu\/\" \/>\n<meta property=\"og:site_name\" content=\"ROLDA Magazin\" \/>\n<meta property=\"article:modified_time\" content=\"2022-06-22T15:50:43+00:00\" \/>\n<meta name=\"twitter:card\" content=\"summary_large_image\" \/>\n<meta name=\"twitter:label1\" content=\"Timp estimat pentru citire\" \/>\n\t<meta name=\"twitter:data1\" content=\"1 minut\" \/>\n<script type=\"application\/ld+json\" class=\"yoast-schema-graph\">{\"@context\":\"https:\/\/schema.org\",\"@graph\":[{\"@type\":\"WebSite\",\"@id\":\"https:\/\/rolda.ro\/magazin\/#website\",\"url\":\"https:\/\/rolda.ro\/magazin\/\",\"name\":\"ROLDA Magazin\",\"description\":\"Magazin\",\"potentialAction\":[{\"@type\":\"SearchAction\",\"target\":{\"@type\":\"EntryPoint\",\"urlTemplate\":\"https:\/\/rolda.ro\/magazin\/?s={search_term_string}\"},\"query-input\":\"required name=search_term_string\"}],\"inLanguage\":\"ro-RO\"},{\"@type\":\"WebPage\",\"@id\":\"https:\/\/rolda.ro\/magazin\/cosul-meu\/#webpage\",\"url\":\"https:\/\/rolda.ro\/magazin\/cosul-meu\/\",\"name\":\"Co\u0219ul meu - ROLDA Magazin\",\"isPartOf\":{\"@id\":\"https:\/\/rolda.ro\/magazin\/#website\"},\"datePublished\":\"2022-03-31T09:45:37+00:00\",\"dateModified\":\"2022-06-22T15:50:43+00:00\",\"breadcrumb\":{\"@id\":\"https:\/\/rolda.ro\/magazin\/cosul-meu\/#breadcrumb\"},\"inLanguage\":\"ro-RO\",\"potentialAction\":[{\"@type\":\"ReadAction\",\"target\":[\"https:\/\/rolda.ro\/magazin\/cosul-meu\/\"]}]},{\"@type\":\"BreadcrumbList\",\"@id\":\"https:\/\/rolda.ro\/magazin\/cosul-meu\/#breadcrumb\",\"itemListElement\":[{\"@type\":\"ListItem\",\"position\":1,\"name\":\"Pagina principal\u0103\",\"item\":\"https:\/\/rolda.ro\/magazin\/\"},{\"@type\":\"ListItem\",\"position\":2,\"name\":\"Co\u0219ul meu\"}]}]}<\/script>\n<!-- \/ Yoast SEO plugin. -->","yoast_head_json":{"title":"Co\u0219ul meu - ROLDA Magazin","robots":{"index":"index","follow":"follow","max-snippet":"max-snippet:-1","max-image-preview":"max-image-preview:large","max-video-preview":"max-video-preview:-1"},"canonical":"https:\/\/rolda.ro\/magazin\/cosul-meu\/","og_locale":"ro_RO","og_type":"article","og_title":"Co\u0219ul meu - ROLDA Magazin","og_description":"[vc_row el_id=&#8221;row1&#8243;][vc_column][vc_column_text][\/vc_column_text][\/vc_column][\/vc_row][vc_row el_id=&#8221;row2&#8243;][vc_column][vc_column_text]Continu\u0103 cump\u0103r\u0103turile[\/vc_column_text][\/vc_column][\/vc_row][vc_row][vc_column][vc_raw_js]JTNDc2NyaXB0JTIwdHlwZSUzRCUyMnRleHQlMkZqYXZhc2NyaXB0JTIyJTNFJTBBalF1ZXJ5JTI4ZG9jdW1lbnQlMjkucmVhZHklMjhmdW5jdGlvbiUyOCUyNCUyOSUyMCU3QiUwQSUyNCUyOCUyN2EucHJvY2VlZC5sZWZ0JTI3JTI5LnJlbW92ZUNsYXNzJTI4JTIycm12YnRuJTIyJTI5JTNCJTBBaWYlMjglMjQlMjglMjdmb3JtLndvb2NvbW1lcmNlLWNhcnQtZm9ybSUyNyUyOS5sZW5ndGglMjklN0IlMEElMjAlMjAlMjAlMjQlMjglMjdhLnByb2NlZWQubGVmdCUyNyUyOS5jc3MlMjglMjJtYXJnaW4tdG9wJTIyJTJDJTIyLTY1cHglMjIlMjklM0IlMEElN0QlMEElMEElMjQlMjglMjJhLnJlbW92ZSUyMiUyOS5jbGljayUyOGZ1bmN0aW9uJTI4JTI5JTdCJTIwJTBBJTIwJTIwJTIwJTIwJTI0JTI4JTI3YS5wcm9jZWVkLmxlZnQlMjclMjkuYWRkQ2xhc3MlMjglMjJybXZidG4lMjIlMjklM0IlMEElN0QlMjklM0IlMEElN0QlMjklM0IlMEElM0MlMkZzY3JpcHQlM0U=[\/vc_raw_js][\/vc_column][\/vc_row]","og_url":"https:\/\/rolda.ro\/magazin\/cosul-meu\/","og_site_name":"ROLDA Magazin","article_modified_time":"2022-06-22T15:50:43+00:00","twitter_card":"summary_large_image","twitter_misc":{"Timp estimat pentru citire":"1 minut"},"schema":{"@context":"https:\/\/schema.org","@graph":[{"@type":"WebSite","@id":"https:\/\/rolda.ro\/magazin\/#website","url":"https:\/\/rolda.ro\/magazin\/","name":"ROLDA Magazin","description":"Magazin","potentialAction":[{"@type":"SearchAction","target":{"@type":"EntryPoint","urlTemplate":"https:\/\/rolda.ro\/magazin\/?s={search_term_string}"},"query-input":"required name=search_term_string"}],"inLanguage":"ro-RO"},{"@type":"WebPage","@id":"https:\/\/rolda.ro\/magazin\/cosul-meu\/#webpage","url":"https:\/\/rolda.ro\/magazin\/cosul-meu\/","name":"Co\u0219ul meu - ROLDA Magazin","isPartOf":{"@id":"https:\/\/rolda.ro\/magazin\/#website"},"datePublished":"2022-03-31T09:45:37+00:00","dateModified":"2022-06-22T15:50:43+00:00","breadcrumb":{"@id":"https:\/\/rolda.ro\/magazin\/cosul-meu\/#breadcrumb"},"inLanguage":"ro-RO","potentialAction":[{"@type":"ReadAction","target":["https:\/\/rolda.ro\/magazin\/cosul-meu\/"]}]},{"@type":"BreadcrumbList","@id":"https:\/\/rolda.ro\/magazin\/cosul-meu\/#breadcrumb","itemListElement":[{"@type":"ListItem","position":1,"name":"Pagina principal\u0103","item":"https:\/\/rolda.ro\/magazin\/"},{"@type":"ListItem","position":2,"name":"Co\u0219ul meu"}]}]}},"_links":{"self":[{"href":"https:\/\/rolda.ro\/magazin\/wp-json\/wp\/v2\/pages\/11"}],"collection":[{"href":"https:\/\/rolda.ro\/magazin\/wp-json\/wp\/v2\/pages"}],"about":[{"href":"https:\/\/rolda.ro\/magazin\/wp-json\/wp\/v2\/types\/page"}],"author":[{"embeddable":true,"href":"https:\/\/rolda.ro\/magazin\/wp-json\/wp\/v2\/users\/1"}],"replies":[{"embeddable":true,"href":"https:\/\/rolda.ro\/magazin\/wp-json\/wp\/v2\/comments?post=11"}],"version-history":[{"count":12,"href":"https:\/\/rolda.ro\/magazin\/wp-json\/wp\/v2\/pages\/11\/revisions"}],"predecessor-version":[{"id":1370,"href":"https:\/\/rolda.ro\/magazin\/wp-json\/wp\/v2\/pages\/11\/revisions\/1370"}],"wp:attachment":[{"href":"https:\/\/rolda.ro\/magazin\/wp-json\/wp\/v2\/media?parent=11"}],"curies":[{"name":"wp","href":"https:\/\/api.w.org\/{rel}","templated":true}]}}