{"id":1493,"date":"2022-08-11T08:03:25","date_gmt":"2022-08-11T08:03:25","guid":{"rendered":"https:\/\/rolda.ro\/magazin\/?page_id=1493"},"modified":"2022-08-11T08:12:26","modified_gmt":"2022-08-11T08:12:26","slug":"modalitati-de-plata","status":"publish","type":"page","link":"https:\/\/rolda.ro\/magazin\/modalitati-de-plata\/","title":{"rendered":"Modalit\u0103\u021bi de plat\u0103"},"content":{"rendered":"<p>[vc_row][vc_column][vc_column_text]<\/p>\n<h3><strong>Modalit\u0103\u021bi de plat\u0103<\/strong><\/h3>\n<p>[\/vc_column_text][vc_column_text]<strong>Online cu cardul<\/strong>[\/vc_column_text][vc_column_text]Pe site-ul <span style=\"text-decoration: underline;\"><strong><a href=\"https:\/\/rolda.ro\" target=\"_blank\" rel=\"noopener\">https:\/\/rolda.ro<\/a><\/strong><\/span>\u00a0 si subdomeniile (in magazinul online ROLDA), \u00ee\u021bi punem la dispozi\u021bie modalitea de plat\u0103 online integral\u0103 cu carduri emise sub siglele Visa \u0219i Mastercard.[\/vc_column_text][vc_column_text]Plata online se realizeaz\u0103 \u00een condi\u021bii de maxim\u0103 siguran\u021b\u0103 folosind un card bancar care permite efectuarea de tranzac\u021bii online. Dup\u0103 efectuarea pl\u0103\u021bii, vei primi o confirmare de plat\u0103 pe adresa ta de email.[\/vc_column_text][vc_column_text]Procesatorul de plat\u0103 foloseste un sistem securizat, bazat pe standardul 3Dsecure. 3D Secure \u00eenseamn\u0103 o nou\u0103 abordare global\u0103 a autentific\u0103rii cump\u0103r\u0103torilor \u0219i v\u00e2nz\u0103torilor \u00een tranzac\u021bii sigure pe Internet. Aceast\u0103 m\u0103sur\u0103 de siguran\u021b\u0103 presupune redirec\u021bionarea utilizatorului \u00een momentul efectu\u0103rii pl\u0103\u021bii pe o pagin\u0103 securizat\u0103 unde \u00eenregistrarea fiec\u0103rui de\u021bin\u0103tor de card se face prin atribuirea unui cod de autorizare pentru fiecare tranzac\u021bie online.[\/vc_column_text][vc_column_text]Datele cardului de plat\u0103 ale CUMP\u0102R\u0102TORULUI nu vor fi accesibile \u0219i nici nu vor fi stocate de c\u0103tre magazinul online ROLDA, ci doar de c\u0103tre institu\u021bia de autorizare a Tranzac\u021biei sau o alt\u0103 entitate autorizat\u0103 s\u0103 presteze servicii de stocare date de identificare a cardului, despre a c\u0103rei identitate CUMP\u0102R\u0102TORUL va fi informat \u00eenainte de introducerea datelor.[\/vc_column_text][vc_column_text]Clien\u021bii pot comanda online din magazinul ROLDA folosind carduri emise oriunde \u00een lume sub sigla Visa sau MasterCard. Pentru cardurile emise \u00een str\u0103in\u0103tate, ata\u0219ate la conturi \u00een alt\u0103 moned\u0103, conversia se face \u00een lei la cursul valutar al b\u0103ncii emitente. Pl\u0103\u021bile efectuate din afara teritoriului Rom\u00e2niei se fac \u00een LEI.[\/vc_column_text][vc_column_text]Datele ce vor fi introduse pentru efectuarea pl\u0103\u021bii sunt urm\u0103toarele:<\/p>\n<ul>\n<li>Numele de pe card<\/li>\n<li>Num\u0103rul cardului (16 cifre)<\/li>\n<li>Data expir\u0103rii (luna \u0219i anul)<\/li>\n<li>Codul CVC sau CVV (3 cifre)<\/li>\n<\/ul>\n<p>[\/vc_column_text][vc_column_text]Dup\u0103 \u00eenregistrarea cu succes a comenzii, suma pl\u0103tit\u0103 va fi blocat\u0103 \u00een contul t\u0103u, urm\u00e2nd a fi \u00eencasat\u0103 de c\u0103tre Magazinul online ROLDA doar dup\u0103 confirmarea comenzii.[\/vc_column_text][\/vc_column][\/vc_row]<\/p>\n","protected":false},"excerpt":{"rendered":"<p>[vc_row][vc_column][vc_column_text] Modalit\u0103\u021bi de plat\u0103 [\/vc_column_text][vc_column_text]Online cu cardul[\/vc_column_text][vc_column_text]Pe site-ul https:\/\/rolda.ro\u00a0 si subdomeniile (in magazinul online ROLDA), \u00ee\u021bi punem la dispozi\u021bie modalitea de plat\u0103 online integral\u0103 cu carduri emise sub siglele Visa \u0219i Mastercard.[\/vc_column_text][vc_column_text]Plata online se realizeaz\u0103 \u00een condi\u021bii de maxim\u0103 siguran\u021b\u0103 folosind un card bancar care permite efectuarea de tranzac\u021bii online. Dup\u0103 efectuarea pl\u0103\u021bii, vei primi [&hellip;]<\/p>\n","protected":false},"author":4,"featured_media":0,"parent":0,"menu_order":0,"comment_status":"closed","ping_status":"closed","template":"","meta":[],"yoast_head":"<!-- This site is optimized with the Yoast SEO plugin v18.4.1 - https:\/\/yoast.com\/wordpress\/plugins\/seo\/ -->\n<title>Modalit\u0103\u021bi de plat\u0103 - ROLDA Magazin<\/title>\n<meta name=\"robots\" content=\"index, follow, max-snippet:-1, max-image-preview:large, max-video-preview:-1\" \/>\n<link rel=\"canonical\" href=\"https:\/\/rolda.ro\/magazin\/modalitati-de-plata\/\" \/>\n<meta property=\"og:locale\" content=\"ro_RO\" \/>\n<meta property=\"og:type\" content=\"article\" \/>\n<meta property=\"og:title\" content=\"Modalit\u0103\u021bi de plat\u0103 - ROLDA Magazin\" \/>\n<meta property=\"og:description\" content=\"[vc_row][vc_column][vc_column_text] Modalit\u0103\u021bi de plat\u0103 [\/vc_column_text][vc_column_text]Online cu cardul[\/vc_column_text][vc_column_text]Pe site-ul https:\/\/rolda.ro\u00a0 si subdomeniile (in magazinul online ROLDA), \u00ee\u021bi punem la dispozi\u021bie modalitea de plat\u0103 online integral\u0103 cu carduri emise sub siglele Visa \u0219i Mastercard.[\/vc_column_text][vc_column_text]Plata online se realizeaz\u0103 \u00een condi\u021bii de maxim\u0103 siguran\u021b\u0103 folosind un card bancar care permite efectuarea de tranzac\u021bii online. Dup\u0103 efectuarea pl\u0103\u021bii, vei primi [&hellip;]\" \/>\n<meta property=\"og:url\" content=\"https:\/\/rolda.ro\/magazin\/modalitati-de-plata\/\" \/>\n<meta property=\"og:site_name\" content=\"ROLDA Magazin\" \/>\n<meta property=\"article:modified_time\" content=\"2022-08-11T08:12:26+00:00\" \/>\n<meta name=\"twitter:card\" content=\"summary_large_image\" \/>\n<meta name=\"twitter:label1\" content=\"Timp estimat pentru citire\" \/>\n\t<meta name=\"twitter:data1\" content=\"2 minute\" \/>\n<script type=\"application\/ld+json\" class=\"yoast-schema-graph\">{\"@context\":\"https:\/\/schema.org\",\"@graph\":[{\"@type\":\"WebSite\",\"@id\":\"https:\/\/rolda.ro\/magazin\/#website\",\"url\":\"https:\/\/rolda.ro\/magazin\/\",\"name\":\"ROLDA Magazin\",\"description\":\"Magazin\",\"potentialAction\":[{\"@type\":\"SearchAction\",\"target\":{\"@type\":\"EntryPoint\",\"urlTemplate\":\"https:\/\/rolda.ro\/magazin\/?s={search_term_string}\"},\"query-input\":\"required name=search_term_string\"}],\"inLanguage\":\"ro-RO\"},{\"@type\":\"WebPage\",\"@id\":\"https:\/\/rolda.ro\/magazin\/modalitati-de-plata\/#webpage\",\"url\":\"https:\/\/rolda.ro\/magazin\/modalitati-de-plata\/\",\"name\":\"Modalit\u0103\u021bi de plat\u0103 - ROLDA Magazin\",\"isPartOf\":{\"@id\":\"https:\/\/rolda.ro\/magazin\/#website\"},\"datePublished\":\"2022-08-11T08:03:25+00:00\",\"dateModified\":\"2022-08-11T08:12:26+00:00\",\"breadcrumb\":{\"@id\":\"https:\/\/rolda.ro\/magazin\/modalitati-de-plata\/#breadcrumb\"},\"inLanguage\":\"ro-RO\",\"potentialAction\":[{\"@type\":\"ReadAction\",\"target\":[\"https:\/\/rolda.ro\/magazin\/modalitati-de-plata\/\"]}]},{\"@type\":\"BreadcrumbList\",\"@id\":\"https:\/\/rolda.ro\/magazin\/modalitati-de-plata\/#breadcrumb\",\"itemListElement\":[{\"@type\":\"ListItem\",\"position\":1,\"name\":\"Pagina principal\u0103\",\"item\":\"https:\/\/rolda.ro\/magazin\/\"},{\"@type\":\"ListItem\",\"position\":2,\"name\":\"Modalit\u0103\u021bi de plat\u0103\"}]}]}<\/script>\n<!-- \/ Yoast SEO plugin. -->","yoast_head_json":{"title":"Modalit\u0103\u021bi de plat\u0103 - ROLDA Magazin","robots":{"index":"index","follow":"follow","max-snippet":"max-snippet:-1","max-image-preview":"max-image-preview:large","max-video-preview":"max-video-preview:-1"},"canonical":"https:\/\/rolda.ro\/magazin\/modalitati-de-plata\/","og_locale":"ro_RO","og_type":"article","og_title":"Modalit\u0103\u021bi de plat\u0103 - ROLDA Magazin","og_description":"[vc_row][vc_column][vc_column_text] Modalit\u0103\u021bi de plat\u0103 [\/vc_column_text][vc_column_text]Online cu cardul[\/vc_column_text][vc_column_text]Pe site-ul https:\/\/rolda.ro\u00a0 si subdomeniile (in magazinul online ROLDA), \u00ee\u021bi punem la dispozi\u021bie modalitea de plat\u0103 online integral\u0103 cu carduri emise sub siglele Visa \u0219i Mastercard.[\/vc_column_text][vc_column_text]Plata online se realizeaz\u0103 \u00een condi\u021bii de maxim\u0103 siguran\u021b\u0103 folosind un card bancar care permite efectuarea de tranzac\u021bii online. Dup\u0103 efectuarea pl\u0103\u021bii, vei primi [&hellip;]","og_url":"https:\/\/rolda.ro\/magazin\/modalitati-de-plata\/","og_site_name":"ROLDA Magazin","article_modified_time":"2022-08-11T08:12:26+00:00","twitter_card":"summary_large_image","twitter_misc":{"Timp estimat pentru citire":"2 minute"},"schema":{"@context":"https:\/\/schema.org","@graph":[{"@type":"WebSite","@id":"https:\/\/rolda.ro\/magazin\/#website","url":"https:\/\/rolda.ro\/magazin\/","name":"ROLDA Magazin","description":"Magazin","potentialAction":[{"@type":"SearchAction","target":{"@type":"EntryPoint","urlTemplate":"https:\/\/rolda.ro\/magazin\/?s={search_term_string}"},"query-input":"required name=search_term_string"}],"inLanguage":"ro-RO"},{"@type":"WebPage","@id":"https:\/\/rolda.ro\/magazin\/modalitati-de-plata\/#webpage","url":"https:\/\/rolda.ro\/magazin\/modalitati-de-plata\/","name":"Modalit\u0103\u021bi de plat\u0103 - ROLDA Magazin","isPartOf":{"@id":"https:\/\/rolda.ro\/magazin\/#website"},"datePublished":"2022-08-11T08:03:25+00:00","dateModified":"2022-08-11T08:12:26+00:00","breadcrumb":{"@id":"https:\/\/rolda.ro\/magazin\/modalitati-de-plata\/#breadcrumb"},"inLanguage":"ro-RO","potentialAction":[{"@type":"ReadAction","target":["https:\/\/rolda.ro\/magazin\/modalitati-de-plata\/"]}]},{"@type":"BreadcrumbList","@id":"https:\/\/rolda.ro\/magazin\/modalitati-de-plata\/#breadcrumb","itemListElement":[{"@type":"ListItem","position":1,"name":"Pagina principal\u0103","item":"https:\/\/rolda.ro\/magazin\/"},{"@type":"ListItem","position":2,"name":"Modalit\u0103\u021bi de plat\u0103"}]}]}},"_links":{"self":[{"href":"https:\/\/rolda.ro\/magazin\/wp-json\/wp\/v2\/pages\/1493"}],"collection":[{"href":"https:\/\/rolda.ro\/magazin\/wp-json\/wp\/v2\/pages"}],"about":[{"href":"https:\/\/rolda.ro\/magazin\/wp-json\/wp\/v2\/types\/page"}],"author":[{"embeddable":true,"href":"https:\/\/rolda.ro\/magazin\/wp-json\/wp\/v2\/users\/4"}],"replies":[{"embeddable":true,"href":"https:\/\/rolda.ro\/magazin\/wp-json\/wp\/v2\/comments?post=1493"}],"version-history":[{"count":3,"href":"https:\/\/rolda.ro\/magazin\/wp-json\/wp\/v2\/pages\/1493\/revisions"}],"predecessor-version":[{"id":1496,"href":"https:\/\/rolda.ro\/magazin\/wp-json\/wp\/v2\/pages\/1493\/revisions\/1496"}],"wp:attachment":[{"href":"https:\/\/rolda.ro\/magazin\/wp-json\/wp\/v2\/media?parent=1493"}],"curies":[{"name":"wp","href":"https:\/\/api.w.org\/{rel}","templated":true}]}}