{"id":1502,"date":"2022-08-11T08:28:33","date_gmt":"2022-08-11T08:28:33","guid":{"rendered":"https:\/\/rolda.ro\/magazin\/?page_id=1502"},"modified":"2024-06-14T09:01:05","modified_gmt":"2024-06-14T09:01:05","slug":"cum-comand-online","status":"publish","type":"page","link":"https:\/\/rolda.ro\/magazin\/cum-comand-online\/","title":{"rendered":"Cum comand online?"},"content":{"rendered":"<p>[vc_row][vc_column][vc_column_text]<\/p>\n<h3><strong>Cum comand online?<\/strong><\/h3>\n<p>[\/vc_column_text][vc_column_text]Po\u021bi c\u0103uta un produs navig\u00e2nd \u00een categoriile de produse direct din meniul afi\u0219at.[\/vc_column_text][vc_column_text]Alege produsele dorite, op\u021biunile de m\u0103rimi \u0219i culoare ale acestuia sau alte op\u021biuni disponibile \u00een func\u021bie de produs.[\/vc_column_text][vc_column_text]Adaug\u0103 produsul sau produsele dorite \u00een \u201cCo\u0219ul meu\u201d prin selectarea butonului \u201cAdaug\u0103 \u00een co\u0219.\u201d<br \/>\nAi posibilitatea s\u0103 adaugi \u00een co\u0219 mai multe produse, din categorii diferite.[\/vc_column_text][vc_column_text]<strong>Verificare comand\u0103<\/strong>[\/vc_column_text][vc_column_text]\u00cen sec\u021biunea \u201cCo\u0219ul meu\u201d po\u021bi vizualiza lista produselor selectate, s\u0103 actualizezi cantitatea sau s\u0103 renun\u021bi la unul sau toate produsele selectate \u0219i s\u0103 actualizezi co\u0219ul \u00een functie de modific\u0103rile f\u0103cute.[\/vc_column_text][vc_column_text]<strong>Reduceri<\/strong>[\/vc_column_text][vc_column_text]Aplic\u0103 un cod de reducere, dac\u0103 este cazul.[\/vc_column_text][vc_column_text]<strong>Finalizare comand\u0103<\/strong>[\/vc_column_text][vc_column_text]Finalizeaz\u0103 comanda prin autentificare (introduci adresa de email \u0219i parola) dac\u0103 ai mai comandat de la noi sau prin \u00eenregistrare, dac\u0103 e\u0219ti client nou.[\/vc_column_text][vc_column_text]<strong>Detalii de facturare \u0219i livrare comand\u0103<\/strong>[\/vc_column_text][vc_column_text]Dup\u0103 ad\u0103ugarea produselor dorite \u00een co\u0219, trebuie s\u0103 selectezi detaliile de facturare.[\/vc_column_text][vc_column_text]<strong>Modalitatea de livrare<\/strong>[\/vc_column_text][vc_column_text]Livrarea se realizeaza prin Po\u0219ta Rom\u00e2n\u0103.[\/vc_column_text][vc_column_text]\u00cenainte de a trimite comanda, te rug\u0103m s\u0103 cite\u0219ti Politica de returnare, Modalit\u0103\u021bile de livrare \u0219i Politica de Confiden\u021bialitate. Prin ap\u0103sarea acestui buton \u201cFinalizeaz\u0103 comand\u0103\u201d declari c\u0103 ai citit, \u00een\u021beles \u0219i acceptat toate acestea.[\/vc_column_text][vc_column_text]Pentru trimiterea comenzii folose\u0219te butonul \u201cPlaseaz\u0103 comanda\u201d. La scurt timp vei primi un e-mail prin care se confirm\u0103 \u00eenregistrarea comenzii.[\/vc_column_text][vc_column_text]<strong>Ai mai cump\u0103rat p\u00e2n\u0103 acum de la noi sau este prima dat\u0103?<\/strong>[\/vc_column_text][vc_column_text]Dac\u0103 e\u0219ti client nou, trebuie s\u0103 \u00ee\u021bi creezi un cont pentru a putea plasa o comand\u0103, apoi completeaz\u0103 datele din formular \u0219i apas\u0103 butonul \u201cPlaseaz\u0103 comanda\u201d.[\/vc_column_text][vc_column_text]Dac\u0103 e\u0219ti deja client, introdu e-mail-ul \u0219i parola \u0219i \u021bi se vor \u00eenc\u0103rca toate datele folosite la ultima comand\u0103. Dac\u0103 dore\u0219ti livrarea \u00een acelea\u0219i condi\u021bii, apas\u0103 \u201cPlaseaz\u0103 comanda\u201d.[\/vc_column_text][vc_column_text]<strong>Salvarea datelor<\/strong>[\/vc_column_text][vc_column_text]Dup\u0103 fiecare comand\u0103 plasat\u0103, datele de livrare sunt salvate pentru a putea fi folosite ulterior.[\/vc_column_text][\/vc_column][\/vc_row]<\/p>\n","protected":false},"excerpt":{"rendered":"<p>[vc_row][vc_column][vc_column_text] Cum comand online? [\/vc_column_text][vc_column_text]Po\u021bi c\u0103uta un produs navig\u00e2nd \u00een categoriile de produse direct din meniul afi\u0219at.[\/vc_column_text][vc_column_text]Alege produsele dorite, op\u021biunile de m\u0103rimi \u0219i culoare ale acestuia sau alte op\u021biuni disponibile \u00een func\u021bie de produs.[\/vc_column_text][vc_column_text]Adaug\u0103 produsul sau produsele dorite \u00een \u201cCo\u0219ul meu\u201d prin selectarea butonului \u201cAdaug\u0103 \u00een co\u0219.\u201d Ai posibilitatea s\u0103 adaugi \u00een co\u0219 mai multe [&hellip;]<\/p>\n","protected":false},"author":4,"featured_media":0,"parent":0,"menu_order":0,"comment_status":"closed","ping_status":"closed","template":"","meta":[],"yoast_head":"<!-- This site is optimized with the Yoast SEO plugin v18.4.1 - https:\/\/yoast.com\/wordpress\/plugins\/seo\/ -->\n<title>Cum comand online? - ROLDA Magazin<\/title>\n<meta name=\"robots\" content=\"index, follow, max-snippet:-1, max-image-preview:large, max-video-preview:-1\" \/>\n<link rel=\"canonical\" href=\"https:\/\/rolda.ro\/magazin\/cum-comand-online\/\" \/>\n<meta property=\"og:locale\" content=\"ro_RO\" \/>\n<meta property=\"og:type\" content=\"article\" \/>\n<meta property=\"og:title\" content=\"Cum comand online? - ROLDA Magazin\" \/>\n<meta property=\"og:description\" content=\"[vc_row][vc_column][vc_column_text] Cum comand online? [\/vc_column_text][vc_column_text]Po\u021bi c\u0103uta un produs navig\u00e2nd \u00een categoriile de produse direct din meniul afi\u0219at.[\/vc_column_text][vc_column_text]Alege produsele dorite, op\u021biunile de m\u0103rimi \u0219i culoare ale acestuia sau alte op\u021biuni disponibile \u00een func\u021bie de produs.[\/vc_column_text][vc_column_text]Adaug\u0103 produsul sau produsele dorite \u00een \u201cCo\u0219ul meu\u201d prin selectarea butonului \u201cAdaug\u0103 \u00een co\u0219.\u201d Ai posibilitatea s\u0103 adaugi \u00een co\u0219 mai multe [&hellip;]\" \/>\n<meta property=\"og:url\" content=\"https:\/\/rolda.ro\/magazin\/cum-comand-online\/\" \/>\n<meta property=\"og:site_name\" content=\"ROLDA Magazin\" \/>\n<meta property=\"article:modified_time\" content=\"2024-06-14T09:01:05+00:00\" \/>\n<meta name=\"twitter:card\" content=\"summary_large_image\" \/>\n<meta name=\"twitter:label1\" content=\"Timp estimat pentru citire\" \/>\n\t<meta name=\"twitter:data1\" content=\"2 minute\" \/>\n<script type=\"application\/ld+json\" class=\"yoast-schema-graph\">{\"@context\":\"https:\/\/schema.org\",\"@graph\":[{\"@type\":\"WebSite\",\"@id\":\"https:\/\/rolda.ro\/magazin\/#website\",\"url\":\"https:\/\/rolda.ro\/magazin\/\",\"name\":\"ROLDA Magazin\",\"description\":\"Magazin\",\"potentialAction\":[{\"@type\":\"SearchAction\",\"target\":{\"@type\":\"EntryPoint\",\"urlTemplate\":\"https:\/\/rolda.ro\/magazin\/?s={search_term_string}\"},\"query-input\":\"required name=search_term_string\"}],\"inLanguage\":\"ro-RO\"},{\"@type\":\"WebPage\",\"@id\":\"https:\/\/rolda.ro\/magazin\/cum-comand-online\/#webpage\",\"url\":\"https:\/\/rolda.ro\/magazin\/cum-comand-online\/\",\"name\":\"Cum comand online? - ROLDA Magazin\",\"isPartOf\":{\"@id\":\"https:\/\/rolda.ro\/magazin\/#website\"},\"datePublished\":\"2022-08-11T08:28:33+00:00\",\"dateModified\":\"2024-06-14T09:01:05+00:00\",\"breadcrumb\":{\"@id\":\"https:\/\/rolda.ro\/magazin\/cum-comand-online\/#breadcrumb\"},\"inLanguage\":\"ro-RO\",\"potentialAction\":[{\"@type\":\"ReadAction\",\"target\":[\"https:\/\/rolda.ro\/magazin\/cum-comand-online\/\"]}]},{\"@type\":\"BreadcrumbList\",\"@id\":\"https:\/\/rolda.ro\/magazin\/cum-comand-online\/#breadcrumb\",\"itemListElement\":[{\"@type\":\"ListItem\",\"position\":1,\"name\":\"Pagina principal\u0103\",\"item\":\"https:\/\/rolda.ro\/magazin\/\"},{\"@type\":\"ListItem\",\"position\":2,\"name\":\"Cum comand online?\"}]}]}<\/script>\n<!-- \/ Yoast SEO plugin. -->","yoast_head_json":{"title":"Cum comand online? - ROLDA Magazin","robots":{"index":"index","follow":"follow","max-snippet":"max-snippet:-1","max-image-preview":"max-image-preview:large","max-video-preview":"max-video-preview:-1"},"canonical":"https:\/\/rolda.ro\/magazin\/cum-comand-online\/","og_locale":"ro_RO","og_type":"article","og_title":"Cum comand online? - ROLDA Magazin","og_description":"[vc_row][vc_column][vc_column_text] Cum comand online? [\/vc_column_text][vc_column_text]Po\u021bi c\u0103uta un produs navig\u00e2nd \u00een categoriile de produse direct din meniul afi\u0219at.[\/vc_column_text][vc_column_text]Alege produsele dorite, op\u021biunile de m\u0103rimi \u0219i culoare ale acestuia sau alte op\u021biuni disponibile \u00een func\u021bie de produs.[\/vc_column_text][vc_column_text]Adaug\u0103 produsul sau produsele dorite \u00een \u201cCo\u0219ul meu\u201d prin selectarea butonului \u201cAdaug\u0103 \u00een co\u0219.\u201d Ai posibilitatea s\u0103 adaugi \u00een co\u0219 mai multe [&hellip;]","og_url":"https:\/\/rolda.ro\/magazin\/cum-comand-online\/","og_site_name":"ROLDA Magazin","article_modified_time":"2024-06-14T09:01:05+00:00","twitter_card":"summary_large_image","twitter_misc":{"Timp estimat pentru citire":"2 minute"},"schema":{"@context":"https:\/\/schema.org","@graph":[{"@type":"WebSite","@id":"https:\/\/rolda.ro\/magazin\/#website","url":"https:\/\/rolda.ro\/magazin\/","name":"ROLDA Magazin","description":"Magazin","potentialAction":[{"@type":"SearchAction","target":{"@type":"EntryPoint","urlTemplate":"https:\/\/rolda.ro\/magazin\/?s={search_term_string}"},"query-input":"required name=search_term_string"}],"inLanguage":"ro-RO"},{"@type":"WebPage","@id":"https:\/\/rolda.ro\/magazin\/cum-comand-online\/#webpage","url":"https:\/\/rolda.ro\/magazin\/cum-comand-online\/","name":"Cum comand online? - ROLDA Magazin","isPartOf":{"@id":"https:\/\/rolda.ro\/magazin\/#website"},"datePublished":"2022-08-11T08:28:33+00:00","dateModified":"2024-06-14T09:01:05+00:00","breadcrumb":{"@id":"https:\/\/rolda.ro\/magazin\/cum-comand-online\/#breadcrumb"},"inLanguage":"ro-RO","potentialAction":[{"@type":"ReadAction","target":["https:\/\/rolda.ro\/magazin\/cum-comand-online\/"]}]},{"@type":"BreadcrumbList","@id":"https:\/\/rolda.ro\/magazin\/cum-comand-online\/#breadcrumb","itemListElement":[{"@type":"ListItem","position":1,"name":"Pagina principal\u0103","item":"https:\/\/rolda.ro\/magazin\/"},{"@type":"ListItem","position":2,"name":"Cum comand online?"}]}]}},"_links":{"self":[{"href":"https:\/\/rolda.ro\/magazin\/wp-json\/wp\/v2\/pages\/1502"}],"collection":[{"href":"https:\/\/rolda.ro\/magazin\/wp-json\/wp\/v2\/pages"}],"about":[{"href":"https:\/\/rolda.ro\/magazin\/wp-json\/wp\/v2\/types\/page"}],"author":[{"embeddable":true,"href":"https:\/\/rolda.ro\/magazin\/wp-json\/wp\/v2\/users\/4"}],"replies":[{"embeddable":true,"href":"https:\/\/rolda.ro\/magazin\/wp-json\/wp\/v2\/comments?post=1502"}],"version-history":[{"count":6,"href":"https:\/\/rolda.ro\/magazin\/wp-json\/wp\/v2\/pages\/1502\/revisions"}],"predecessor-version":[{"id":2086,"href":"https:\/\/rolda.ro\/magazin\/wp-json\/wp\/v2\/pages\/1502\/revisions\/2086"}],"wp:attachment":[{"href":"https:\/\/rolda.ro\/magazin\/wp-json\/wp\/v2\/media?parent=1502"}],"curies":[{"name":"wp","href":"https:\/\/api.w.org\/{rel}","templated":true}]}}