{"id":1009,"date":"2022-04-05T16:00:32","date_gmt":"2022-04-05T16:00:32","guid":{"rendered":"https:\/\/rolda.ro\/magazin\/?post_type=product&#038;p=1009"},"modified":"2025-02-12T18:40:50","modified_gmt":"2025-02-12T18:40:50","slug":"semn-de-carte-rolda-catel-vesel","status":"publish","type":"product","link":"https:\/\/rolda.ro\/magazin\/produs\/semn-de-carte-rolda-catel-vesel\/","title":{"rendered":"Semn de carte ROLDA \u201eC\u0103\u021bel vesel\u201d"},"content":{"rendered":"<p>Semn de carte f\u0103cut din fetru, reprezent\u00e2nd un cap de c\u00e2ine la un cap\u0103t \u0219i o l\u0103bu\u021b\u0103 la cel\u0103lalt cap\u0103t, realizat din materiale \u00een culori vii. Articolul este creat de Georgeta &#038; MayaArt, un artizan rom\u00e2n din Oradea care iube\u0219te animalele \u0219i creeaz\u0103 obiecte minunate pe care ROLDA este m\u00e2ndr\u0103 s\u0103 le v\u00e2nd\u0103 \u00een magazinul propriu.<br \/>\nROLDA ajut\u0103 \u00een mod eficient \u0219i responsabil animalele f\u0103r\u0103 st\u0103p\u00e2n, neglijate \u0219i abuzate, precum \u0219i animalele de companie din comunit\u0103\u021bile cu venituri modeste care au o problem\u0103 s\u0103 le \u00eengrijeasc\u0103 corespunz\u0103tor.<\/p>\n<p>Dimensiuni: 31 x 6 cm<\/p>\n<div class=\"disclaimer\">\n<p>Pentru produsele realizate de c\u0103tre artizanii mentiona\u021bi pe pagina fiec\u0103rui obiect disponibil \u00een Magazinul online ROLDA; organiza\u021bia noastr\u0103 nu \u00ee\u0219i asum\u0103 r\u0103spunderea pentru \u00eent\u00e2rzierile la livrare cauzate de artizani sau de c\u0103tre serviciile po\u0219tale, diferen\u021be de orice fel \u00eentre descrierea produselor prezentate\/v\u00e2ndute, modul \u00een care produsele sunt create, realizate, asamblate sau modul \u00een care sunt folosite dup\u0103 ce sunt cump\u0103rate.<\/p>\n<\/div>\n","protected":false},"excerpt":{"rendered":"<p class=\"createdby\">Creat de: Georgeta &amp; MayaArt<\/p>\n<p class=\"toptext\"><strong>Prin cump\u0103rarea acestui obiect, aju\u021bi echipa ROLDA s\u0103 ofere m\u00e2ncare timp de o lun\u0103 unui c\u00e2ine salvat de pe strad\u0103.<\/strong><\/p>\n<p class=\"desc\">Fabricat din fetru<\/p>\n","protected":false},"featured_media":1769,"comment_status":"open","ping_status":"closed","template":"","meta":[],"product_cat":[18],"product_tag":[187],"yoast_head":"<!-- This site is optimized with the Yoast SEO plugin v18.4.1 - https:\/\/yoast.com\/wordpress\/plugins\/seo\/ -->\n<title>Semn de carte ROLDA \u201eC\u0103\u021bel vesel\u201d - ROLDA Magazin<\/title>\n<meta name=\"robots\" content=\"index, follow, max-snippet:-1, max-image-preview:large, max-video-preview:-1\" \/>\n<link rel=\"canonical\" href=\"https:\/\/rolda.ro\/magazin\/produs\/semn-de-carte-rolda-catel-vesel\/\" \/>\n<meta property=\"og:locale\" content=\"ro_RO\" \/>\n<meta property=\"og:type\" content=\"article\" \/>\n<meta property=\"og:title\" content=\"Cumpara un semn de carte ROLDA pentru a asigura hrana unui caine din adaposturile ROLDA timp de o lun\u0103\" \/>\n<meta property=\"og:description\" content=\"Creat de: Georgeta &amp; MayaArt Prin cump\u0103rarea acestui obiect, aju\u021bi echipa ROLDA s\u0103 ofere m\u00e2ncare timp de o lun\u0103 unui c\u00e2ine salvat de pe strad\u0103. Fabricat din fetru\" \/>\n<meta property=\"og:url\" content=\"https:\/\/rolda.ro\/magazin\/produs\/semn-de-carte-rolda-catel-vesel\/\" \/>\n<meta property=\"og:site_name\" content=\"ROLDA Magazin\" \/>\n<meta property=\"article:modified_time\" content=\"2025-02-12T18:40:50+00:00\" \/>\n<meta name=\"twitter:card\" content=\"summary_large_image\" \/>\n<meta name=\"twitter:title\" content=\"Cumpara un semn de carte ROLDA pentru a asigura hrana unui caine din adaposturile ROLDA timp de o lun\u0103\" \/>\n<meta name=\"twitter:label1\" content=\"Timp estimat pentru citire\" \/>\n\t<meta name=\"twitter:data1\" content=\"1 minut\" \/>\n<script type=\"application\/ld+json\" class=\"yoast-schema-graph\">{\"@context\":\"https:\/\/schema.org\",\"@graph\":[{\"@type\":\"WebSite\",\"@id\":\"https:\/\/rolda.ro\/magazin\/#website\",\"url\":\"https:\/\/rolda.ro\/magazin\/\",\"name\":\"ROLDA Magazin\",\"description\":\"Magazin\",\"potentialAction\":[{\"@type\":\"SearchAction\",\"target\":{\"@type\":\"EntryPoint\",\"urlTemplate\":\"https:\/\/rolda.ro\/magazin\/?s={search_term_string}\"},\"query-input\":\"required name=search_term_string\"}],\"inLanguage\":\"ro-RO\"},{\"@type\":\"ImageObject\",\"@id\":\"https:\/\/rolda.ro\/magazin\/produs\/semn-de-carte-rolda-catel-vesel\/#primaryimage\",\"inLanguage\":\"ro-RO\",\"url\":\"\",\"contentUrl\":\"\"},{\"@type\":\"WebPage\",\"@id\":\"https:\/\/rolda.ro\/magazin\/produs\/semn-de-carte-rolda-catel-vesel\/#webpage\",\"url\":\"https:\/\/rolda.ro\/magazin\/produs\/semn-de-carte-rolda-catel-vesel\/\",\"name\":\"Semn de carte ROLDA \u201eC\u0103\u021bel vesel\u201d - ROLDA Magazin\",\"isPartOf\":{\"@id\":\"https:\/\/rolda.ro\/magazin\/#website\"},\"primaryImageOfPage\":{\"@id\":\"https:\/\/rolda.ro\/magazin\/produs\/semn-de-carte-rolda-catel-vesel\/#primaryimage\"},\"datePublished\":\"2022-04-05T16:00:32+00:00\",\"dateModified\":\"2025-02-12T18:40:50+00:00\",\"breadcrumb\":{\"@id\":\"https:\/\/rolda.ro\/magazin\/produs\/semn-de-carte-rolda-catel-vesel\/#breadcrumb\"},\"inLanguage\":\"ro-RO\",\"potentialAction\":[{\"@type\":\"ReadAction\",\"target\":[\"https:\/\/rolda.ro\/magazin\/produs\/semn-de-carte-rolda-catel-vesel\/\"]}]},{\"@type\":\"BreadcrumbList\",\"@id\":\"https:\/\/rolda.ro\/magazin\/produs\/semn-de-carte-rolda-catel-vesel\/#breadcrumb\",\"itemListElement\":[{\"@type\":\"ListItem\",\"position\":1,\"name\":\"Pagina principal\u0103\",\"item\":\"https:\/\/rolda.ro\/magazin\/\"},{\"@type\":\"ListItem\",\"position\":2,\"name\":\"Produse\",\"item\":\"https:\/\/rolda.ro\/magazin\/produse\/\"},{\"@type\":\"ListItem\",\"position\":3,\"name\":\"Semn de carte ROLDA \u201eC\u0103\u021bel vesel\u201d\"}]}]}<\/script>\n<!-- \/ Yoast SEO plugin. -->","yoast_head_json":{"title":"Semn de carte ROLDA \u201eC\u0103\u021bel vesel\u201d - ROLDA Magazin","robots":{"index":"index","follow":"follow","max-snippet":"max-snippet:-1","max-image-preview":"max-image-preview:large","max-video-preview":"max-video-preview:-1"},"canonical":"https:\/\/rolda.ro\/magazin\/produs\/semn-de-carte-rolda-catel-vesel\/","og_locale":"ro_RO","og_type":"article","og_title":"Cumpara un semn de carte ROLDA pentru a asigura hrana unui caine din adaposturile ROLDA timp de o lun\u0103","og_description":"Creat de: Georgeta &amp; MayaArt Prin cump\u0103rarea acestui obiect, aju\u021bi echipa ROLDA s\u0103 ofere m\u00e2ncare timp de o lun\u0103 unui c\u00e2ine salvat de pe strad\u0103. Fabricat din fetru","og_url":"https:\/\/rolda.ro\/magazin\/produs\/semn-de-carte-rolda-catel-vesel\/","og_site_name":"ROLDA Magazin","article_modified_time":"2025-02-12T18:40:50+00:00","twitter_card":"summary_large_image","twitter_title":"Cumpara un semn de carte ROLDA pentru a asigura hrana unui caine din adaposturile ROLDA timp de o lun\u0103","twitter_misc":{"Timp estimat pentru citire":"1 minut"},"schema":{"@context":"https:\/\/schema.org","@graph":[{"@type":"WebSite","@id":"https:\/\/rolda.ro\/magazin\/#website","url":"https:\/\/rolda.ro\/magazin\/","name":"ROLDA Magazin","description":"Magazin","potentialAction":[{"@type":"SearchAction","target":{"@type":"EntryPoint","urlTemplate":"https:\/\/rolda.ro\/magazin\/?s={search_term_string}"},"query-input":"required name=search_term_string"}],"inLanguage":"ro-RO"},{"@type":"ImageObject","@id":"https:\/\/rolda.ro\/magazin\/produs\/semn-de-carte-rolda-catel-vesel\/#primaryimage","inLanguage":"ro-RO","url":"","contentUrl":""},{"@type":"WebPage","@id":"https:\/\/rolda.ro\/magazin\/produs\/semn-de-carte-rolda-catel-vesel\/#webpage","url":"https:\/\/rolda.ro\/magazin\/produs\/semn-de-carte-rolda-catel-vesel\/","name":"Semn de carte ROLDA \u201eC\u0103\u021bel vesel\u201d - ROLDA Magazin","isPartOf":{"@id":"https:\/\/rolda.ro\/magazin\/#website"},"primaryImageOfPage":{"@id":"https:\/\/rolda.ro\/magazin\/produs\/semn-de-carte-rolda-catel-vesel\/#primaryimage"},"datePublished":"2022-04-05T16:00:32+00:00","dateModified":"2025-02-12T18:40:50+00:00","breadcrumb":{"@id":"https:\/\/rolda.ro\/magazin\/produs\/semn-de-carte-rolda-catel-vesel\/#breadcrumb"},"inLanguage":"ro-RO","potentialAction":[{"@type":"ReadAction","target":["https:\/\/rolda.ro\/magazin\/produs\/semn-de-carte-rolda-catel-vesel\/"]}]},{"@type":"BreadcrumbList","@id":"https:\/\/rolda.ro\/magazin\/produs\/semn-de-carte-rolda-catel-vesel\/#breadcrumb","itemListElement":[{"@type":"ListItem","position":1,"name":"Pagina principal\u0103","item":"https:\/\/rolda.ro\/magazin\/"},{"@type":"ListItem","position":2,"name":"Produse","item":"https:\/\/rolda.ro\/magazin\/produse\/"},{"@type":"ListItem","position":3,"name":"Semn de carte ROLDA \u201eC\u0103\u021bel vesel\u201d"}]}]}},"_links":{"self":[{"href":"https:\/\/rolda.ro\/magazin\/wp-json\/wp\/v2\/product\/1009"}],"collection":[{"href":"https:\/\/rolda.ro\/magazin\/wp-json\/wp\/v2\/product"}],"about":[{"href":"https:\/\/rolda.ro\/magazin\/wp-json\/wp\/v2\/types\/product"}],"replies":[{"embeddable":true,"href":"https:\/\/rolda.ro\/magazin\/wp-json\/wp\/v2\/comments?post=1009"}],"wp:featuredmedia":[{"embeddable":true,"href":"https:\/\/rolda.ro\/magazin\/wp-json\/wp\/v2\/media\/1769"}],"wp:attachment":[{"href":"https:\/\/rolda.ro\/magazin\/wp-json\/wp\/v2\/media?parent=1009"}],"wp:term":[{"taxonomy":"product_cat","embeddable":true,"href":"https:\/\/rolda.ro\/magazin\/wp-json\/wp\/v2\/product_cat?post=1009"},{"taxonomy":"product_tag","embeddable":true,"href":"https:\/\/rolda.ro\/magazin\/wp-json\/wp\/v2\/product_tag?post=1009"}],"curies":[{"name":"wp","href":"https:\/\/api.w.org\/{rel}","templated":true}]}}