{"id":1035,"date":"2022-04-05T16:54:19","date_gmt":"2022-04-05T16:54:19","guid":{"rendered":"https:\/\/rolda.ro\/magazin\/?post_type=product&#038;p=1035"},"modified":"2024-10-28T20:55:20","modified_gmt":"2024-10-28T20:55:20","slug":"decoratiune-inimioara-cu-labuta","status":"publish","type":"product","link":"https:\/\/rolda.ro\/magazin\/produs\/decoratiune-inimioara-cu-labuta\/","title":{"rendered":"Decora\u021biune inimioar\u0103 cu l\u0103bu\u021b\u0103"},"content":{"rendered":"<p>Set de 3<\/p>\n<p>Culoare: variat<\/p>\n<p>Dimensiune: 10 cm<\/p>\n<p>Decora\u021biunea este lucrat\u0103 manual din fetru moale, cu umplutur\u0103 acrilic\u0103. Este ideal\u0103 pentru a decora pomul de Cr\u0103ciun sau casa cu ocazia s\u0103rb\u0103torilor. Articolul este creat de Georgeta &amp;MayaArt, un artizan rom\u00e2n din Oradea care iube\u0219te animalele \u0219i care creeaz\u0103 obiecte minunate pe care ROLDA este m\u00e2ndr\u0103 s\u0103 le v\u00e2nd\u0103 \u00een magazinul propriu.<br \/>\nROLDA ajut\u0103 \u00een mod eficient \u0219i responsabil animalele f\u0103r\u0103 st\u0103p\u00e2n, neglijate \u0219i abuzate, precum \u0219i animalele de companie din comunit\u0103\u021bile cu venituri modeste care au o problem\u0103 s\u0103 le \u00eengrijeasc\u0103 corespunz\u0103tor.<\/p>\n<div class=\"disclaimer\">\n<p>Pentru produsele realizate de c\u0103tre artizanii mentiona\u021bi pe pagina fiec\u0103rui obiect disponibil \u00een Magazinul online ROLDA; organiza\u021bia noastr\u0103 nu \u00ee\u0219i asum\u0103 r\u0103spunderea pentru \u00eent\u00e2rzierile la livrare cauzate de artizani sau de c\u0103tre serviciile po\u0219tale, diferen\u021be de orice fel \u00eentre descrierea produselor prezentate\/v\u00e2ndute, modul \u00een care produsele sunt create, realizate, asamblate sau modul \u00een care sunt folosite dup\u0103 ce sunt cump\u0103rate.<\/p>\n<\/div>\n","protected":false},"excerpt":{"rendered":"<p class=\"createdby\">Creat de: Georgeta &amp; MayaArt<\/p>\n<p class=\"toptext\"><strong>Prin cump\u0103rarea acestui obiect, aju\u021bi echipa ROLDA s\u0103 sprijine comunit\u0103\u021bile s\u0103race din Rom\u00e2nia prin campanii de microcipare \u0219i sterilizare. Acest lucru va preveni abandonul c\u0103\u021beilor n\u0103scu\u021bi nedori\u021bi care ajung pe str\u0103zi.<\/strong><\/p>\n<p class=\"desc\">Realizat din fetru cu umplutur\u0103 acrilic\u0103<\/p>\n","protected":false},"featured_media":1041,"comment_status":"open","ping_status":"closed","template":"","meta":[],"product_cat":[25],"product_tag":[187],"yoast_head":"<!-- This site is optimized with the Yoast SEO plugin v18.4.1 - https:\/\/yoast.com\/wordpress\/plugins\/seo\/ -->\n<title>Decora\u021biune inimioar\u0103 cu l\u0103bu\u021b\u0103 - ROLDA Magazin<\/title>\n<meta name=\"robots\" content=\"index, follow, max-snippet:-1, max-image-preview:large, max-video-preview:-1\" \/>\n<link rel=\"canonical\" href=\"https:\/\/rolda.ro\/magazin\/produs\/decoratiune-inimioara-cu-labuta\/\" \/>\n<meta property=\"og:locale\" content=\"ro_RO\" \/>\n<meta property=\"og:type\" content=\"article\" \/>\n<meta property=\"og:title\" content=\"Cumpara o decoratiune de brad inimioara cu labuta pentru a ne ajuta sa continuam sa microcipam si sa sterilizam cainii din comunitatea rurala saraca din Romania\" \/>\n<meta property=\"og:description\" content=\"Creat de: Georgeta &amp; MayaArt Prin cump\u0103rarea acestui obiect, aju\u021bi echipa ROLDA s\u0103 sprijine comunit\u0103\u021bile s\u0103race din Rom\u00e2nia prin campanii de microcipare \u0219i sterilizare. Acest lucru va preveni abandonul c\u0103\u021beilor n\u0103scu\u021bi nedori\u021bi care ajung pe str\u0103zi. Realizat din fetru cu umplutur\u0103 acrilic\u0103\" \/>\n<meta property=\"og:url\" content=\"https:\/\/rolda.ro\/magazin\/produs\/decoratiune-inimioara-cu-labuta\/\" \/>\n<meta property=\"og:site_name\" content=\"ROLDA Magazin\" \/>\n<meta property=\"article:modified_time\" content=\"2024-10-28T20:55:20+00:00\" \/>\n<meta property=\"og:image\" content=\"https:\/\/rolda.ro\/magazin\/wp-content\/uploads\/2022\/04\/pawheart_decoration1_set_2018_MAA-600x600-1.jpg\" \/>\n\t<meta property=\"og:image:width\" content=\"600\" \/>\n\t<meta property=\"og:image:height\" content=\"600\" \/>\n\t<meta property=\"og:image:type\" content=\"image\/jpeg\" \/>\n<meta name=\"twitter:card\" content=\"summary_large_image\" \/>\n<meta name=\"twitter:title\" content=\"Cumpara o decoratiune de brad inimioara cu labuta pentru a ne ajuta sa continuam sa microcipam si sa sterilizam cainii din comunitatea rurala saraca din Romania\" \/>\n<meta name=\"twitter:image\" content=\"https:\/\/rolda.ro\/magazin\/wp-content\/uploads\/2022\/04\/pawheart_decoration1_set_2018_MAA-600x600-1.jpg\" \/>\n<meta name=\"twitter:label1\" content=\"Timp estimat pentru citire\" \/>\n\t<meta name=\"twitter:data1\" content=\"1 minut\" \/>\n<script type=\"application\/ld+json\" class=\"yoast-schema-graph\">{\"@context\":\"https:\/\/schema.org\",\"@graph\":[{\"@type\":\"WebSite\",\"@id\":\"https:\/\/rolda.ro\/magazin\/#website\",\"url\":\"https:\/\/rolda.ro\/magazin\/\",\"name\":\"ROLDA Magazin\",\"description\":\"Magazin\",\"potentialAction\":[{\"@type\":\"SearchAction\",\"target\":{\"@type\":\"EntryPoint\",\"urlTemplate\":\"https:\/\/rolda.ro\/magazin\/?s={search_term_string}\"},\"query-input\":\"required name=search_term_string\"}],\"inLanguage\":\"ro-RO\"},{\"@type\":\"ImageObject\",\"@id\":\"https:\/\/rolda.ro\/magazin\/produs\/decoratiune-inimioara-cu-labuta\/#primaryimage\",\"inLanguage\":\"ro-RO\",\"url\":\"https:\/\/rolda.ro\/magazin\/wp-content\/uploads\/2022\/04\/pawheart_decoration1_set_2018_MAA-600x600-1.jpg\",\"contentUrl\":\"https:\/\/rolda.ro\/magazin\/wp-content\/uploads\/2022\/04\/pawheart_decoration1_set_2018_MAA-600x600-1.jpg\",\"width\":600,\"height\":600},{\"@type\":\"WebPage\",\"@id\":\"https:\/\/rolda.ro\/magazin\/produs\/decoratiune-inimioara-cu-labuta\/#webpage\",\"url\":\"https:\/\/rolda.ro\/magazin\/produs\/decoratiune-inimioara-cu-labuta\/\",\"name\":\"Decora\u021biune inimioar\u0103 cu l\u0103bu\u021b\u0103 - ROLDA Magazin\",\"isPartOf\":{\"@id\":\"https:\/\/rolda.ro\/magazin\/#website\"},\"primaryImageOfPage\":{\"@id\":\"https:\/\/rolda.ro\/magazin\/produs\/decoratiune-inimioara-cu-labuta\/#primaryimage\"},\"datePublished\":\"2022-04-05T16:54:19+00:00\",\"dateModified\":\"2024-10-28T20:55:20+00:00\",\"breadcrumb\":{\"@id\":\"https:\/\/rolda.ro\/magazin\/produs\/decoratiune-inimioara-cu-labuta\/#breadcrumb\"},\"inLanguage\":\"ro-RO\",\"potentialAction\":[{\"@type\":\"ReadAction\",\"target\":[\"https:\/\/rolda.ro\/magazin\/produs\/decoratiune-inimioara-cu-labuta\/\"]}]},{\"@type\":\"BreadcrumbList\",\"@id\":\"https:\/\/rolda.ro\/magazin\/produs\/decoratiune-inimioara-cu-labuta\/#breadcrumb\",\"itemListElement\":[{\"@type\":\"ListItem\",\"position\":1,\"name\":\"Pagina principal\u0103\",\"item\":\"https:\/\/rolda.ro\/magazin\/\"},{\"@type\":\"ListItem\",\"position\":2,\"name\":\"Produse\",\"item\":\"https:\/\/rolda.ro\/magazin\/produse\/\"},{\"@type\":\"ListItem\",\"position\":3,\"name\":\"Decora\u021biune inimioar\u0103 cu l\u0103bu\u021b\u0103\"}]}]}<\/script>\n<!-- \/ Yoast SEO plugin. -->","yoast_head_json":{"title":"Decora\u021biune inimioar\u0103 cu l\u0103bu\u021b\u0103 - ROLDA Magazin","robots":{"index":"index","follow":"follow","max-snippet":"max-snippet:-1","max-image-preview":"max-image-preview:large","max-video-preview":"max-video-preview:-1"},"canonical":"https:\/\/rolda.ro\/magazin\/produs\/decoratiune-inimioara-cu-labuta\/","og_locale":"ro_RO","og_type":"article","og_title":"Cumpara o decoratiune de brad inimioara cu labuta pentru a ne ajuta sa continuam sa microcipam si sa sterilizam cainii din comunitatea rurala saraca din Romania","og_description":"Creat de: Georgeta &amp; MayaArt Prin cump\u0103rarea acestui obiect, aju\u021bi echipa ROLDA s\u0103 sprijine comunit\u0103\u021bile s\u0103race din Rom\u00e2nia prin campanii de microcipare \u0219i sterilizare. Acest lucru va preveni abandonul c\u0103\u021beilor n\u0103scu\u021bi nedori\u021bi care ajung pe str\u0103zi. Realizat din fetru cu umplutur\u0103 acrilic\u0103","og_url":"https:\/\/rolda.ro\/magazin\/produs\/decoratiune-inimioara-cu-labuta\/","og_site_name":"ROLDA Magazin","article_modified_time":"2024-10-28T20:55:20+00:00","og_image":[{"width":600,"height":600,"url":"https:\/\/rolda.ro\/magazin\/wp-content\/uploads\/2022\/04\/pawheart_decoration1_set_2018_MAA-600x600-1.jpg","type":"image\/jpeg"}],"twitter_card":"summary_large_image","twitter_title":"Cumpara o decoratiune de brad inimioara cu labuta pentru a ne ajuta sa continuam sa microcipam si sa sterilizam cainii din comunitatea rurala saraca din Romania","twitter_image":"https:\/\/rolda.ro\/magazin\/wp-content\/uploads\/2022\/04\/pawheart_decoration1_set_2018_MAA-600x600-1.jpg","twitter_misc":{"Timp estimat pentru citire":"1 minut"},"schema":{"@context":"https:\/\/schema.org","@graph":[{"@type":"WebSite","@id":"https:\/\/rolda.ro\/magazin\/#website","url":"https:\/\/rolda.ro\/magazin\/","name":"ROLDA Magazin","description":"Magazin","potentialAction":[{"@type":"SearchAction","target":{"@type":"EntryPoint","urlTemplate":"https:\/\/rolda.ro\/magazin\/?s={search_term_string}"},"query-input":"required name=search_term_string"}],"inLanguage":"ro-RO"},{"@type":"ImageObject","@id":"https:\/\/rolda.ro\/magazin\/produs\/decoratiune-inimioara-cu-labuta\/#primaryimage","inLanguage":"ro-RO","url":"https:\/\/rolda.ro\/magazin\/wp-content\/uploads\/2022\/04\/pawheart_decoration1_set_2018_MAA-600x600-1.jpg","contentUrl":"https:\/\/rolda.ro\/magazin\/wp-content\/uploads\/2022\/04\/pawheart_decoration1_set_2018_MAA-600x600-1.jpg","width":600,"height":600},{"@type":"WebPage","@id":"https:\/\/rolda.ro\/magazin\/produs\/decoratiune-inimioara-cu-labuta\/#webpage","url":"https:\/\/rolda.ro\/magazin\/produs\/decoratiune-inimioara-cu-labuta\/","name":"Decora\u021biune inimioar\u0103 cu l\u0103bu\u021b\u0103 - ROLDA Magazin","isPartOf":{"@id":"https:\/\/rolda.ro\/magazin\/#website"},"primaryImageOfPage":{"@id":"https:\/\/rolda.ro\/magazin\/produs\/decoratiune-inimioara-cu-labuta\/#primaryimage"},"datePublished":"2022-04-05T16:54:19+00:00","dateModified":"2024-10-28T20:55:20+00:00","breadcrumb":{"@id":"https:\/\/rolda.ro\/magazin\/produs\/decoratiune-inimioara-cu-labuta\/#breadcrumb"},"inLanguage":"ro-RO","potentialAction":[{"@type":"ReadAction","target":["https:\/\/rolda.ro\/magazin\/produs\/decoratiune-inimioara-cu-labuta\/"]}]},{"@type":"BreadcrumbList","@id":"https:\/\/rolda.ro\/magazin\/produs\/decoratiune-inimioara-cu-labuta\/#breadcrumb","itemListElement":[{"@type":"ListItem","position":1,"name":"Pagina principal\u0103","item":"https:\/\/rolda.ro\/magazin\/"},{"@type":"ListItem","position":2,"name":"Produse","item":"https:\/\/rolda.ro\/magazin\/produse\/"},{"@type":"ListItem","position":3,"name":"Decora\u021biune inimioar\u0103 cu l\u0103bu\u021b\u0103"}]}]}},"_links":{"self":[{"href":"https:\/\/rolda.ro\/magazin\/wp-json\/wp\/v2\/product\/1035"}],"collection":[{"href":"https:\/\/rolda.ro\/magazin\/wp-json\/wp\/v2\/product"}],"about":[{"href":"https:\/\/rolda.ro\/magazin\/wp-json\/wp\/v2\/types\/product"}],"replies":[{"embeddable":true,"href":"https:\/\/rolda.ro\/magazin\/wp-json\/wp\/v2\/comments?post=1035"}],"wp:featuredmedia":[{"embeddable":true,"href":"https:\/\/rolda.ro\/magazin\/wp-json\/wp\/v2\/media\/1041"}],"wp:attachment":[{"href":"https:\/\/rolda.ro\/magazin\/wp-json\/wp\/v2\/media?parent=1035"}],"wp:term":[{"taxonomy":"product_cat","embeddable":true,"href":"https:\/\/rolda.ro\/magazin\/wp-json\/wp\/v2\/product_cat?post=1035"},{"taxonomy":"product_tag","embeddable":true,"href":"https:\/\/rolda.ro\/magazin\/wp-json\/wp\/v2\/product_tag?post=1035"}],"curies":[{"name":"wp","href":"https:\/\/api.w.org\/{rel}","templated":true}]}}