{"id":1154,"date":"2022-04-07T12:20:12","date_gmt":"2022-04-07T12:20:12","guid":{"rendered":"https:\/\/rolda.ro\/magazin\/?post_type=product&#038;p=1154"},"modified":"2024-03-06T08:48:24","modified_gmt":"2024-03-06T08:48:24","slug":"colier-caine-origami","status":"publish","type":"product","link":"https:\/\/rolda.ro\/magazin\/produs\/colier-caine-origami\/","title":{"rendered":"Colier c\u00e2ine origami"},"content":{"rendered":"<p>Pandantiv lucrat manual din lut polimeric, \u00een forma unui cap de c\u00e2ine realizat \u00een stil origami, montat pe un \u0219nur din mai multe fire de bumbac ceruit \u0219i r\u0103sucit. Articolul este creat de Georgeta &#038;MayaArt, un artizan rom\u00e2n din Oradea care iube\u0219te animalele \u0219i care creeaz\u0103 obiecte minunate pe care ROLDA este m\u00e2ndr\u0103 s\u0103 le v\u00e2nd\u0103 \u00een magazinul propriu.<br \/>\nROLDA ajut\u0103 \u00een mod eficient \u0219i responsabil animalele f\u0103r\u0103 st\u0103p\u00e2n, neglijate \u0219i abuzate, precum \u0219i animalele de companie din comunit\u0103\u021bile cu venituri modeste care au o problem\u0103 s\u0103 le \u00eengrijeasc\u0103 corespunz\u0103tor.<\/p>\n<p>Dimensiune pandantiv: 4 cm<\/p>\n<p>Lungime total\u0103 colier: 45 cm<\/p>\n<div class=\"disclaimer\">\n<p>Pentru produsele realizate de c\u0103tre artizanii mentiona\u021bi pe pagina fiec\u0103rui obiect disponibil \u00een Magazinul online ROLDA; organiza\u021bia noastr\u0103 nu \u00ee\u0219i asum\u0103 r\u0103spunderea pentru \u00eent\u00e2rzierile la livrare cauzate de artizani sau de c\u0103tre serviciile po\u0219tale, diferen\u021be de orice fel \u00eentre descrierea produselor prezentate\/v\u00e2ndute, modul \u00een care produsele sunt create, realizate, asamblate sau modul \u00een care sunt folosite dup\u0103 ce sunt cump\u0103rate.<\/p>\n<\/div>\n","protected":false},"excerpt":{"rendered":"<p class=\"createdby\">Creat de: Georgeta &amp; MayaArt<\/p>\n<p class=\"toptext\"><strong>Prin cump\u0103rarea acestui obiect, aju\u021bi echipa ROLDA s\u0103 ofere m\u00e2ncare timp de o lun\u0103 unui c\u00e2ine salvat de pe strad\u0103.<\/strong><\/p>\n<p class=\"desc\">Realizat din lut polimeric, \u0219nur bumbac ceruit<\/p>\n","protected":false},"featured_media":1160,"comment_status":"open","ping_status":"closed","template":"","meta":[],"product_cat":[32],"product_tag":[187],"yoast_head":"<!-- This site is optimized with the Yoast SEO plugin v18.4.1 - https:\/\/yoast.com\/wordpress\/plugins\/seo\/ -->\n<title>Colier c\u00e2ine origami - ROLDA Magazin<\/title>\n<meta name=\"robots\" content=\"index, follow, max-snippet:-1, max-image-preview:large, max-video-preview:-1\" \/>\n<link rel=\"canonical\" href=\"https:\/\/rolda.ro\/magazin\/produs\/colier-caine-origami\/\" \/>\n<meta property=\"og:locale\" content=\"ro_RO\" \/>\n<meta property=\"og:type\" content=\"article\" \/>\n<meta property=\"og:title\" content=\"Cumpara un colier lucrat manual in Romania pentru a asigura hrana unui caine din adaposturile ROLDA timp de o lun\u0103\" \/>\n<meta property=\"og:description\" content=\"Creat de: Georgeta &amp; MayaArt Prin cump\u0103rarea acestui obiect, aju\u021bi echipa ROLDA s\u0103 ofere m\u00e2ncare timp de o lun\u0103 unui c\u00e2ine salvat de pe strad\u0103. Realizat din lut polimeric, \u0219nur bumbac ceruit\" \/>\n<meta property=\"og:url\" content=\"https:\/\/rolda.ro\/magazin\/produs\/colier-caine-origami\/\" \/>\n<meta property=\"og:site_name\" content=\"ROLDA Magazin\" \/>\n<meta property=\"article:modified_time\" content=\"2024-03-06T08:48:24+00:00\" \/>\n<meta property=\"og:image\" content=\"https:\/\/rolda.ro\/magazin\/wp-content\/uploads\/2022\/04\/origamidog_medalion1.jpeg\" \/>\n\t<meta property=\"og:image:width\" content=\"600\" \/>\n\t<meta property=\"og:image:height\" content=\"600\" \/>\n\t<meta property=\"og:image:type\" content=\"image\/jpeg\" \/>\n<meta name=\"twitter:card\" content=\"summary_large_image\" \/>\n<meta name=\"twitter:title\" content=\"Cumpara un colier lucrat manual in Romania pentru a asigura hrana unui caine din adaposturile ROLDA timp de o lun\u0103\" \/>\n<meta name=\"twitter:image\" content=\"https:\/\/rolda.ro\/magazin\/wp-content\/uploads\/2022\/04\/origamidog_medalion1.jpeg\" \/>\n<meta name=\"twitter:label1\" content=\"Timp estimat pentru citire\" \/>\n\t<meta name=\"twitter:data1\" content=\"1 minut\" \/>\n<script type=\"application\/ld+json\" class=\"yoast-schema-graph\">{\"@context\":\"https:\/\/schema.org\",\"@graph\":[{\"@type\":\"WebSite\",\"@id\":\"https:\/\/rolda.ro\/magazin\/#website\",\"url\":\"https:\/\/rolda.ro\/magazin\/\",\"name\":\"ROLDA Magazin\",\"description\":\"Magazin\",\"potentialAction\":[{\"@type\":\"SearchAction\",\"target\":{\"@type\":\"EntryPoint\",\"urlTemplate\":\"https:\/\/rolda.ro\/magazin\/?s={search_term_string}\"},\"query-input\":\"required name=search_term_string\"}],\"inLanguage\":\"ro-RO\"},{\"@type\":\"ImageObject\",\"@id\":\"https:\/\/rolda.ro\/magazin\/produs\/colier-caine-origami\/#primaryimage\",\"inLanguage\":\"ro-RO\",\"url\":\"https:\/\/rolda.ro\/magazin\/wp-content\/uploads\/2022\/04\/origamidog_medalion1.jpeg\",\"contentUrl\":\"https:\/\/rolda.ro\/magazin\/wp-content\/uploads\/2022\/04\/origamidog_medalion1.jpeg\",\"width\":600,\"height\":600},{\"@type\":\"WebPage\",\"@id\":\"https:\/\/rolda.ro\/magazin\/produs\/colier-caine-origami\/#webpage\",\"url\":\"https:\/\/rolda.ro\/magazin\/produs\/colier-caine-origami\/\",\"name\":\"Colier c\u00e2ine origami - ROLDA Magazin\",\"isPartOf\":{\"@id\":\"https:\/\/rolda.ro\/magazin\/#website\"},\"primaryImageOfPage\":{\"@id\":\"https:\/\/rolda.ro\/magazin\/produs\/colier-caine-origami\/#primaryimage\"},\"datePublished\":\"2022-04-07T12:20:12+00:00\",\"dateModified\":\"2024-03-06T08:48:24+00:00\",\"breadcrumb\":{\"@id\":\"https:\/\/rolda.ro\/magazin\/produs\/colier-caine-origami\/#breadcrumb\"},\"inLanguage\":\"ro-RO\",\"potentialAction\":[{\"@type\":\"ReadAction\",\"target\":[\"https:\/\/rolda.ro\/magazin\/produs\/colier-caine-origami\/\"]}]},{\"@type\":\"BreadcrumbList\",\"@id\":\"https:\/\/rolda.ro\/magazin\/produs\/colier-caine-origami\/#breadcrumb\",\"itemListElement\":[{\"@type\":\"ListItem\",\"position\":1,\"name\":\"Pagina principal\u0103\",\"item\":\"https:\/\/rolda.ro\/magazin\/\"},{\"@type\":\"ListItem\",\"position\":2,\"name\":\"Produse\",\"item\":\"https:\/\/rolda.ro\/magazin\/produse\/\"},{\"@type\":\"ListItem\",\"position\":3,\"name\":\"Colier c\u00e2ine origami\"}]}]}<\/script>\n<!-- \/ Yoast SEO plugin. -->","yoast_head_json":{"title":"Colier c\u00e2ine origami - ROLDA Magazin","robots":{"index":"index","follow":"follow","max-snippet":"max-snippet:-1","max-image-preview":"max-image-preview:large","max-video-preview":"max-video-preview:-1"},"canonical":"https:\/\/rolda.ro\/magazin\/produs\/colier-caine-origami\/","og_locale":"ro_RO","og_type":"article","og_title":"Cumpara un colier lucrat manual in Romania pentru a asigura hrana unui caine din adaposturile ROLDA timp de o lun\u0103","og_description":"Creat de: Georgeta &amp; MayaArt Prin cump\u0103rarea acestui obiect, aju\u021bi echipa ROLDA s\u0103 ofere m\u00e2ncare timp de o lun\u0103 unui c\u00e2ine salvat de pe strad\u0103. Realizat din lut polimeric, \u0219nur bumbac ceruit","og_url":"https:\/\/rolda.ro\/magazin\/produs\/colier-caine-origami\/","og_site_name":"ROLDA Magazin","article_modified_time":"2024-03-06T08:48:24+00:00","og_image":[{"width":600,"height":600,"url":"https:\/\/rolda.ro\/magazin\/wp-content\/uploads\/2022\/04\/origamidog_medalion1.jpeg","type":"image\/jpeg"}],"twitter_card":"summary_large_image","twitter_title":"Cumpara un colier lucrat manual in Romania pentru a asigura hrana unui caine din adaposturile ROLDA timp de o lun\u0103","twitter_image":"https:\/\/rolda.ro\/magazin\/wp-content\/uploads\/2022\/04\/origamidog_medalion1.jpeg","twitter_misc":{"Timp estimat pentru citire":"1 minut"},"schema":{"@context":"https:\/\/schema.org","@graph":[{"@type":"WebSite","@id":"https:\/\/rolda.ro\/magazin\/#website","url":"https:\/\/rolda.ro\/magazin\/","name":"ROLDA Magazin","description":"Magazin","potentialAction":[{"@type":"SearchAction","target":{"@type":"EntryPoint","urlTemplate":"https:\/\/rolda.ro\/magazin\/?s={search_term_string}"},"query-input":"required name=search_term_string"}],"inLanguage":"ro-RO"},{"@type":"ImageObject","@id":"https:\/\/rolda.ro\/magazin\/produs\/colier-caine-origami\/#primaryimage","inLanguage":"ro-RO","url":"https:\/\/rolda.ro\/magazin\/wp-content\/uploads\/2022\/04\/origamidog_medalion1.jpeg","contentUrl":"https:\/\/rolda.ro\/magazin\/wp-content\/uploads\/2022\/04\/origamidog_medalion1.jpeg","width":600,"height":600},{"@type":"WebPage","@id":"https:\/\/rolda.ro\/magazin\/produs\/colier-caine-origami\/#webpage","url":"https:\/\/rolda.ro\/magazin\/produs\/colier-caine-origami\/","name":"Colier c\u00e2ine origami - ROLDA Magazin","isPartOf":{"@id":"https:\/\/rolda.ro\/magazin\/#website"},"primaryImageOfPage":{"@id":"https:\/\/rolda.ro\/magazin\/produs\/colier-caine-origami\/#primaryimage"},"datePublished":"2022-04-07T12:20:12+00:00","dateModified":"2024-03-06T08:48:24+00:00","breadcrumb":{"@id":"https:\/\/rolda.ro\/magazin\/produs\/colier-caine-origami\/#breadcrumb"},"inLanguage":"ro-RO","potentialAction":[{"@type":"ReadAction","target":["https:\/\/rolda.ro\/magazin\/produs\/colier-caine-origami\/"]}]},{"@type":"BreadcrumbList","@id":"https:\/\/rolda.ro\/magazin\/produs\/colier-caine-origami\/#breadcrumb","itemListElement":[{"@type":"ListItem","position":1,"name":"Pagina principal\u0103","item":"https:\/\/rolda.ro\/magazin\/"},{"@type":"ListItem","position":2,"name":"Produse","item":"https:\/\/rolda.ro\/magazin\/produse\/"},{"@type":"ListItem","position":3,"name":"Colier c\u00e2ine origami"}]}]}},"_links":{"self":[{"href":"https:\/\/rolda.ro\/magazin\/wp-json\/wp\/v2\/product\/1154"}],"collection":[{"href":"https:\/\/rolda.ro\/magazin\/wp-json\/wp\/v2\/product"}],"about":[{"href":"https:\/\/rolda.ro\/magazin\/wp-json\/wp\/v2\/types\/product"}],"replies":[{"embeddable":true,"href":"https:\/\/rolda.ro\/magazin\/wp-json\/wp\/v2\/comments?post=1154"}],"wp:featuredmedia":[{"embeddable":true,"href":"https:\/\/rolda.ro\/magazin\/wp-json\/wp\/v2\/media\/1160"}],"wp:attachment":[{"href":"https:\/\/rolda.ro\/magazin\/wp-json\/wp\/v2\/media?parent=1154"}],"wp:term":[{"taxonomy":"product_cat","embeddable":true,"href":"https:\/\/rolda.ro\/magazin\/wp-json\/wp\/v2\/product_cat?post=1154"},{"taxonomy":"product_tag","embeddable":true,"href":"https:\/\/rolda.ro\/magazin\/wp-json\/wp\/v2\/product_tag?post=1154"}],"curies":[{"name":"wp","href":"https:\/\/api.w.org\/{rel}","templated":true}]}}