{"id":1447,"date":"2022-06-30T07:10:05","date_gmt":"2022-06-30T07:10:05","guid":{"rendered":"https:\/\/rolda.ro\/magazin\/?post_type=product&#038;p=1447"},"modified":"2024-03-06T08:46:41","modified_gmt":"2024-03-06T08:46:41","slug":"geanta-pictata-personalizata","status":"publish","type":"product","link":"https:\/\/rolda.ro\/magazin\/produs\/geanta-pictata-personalizata\/","title":{"rendered":"Geant\u0103 pictat\u0103 personalizat\u0103"},"content":{"rendered":"<p>Obiectul este creat de Simona, un artizan rom\u00e2n pasionat de animale. Gen\u021bile Simonei sunt 100% lucrate manual \u0219i pot fi personalizate cu imaginea propriului animal. ROLDA este m\u00e2ndr\u0103 s\u0103 comercializeze gen\u021bi @madebysimo \u00een magazinul propriu.<br \/>\nROLDA ajut\u0103 \u00een mod eficient \u0219i responsabil animalele f\u0103r\u0103 st\u0103p\u00e2n, neglijate \u0219i abuzate, precum \u0219i animalele de companie din comunit\u0103\u021bile cu venituri modeste care au o problem\u0103 s\u0103 le \u00eengrijeasc\u0103 corespunz\u0103tor.<\/p>\n<p>Culoare: gri<\/p>\n<p>Dimensiune geant\u0103: 40 x 37 x 14 cm<br \/>\nDimensiune buzunar interior: 20 x 21 cm<br \/>\nDimensiune buzunar exterior: 18 x 18 cm<br \/>\nGeanta are dou\u0103 buzunare. Cel extern se \u00eenchide cu fermoar.<\/p>\n<p><span style=\"color: red;\">Aten\u021bie! Pentru cur\u0103\u021barea acestui produs respect\u0103 instruc\u021biunile speciale. <strong><span style=\"text-decoration: underline;\"><a style=\"color: #03b6e7;\" href=\"https:\/\/rolda.ro\/magazin\/instructiuni-de-curatare\/\" target=\"_blank\" rel=\"noopener\">Cite\u0219te aici<\/a><\/span><\/strong>!<\/span><\/p>\n<div class=\"disclaimer\">\n<p>Pentru produsele realizate de c\u0103tre artizanii mentiona\u021bi pe pagina fiec\u0103rui obiect disponibil \u00een Magazinul online ROLDA; organiza\u021bia noastr\u0103 nu \u00ee\u0219i asum\u0103 r\u0103spunderea pentru \u00eent\u00e2rzierile la livrare cauzate de artizani sau de c\u0103tre serviciile po\u0219tale, diferen\u021be de orice fel \u00eentre descrierea produselor prezentate\/v\u00e2ndute, modul \u00een care produsele sunt create, realizate, asamblate sau modul \u00een care sunt folosite dup\u0103 ce sunt cump\u0103rate.<\/p>\n<\/div>\n","protected":false},"excerpt":{"rendered":"<p class=\"createdby\">Creat de: Simona<\/p>\n<p class=\"toptext\"><strong>Prin cump\u0103rarea acestui obiect, aju\u021bi echipa ROLDA s\u0103 ofere m\u00e2ncare timp de 5 luni unui c\u00e2ine salvat de la abuzuri \u0219i alte pericole iminente de pe strad\u0103.<\/strong><\/p>\n<p class=\"desc\">Realizat din fetru, vopsea pentru textile, \u00eenchidere cu magne\u021bi<\/p>\n","protected":false},"featured_media":1658,"comment_status":"closed","ping_status":"closed","template":"","meta":[],"product_cat":[17],"product_tag":[190,187],"yoast_head":"<!-- This site is optimized with the Yoast SEO plugin v18.4.1 - https:\/\/yoast.com\/wordpress\/plugins\/seo\/ -->\n<title>Geant\u0103 pictat\u0103 personalizat\u0103 - ROLDA Magazin<\/title>\n<meta name=\"robots\" content=\"index, follow, max-snippet:-1, max-image-preview:large, max-video-preview:-1\" \/>\n<link rel=\"canonical\" href=\"https:\/\/rolda.ro\/magazin\/produs\/geanta-pictata-personalizata\/\" \/>\n<meta property=\"og:locale\" content=\"ro_RO\" \/>\n<meta property=\"og:type\" content=\"article\" \/>\n<meta property=\"og:title\" content=\"Cumpara o geanta personalizata cu animalul tau de companie pentru a asigura hrana unui caine din adaposturile ROLDA timp de 5 luni\" \/>\n<meta property=\"og:description\" content=\"Creat de: Simona Prin cump\u0103rarea acestui obiect, aju\u021bi echipa ROLDA s\u0103 ofere m\u00e2ncare timp de 5 luni unui c\u00e2ine salvat de la abuzuri \u0219i alte pericole iminente de pe strad\u0103. Realizat din fetru, vopsea pentru textile, \u00eenchidere cu magne\u021bi\" \/>\n<meta property=\"og:url\" content=\"https:\/\/rolda.ro\/magazin\/produs\/geanta-pictata-personalizata\/\" \/>\n<meta property=\"og:site_name\" content=\"ROLDA Magazin\" \/>\n<meta property=\"article:modified_time\" content=\"2024-03-06T08:46:41+00:00\" \/>\n<meta property=\"og:image\" content=\"https:\/\/rolda.ro\/magazin\/wp-content\/uploads\/2022\/06\/personalized-pet-bag-preview.png\" \/>\n\t<meta property=\"og:image:width\" content=\"1200\" \/>\n\t<meta property=\"og:image:height\" content=\"630\" \/>\n\t<meta property=\"og:image:type\" content=\"image\/png\" \/>\n<meta name=\"twitter:card\" content=\"summary_large_image\" \/>\n<meta name=\"twitter:title\" content=\"Cumpara o geanta personalizata cu animalul tau de companie pentru a asigura hrana unui caine din adaposturile ROLDA timp de 5 luni\" \/>\n<meta name=\"twitter:image\" content=\"https:\/\/rolda.ro\/magazin\/wp-content\/uploads\/2022\/06\/personalized-pet-bag-preview.png\" \/>\n<meta name=\"twitter:label1\" content=\"Timp estimat pentru citire\" \/>\n\t<meta name=\"twitter:data1\" content=\"1 minut\" \/>\n<script type=\"application\/ld+json\" class=\"yoast-schema-graph\">{\"@context\":\"https:\/\/schema.org\",\"@graph\":[{\"@type\":\"WebSite\",\"@id\":\"https:\/\/rolda.ro\/magazin\/#website\",\"url\":\"https:\/\/rolda.ro\/magazin\/\",\"name\":\"ROLDA Magazin\",\"description\":\"Magazin\",\"potentialAction\":[{\"@type\":\"SearchAction\",\"target\":{\"@type\":\"EntryPoint\",\"urlTemplate\":\"https:\/\/rolda.ro\/magazin\/?s={search_term_string}\"},\"query-input\":\"required name=search_term_string\"}],\"inLanguage\":\"ro-RO\"},{\"@type\":\"ImageObject\",\"@id\":\"https:\/\/rolda.ro\/magazin\/produs\/geanta-pictata-personalizata\/#primaryimage\",\"inLanguage\":\"ro-RO\",\"url\":\"https:\/\/rolda.ro\/magazin\/wp-content\/uploads\/2022\/06\/personalized-pet-bag-preview.png\",\"contentUrl\":\"https:\/\/rolda.ro\/magazin\/wp-content\/uploads\/2022\/06\/personalized-pet-bag-preview.png\",\"width\":1200,\"height\":630},{\"@type\":\"WebPage\",\"@id\":\"https:\/\/rolda.ro\/magazin\/produs\/geanta-pictata-personalizata\/#webpage\",\"url\":\"https:\/\/rolda.ro\/magazin\/produs\/geanta-pictata-personalizata\/\",\"name\":\"Geant\u0103 pictat\u0103 personalizat\u0103 - ROLDA Magazin\",\"isPartOf\":{\"@id\":\"https:\/\/rolda.ro\/magazin\/#website\"},\"primaryImageOfPage\":{\"@id\":\"https:\/\/rolda.ro\/magazin\/produs\/geanta-pictata-personalizata\/#primaryimage\"},\"datePublished\":\"2022-06-30T07:10:05+00:00\",\"dateModified\":\"2024-03-06T08:46:41+00:00\",\"breadcrumb\":{\"@id\":\"https:\/\/rolda.ro\/magazin\/produs\/geanta-pictata-personalizata\/#breadcrumb\"},\"inLanguage\":\"ro-RO\",\"potentialAction\":[{\"@type\":\"ReadAction\",\"target\":[\"https:\/\/rolda.ro\/magazin\/produs\/geanta-pictata-personalizata\/\"]}]},{\"@type\":\"BreadcrumbList\",\"@id\":\"https:\/\/rolda.ro\/magazin\/produs\/geanta-pictata-personalizata\/#breadcrumb\",\"itemListElement\":[{\"@type\":\"ListItem\",\"position\":1,\"name\":\"Pagina principal\u0103\",\"item\":\"https:\/\/rolda.ro\/magazin\/\"},{\"@type\":\"ListItem\",\"position\":2,\"name\":\"Produse\",\"item\":\"https:\/\/rolda.ro\/magazin\/produse\/\"},{\"@type\":\"ListItem\",\"position\":3,\"name\":\"Geant\u0103 pictat\u0103 personalizat\u0103\"}]}]}<\/script>\n<!-- \/ Yoast SEO plugin. -->","yoast_head_json":{"title":"Geant\u0103 pictat\u0103 personalizat\u0103 - ROLDA Magazin","robots":{"index":"index","follow":"follow","max-snippet":"max-snippet:-1","max-image-preview":"max-image-preview:large","max-video-preview":"max-video-preview:-1"},"canonical":"https:\/\/rolda.ro\/magazin\/produs\/geanta-pictata-personalizata\/","og_locale":"ro_RO","og_type":"article","og_title":"Cumpara o geanta personalizata cu animalul tau de companie pentru a asigura hrana unui caine din adaposturile ROLDA timp de 5 luni","og_description":"Creat de: Simona Prin cump\u0103rarea acestui obiect, aju\u021bi echipa ROLDA s\u0103 ofere m\u00e2ncare timp de 5 luni unui c\u00e2ine salvat de la abuzuri \u0219i alte pericole iminente de pe strad\u0103. Realizat din fetru, vopsea pentru textile, \u00eenchidere cu magne\u021bi","og_url":"https:\/\/rolda.ro\/magazin\/produs\/geanta-pictata-personalizata\/","og_site_name":"ROLDA Magazin","article_modified_time":"2024-03-06T08:46:41+00:00","og_image":[{"width":1200,"height":630,"url":"https:\/\/rolda.ro\/magazin\/wp-content\/uploads\/2022\/06\/personalized-pet-bag-preview.png","type":"image\/png"}],"twitter_card":"summary_large_image","twitter_title":"Cumpara o geanta personalizata cu animalul tau de companie pentru a asigura hrana unui caine din adaposturile ROLDA timp de 5 luni","twitter_image":"https:\/\/rolda.ro\/magazin\/wp-content\/uploads\/2022\/06\/personalized-pet-bag-preview.png","twitter_misc":{"Timp estimat pentru citire":"1 minut"},"schema":{"@context":"https:\/\/schema.org","@graph":[{"@type":"WebSite","@id":"https:\/\/rolda.ro\/magazin\/#website","url":"https:\/\/rolda.ro\/magazin\/","name":"ROLDA Magazin","description":"Magazin","potentialAction":[{"@type":"SearchAction","target":{"@type":"EntryPoint","urlTemplate":"https:\/\/rolda.ro\/magazin\/?s={search_term_string}"},"query-input":"required name=search_term_string"}],"inLanguage":"ro-RO"},{"@type":"ImageObject","@id":"https:\/\/rolda.ro\/magazin\/produs\/geanta-pictata-personalizata\/#primaryimage","inLanguage":"ro-RO","url":"https:\/\/rolda.ro\/magazin\/wp-content\/uploads\/2022\/06\/personalized-pet-bag-preview.png","contentUrl":"https:\/\/rolda.ro\/magazin\/wp-content\/uploads\/2022\/06\/personalized-pet-bag-preview.png","width":1200,"height":630},{"@type":"WebPage","@id":"https:\/\/rolda.ro\/magazin\/produs\/geanta-pictata-personalizata\/#webpage","url":"https:\/\/rolda.ro\/magazin\/produs\/geanta-pictata-personalizata\/","name":"Geant\u0103 pictat\u0103 personalizat\u0103 - ROLDA Magazin","isPartOf":{"@id":"https:\/\/rolda.ro\/magazin\/#website"},"primaryImageOfPage":{"@id":"https:\/\/rolda.ro\/magazin\/produs\/geanta-pictata-personalizata\/#primaryimage"},"datePublished":"2022-06-30T07:10:05+00:00","dateModified":"2024-03-06T08:46:41+00:00","breadcrumb":{"@id":"https:\/\/rolda.ro\/magazin\/produs\/geanta-pictata-personalizata\/#breadcrumb"},"inLanguage":"ro-RO","potentialAction":[{"@type":"ReadAction","target":["https:\/\/rolda.ro\/magazin\/produs\/geanta-pictata-personalizata\/"]}]},{"@type":"BreadcrumbList","@id":"https:\/\/rolda.ro\/magazin\/produs\/geanta-pictata-personalizata\/#breadcrumb","itemListElement":[{"@type":"ListItem","position":1,"name":"Pagina principal\u0103","item":"https:\/\/rolda.ro\/magazin\/"},{"@type":"ListItem","position":2,"name":"Produse","item":"https:\/\/rolda.ro\/magazin\/produse\/"},{"@type":"ListItem","position":3,"name":"Geant\u0103 pictat\u0103 personalizat\u0103"}]}]}},"_links":{"self":[{"href":"https:\/\/rolda.ro\/magazin\/wp-json\/wp\/v2\/product\/1447"}],"collection":[{"href":"https:\/\/rolda.ro\/magazin\/wp-json\/wp\/v2\/product"}],"about":[{"href":"https:\/\/rolda.ro\/magazin\/wp-json\/wp\/v2\/types\/product"}],"replies":[{"embeddable":true,"href":"https:\/\/rolda.ro\/magazin\/wp-json\/wp\/v2\/comments?post=1447"}],"wp:featuredmedia":[{"embeddable":true,"href":"https:\/\/rolda.ro\/magazin\/wp-json\/wp\/v2\/media\/1658"}],"wp:attachment":[{"href":"https:\/\/rolda.ro\/magazin\/wp-json\/wp\/v2\/media?parent=1447"}],"wp:term":[{"taxonomy":"product_cat","embeddable":true,"href":"https:\/\/rolda.ro\/magazin\/wp-json\/wp\/v2\/product_cat?post=1447"},{"taxonomy":"product_tag","embeddable":true,"href":"https:\/\/rolda.ro\/magazin\/wp-json\/wp\/v2\/product_tag?post=1447"}],"curies":[{"name":"wp","href":"https:\/\/api.w.org\/{rel}","templated":true}]}}