{"id":1459,"date":"2022-07-15T08:55:11","date_gmt":"2022-07-15T08:55:11","guid":{"rendered":"https:\/\/rolda.ro\/magazin\/?post_type=product&#038;p=1459"},"modified":"2024-11-06T10:08:25","modified_gmt":"2024-11-06T10:08:25","slug":"borseta-imprimeu-flori-si-catei","status":"publish","type":"product","link":"https:\/\/rolda.ro\/magazin\/produs\/borseta-imprimeu-flori-si-catei\/","title":{"rendered":"Borset\u0103 imprimeu flori \u0219i c\u0103\u021bei"},"content":{"rendered":"<p>Culoare: alb cu imprimeu floral \u0219i c\u00e2ini<\/p>\n<p>Dimensiune: 21 x 15 x 2 cm<\/p>\n<p>Acest articol este creat exclusiv pentru magazinul ROLDA de c\u0103tre Anita, un brand artizanal rom\u00e2nesc autentic. Pe m\u0103sur\u0103 ce muncim din greu \u00een fiecare zi pentru a face lumea un loc mai bun at\u00e2t pentru animale, c\u00e2t \u0219i pentru oameni, sprijinim ace\u0219ti artizani locali ale c\u0103ror crea\u021bii sunt \u00een ton cu natura.<\/p>\n<p>Preg\u0103te\u0219te-te pentru zilele zgomotoase de var\u0103 cu o geant\u0103 din bumbac, perfect\u0103 pentru \u021binutele casual. Are un design foarte feminin \u0219i \u0219ic, u\u0219or de asortat cu haine vesele de var\u0103. Geanta se \u00eenchide cu fermoar \u0219i are un buzunar interior pentru a p\u0103stra \u00een siguran\u021b\u0103 obiectele de valoare. Pentru \u0219i mai mult\u0103 versatilitate, po\u021bi scoate cureaua \u0219i po\u021bi \u00eenchide geanta cu un trident. Articolul este lavabil la ma\u0219ina de sp\u0103lat la 40 de grade \u0219i poate fi c\u0103lcat\u0103 cu abur.<\/p>\n<p>Cu mare responsabilitate \u0219i eficien\u021b\u0103 maxim\u0103 fa\u021b\u0103 de fiecare contribu\u021bie la cauza noastr\u0103, ROLDA salveaz\u0103 animalele f\u0103r\u0103 ad\u0103post de la abuz \u0219i experien\u021be traumatizante, lu\u00e2ndu-le \u00een ad\u0103postul nostru \u0219i ajut\u00e2nd animalele domestice din comunit\u0103\u021bile s\u0103race aflate \u00een pericol de neglijare sau abandon.<\/p>\n<div class=\"disclaimer\">\n<p>Pentru produsele realizate de c\u0103tre artizanii mentiona\u021bi pe pagina fiec\u0103rui obiect disponibil \u00een Magazinul online ROLDA; organiza\u021bia noastr\u0103 nu \u00ee\u0219i asum\u0103 r\u0103spunderea pentru \u00eent\u00e2rzierile la livrare cauzate de artizani sau de c\u0103tre serviciile po\u0219tale, diferen\u021be de orice fel \u00eentre descrierea produselor prezentate\/v\u00e2ndute, modul \u00een care produsele sunt create, realizate, asamblate sau modul \u00een care sunt folosite dup\u0103 ce sunt cump\u0103rate.<\/p>\n<\/div>\n","protected":false},"excerpt":{"rendered":"<p class=\"createdby\">Creat de: AnitaBSign<\/p>\n<p class=\"toptext\"><strong>Prin cump\u0103rarea acestui obiect, aju\u021bi echipa ROLDA s\u0103 sprijine comunit\u0103\u021bile s\u0103race din Rom\u00e2nia prin campanii de microcipare \u0219i sterilizare. Acest lucru va preveni abandonul c\u0103\u021beilor n\u0103scu\u021bi nedori\u021bi care ajung pe str\u0103zi.<\/strong><\/p>\n<p class=\"desc\">Realizat din bumbac \u0219i \u021bes\u0103tur\u0103 sintetic\u0103<\/p>\n","protected":false},"featured_media":1460,"comment_status":"closed","ping_status":"closed","template":"","meta":[],"product_cat":[247,202],"product_tag":[188,187],"yoast_head":"<!-- This site is optimized with the Yoast SEO plugin v18.4.1 - https:\/\/yoast.com\/wordpress\/plugins\/seo\/ -->\n<title>Borset\u0103 imprimeu flori \u0219i c\u0103\u021bei - ROLDA Magazin<\/title>\n<meta name=\"robots\" content=\"index, follow, max-snippet:-1, max-image-preview:large, max-video-preview:-1\" \/>\n<link rel=\"canonical\" href=\"https:\/\/rolda.ro\/magazin\/produs\/borseta-imprimeu-flori-si-catei\/\" \/>\n<meta property=\"og:locale\" content=\"ro_RO\" \/>\n<meta property=\"og:type\" content=\"article\" \/>\n<meta property=\"og:title\" content=\"Cumpara o borseta cu imprimeu caini si flori pentru a ne ajuta sa continuam sa microcipam si sa sterilizam cainii din comunitatea rurala saraca din Romania\" \/>\n<meta property=\"og:description\" content=\"Creat de: AnitaBSign Prin cump\u0103rarea acestui obiect, aju\u021bi echipa ROLDA s\u0103 sprijine comunit\u0103\u021bile s\u0103race din Rom\u00e2nia prin campanii de microcipare \u0219i sterilizare. Acest lucru va preveni abandonul c\u0103\u021beilor n\u0103scu\u021bi nedori\u021bi care ajung pe str\u0103zi. Realizat din bumbac \u0219i \u021bes\u0103tur\u0103 sintetic\u0103\" \/>\n<meta property=\"og:url\" content=\"https:\/\/rolda.ro\/magazin\/produs\/borseta-imprimeu-flori-si-catei\/\" \/>\n<meta property=\"og:site_name\" content=\"ROLDA Magazin\" \/>\n<meta property=\"article:modified_time\" content=\"2024-11-06T10:08:25+00:00\" \/>\n<meta property=\"og:image\" content=\"https:\/\/rolda.ro\/magazin\/wp-content\/uploads\/2022\/07\/gentuta-preview.jpg\" \/>\n\t<meta property=\"og:image:width\" content=\"1200\" \/>\n\t<meta property=\"og:image:height\" content=\"630\" \/>\n\t<meta property=\"og:image:type\" content=\"image\/jpeg\" \/>\n<meta name=\"twitter:card\" content=\"summary_large_image\" \/>\n<meta name=\"twitter:title\" content=\"Cumpara o borseta cu imprimeu caini si flori pentru a ne ajuta sa continuam sa microcipam si sa sterilizam cainii din comunitatea rurala saraca din Romania\" \/>\n<meta name=\"twitter:image\" content=\"https:\/\/rolda.ro\/magazin\/wp-content\/uploads\/2022\/07\/gentuta-preview.jpg\" \/>\n<meta name=\"twitter:label1\" content=\"Timp estimat pentru citire\" \/>\n\t<meta name=\"twitter:data1\" content=\"1 minut\" \/>\n<script type=\"application\/ld+json\" class=\"yoast-schema-graph\">{\"@context\":\"https:\/\/schema.org\",\"@graph\":[{\"@type\":\"WebSite\",\"@id\":\"https:\/\/rolda.ro\/magazin\/#website\",\"url\":\"https:\/\/rolda.ro\/magazin\/\",\"name\":\"ROLDA Magazin\",\"description\":\"Magazin\",\"potentialAction\":[{\"@type\":\"SearchAction\",\"target\":{\"@type\":\"EntryPoint\",\"urlTemplate\":\"https:\/\/rolda.ro\/magazin\/?s={search_term_string}\"},\"query-input\":\"required name=search_term_string\"}],\"inLanguage\":\"ro-RO\"},{\"@type\":\"ImageObject\",\"@id\":\"https:\/\/rolda.ro\/magazin\/produs\/borseta-imprimeu-flori-si-catei\/#primaryimage\",\"inLanguage\":\"ro-RO\",\"url\":\"https:\/\/rolda.ro\/magazin\/wp-content\/uploads\/2022\/07\/gentuta-preview.jpg\",\"contentUrl\":\"https:\/\/rolda.ro\/magazin\/wp-content\/uploads\/2022\/07\/gentuta-preview.jpg\",\"width\":1200,\"height\":630},{\"@type\":\"WebPage\",\"@id\":\"https:\/\/rolda.ro\/magazin\/produs\/borseta-imprimeu-flori-si-catei\/#webpage\",\"url\":\"https:\/\/rolda.ro\/magazin\/produs\/borseta-imprimeu-flori-si-catei\/\",\"name\":\"Borset\u0103 imprimeu flori \u0219i c\u0103\u021bei - ROLDA Magazin\",\"isPartOf\":{\"@id\":\"https:\/\/rolda.ro\/magazin\/#website\"},\"primaryImageOfPage\":{\"@id\":\"https:\/\/rolda.ro\/magazin\/produs\/borseta-imprimeu-flori-si-catei\/#primaryimage\"},\"datePublished\":\"2022-07-15T08:55:11+00:00\",\"dateModified\":\"2024-11-06T10:08:25+00:00\",\"breadcrumb\":{\"@id\":\"https:\/\/rolda.ro\/magazin\/produs\/borseta-imprimeu-flori-si-catei\/#breadcrumb\"},\"inLanguage\":\"ro-RO\",\"potentialAction\":[{\"@type\":\"ReadAction\",\"target\":[\"https:\/\/rolda.ro\/magazin\/produs\/borseta-imprimeu-flori-si-catei\/\"]}]},{\"@type\":\"BreadcrumbList\",\"@id\":\"https:\/\/rolda.ro\/magazin\/produs\/borseta-imprimeu-flori-si-catei\/#breadcrumb\",\"itemListElement\":[{\"@type\":\"ListItem\",\"position\":1,\"name\":\"Pagina principal\u0103\",\"item\":\"https:\/\/rolda.ro\/magazin\/\"},{\"@type\":\"ListItem\",\"position\":2,\"name\":\"Produse\",\"item\":\"https:\/\/rolda.ro\/magazin\/produse\/\"},{\"@type\":\"ListItem\",\"position\":3,\"name\":\"Borset\u0103 imprimeu flori \u0219i c\u0103\u021bei\"}]}]}<\/script>\n<!-- \/ Yoast SEO plugin. -->","yoast_head_json":{"title":"Borset\u0103 imprimeu flori \u0219i c\u0103\u021bei - ROLDA Magazin","robots":{"index":"index","follow":"follow","max-snippet":"max-snippet:-1","max-image-preview":"max-image-preview:large","max-video-preview":"max-video-preview:-1"},"canonical":"https:\/\/rolda.ro\/magazin\/produs\/borseta-imprimeu-flori-si-catei\/","og_locale":"ro_RO","og_type":"article","og_title":"Cumpara o borseta cu imprimeu caini si flori pentru a ne ajuta sa continuam sa microcipam si sa sterilizam cainii din comunitatea rurala saraca din Romania","og_description":"Creat de: AnitaBSign Prin cump\u0103rarea acestui obiect, aju\u021bi echipa ROLDA s\u0103 sprijine comunit\u0103\u021bile s\u0103race din Rom\u00e2nia prin campanii de microcipare \u0219i sterilizare. Acest lucru va preveni abandonul c\u0103\u021beilor n\u0103scu\u021bi nedori\u021bi care ajung pe str\u0103zi. Realizat din bumbac \u0219i \u021bes\u0103tur\u0103 sintetic\u0103","og_url":"https:\/\/rolda.ro\/magazin\/produs\/borseta-imprimeu-flori-si-catei\/","og_site_name":"ROLDA Magazin","article_modified_time":"2024-11-06T10:08:25+00:00","og_image":[{"width":1200,"height":630,"url":"https:\/\/rolda.ro\/magazin\/wp-content\/uploads\/2022\/07\/gentuta-preview.jpg","type":"image\/jpeg"}],"twitter_card":"summary_large_image","twitter_title":"Cumpara o borseta cu imprimeu caini si flori pentru a ne ajuta sa continuam sa microcipam si sa sterilizam cainii din comunitatea rurala saraca din Romania","twitter_image":"https:\/\/rolda.ro\/magazin\/wp-content\/uploads\/2022\/07\/gentuta-preview.jpg","twitter_misc":{"Timp estimat pentru citire":"1 minut"},"schema":{"@context":"https:\/\/schema.org","@graph":[{"@type":"WebSite","@id":"https:\/\/rolda.ro\/magazin\/#website","url":"https:\/\/rolda.ro\/magazin\/","name":"ROLDA Magazin","description":"Magazin","potentialAction":[{"@type":"SearchAction","target":{"@type":"EntryPoint","urlTemplate":"https:\/\/rolda.ro\/magazin\/?s={search_term_string}"},"query-input":"required name=search_term_string"}],"inLanguage":"ro-RO"},{"@type":"ImageObject","@id":"https:\/\/rolda.ro\/magazin\/produs\/borseta-imprimeu-flori-si-catei\/#primaryimage","inLanguage":"ro-RO","url":"https:\/\/rolda.ro\/magazin\/wp-content\/uploads\/2022\/07\/gentuta-preview.jpg","contentUrl":"https:\/\/rolda.ro\/magazin\/wp-content\/uploads\/2022\/07\/gentuta-preview.jpg","width":1200,"height":630},{"@type":"WebPage","@id":"https:\/\/rolda.ro\/magazin\/produs\/borseta-imprimeu-flori-si-catei\/#webpage","url":"https:\/\/rolda.ro\/magazin\/produs\/borseta-imprimeu-flori-si-catei\/","name":"Borset\u0103 imprimeu flori \u0219i c\u0103\u021bei - ROLDA Magazin","isPartOf":{"@id":"https:\/\/rolda.ro\/magazin\/#website"},"primaryImageOfPage":{"@id":"https:\/\/rolda.ro\/magazin\/produs\/borseta-imprimeu-flori-si-catei\/#primaryimage"},"datePublished":"2022-07-15T08:55:11+00:00","dateModified":"2024-11-06T10:08:25+00:00","breadcrumb":{"@id":"https:\/\/rolda.ro\/magazin\/produs\/borseta-imprimeu-flori-si-catei\/#breadcrumb"},"inLanguage":"ro-RO","potentialAction":[{"@type":"ReadAction","target":["https:\/\/rolda.ro\/magazin\/produs\/borseta-imprimeu-flori-si-catei\/"]}]},{"@type":"BreadcrumbList","@id":"https:\/\/rolda.ro\/magazin\/produs\/borseta-imprimeu-flori-si-catei\/#breadcrumb","itemListElement":[{"@type":"ListItem","position":1,"name":"Pagina principal\u0103","item":"https:\/\/rolda.ro\/magazin\/"},{"@type":"ListItem","position":2,"name":"Produse","item":"https:\/\/rolda.ro\/magazin\/produse\/"},{"@type":"ListItem","position":3,"name":"Borset\u0103 imprimeu flori \u0219i c\u0103\u021bei"}]}]}},"_links":{"self":[{"href":"https:\/\/rolda.ro\/magazin\/wp-json\/wp\/v2\/product\/1459"}],"collection":[{"href":"https:\/\/rolda.ro\/magazin\/wp-json\/wp\/v2\/product"}],"about":[{"href":"https:\/\/rolda.ro\/magazin\/wp-json\/wp\/v2\/types\/product"}],"replies":[{"embeddable":true,"href":"https:\/\/rolda.ro\/magazin\/wp-json\/wp\/v2\/comments?post=1459"}],"wp:featuredmedia":[{"embeddable":true,"href":"https:\/\/rolda.ro\/magazin\/wp-json\/wp\/v2\/media\/1460"}],"wp:attachment":[{"href":"https:\/\/rolda.ro\/magazin\/wp-json\/wp\/v2\/media?parent=1459"}],"wp:term":[{"taxonomy":"product_cat","embeddable":true,"href":"https:\/\/rolda.ro\/magazin\/wp-json\/wp\/v2\/product_cat?post=1459"},{"taxonomy":"product_tag","embeddable":true,"href":"https:\/\/rolda.ro\/magazin\/wp-json\/wp\/v2\/product_tag?post=1459"}],"curies":[{"name":"wp","href":"https:\/\/api.w.org\/{rel}","templated":true}]}}