{"id":1580,"date":"2022-09-30T08:09:35","date_gmt":"2022-09-30T08:09:35","guid":{"rendered":"https:\/\/rolda.ro\/magazin\/?post_type=product&#038;p=1580"},"modified":"2025-07-10T19:46:15","modified_gmt":"2025-07-10T19:46:15","slug":"recipient-portabil-2-in-1-pentru-animale","status":"publish","type":"product","link":"https:\/\/rolda.ro\/magazin\/produs\/recipient-portabil-2-in-1-pentru-animale\/","title":{"rendered":"Recipient portabil 2 \u00een 1 pentru animale"},"content":{"rendered":"<p>Dimensiuni recipient pentru m\u00e2ncare: 8 x 12,5 cm<br \/>\nDimensiuni recipient pentru ap\u0103: 9,5 x17,5 cm<br \/>\nDimensiuni bol: 5 x 9 cm<br \/>\nCapacitate: 550 ml ap\u0103 \u0219i 210 g hran\u0103 uscat\u0103<br \/>\nFabricat din material PP, f\u0103r\u0103 BPA, aprobat FDA, u\u0219or de cur\u0103\u021bat, design cu c\u00e2rlig dublu<br \/>\nExcelent pentru activit\u0103\u021bi \u00een aer liber cu animalul de companie<\/p>\n<div class=\"disclaimer\">\n<p>Pentru produsele realizate de c\u0103tre artizanii mentiona\u021bi pe pagina fiec\u0103rui obiect disponibil \u00een Magazinul online ROLDA; organiza\u021bia noastr\u0103 nu \u00ee\u0219i asum\u0103 r\u0103spunderea pentru \u00eent\u00e2rzierile la livrare cauzate de artizani sau de c\u0103tre serviciile po\u0219tale, diferen\u021be de orice fel \u00eentre descrierea produselor prezentate\/v\u00e2ndute, modul \u00een care produsele sunt create, realizate, asamblate sau modul \u00een care sunt folosite dup\u0103 ce sunt cump\u0103rate.<\/p>\n<\/div>\n","protected":false},"excerpt":{"rendered":"<p class=\"createdbynone\">Creat de: Georgeta &amp; MayaArt<\/p>\n<p class=\"toptext\"><strong>Prin cump\u0103rarea acestui obiect, aju\u021bi echipa ROLDA s\u0103 ofere protec\u021bie unui c\u00e2ine \u00eempotriva gerurilor iernii \u0219i \u00eei asiguri confortul \u00een ad\u0103postul ROLDA.<\/strong><\/p>\n<p class=\"desc\">Fabricat din material PP, f\u0103r\u0103 BPA, aprobat FDA<\/p>\n","protected":false},"featured_media":1589,"comment_status":"open","ping_status":"closed","template":"","meta":[],"product_cat":[34],"product_tag":[192],"yoast_head":"<!-- This site is optimized with the Yoast SEO plugin v18.4.1 - https:\/\/yoast.com\/wordpress\/plugins\/seo\/ -->\n<title>Recipient portabil 2 \u00een 1 pentru animale - ROLDA Magazin<\/title>\n<meta name=\"robots\" content=\"index, follow, max-snippet:-1, max-image-preview:large, max-video-preview:-1\" \/>\n<link rel=\"canonical\" href=\"https:\/\/rolda.ro\/magazin\/produs\/recipient-portabil-2-in-1-pentru-animale\/\" \/>\n<meta property=\"og:locale\" content=\"ro_RO\" \/>\n<meta property=\"og:type\" content=\"article\" \/>\n<meta property=\"og:title\" content=\"Cumpara un recipient portabil 2 \u00een 1 pentru animale pentru a proteja un caine din adaposturile ROLDA in lunile friguroase\" \/>\n<meta property=\"og:description\" content=\"Creat de: Georgeta &amp; MayaArt Prin cump\u0103rarea acestui obiect, aju\u021bi echipa ROLDA s\u0103 ofere protec\u021bie unui c\u00e2ine \u00eempotriva gerurilor iernii \u0219i \u00eei asiguri confortul \u00een ad\u0103postul ROLDA. Fabricat din material PP, f\u0103r\u0103 BPA, aprobat FDA\" \/>\n<meta property=\"og:url\" content=\"https:\/\/rolda.ro\/magazin\/produs\/recipient-portabil-2-in-1-pentru-animale\/\" \/>\n<meta property=\"og:site_name\" content=\"ROLDA Magazin\" \/>\n<meta property=\"article:modified_time\" content=\"2025-07-10T19:46:15+00:00\" \/>\n<meta property=\"og:image\" content=\"https:\/\/rolda.ro\/magazin\/wp-content\/uploads\/2022\/09\/dog_recipient.jpg\" \/>\n\t<meta property=\"og:image:width\" content=\"600\" \/>\n\t<meta property=\"og:image:height\" content=\"600\" \/>\n\t<meta property=\"og:image:type\" content=\"image\/jpeg\" \/>\n<meta name=\"twitter:card\" content=\"summary_large_image\" \/>\n<meta name=\"twitter:title\" content=\"Cumpara un recipient portabil 2 \u00een 1 pentru animale pentru a proteja un caine din adaposturile ROLDA in lunile friguroase\" \/>\n<meta name=\"twitter:image\" content=\"https:\/\/rolda.ro\/magazin\/wp-content\/uploads\/2022\/09\/dog_recipient.jpg\" \/>\n<meta name=\"twitter:label1\" content=\"Timp estimat pentru citire\" \/>\n\t<meta name=\"twitter:data1\" content=\"1 minut\" \/>\n<script type=\"application\/ld+json\" class=\"yoast-schema-graph\">{\"@context\":\"https:\/\/schema.org\",\"@graph\":[{\"@type\":\"WebSite\",\"@id\":\"https:\/\/rolda.ro\/magazin\/#website\",\"url\":\"https:\/\/rolda.ro\/magazin\/\",\"name\":\"ROLDA Magazin\",\"description\":\"Magazin\",\"potentialAction\":[{\"@type\":\"SearchAction\",\"target\":{\"@type\":\"EntryPoint\",\"urlTemplate\":\"https:\/\/rolda.ro\/magazin\/?s={search_term_string}\"},\"query-input\":\"required name=search_term_string\"}],\"inLanguage\":\"ro-RO\"},{\"@type\":\"ImageObject\",\"@id\":\"https:\/\/rolda.ro\/magazin\/produs\/recipient-portabil-2-in-1-pentru-animale\/#primaryimage\",\"inLanguage\":\"ro-RO\",\"url\":\"https:\/\/rolda.ro\/magazin\/wp-content\/uploads\/2022\/09\/dog_recipient.jpg\",\"contentUrl\":\"https:\/\/rolda.ro\/magazin\/wp-content\/uploads\/2022\/09\/dog_recipient.jpg\",\"width\":600,\"height\":600},{\"@type\":\"WebPage\",\"@id\":\"https:\/\/rolda.ro\/magazin\/produs\/recipient-portabil-2-in-1-pentru-animale\/#webpage\",\"url\":\"https:\/\/rolda.ro\/magazin\/produs\/recipient-portabil-2-in-1-pentru-animale\/\",\"name\":\"Recipient portabil 2 \u00een 1 pentru animale - ROLDA Magazin\",\"isPartOf\":{\"@id\":\"https:\/\/rolda.ro\/magazin\/#website\"},\"primaryImageOfPage\":{\"@id\":\"https:\/\/rolda.ro\/magazin\/produs\/recipient-portabil-2-in-1-pentru-animale\/#primaryimage\"},\"datePublished\":\"2022-09-30T08:09:35+00:00\",\"dateModified\":\"2025-07-10T19:46:15+00:00\",\"breadcrumb\":{\"@id\":\"https:\/\/rolda.ro\/magazin\/produs\/recipient-portabil-2-in-1-pentru-animale\/#breadcrumb\"},\"inLanguage\":\"ro-RO\",\"potentialAction\":[{\"@type\":\"ReadAction\",\"target\":[\"https:\/\/rolda.ro\/magazin\/produs\/recipient-portabil-2-in-1-pentru-animale\/\"]}]},{\"@type\":\"BreadcrumbList\",\"@id\":\"https:\/\/rolda.ro\/magazin\/produs\/recipient-portabil-2-in-1-pentru-animale\/#breadcrumb\",\"itemListElement\":[{\"@type\":\"ListItem\",\"position\":1,\"name\":\"Pagina principal\u0103\",\"item\":\"https:\/\/rolda.ro\/magazin\/\"},{\"@type\":\"ListItem\",\"position\":2,\"name\":\"Produse\",\"item\":\"https:\/\/rolda.ro\/magazin\/produse\/\"},{\"@type\":\"ListItem\",\"position\":3,\"name\":\"Recipient portabil 2 \u00een 1 pentru animale\"}]}]}<\/script>\n<!-- \/ Yoast SEO plugin. -->","yoast_head_json":{"title":"Recipient portabil 2 \u00een 1 pentru animale - ROLDA Magazin","robots":{"index":"index","follow":"follow","max-snippet":"max-snippet:-1","max-image-preview":"max-image-preview:large","max-video-preview":"max-video-preview:-1"},"canonical":"https:\/\/rolda.ro\/magazin\/produs\/recipient-portabil-2-in-1-pentru-animale\/","og_locale":"ro_RO","og_type":"article","og_title":"Cumpara un recipient portabil 2 \u00een 1 pentru animale pentru a proteja un caine din adaposturile ROLDA in lunile friguroase","og_description":"Creat de: Georgeta &amp; MayaArt Prin cump\u0103rarea acestui obiect, aju\u021bi echipa ROLDA s\u0103 ofere protec\u021bie unui c\u00e2ine \u00eempotriva gerurilor iernii \u0219i \u00eei asiguri confortul \u00een ad\u0103postul ROLDA. Fabricat din material PP, f\u0103r\u0103 BPA, aprobat FDA","og_url":"https:\/\/rolda.ro\/magazin\/produs\/recipient-portabil-2-in-1-pentru-animale\/","og_site_name":"ROLDA Magazin","article_modified_time":"2025-07-10T19:46:15+00:00","og_image":[{"width":600,"height":600,"url":"https:\/\/rolda.ro\/magazin\/wp-content\/uploads\/2022\/09\/dog_recipient.jpg","type":"image\/jpeg"}],"twitter_card":"summary_large_image","twitter_title":"Cumpara un recipient portabil 2 \u00een 1 pentru animale pentru a proteja un caine din adaposturile ROLDA in lunile friguroase","twitter_image":"https:\/\/rolda.ro\/magazin\/wp-content\/uploads\/2022\/09\/dog_recipient.jpg","twitter_misc":{"Timp estimat pentru citire":"1 minut"},"schema":{"@context":"https:\/\/schema.org","@graph":[{"@type":"WebSite","@id":"https:\/\/rolda.ro\/magazin\/#website","url":"https:\/\/rolda.ro\/magazin\/","name":"ROLDA Magazin","description":"Magazin","potentialAction":[{"@type":"SearchAction","target":{"@type":"EntryPoint","urlTemplate":"https:\/\/rolda.ro\/magazin\/?s={search_term_string}"},"query-input":"required name=search_term_string"}],"inLanguage":"ro-RO"},{"@type":"ImageObject","@id":"https:\/\/rolda.ro\/magazin\/produs\/recipient-portabil-2-in-1-pentru-animale\/#primaryimage","inLanguage":"ro-RO","url":"https:\/\/rolda.ro\/magazin\/wp-content\/uploads\/2022\/09\/dog_recipient.jpg","contentUrl":"https:\/\/rolda.ro\/magazin\/wp-content\/uploads\/2022\/09\/dog_recipient.jpg","width":600,"height":600},{"@type":"WebPage","@id":"https:\/\/rolda.ro\/magazin\/produs\/recipient-portabil-2-in-1-pentru-animale\/#webpage","url":"https:\/\/rolda.ro\/magazin\/produs\/recipient-portabil-2-in-1-pentru-animale\/","name":"Recipient portabil 2 \u00een 1 pentru animale - ROLDA Magazin","isPartOf":{"@id":"https:\/\/rolda.ro\/magazin\/#website"},"primaryImageOfPage":{"@id":"https:\/\/rolda.ro\/magazin\/produs\/recipient-portabil-2-in-1-pentru-animale\/#primaryimage"},"datePublished":"2022-09-30T08:09:35+00:00","dateModified":"2025-07-10T19:46:15+00:00","breadcrumb":{"@id":"https:\/\/rolda.ro\/magazin\/produs\/recipient-portabil-2-in-1-pentru-animale\/#breadcrumb"},"inLanguage":"ro-RO","potentialAction":[{"@type":"ReadAction","target":["https:\/\/rolda.ro\/magazin\/produs\/recipient-portabil-2-in-1-pentru-animale\/"]}]},{"@type":"BreadcrumbList","@id":"https:\/\/rolda.ro\/magazin\/produs\/recipient-portabil-2-in-1-pentru-animale\/#breadcrumb","itemListElement":[{"@type":"ListItem","position":1,"name":"Pagina principal\u0103","item":"https:\/\/rolda.ro\/magazin\/"},{"@type":"ListItem","position":2,"name":"Produse","item":"https:\/\/rolda.ro\/magazin\/produse\/"},{"@type":"ListItem","position":3,"name":"Recipient portabil 2 \u00een 1 pentru animale"}]}]}},"_links":{"self":[{"href":"https:\/\/rolda.ro\/magazin\/wp-json\/wp\/v2\/product\/1580"}],"collection":[{"href":"https:\/\/rolda.ro\/magazin\/wp-json\/wp\/v2\/product"}],"about":[{"href":"https:\/\/rolda.ro\/magazin\/wp-json\/wp\/v2\/types\/product"}],"replies":[{"embeddable":true,"href":"https:\/\/rolda.ro\/magazin\/wp-json\/wp\/v2\/comments?post=1580"}],"wp:featuredmedia":[{"embeddable":true,"href":"https:\/\/rolda.ro\/magazin\/wp-json\/wp\/v2\/media\/1589"}],"wp:attachment":[{"href":"https:\/\/rolda.ro\/magazin\/wp-json\/wp\/v2\/media?parent=1580"}],"wp:term":[{"taxonomy":"product_cat","embeddable":true,"href":"https:\/\/rolda.ro\/magazin\/wp-json\/wp\/v2\/product_cat?post=1580"},{"taxonomy":"product_tag","embeddable":true,"href":"https:\/\/rolda.ro\/magazin\/wp-json\/wp\/v2\/product_tag?post=1580"}],"curies":[{"name":"wp","href":"https:\/\/api.w.org\/{rel}","templated":true}]}}