{"id":1591,"date":"2022-09-30T08:40:13","date_gmt":"2022-09-30T08:40:13","guid":{"rendered":"https:\/\/rolda.ro\/magazin\/?post_type=product&#038;p=1591"},"modified":"2024-11-08T11:17:32","modified_gmt":"2024-11-08T11:17:32","slug":"geanta-de-dresaj-in-aer-liber-pentru-caini","status":"publish","type":"product","link":"https:\/\/rolda.ro\/magazin\/produs\/geanta-de-dresaj-in-aer-liber-pentru-caini\/","title":{"rendered":"Geant\u0103 de dresaj \u00een aer liber pentru c\u00e2ini"},"content":{"rendered":"<p>Geant\u0103 de dresaj \u00een aer liber pentru c\u00e2ini, cu centur\u0103 de talie reglabil\u0103<br \/>\nDesign rezistent la ap\u0103, \u00eenchidere cu \u0219nur care \u00eempiedic\u0103 c\u0103derea hranei pentru c\u00e2ini<br \/>\nMaterial: material rezistent la abraziune p\u00e2nz\u0103 Oxford 600D + poliester<br \/>\nDimensiune: 12x6x20 cm<\/p>\n<p>Pachetul include:<br \/>\n1 geant\u0103 dresaj de c\u00e2ini<br \/>\n2 rulouri de saci de gunoi<br \/>\n1 bol pliabil<br \/>\n1 clicker<\/p>\n<div class=\"disclaimer\">\n<p>Pentru produsele realizate de c\u0103tre artizanii mentiona\u021bi pe pagina fiec\u0103rui obiect disponibil \u00een Magazinul online ROLDA; organiza\u021bia noastr\u0103 nu \u00ee\u0219i asum\u0103 r\u0103spunderea pentru \u00eent\u00e2rzierile la livrare cauzate de artizani sau de c\u0103tre serviciile po\u0219tale, diferen\u021be de orice fel \u00eentre descrierea produselor prezentate\/v\u00e2ndute, modul \u00een care produsele sunt create, realizate, asamblate sau modul \u00een care sunt folosite dup\u0103 ce sunt cump\u0103rate.<\/p>\n<\/div>\n","protected":false},"excerpt":{"rendered":"<p class=\"createdbynone\">none<\/p>\n<p class=\"toptext\"><strong>Prin cump\u0103rarea acestui obiect, aju\u021bi echipa ROLDA s\u0103 sprijine comunit\u0103\u021bile s\u0103race din Rom\u00e2nia prin campanii de microcipare \u0219i sterilizare. Acest lucru va preveni abandonul c\u0103\u021beilor n\u0103scu\u021bi nedori\u021bi care ajung pe str\u0103zi.<\/strong><\/p>\n<p class=\"desc\">Material rezistent la abraziune p\u00e2nz\u0103 Oxford 600D + poliester<\/p>\n","protected":false},"featured_media":1594,"comment_status":"open","ping_status":"closed","template":"","meta":[],"product_cat":[34],"product_tag":[192],"yoast_head":"<!-- This site is optimized with the Yoast SEO plugin v18.4.1 - https:\/\/yoast.com\/wordpress\/plugins\/seo\/ -->\n<title>Geant\u0103 de dresaj \u00een aer liber pentru c\u00e2ini - ROLDA Magazin<\/title>\n<meta name=\"robots\" content=\"index, follow, max-snippet:-1, max-image-preview:large, max-video-preview:-1\" \/>\n<link rel=\"canonical\" href=\"https:\/\/rolda.ro\/magazin\/produs\/geanta-de-dresaj-in-aer-liber-pentru-caini\/\" \/>\n<meta property=\"og:locale\" content=\"ro_RO\" \/>\n<meta property=\"og:type\" content=\"article\" \/>\n<meta property=\"og:title\" content=\"Cumpara o geanta pentru dresaj pentru a ne ajuta sa continuam sa microcipam si sa sterilizam cainii din comunitatea rurala saraca din Romania\" \/>\n<meta property=\"og:description\" content=\"none Prin cump\u0103rarea acestui obiect, aju\u021bi echipa ROLDA s\u0103 sprijine comunit\u0103\u021bile s\u0103race din Rom\u00e2nia prin campanii de microcipare \u0219i sterilizare. Acest lucru va preveni abandonul c\u0103\u021beilor n\u0103scu\u021bi nedori\u021bi care ajung pe str\u0103zi. Material rezistent la abraziune p\u00e2nz\u0103 Oxford 600D + poliester\" \/>\n<meta property=\"og:url\" content=\"https:\/\/rolda.ro\/magazin\/produs\/geanta-de-dresaj-in-aer-liber-pentru-caini\/\" \/>\n<meta property=\"og:site_name\" content=\"ROLDA Magazin\" \/>\n<meta property=\"article:modified_time\" content=\"2024-11-08T11:17:32+00:00\" \/>\n<meta property=\"og:image\" content=\"https:\/\/rolda.ro\/magazin\/wp-content\/uploads\/2022\/09\/outdoor_pack2.jpg\" \/>\n\t<meta property=\"og:image:width\" content=\"600\" \/>\n\t<meta property=\"og:image:height\" content=\"600\" \/>\n\t<meta property=\"og:image:type\" content=\"image\/jpeg\" \/>\n<meta name=\"twitter:card\" content=\"summary_large_image\" \/>\n<meta name=\"twitter:title\" content=\"Cumpara o geanta pentru dresaj pentru a ne ajuta sa continuam sa microcipam si sa sterilizam cainii din comunitatea rurala saraca din Romania\" \/>\n<meta name=\"twitter:image\" content=\"https:\/\/rolda.ro\/magazin\/wp-content\/uploads\/2022\/09\/outdoor_pack2.jpg\" \/>\n<meta name=\"twitter:label1\" content=\"Timp estimat pentru citire\" \/>\n\t<meta name=\"twitter:data1\" content=\"1 minut\" \/>\n<script type=\"application\/ld+json\" class=\"yoast-schema-graph\">{\"@context\":\"https:\/\/schema.org\",\"@graph\":[{\"@type\":\"WebSite\",\"@id\":\"https:\/\/rolda.ro\/magazin\/#website\",\"url\":\"https:\/\/rolda.ro\/magazin\/\",\"name\":\"ROLDA Magazin\",\"description\":\"Magazin\",\"potentialAction\":[{\"@type\":\"SearchAction\",\"target\":{\"@type\":\"EntryPoint\",\"urlTemplate\":\"https:\/\/rolda.ro\/magazin\/?s={search_term_string}\"},\"query-input\":\"required name=search_term_string\"}],\"inLanguage\":\"ro-RO\"},{\"@type\":\"ImageObject\",\"@id\":\"https:\/\/rolda.ro\/magazin\/produs\/geanta-de-dresaj-in-aer-liber-pentru-caini\/#primaryimage\",\"inLanguage\":\"ro-RO\",\"url\":\"https:\/\/rolda.ro\/magazin\/wp-content\/uploads\/2022\/09\/outdoor_pack2.jpg\",\"contentUrl\":\"https:\/\/rolda.ro\/magazin\/wp-content\/uploads\/2022\/09\/outdoor_pack2.jpg\",\"width\":600,\"height\":600},{\"@type\":\"WebPage\",\"@id\":\"https:\/\/rolda.ro\/magazin\/produs\/geanta-de-dresaj-in-aer-liber-pentru-caini\/#webpage\",\"url\":\"https:\/\/rolda.ro\/magazin\/produs\/geanta-de-dresaj-in-aer-liber-pentru-caini\/\",\"name\":\"Geant\u0103 de dresaj \u00een aer liber pentru c\u00e2ini - ROLDA Magazin\",\"isPartOf\":{\"@id\":\"https:\/\/rolda.ro\/magazin\/#website\"},\"primaryImageOfPage\":{\"@id\":\"https:\/\/rolda.ro\/magazin\/produs\/geanta-de-dresaj-in-aer-liber-pentru-caini\/#primaryimage\"},\"datePublished\":\"2022-09-30T08:40:13+00:00\",\"dateModified\":\"2024-11-08T11:17:32+00:00\",\"breadcrumb\":{\"@id\":\"https:\/\/rolda.ro\/magazin\/produs\/geanta-de-dresaj-in-aer-liber-pentru-caini\/#breadcrumb\"},\"inLanguage\":\"ro-RO\",\"potentialAction\":[{\"@type\":\"ReadAction\",\"target\":[\"https:\/\/rolda.ro\/magazin\/produs\/geanta-de-dresaj-in-aer-liber-pentru-caini\/\"]}]},{\"@type\":\"BreadcrumbList\",\"@id\":\"https:\/\/rolda.ro\/magazin\/produs\/geanta-de-dresaj-in-aer-liber-pentru-caini\/#breadcrumb\",\"itemListElement\":[{\"@type\":\"ListItem\",\"position\":1,\"name\":\"Pagina principal\u0103\",\"item\":\"https:\/\/rolda.ro\/magazin\/\"},{\"@type\":\"ListItem\",\"position\":2,\"name\":\"Produse\",\"item\":\"https:\/\/rolda.ro\/magazin\/produse\/\"},{\"@type\":\"ListItem\",\"position\":3,\"name\":\"Geant\u0103 de dresaj \u00een aer liber pentru c\u00e2ini\"}]}]}<\/script>\n<!-- \/ Yoast SEO plugin. -->","yoast_head_json":{"title":"Geant\u0103 de dresaj \u00een aer liber pentru c\u00e2ini - ROLDA Magazin","robots":{"index":"index","follow":"follow","max-snippet":"max-snippet:-1","max-image-preview":"max-image-preview:large","max-video-preview":"max-video-preview:-1"},"canonical":"https:\/\/rolda.ro\/magazin\/produs\/geanta-de-dresaj-in-aer-liber-pentru-caini\/","og_locale":"ro_RO","og_type":"article","og_title":"Cumpara o geanta pentru dresaj pentru a ne ajuta sa continuam sa microcipam si sa sterilizam cainii din comunitatea rurala saraca din Romania","og_description":"none Prin cump\u0103rarea acestui obiect, aju\u021bi echipa ROLDA s\u0103 sprijine comunit\u0103\u021bile s\u0103race din Rom\u00e2nia prin campanii de microcipare \u0219i sterilizare. Acest lucru va preveni abandonul c\u0103\u021beilor n\u0103scu\u021bi nedori\u021bi care ajung pe str\u0103zi. Material rezistent la abraziune p\u00e2nz\u0103 Oxford 600D + poliester","og_url":"https:\/\/rolda.ro\/magazin\/produs\/geanta-de-dresaj-in-aer-liber-pentru-caini\/","og_site_name":"ROLDA Magazin","article_modified_time":"2024-11-08T11:17:32+00:00","og_image":[{"width":600,"height":600,"url":"https:\/\/rolda.ro\/magazin\/wp-content\/uploads\/2022\/09\/outdoor_pack2.jpg","type":"image\/jpeg"}],"twitter_card":"summary_large_image","twitter_title":"Cumpara o geanta pentru dresaj pentru a ne ajuta sa continuam sa microcipam si sa sterilizam cainii din comunitatea rurala saraca din Romania","twitter_image":"https:\/\/rolda.ro\/magazin\/wp-content\/uploads\/2022\/09\/outdoor_pack2.jpg","twitter_misc":{"Timp estimat pentru citire":"1 minut"},"schema":{"@context":"https:\/\/schema.org","@graph":[{"@type":"WebSite","@id":"https:\/\/rolda.ro\/magazin\/#website","url":"https:\/\/rolda.ro\/magazin\/","name":"ROLDA Magazin","description":"Magazin","potentialAction":[{"@type":"SearchAction","target":{"@type":"EntryPoint","urlTemplate":"https:\/\/rolda.ro\/magazin\/?s={search_term_string}"},"query-input":"required name=search_term_string"}],"inLanguage":"ro-RO"},{"@type":"ImageObject","@id":"https:\/\/rolda.ro\/magazin\/produs\/geanta-de-dresaj-in-aer-liber-pentru-caini\/#primaryimage","inLanguage":"ro-RO","url":"https:\/\/rolda.ro\/magazin\/wp-content\/uploads\/2022\/09\/outdoor_pack2.jpg","contentUrl":"https:\/\/rolda.ro\/magazin\/wp-content\/uploads\/2022\/09\/outdoor_pack2.jpg","width":600,"height":600},{"@type":"WebPage","@id":"https:\/\/rolda.ro\/magazin\/produs\/geanta-de-dresaj-in-aer-liber-pentru-caini\/#webpage","url":"https:\/\/rolda.ro\/magazin\/produs\/geanta-de-dresaj-in-aer-liber-pentru-caini\/","name":"Geant\u0103 de dresaj \u00een aer liber pentru c\u00e2ini - ROLDA Magazin","isPartOf":{"@id":"https:\/\/rolda.ro\/magazin\/#website"},"primaryImageOfPage":{"@id":"https:\/\/rolda.ro\/magazin\/produs\/geanta-de-dresaj-in-aer-liber-pentru-caini\/#primaryimage"},"datePublished":"2022-09-30T08:40:13+00:00","dateModified":"2024-11-08T11:17:32+00:00","breadcrumb":{"@id":"https:\/\/rolda.ro\/magazin\/produs\/geanta-de-dresaj-in-aer-liber-pentru-caini\/#breadcrumb"},"inLanguage":"ro-RO","potentialAction":[{"@type":"ReadAction","target":["https:\/\/rolda.ro\/magazin\/produs\/geanta-de-dresaj-in-aer-liber-pentru-caini\/"]}]},{"@type":"BreadcrumbList","@id":"https:\/\/rolda.ro\/magazin\/produs\/geanta-de-dresaj-in-aer-liber-pentru-caini\/#breadcrumb","itemListElement":[{"@type":"ListItem","position":1,"name":"Pagina principal\u0103","item":"https:\/\/rolda.ro\/magazin\/"},{"@type":"ListItem","position":2,"name":"Produse","item":"https:\/\/rolda.ro\/magazin\/produse\/"},{"@type":"ListItem","position":3,"name":"Geant\u0103 de dresaj \u00een aer liber pentru c\u00e2ini"}]}]}},"_links":{"self":[{"href":"https:\/\/rolda.ro\/magazin\/wp-json\/wp\/v2\/product\/1591"}],"collection":[{"href":"https:\/\/rolda.ro\/magazin\/wp-json\/wp\/v2\/product"}],"about":[{"href":"https:\/\/rolda.ro\/magazin\/wp-json\/wp\/v2\/types\/product"}],"replies":[{"embeddable":true,"href":"https:\/\/rolda.ro\/magazin\/wp-json\/wp\/v2\/comments?post=1591"}],"wp:featuredmedia":[{"embeddable":true,"href":"https:\/\/rolda.ro\/magazin\/wp-json\/wp\/v2\/media\/1594"}],"wp:attachment":[{"href":"https:\/\/rolda.ro\/magazin\/wp-json\/wp\/v2\/media?parent=1591"}],"wp:term":[{"taxonomy":"product_cat","embeddable":true,"href":"https:\/\/rolda.ro\/magazin\/wp-json\/wp\/v2\/product_cat?post=1591"},{"taxonomy":"product_tag","embeddable":true,"href":"https:\/\/rolda.ro\/magazin\/wp-json\/wp\/v2\/product_tag?post=1591"}],"curies":[{"name":"wp","href":"https:\/\/api.w.org\/{rel}","templated":true}]}}