{"id":1704,"date":"2022-11-10T09:32:34","date_gmt":"2022-11-10T09:32:34","guid":{"rendered":"https:\/\/rolda.ro\/magazin\/?post_type=product&#038;p=1704"},"modified":"2024-10-28T18:23:53","modified_gmt":"2024-10-28T18:23:53","slug":"papion-pentru-caine","status":"publish","type":"product","link":"https:\/\/rolda.ro\/magazin\/produs\/papion-pentru-caine\/","title":{"rendered":"Papion pentru c\u00e2ine cu bretele elastice"},"content":{"rendered":"<p>Culoare: alb cu buline colorate<\/p>\n<p>Fund\u0103 albastr\u0103 cu bretele negre<br \/>\nCu umplutur\u0103 moale, confortabil pentru c\u00e2ini.<br \/>\nPoate fi cu bretele elastice reglabile.<br \/>\n\u00cenchidere cu trident de plastic.<\/p>\n<div class=\"disclaimer\">\n<p>Pentru produsele realizate de c\u0103tre artizanii mentiona\u021bi pe pagina fiec\u0103rui obiect disponibil \u00een Magazinul online ROLDA; organiza\u021bia noastr\u0103 nu \u00ee\u0219i asum\u0103 r\u0103spunderea pentru \u00eent\u00e2rzierile la livrare cauzate de artizani sau de c\u0103tre serviciile po\u0219tale, diferen\u021be de orice fel \u00eentre descrierea produselor prezentate\/v\u00e2ndute, modul \u00een care produsele sunt create, realizate, asamblate sau modul \u00een care sunt folosite dup\u0103 ce sunt cump\u0103rate.<\/p>\n<\/div>\n","protected":false},"excerpt":{"rendered":"<p class=\"createdby\">Creat de: AnitaBSign<\/p>\n<p class=\"toptext\"><strong>Prin cump\u0103rarea acestui obiect, aju\u021bi echipa ROLDA s\u0103 ofere protec\u021bie unui c\u00e2ine \u00eempotriva gerurilor iernii \u0219i \u00eei asiguri confortul \u00een ad\u0103postul ROLDA.<\/strong><\/p>\n<p class=\"desc\">Cu bretele elastice reglabile<\/p>\n","protected":false},"featured_media":1705,"comment_status":"open","ping_status":"closed","template":"","meta":[],"product_cat":[218],"product_tag":[187],"yoast_head":"<!-- This site is optimized with the Yoast SEO plugin v18.4.1 - https:\/\/yoast.com\/wordpress\/plugins\/seo\/ -->\n<title>Papion pentru c\u00e2ine cu bretele elastice - ROLDA Magazin<\/title>\n<meta name=\"robots\" content=\"index, follow, max-snippet:-1, max-image-preview:large, max-video-preview:-1\" \/>\n<link rel=\"canonical\" href=\"https:\/\/rolda.ro\/magazin\/produs\/papion-pentru-caine\/\" \/>\n<meta property=\"og:locale\" content=\"ro_RO\" \/>\n<meta property=\"og:type\" content=\"article\" \/>\n<meta property=\"og:title\" content=\"Cumpara un papion pentru c\u00e2ine lucrat manual in Romania pentru a proteja un caine din adaposturile ROLDA in lunile friguroase\" \/>\n<meta property=\"og:description\" content=\"Creat de: AnitaBSign Prin cump\u0103rarea acestui obiect, aju\u021bi echipa ROLDA s\u0103 ofere protec\u021bie unui c\u00e2ine \u00eempotriva gerurilor iernii \u0219i \u00eei asiguri confortul \u00een ad\u0103postul ROLDA. Cu bretele elastice reglabile\" \/>\n<meta property=\"og:url\" content=\"https:\/\/rolda.ro\/magazin\/produs\/papion-pentru-caine\/\" \/>\n<meta property=\"og:site_name\" content=\"ROLDA Magazin\" \/>\n<meta property=\"article:modified_time\" content=\"2024-10-28T18:23:53+00:00\" \/>\n<meta property=\"og:image\" content=\"https:\/\/rolda.ro\/magazin\/wp-content\/uploads\/2022\/11\/Bow-tie.jpg\" \/>\n\t<meta property=\"og:image:width\" content=\"500\" \/>\n\t<meta property=\"og:image:height\" content=\"500\" \/>\n\t<meta property=\"og:image:type\" content=\"image\/jpeg\" \/>\n<meta name=\"twitter:card\" content=\"summary_large_image\" \/>\n<meta name=\"twitter:title\" content=\"Cumpara un papion pentru c\u00e2ine lucrat manual in Romania pentru a proteja un caine din adaposturile ROLDA in lunile friguroase\" \/>\n<meta name=\"twitter:image\" content=\"https:\/\/rolda.ro\/magazin\/wp-content\/uploads\/2022\/11\/Bow-tie.jpg\" \/>\n<meta name=\"twitter:label1\" content=\"Timp estimat pentru citire\" \/>\n\t<meta name=\"twitter:data1\" content=\"1 minut\" \/>\n<script type=\"application\/ld+json\" class=\"yoast-schema-graph\">{\"@context\":\"https:\/\/schema.org\",\"@graph\":[{\"@type\":\"WebSite\",\"@id\":\"https:\/\/rolda.ro\/magazin\/#website\",\"url\":\"https:\/\/rolda.ro\/magazin\/\",\"name\":\"ROLDA Magazin\",\"description\":\"Magazin\",\"potentialAction\":[{\"@type\":\"SearchAction\",\"target\":{\"@type\":\"EntryPoint\",\"urlTemplate\":\"https:\/\/rolda.ro\/magazin\/?s={search_term_string}\"},\"query-input\":\"required name=search_term_string\"}],\"inLanguage\":\"ro-RO\"},{\"@type\":\"ImageObject\",\"@id\":\"https:\/\/rolda.ro\/magazin\/produs\/papion-pentru-caine\/#primaryimage\",\"inLanguage\":\"ro-RO\",\"url\":\"https:\/\/rolda.ro\/magazin\/wp-content\/uploads\/2022\/11\/Bow-tie.jpg\",\"contentUrl\":\"https:\/\/rolda.ro\/magazin\/wp-content\/uploads\/2022\/11\/Bow-tie.jpg\",\"width\":500,\"height\":500},{\"@type\":\"WebPage\",\"@id\":\"https:\/\/rolda.ro\/magazin\/produs\/papion-pentru-caine\/#webpage\",\"url\":\"https:\/\/rolda.ro\/magazin\/produs\/papion-pentru-caine\/\",\"name\":\"Papion pentru c\u00e2ine cu bretele elastice - ROLDA Magazin\",\"isPartOf\":{\"@id\":\"https:\/\/rolda.ro\/magazin\/#website\"},\"primaryImageOfPage\":{\"@id\":\"https:\/\/rolda.ro\/magazin\/produs\/papion-pentru-caine\/#primaryimage\"},\"datePublished\":\"2022-11-10T09:32:34+00:00\",\"dateModified\":\"2024-10-28T18:23:53+00:00\",\"breadcrumb\":{\"@id\":\"https:\/\/rolda.ro\/magazin\/produs\/papion-pentru-caine\/#breadcrumb\"},\"inLanguage\":\"ro-RO\",\"potentialAction\":[{\"@type\":\"ReadAction\",\"target\":[\"https:\/\/rolda.ro\/magazin\/produs\/papion-pentru-caine\/\"]}]},{\"@type\":\"BreadcrumbList\",\"@id\":\"https:\/\/rolda.ro\/magazin\/produs\/papion-pentru-caine\/#breadcrumb\",\"itemListElement\":[{\"@type\":\"ListItem\",\"position\":1,\"name\":\"Pagina principal\u0103\",\"item\":\"https:\/\/rolda.ro\/magazin\/\"},{\"@type\":\"ListItem\",\"position\":2,\"name\":\"Produse\",\"item\":\"https:\/\/rolda.ro\/magazin\/produse\/\"},{\"@type\":\"ListItem\",\"position\":3,\"name\":\"Papion pentru c\u00e2ine cu bretele elastice\"}]}]}<\/script>\n<!-- \/ Yoast SEO plugin. -->","yoast_head_json":{"title":"Papion pentru c\u00e2ine cu bretele elastice - ROLDA Magazin","robots":{"index":"index","follow":"follow","max-snippet":"max-snippet:-1","max-image-preview":"max-image-preview:large","max-video-preview":"max-video-preview:-1"},"canonical":"https:\/\/rolda.ro\/magazin\/produs\/papion-pentru-caine\/","og_locale":"ro_RO","og_type":"article","og_title":"Cumpara un papion pentru c\u00e2ine lucrat manual in Romania pentru a proteja un caine din adaposturile ROLDA in lunile friguroase","og_description":"Creat de: AnitaBSign Prin cump\u0103rarea acestui obiect, aju\u021bi echipa ROLDA s\u0103 ofere protec\u021bie unui c\u00e2ine \u00eempotriva gerurilor iernii \u0219i \u00eei asiguri confortul \u00een ad\u0103postul ROLDA. Cu bretele elastice reglabile","og_url":"https:\/\/rolda.ro\/magazin\/produs\/papion-pentru-caine\/","og_site_name":"ROLDA Magazin","article_modified_time":"2024-10-28T18:23:53+00:00","og_image":[{"width":500,"height":500,"url":"https:\/\/rolda.ro\/magazin\/wp-content\/uploads\/2022\/11\/Bow-tie.jpg","type":"image\/jpeg"}],"twitter_card":"summary_large_image","twitter_title":"Cumpara un papion pentru c\u00e2ine lucrat manual in Romania pentru a proteja un caine din adaposturile ROLDA in lunile friguroase","twitter_image":"https:\/\/rolda.ro\/magazin\/wp-content\/uploads\/2022\/11\/Bow-tie.jpg","twitter_misc":{"Timp estimat pentru citire":"1 minut"},"schema":{"@context":"https:\/\/schema.org","@graph":[{"@type":"WebSite","@id":"https:\/\/rolda.ro\/magazin\/#website","url":"https:\/\/rolda.ro\/magazin\/","name":"ROLDA Magazin","description":"Magazin","potentialAction":[{"@type":"SearchAction","target":{"@type":"EntryPoint","urlTemplate":"https:\/\/rolda.ro\/magazin\/?s={search_term_string}"},"query-input":"required name=search_term_string"}],"inLanguage":"ro-RO"},{"@type":"ImageObject","@id":"https:\/\/rolda.ro\/magazin\/produs\/papion-pentru-caine\/#primaryimage","inLanguage":"ro-RO","url":"https:\/\/rolda.ro\/magazin\/wp-content\/uploads\/2022\/11\/Bow-tie.jpg","contentUrl":"https:\/\/rolda.ro\/magazin\/wp-content\/uploads\/2022\/11\/Bow-tie.jpg","width":500,"height":500},{"@type":"WebPage","@id":"https:\/\/rolda.ro\/magazin\/produs\/papion-pentru-caine\/#webpage","url":"https:\/\/rolda.ro\/magazin\/produs\/papion-pentru-caine\/","name":"Papion pentru c\u00e2ine cu bretele elastice - ROLDA Magazin","isPartOf":{"@id":"https:\/\/rolda.ro\/magazin\/#website"},"primaryImageOfPage":{"@id":"https:\/\/rolda.ro\/magazin\/produs\/papion-pentru-caine\/#primaryimage"},"datePublished":"2022-11-10T09:32:34+00:00","dateModified":"2024-10-28T18:23:53+00:00","breadcrumb":{"@id":"https:\/\/rolda.ro\/magazin\/produs\/papion-pentru-caine\/#breadcrumb"},"inLanguage":"ro-RO","potentialAction":[{"@type":"ReadAction","target":["https:\/\/rolda.ro\/magazin\/produs\/papion-pentru-caine\/"]}]},{"@type":"BreadcrumbList","@id":"https:\/\/rolda.ro\/magazin\/produs\/papion-pentru-caine\/#breadcrumb","itemListElement":[{"@type":"ListItem","position":1,"name":"Pagina principal\u0103","item":"https:\/\/rolda.ro\/magazin\/"},{"@type":"ListItem","position":2,"name":"Produse","item":"https:\/\/rolda.ro\/magazin\/produse\/"},{"@type":"ListItem","position":3,"name":"Papion pentru c\u00e2ine cu bretele elastice"}]}]}},"_links":{"self":[{"href":"https:\/\/rolda.ro\/magazin\/wp-json\/wp\/v2\/product\/1704"}],"collection":[{"href":"https:\/\/rolda.ro\/magazin\/wp-json\/wp\/v2\/product"}],"about":[{"href":"https:\/\/rolda.ro\/magazin\/wp-json\/wp\/v2\/types\/product"}],"replies":[{"embeddable":true,"href":"https:\/\/rolda.ro\/magazin\/wp-json\/wp\/v2\/comments?post=1704"}],"wp:featuredmedia":[{"embeddable":true,"href":"https:\/\/rolda.ro\/magazin\/wp-json\/wp\/v2\/media\/1705"}],"wp:attachment":[{"href":"https:\/\/rolda.ro\/magazin\/wp-json\/wp\/v2\/media?parent=1704"}],"wp:term":[{"taxonomy":"product_cat","embeddable":true,"href":"https:\/\/rolda.ro\/magazin\/wp-json\/wp\/v2\/product_cat?post=1704"},{"taxonomy":"product_tag","embeddable":true,"href":"https:\/\/rolda.ro\/magazin\/wp-json\/wp\/v2\/product_tag?post=1704"}],"curies":[{"name":"wp","href":"https:\/\/api.w.org\/{rel}","templated":true}]}}