{"id":1796,"date":"2023-03-06T06:56:22","date_gmt":"2023-03-06T06:56:22","guid":{"rendered":"https:\/\/rolda.ro\/magazin\/?post_type=product&#038;p=1796"},"modified":"2024-03-06T08:37:53","modified_gmt":"2024-03-06T08:37:53","slug":"suport-saci-igienici","status":"publish","type":"product","link":"https:\/\/rolda.ro\/magazin\/produs\/suport-saci-igienici\/","title":{"rendered":"Suport saci igienici"},"content":{"rendered":"<p>Suport saci igienici<br \/>\nPortabil<br \/>\nNu include pungi de plastic<\/p>\n<p>Material: p\u00e2nz\u0103<\/p>\n<p>Dimensiune: 110 mm x 90 mm<\/p>\n<div class=\"disclaimer\">\n<p>Pentru produsele realizate de c\u0103tre artizanii mentiona\u021bi pe pagina fiec\u0103rui obiect disponibil \u00een Magazinul online ROLDA; organiza\u021bia noastr\u0103 nu \u00ee\u0219i asum\u0103 r\u0103spunderea pentru \u00eent\u00e2rzierile la livrare cauzate de artizani sau de c\u0103tre serviciile po\u0219tale, diferen\u021be de orice fel \u00eentre descrierea produselor prezentate\/v\u00e2ndute, modul \u00een care produsele sunt create, realizate, asamblate sau modul \u00een care sunt folosite dup\u0103 ce sunt cump\u0103rate.<\/p>\n<\/div>\n","protected":false},"excerpt":{"rendered":"<p class=\"createdbynone\">Creat de: <\/p>\n<p class=\"toptext\"><strong>Prin cump\u0103rarea acestui obiect, aju\u021bi echipa ROLDA s\u0103 vaccineze 1 c\u00e2ine \u00eempotriva unor boli contagioase care l-ar putea afecta nu doar pe el, ci \u0219i alte animale s\u0103n\u0103toase \u0219i chiar oamenii cu care intr\u0103 \u00een contact.<\/strong><\/p>\n<p class=\"desc\">P\u00e2nz\u0103 albastr\u0103<\/p>\n","protected":false},"featured_media":1797,"comment_status":"open","ping_status":"closed","template":"","meta":[],"product_cat":[34],"product_tag":[192],"yoast_head":"<!-- This site is optimized with the Yoast SEO plugin v18.4.1 - https:\/\/yoast.com\/wordpress\/plugins\/seo\/ -->\n<title>Suport saci igienici - ROLDA Magazin<\/title>\n<meta name=\"robots\" content=\"index, follow, max-snippet:-1, max-image-preview:large, max-video-preview:-1\" \/>\n<link rel=\"canonical\" href=\"https:\/\/rolda.ro\/magazin\/produs\/suport-saci-igienici\/\" \/>\n<meta property=\"og:locale\" content=\"ro_RO\" \/>\n<meta property=\"og:type\" content=\"article\" \/>\n<meta property=\"og:title\" content=\"Cumpara un suport saci igienici pentru animalul tau de companie pentru a ajuta echipa ROLDA sa vaccineze 1 caine impotriva unor boli contagioase\" \/>\n<meta property=\"og:description\" content=\"Creat de:  Prin cump\u0103rarea acestui obiect, aju\u021bi echipa ROLDA s\u0103 vaccineze 1 c\u00e2ine \u00eempotriva unor boli contagioase care l-ar putea afecta nu doar pe el, ci \u0219i alte animale s\u0103n\u0103toase \u0219i chiar oamenii cu care intr\u0103 \u00een contact. P\u00e2nz\u0103 albastr\u0103\" \/>\n<meta property=\"og:url\" content=\"https:\/\/rolda.ro\/magazin\/produs\/suport-saci-igienici\/\" \/>\n<meta property=\"og:site_name\" content=\"ROLDA Magazin\" \/>\n<meta property=\"article:modified_time\" content=\"2024-03-06T08:37:53+00:00\" \/>\n<meta property=\"og:image\" content=\"https:\/\/rolda.ro\/magazin\/wp-content\/uploads\/2023\/03\/oh_shit_dispenser.jpg\" \/>\n\t<meta property=\"og:image:width\" content=\"600\" \/>\n\t<meta property=\"og:image:height\" content=\"600\" \/>\n\t<meta property=\"og:image:type\" content=\"image\/jpeg\" \/>\n<meta name=\"twitter:card\" content=\"summary_large_image\" \/>\n<meta name=\"twitter:title\" content=\"Cumpara un suport saci igienici pentru animalul tau de companie pentru a ajuta echipa ROLDA sa vaccineze 1 caine impotriva unor boli contagioase\" \/>\n<meta name=\"twitter:image\" content=\"https:\/\/rolda.ro\/magazin\/wp-content\/uploads\/2023\/03\/oh_shit_dispenser.jpg\" \/>\n<script type=\"application\/ld+json\" class=\"yoast-schema-graph\">{\"@context\":\"https:\/\/schema.org\",\"@graph\":[{\"@type\":\"WebSite\",\"@id\":\"https:\/\/rolda.ro\/magazin\/#website\",\"url\":\"https:\/\/rolda.ro\/magazin\/\",\"name\":\"ROLDA Magazin\",\"description\":\"Magazin\",\"potentialAction\":[{\"@type\":\"SearchAction\",\"target\":{\"@type\":\"EntryPoint\",\"urlTemplate\":\"https:\/\/rolda.ro\/magazin\/?s={search_term_string}\"},\"query-input\":\"required name=search_term_string\"}],\"inLanguage\":\"ro-RO\"},{\"@type\":\"ImageObject\",\"@id\":\"https:\/\/rolda.ro\/magazin\/produs\/suport-saci-igienici\/#primaryimage\",\"inLanguage\":\"ro-RO\",\"url\":\"https:\/\/rolda.ro\/magazin\/wp-content\/uploads\/2023\/03\/oh_shit_dispenser.jpg\",\"contentUrl\":\"https:\/\/rolda.ro\/magazin\/wp-content\/uploads\/2023\/03\/oh_shit_dispenser.jpg\",\"width\":600,\"height\":600},{\"@type\":\"WebPage\",\"@id\":\"https:\/\/rolda.ro\/magazin\/produs\/suport-saci-igienici\/#webpage\",\"url\":\"https:\/\/rolda.ro\/magazin\/produs\/suport-saci-igienici\/\",\"name\":\"Suport saci igienici - ROLDA Magazin\",\"isPartOf\":{\"@id\":\"https:\/\/rolda.ro\/magazin\/#website\"},\"primaryImageOfPage\":{\"@id\":\"https:\/\/rolda.ro\/magazin\/produs\/suport-saci-igienici\/#primaryimage\"},\"datePublished\":\"2023-03-06T06:56:22+00:00\",\"dateModified\":\"2024-03-06T08:37:53+00:00\",\"breadcrumb\":{\"@id\":\"https:\/\/rolda.ro\/magazin\/produs\/suport-saci-igienici\/#breadcrumb\"},\"inLanguage\":\"ro-RO\",\"potentialAction\":[{\"@type\":\"ReadAction\",\"target\":[\"https:\/\/rolda.ro\/magazin\/produs\/suport-saci-igienici\/\"]}]},{\"@type\":\"BreadcrumbList\",\"@id\":\"https:\/\/rolda.ro\/magazin\/produs\/suport-saci-igienici\/#breadcrumb\",\"itemListElement\":[{\"@type\":\"ListItem\",\"position\":1,\"name\":\"Pagina principal\u0103\",\"item\":\"https:\/\/rolda.ro\/magazin\/\"},{\"@type\":\"ListItem\",\"position\":2,\"name\":\"Produse\",\"item\":\"https:\/\/rolda.ro\/magazin\/produse\/\"},{\"@type\":\"ListItem\",\"position\":3,\"name\":\"Suport saci igienici\"}]}]}<\/script>\n<!-- \/ Yoast SEO plugin. -->","yoast_head_json":{"title":"Suport saci igienici - ROLDA Magazin","robots":{"index":"index","follow":"follow","max-snippet":"max-snippet:-1","max-image-preview":"max-image-preview:large","max-video-preview":"max-video-preview:-1"},"canonical":"https:\/\/rolda.ro\/magazin\/produs\/suport-saci-igienici\/","og_locale":"ro_RO","og_type":"article","og_title":"Cumpara un suport saci igienici pentru animalul tau de companie pentru a ajuta echipa ROLDA sa vaccineze 1 caine impotriva unor boli contagioase","og_description":"Creat de:  Prin cump\u0103rarea acestui obiect, aju\u021bi echipa ROLDA s\u0103 vaccineze 1 c\u00e2ine \u00eempotriva unor boli contagioase care l-ar putea afecta nu doar pe el, ci \u0219i alte animale s\u0103n\u0103toase \u0219i chiar oamenii cu care intr\u0103 \u00een contact. P\u00e2nz\u0103 albastr\u0103","og_url":"https:\/\/rolda.ro\/magazin\/produs\/suport-saci-igienici\/","og_site_name":"ROLDA Magazin","article_modified_time":"2024-03-06T08:37:53+00:00","og_image":[{"width":600,"height":600,"url":"https:\/\/rolda.ro\/magazin\/wp-content\/uploads\/2023\/03\/oh_shit_dispenser.jpg","type":"image\/jpeg"}],"twitter_card":"summary_large_image","twitter_title":"Cumpara un suport saci igienici pentru animalul tau de companie pentru a ajuta echipa ROLDA sa vaccineze 1 caine impotriva unor boli contagioase","twitter_image":"https:\/\/rolda.ro\/magazin\/wp-content\/uploads\/2023\/03\/oh_shit_dispenser.jpg","schema":{"@context":"https:\/\/schema.org","@graph":[{"@type":"WebSite","@id":"https:\/\/rolda.ro\/magazin\/#website","url":"https:\/\/rolda.ro\/magazin\/","name":"ROLDA Magazin","description":"Magazin","potentialAction":[{"@type":"SearchAction","target":{"@type":"EntryPoint","urlTemplate":"https:\/\/rolda.ro\/magazin\/?s={search_term_string}"},"query-input":"required name=search_term_string"}],"inLanguage":"ro-RO"},{"@type":"ImageObject","@id":"https:\/\/rolda.ro\/magazin\/produs\/suport-saci-igienici\/#primaryimage","inLanguage":"ro-RO","url":"https:\/\/rolda.ro\/magazin\/wp-content\/uploads\/2023\/03\/oh_shit_dispenser.jpg","contentUrl":"https:\/\/rolda.ro\/magazin\/wp-content\/uploads\/2023\/03\/oh_shit_dispenser.jpg","width":600,"height":600},{"@type":"WebPage","@id":"https:\/\/rolda.ro\/magazin\/produs\/suport-saci-igienici\/#webpage","url":"https:\/\/rolda.ro\/magazin\/produs\/suport-saci-igienici\/","name":"Suport saci igienici - ROLDA Magazin","isPartOf":{"@id":"https:\/\/rolda.ro\/magazin\/#website"},"primaryImageOfPage":{"@id":"https:\/\/rolda.ro\/magazin\/produs\/suport-saci-igienici\/#primaryimage"},"datePublished":"2023-03-06T06:56:22+00:00","dateModified":"2024-03-06T08:37:53+00:00","breadcrumb":{"@id":"https:\/\/rolda.ro\/magazin\/produs\/suport-saci-igienici\/#breadcrumb"},"inLanguage":"ro-RO","potentialAction":[{"@type":"ReadAction","target":["https:\/\/rolda.ro\/magazin\/produs\/suport-saci-igienici\/"]}]},{"@type":"BreadcrumbList","@id":"https:\/\/rolda.ro\/magazin\/produs\/suport-saci-igienici\/#breadcrumb","itemListElement":[{"@type":"ListItem","position":1,"name":"Pagina principal\u0103","item":"https:\/\/rolda.ro\/magazin\/"},{"@type":"ListItem","position":2,"name":"Produse","item":"https:\/\/rolda.ro\/magazin\/produse\/"},{"@type":"ListItem","position":3,"name":"Suport saci igienici"}]}]}},"_links":{"self":[{"href":"https:\/\/rolda.ro\/magazin\/wp-json\/wp\/v2\/product\/1796"}],"collection":[{"href":"https:\/\/rolda.ro\/magazin\/wp-json\/wp\/v2\/product"}],"about":[{"href":"https:\/\/rolda.ro\/magazin\/wp-json\/wp\/v2\/types\/product"}],"replies":[{"embeddable":true,"href":"https:\/\/rolda.ro\/magazin\/wp-json\/wp\/v2\/comments?post=1796"}],"wp:featuredmedia":[{"embeddable":true,"href":"https:\/\/rolda.ro\/magazin\/wp-json\/wp\/v2\/media\/1797"}],"wp:attachment":[{"href":"https:\/\/rolda.ro\/magazin\/wp-json\/wp\/v2\/media?parent=1796"}],"wp:term":[{"taxonomy":"product_cat","embeddable":true,"href":"https:\/\/rolda.ro\/magazin\/wp-json\/wp\/v2\/product_cat?post=1796"},{"taxonomy":"product_tag","embeddable":true,"href":"https:\/\/rolda.ro\/magazin\/wp-json\/wp\/v2\/product_tag?post=1796"}],"curies":[{"name":"wp","href":"https:\/\/api.w.org\/{rel}","templated":true}]}}