{"id":1822,"date":"2023-04-11T13:18:46","date_gmt":"2023-04-11T13:18:46","guid":{"rendered":"https:\/\/rolda.ro\/magazin\/?post_type=product&#038;p=1822"},"modified":"2024-11-06T10:19:45","modified_gmt":"2024-11-06T10:19:45","slug":"jucarie-catel-galben-crosetat","status":"publish","type":"product","link":"https:\/\/rolda.ro\/magazin\/produs\/jucarie-catel-galben-crosetat\/","title":{"rendered":"Juc\u0103rie c\u0103\u021bel galben cro\u0219etat"},"content":{"rendered":"<p>Cro\u0219etat din fir wollans bunny baby.<br \/>\nFirul este de catifea, prietenos cu pielea copilului.<br \/>\nOchii sunt dublu securiza\u021bi, iar umplutura este special\u0103 super ball, hipoalergenic\u0103.<\/p>\n<p>Culoare: galben<\/p>\n<p>Dimensiune: aproximativ 25-26 cm<\/p>\n<div class=\"disclaimer\">\n<p>Pentru produsele realizate de c\u0103tre artizanii mentiona\u021bi pe pagina fiec\u0103rui obiect disponibil \u00een Magazinul online ROLDA; organiza\u021bia noastr\u0103 nu \u00ee\u0219i asum\u0103 r\u0103spunderea pentru \u00eent\u00e2rzierile la livrare cauzate de artizani sau de c\u0103tre serviciile po\u0219tale, diferen\u021be de orice fel \u00eentre descrierea produselor prezentate\/v\u00e2ndute, modul \u00een care produsele sunt create, realizate, asamblate sau modul \u00een care sunt folosite dup\u0103 ce sunt cump\u0103rate.<\/p>\n<\/div>\n","protected":false},"excerpt":{"rendered":"<p class=\"createdby\">Creat de: Mariana<\/p>\n<p class=\"toptext\"><strong>Prin cump\u0103rarea acestui obiect, aju\u021bi echipa ROLDA s\u0103 ofere m\u00e2ncare timp de 1 an unui c\u00e2ine salvat de pe strad\u0103.<\/strong><\/p>\n<p class=\"desc\">Fir de catifea \u0219i umplutur\u0103 hipoalergenic\u0103<\/p>\n","protected":false},"featured_media":1837,"comment_status":"open","ping_status":"closed","template":"","meta":[],"product_cat":[247,38],"product_tag":[187],"yoast_head":"<!-- This site is optimized with the Yoast SEO plugin v18.4.1 - https:\/\/yoast.com\/wordpress\/plugins\/seo\/ -->\n<title>Juc\u0103rie c\u0103\u021bel galben cro\u0219etat - ROLDA Magazin<\/title>\n<meta name=\"robots\" content=\"index, follow, max-snippet:-1, max-image-preview:large, max-video-preview:-1\" \/>\n<link rel=\"canonical\" href=\"https:\/\/rolda.ro\/magazin\/produs\/jucarie-catel-galben-crosetat\/\" \/>\n<meta property=\"og:locale\" content=\"ro_RO\" \/>\n<meta property=\"og:type\" content=\"article\" \/>\n<meta property=\"og:title\" content=\"Cumpara o jucarie catel galben, crosetat manual in Romania pentru a asigura hrana unui caine din adaposturile ROLDA timp de un an\" \/>\n<meta property=\"og:description\" content=\"Creat de: Mariana Prin cump\u0103rarea acestui obiect, aju\u021bi echipa ROLDA s\u0103 ofere m\u00e2ncare timp de 1 an unui c\u00e2ine salvat de pe strad\u0103. Fir de catifea \u0219i umplutur\u0103 hipoalergenic\u0103\" \/>\n<meta property=\"og:url\" content=\"https:\/\/rolda.ro\/magazin\/produs\/jucarie-catel-galben-crosetat\/\" \/>\n<meta property=\"og:site_name\" content=\"ROLDA Magazin\" \/>\n<meta property=\"article:modified_time\" content=\"2024-11-06T10:19:45+00:00\" \/>\n<meta property=\"og:image\" content=\"https:\/\/rolda.ro\/magazin\/wp-content\/uploads\/2023\/04\/yellow_puppy_april_23.png\" \/>\n\t<meta property=\"og:image:width\" content=\"600\" \/>\n\t<meta property=\"og:image:height\" content=\"600\" \/>\n\t<meta property=\"og:image:type\" content=\"image\/png\" \/>\n<meta name=\"twitter:card\" content=\"summary_large_image\" \/>\n<meta name=\"twitter:title\" content=\"Cumpara o jucarie catel galben, crosetat manual in Romania pentru a asigura hrana unui caine din adaposturile ROLDA timp de un an\" \/>\n<meta name=\"twitter:image\" content=\"https:\/\/rolda.ro\/magazin\/wp-content\/uploads\/2023\/04\/yellow_puppy_april_23.png\" \/>\n<meta name=\"twitter:label1\" content=\"Timp estimat pentru citire\" \/>\n\t<meta name=\"twitter:data1\" content=\"1 minut\" \/>\n<script type=\"application\/ld+json\" class=\"yoast-schema-graph\">{\"@context\":\"https:\/\/schema.org\",\"@graph\":[{\"@type\":\"WebSite\",\"@id\":\"https:\/\/rolda.ro\/magazin\/#website\",\"url\":\"https:\/\/rolda.ro\/magazin\/\",\"name\":\"ROLDA Magazin\",\"description\":\"Magazin\",\"potentialAction\":[{\"@type\":\"SearchAction\",\"target\":{\"@type\":\"EntryPoint\",\"urlTemplate\":\"https:\/\/rolda.ro\/magazin\/?s={search_term_string}\"},\"query-input\":\"required name=search_term_string\"}],\"inLanguage\":\"ro-RO\"},{\"@type\":\"ImageObject\",\"@id\":\"https:\/\/rolda.ro\/magazin\/produs\/jucarie-catel-galben-crosetat\/#primaryimage\",\"inLanguage\":\"ro-RO\",\"url\":\"https:\/\/rolda.ro\/magazin\/wp-content\/uploads\/2023\/04\/yellow_puppy_april_23.png\",\"contentUrl\":\"https:\/\/rolda.ro\/magazin\/wp-content\/uploads\/2023\/04\/yellow_puppy_april_23.png\",\"width\":600,\"height\":600},{\"@type\":\"WebPage\",\"@id\":\"https:\/\/rolda.ro\/magazin\/produs\/jucarie-catel-galben-crosetat\/#webpage\",\"url\":\"https:\/\/rolda.ro\/magazin\/produs\/jucarie-catel-galben-crosetat\/\",\"name\":\"Juc\u0103rie c\u0103\u021bel galben cro\u0219etat - ROLDA Magazin\",\"isPartOf\":{\"@id\":\"https:\/\/rolda.ro\/magazin\/#website\"},\"primaryImageOfPage\":{\"@id\":\"https:\/\/rolda.ro\/magazin\/produs\/jucarie-catel-galben-crosetat\/#primaryimage\"},\"datePublished\":\"2023-04-11T13:18:46+00:00\",\"dateModified\":\"2024-11-06T10:19:45+00:00\",\"breadcrumb\":{\"@id\":\"https:\/\/rolda.ro\/magazin\/produs\/jucarie-catel-galben-crosetat\/#breadcrumb\"},\"inLanguage\":\"ro-RO\",\"potentialAction\":[{\"@type\":\"ReadAction\",\"target\":[\"https:\/\/rolda.ro\/magazin\/produs\/jucarie-catel-galben-crosetat\/\"]}]},{\"@type\":\"BreadcrumbList\",\"@id\":\"https:\/\/rolda.ro\/magazin\/produs\/jucarie-catel-galben-crosetat\/#breadcrumb\",\"itemListElement\":[{\"@type\":\"ListItem\",\"position\":1,\"name\":\"Pagina principal\u0103\",\"item\":\"https:\/\/rolda.ro\/magazin\/\"},{\"@type\":\"ListItem\",\"position\":2,\"name\":\"Produse\",\"item\":\"https:\/\/rolda.ro\/magazin\/produse\/\"},{\"@type\":\"ListItem\",\"position\":3,\"name\":\"Juc\u0103rie c\u0103\u021bel galben cro\u0219etat\"}]}]}<\/script>\n<!-- \/ Yoast SEO plugin. -->","yoast_head_json":{"title":"Juc\u0103rie c\u0103\u021bel galben cro\u0219etat - ROLDA Magazin","robots":{"index":"index","follow":"follow","max-snippet":"max-snippet:-1","max-image-preview":"max-image-preview:large","max-video-preview":"max-video-preview:-1"},"canonical":"https:\/\/rolda.ro\/magazin\/produs\/jucarie-catel-galben-crosetat\/","og_locale":"ro_RO","og_type":"article","og_title":"Cumpara o jucarie catel galben, crosetat manual in Romania pentru a asigura hrana unui caine din adaposturile ROLDA timp de un an","og_description":"Creat de: Mariana Prin cump\u0103rarea acestui obiect, aju\u021bi echipa ROLDA s\u0103 ofere m\u00e2ncare timp de 1 an unui c\u00e2ine salvat de pe strad\u0103. Fir de catifea \u0219i umplutur\u0103 hipoalergenic\u0103","og_url":"https:\/\/rolda.ro\/magazin\/produs\/jucarie-catel-galben-crosetat\/","og_site_name":"ROLDA Magazin","article_modified_time":"2024-11-06T10:19:45+00:00","og_image":[{"width":600,"height":600,"url":"https:\/\/rolda.ro\/magazin\/wp-content\/uploads\/2023\/04\/yellow_puppy_april_23.png","type":"image\/png"}],"twitter_card":"summary_large_image","twitter_title":"Cumpara o jucarie catel galben, crosetat manual in Romania pentru a asigura hrana unui caine din adaposturile ROLDA timp de un an","twitter_image":"https:\/\/rolda.ro\/magazin\/wp-content\/uploads\/2023\/04\/yellow_puppy_april_23.png","twitter_misc":{"Timp estimat pentru citire":"1 minut"},"schema":{"@context":"https:\/\/schema.org","@graph":[{"@type":"WebSite","@id":"https:\/\/rolda.ro\/magazin\/#website","url":"https:\/\/rolda.ro\/magazin\/","name":"ROLDA Magazin","description":"Magazin","potentialAction":[{"@type":"SearchAction","target":{"@type":"EntryPoint","urlTemplate":"https:\/\/rolda.ro\/magazin\/?s={search_term_string}"},"query-input":"required name=search_term_string"}],"inLanguage":"ro-RO"},{"@type":"ImageObject","@id":"https:\/\/rolda.ro\/magazin\/produs\/jucarie-catel-galben-crosetat\/#primaryimage","inLanguage":"ro-RO","url":"https:\/\/rolda.ro\/magazin\/wp-content\/uploads\/2023\/04\/yellow_puppy_april_23.png","contentUrl":"https:\/\/rolda.ro\/magazin\/wp-content\/uploads\/2023\/04\/yellow_puppy_april_23.png","width":600,"height":600},{"@type":"WebPage","@id":"https:\/\/rolda.ro\/magazin\/produs\/jucarie-catel-galben-crosetat\/#webpage","url":"https:\/\/rolda.ro\/magazin\/produs\/jucarie-catel-galben-crosetat\/","name":"Juc\u0103rie c\u0103\u021bel galben cro\u0219etat - ROLDA Magazin","isPartOf":{"@id":"https:\/\/rolda.ro\/magazin\/#website"},"primaryImageOfPage":{"@id":"https:\/\/rolda.ro\/magazin\/produs\/jucarie-catel-galben-crosetat\/#primaryimage"},"datePublished":"2023-04-11T13:18:46+00:00","dateModified":"2024-11-06T10:19:45+00:00","breadcrumb":{"@id":"https:\/\/rolda.ro\/magazin\/produs\/jucarie-catel-galben-crosetat\/#breadcrumb"},"inLanguage":"ro-RO","potentialAction":[{"@type":"ReadAction","target":["https:\/\/rolda.ro\/magazin\/produs\/jucarie-catel-galben-crosetat\/"]}]},{"@type":"BreadcrumbList","@id":"https:\/\/rolda.ro\/magazin\/produs\/jucarie-catel-galben-crosetat\/#breadcrumb","itemListElement":[{"@type":"ListItem","position":1,"name":"Pagina principal\u0103","item":"https:\/\/rolda.ro\/magazin\/"},{"@type":"ListItem","position":2,"name":"Produse","item":"https:\/\/rolda.ro\/magazin\/produse\/"},{"@type":"ListItem","position":3,"name":"Juc\u0103rie c\u0103\u021bel galben cro\u0219etat"}]}]}},"_links":{"self":[{"href":"https:\/\/rolda.ro\/magazin\/wp-json\/wp\/v2\/product\/1822"}],"collection":[{"href":"https:\/\/rolda.ro\/magazin\/wp-json\/wp\/v2\/product"}],"about":[{"href":"https:\/\/rolda.ro\/magazin\/wp-json\/wp\/v2\/types\/product"}],"replies":[{"embeddable":true,"href":"https:\/\/rolda.ro\/magazin\/wp-json\/wp\/v2\/comments?post=1822"}],"wp:featuredmedia":[{"embeddable":true,"href":"https:\/\/rolda.ro\/magazin\/wp-json\/wp\/v2\/media\/1837"}],"wp:attachment":[{"href":"https:\/\/rolda.ro\/magazin\/wp-json\/wp\/v2\/media?parent=1822"}],"wp:term":[{"taxonomy":"product_cat","embeddable":true,"href":"https:\/\/rolda.ro\/magazin\/wp-json\/wp\/v2\/product_cat?post=1822"},{"taxonomy":"product_tag","embeddable":true,"href":"https:\/\/rolda.ro\/magazin\/wp-json\/wp\/v2\/product_tag?post=1822"}],"curies":[{"name":"wp","href":"https:\/\/api.w.org\/{rel}","templated":true}]}}