{"id":1900,"date":"2023-08-16T05:36:20","date_gmt":"2023-08-16T05:36:20","guid":{"rendered":"https:\/\/rolda.ro\/magazin\/?post_type=product&#038;p=1900"},"modified":"2025-01-04T15:21:14","modified_gmt":"2025-01-04T15:21:14","slug":"pisica-mesager-rolda","status":"publish","type":"product","link":"https:\/\/rolda.ro\/magazin\/produs\/pisica-mesager-rolda\/","title":{"rendered":"Pisic\u0103 mesager ROLDA"},"content":{"rendered":"<p>Culoare: diverse<\/p>\n<p>Dimensiune: 17 x 10 cm<\/p>\n<p>Pisic\u0103 mesager, realizat\u0103 din material textil reciclat este personalizat\u0103 cu logo-ul ROLDA \u0219i gata s\u0103 transmit\u0103 mesajele tale.<\/p>\n<p>Misterioasa pisic\u0103-mesager ROLDA este cea mai bun\u0103 alegere pentru a-\u021bi p\u0103stra bile\u021belele secrete. Folose\u0219te compartimentul secret (buzunarul) \u0219i secretele tale sunt transmise \u00een siguran\u021b\u0103. Dac\u0103 comanzi pisica mesager pentru un prieten, echipa ROLDA poate prelua \u0219i scrie \u00een numele t\u0103u mesajul, \u00eel poate ascunde \u00een compartimentul secret\u2026 iar surpriza va fi pe masur\u0103!<\/p>\n<p>Obiectul este lucrat manual din materiale reciclate care dau o nou\u0103 via\u021b\u0103 \u0219i o nou\u0103 semnifica\u021bie produsului.<br \/>\nObiectul este personalizat cu logo-ul ROLDA.<\/p>\n<p>Acest produs este realizat exclusiv pentru magazinul ROLDA de c\u0103tre Anita, un artizan rom\u00e2n autentic. \u00centruc\u00e2t muncim \u00een fiecare zi \u0219\u0103 transform\u0103m lumea \u00eentr-un loc mai bun pentru oameni \u0219i animale, sus\u021binem artizanii ale c\u0103ror crea\u021bii respect\u0103 natura.<\/p>\n<p>Fiecare dona\u021bie c\u0103tre ROLDA este folosit\u0103 cu maxim\u0103 eficien\u021b\u0103 \u0219i sim\u021b de r\u0103spundere.<br \/>\nROLDA salveaz\u0103 animalele f\u0103r\u0103 ad\u0103post de la abuz \u0219i experien\u021be traumatizante, oferindu-le un loc \u00een ad\u0103postul nostru \u0219i ajut\u00e2nd animalele din comunit\u0103\u021bile s\u0103race aflate \u00een pericol de abandon.<\/p>\n<p><span style=\"color: #ff0000;\">Dac\u0103 vrei s\u0103 trimi\u021bi cadou acest produs unui prieten, las\u0103 un mesaj pentru el \u00een c\u00e2mpul &#8222;Note comand\u0103&#8221; din pagina de finalizare comand\u0103 \u0219i noi \u00eel vom trimite din partea ta. Ne rezerv\u0103m dreptul de a nu lua \u00een considerare mesajele nepotrivite.<\/span><\/p>\n<div class=\"disclaimer\">\n<p>Pentru produsele realizate de c\u0103tre artizanii mentiona\u021bi pe pagina fiec\u0103rui obiect disponibil \u00een Magazinul online ROLDA; organiza\u021bia noastr\u0103 nu \u00ee\u0219i asum\u0103 r\u0103spunderea pentru \u00eent\u00e2rzierile la livrare cauzate de artizani sau de c\u0103tre serviciile po\u0219tale, diferen\u021be de orice fel \u00eentre descrierea produselor prezentate\/v\u00e2ndute, modul \u00een care produsele sunt create, realizate, asamblate sau modul \u00een care sunt folosite dup\u0103 ce sunt cump\u0103rate.<\/p>\n<\/div>\n","protected":false},"excerpt":{"rendered":"<p class=\"createdby\">Creat de: AnitaBSign<\/p>\n<p class=\"toptext\"><strong>Prin cump\u0103rarea acestui obiect, aju\u021bi echipa ROLDA s\u0103 ofere protec\u021bie unui c\u00e2ine \u00eempotriva gerurilor iernii \u0219i \u00eei asiguri confortul \u00een ad\u0103postul ROLDA.<\/strong><\/p>\n<p class=\"desc\">Calde \u00eembr\u0103\u021bi\u0219\u0103ri \u0219i mult\u0103 apreciere din partea pisicutelor noastre \u0219i a intregii echipe ROLDA! Cadoul t\u0103u ajut\u0103 prietenii patrupezi s\u0103 fie protejati corespunzator in timpul sezonului rece. Ad\u0103postul ROLDA este eficient construit, la standarde europene, \u00eens\u0103 iernile pot fi foarte reci, cu nopti cand temperaturile scad sub -10C. De\u0219i pisicile noastre au experien\u021b\u0103 \u00een a supravietui intemperiilor pe str\u0103zi, iar un loc la ad\u0103post este clar un plus pentru ele, tot simtim ca este datoria noastra sa oferim tot ce este mai bun atat lor cat \u0219i angaja\u021bilor aflati zilnic la datorie. <\/p>\n<p>Pisic\u0103 mesager<\/p>\n","protected":false},"featured_media":1901,"comment_status":"open","ping_status":"closed","template":"","meta":[],"product_cat":[25],"product_tag":[234,187],"yoast_head":"<!-- This site is optimized with the Yoast SEO plugin v18.4.1 - https:\/\/yoast.com\/wordpress\/plugins\/seo\/ -->\n<title>Pisic\u0103 mesager ROLDA - ROLDA Magazin<\/title>\n<meta name=\"robots\" content=\"index, follow, max-snippet:-1, max-image-preview:large, max-video-preview:-1\" \/>\n<link rel=\"canonical\" href=\"https:\/\/rolda.ro\/magazin\/produs\/pisica-mesager-rolda\/\" \/>\n<meta property=\"og:locale\" content=\"ro_RO\" \/>\n<meta property=\"og:type\" content=\"article\" \/>\n<meta property=\"og:title\" content=\"Cumpara o decoratiune pisica mesager lucrata manual pentru a ne ajuta sa protejam o pisica adevarata din Romania impotriva iernilor severe\" \/>\n<meta property=\"og:description\" content=\"Creat de: AnitaBSign Prin cump\u0103rarea acestui obiect, aju\u021bi echipa ROLDA s\u0103 ofere protec\u021bie unui c\u00e2ine \u00eempotriva gerurilor iernii \u0219i \u00eei asiguri confortul \u00een ad\u0103postul ROLDA. Calde \u00eembr\u0103\u021bi\u0219\u0103ri \u0219i mult\u0103 apreciere din partea pisicutelor noastre \u0219i a intregii echipe ROLDA! Cadoul t\u0103u ajut\u0103 prietenii patrupezi s\u0103 fie protejati corespunzator in timpul sezonului rece. Ad\u0103postul ROLDA este eficient construit, la standarde europene, \u00eens\u0103 iernile pot fi foarte reci, cu nopti cand temperaturile scad sub -10C. De\u0219i pisicile noastre au experien\u021b\u0103 \u00een a supravietui intemperiilor pe str\u0103zi, iar un loc la ad\u0103post este clar un plus pentru ele, tot simtim ca este datoria noastra sa oferim tot ce este mai bun atat lor cat \u0219i angaja\u021bilor aflati zilnic la datorie. Pisic\u0103 mesager\" \/>\n<meta property=\"og:url\" content=\"https:\/\/rolda.ro\/magazin\/produs\/pisica-mesager-rolda\/\" \/>\n<meta property=\"og:site_name\" content=\"ROLDA Magazin\" \/>\n<meta property=\"article:modified_time\" content=\"2025-01-04T15:21:14+00:00\" \/>\n<meta property=\"og:image\" content=\"https:\/\/rolda.ro\/magazin\/wp-content\/uploads\/2023\/08\/cat_messenger1_anita_aug2023-removebg-preview.png\" \/>\n\t<meta property=\"og:image:width\" content=\"600\" \/>\n\t<meta property=\"og:image:height\" content=\"600\" \/>\n\t<meta property=\"og:image:type\" content=\"image\/png\" \/>\n<meta name=\"twitter:card\" content=\"summary_large_image\" \/>\n<meta name=\"twitter:title\" content=\"Cumpara o decoratiune pisica mesager lucrata manual pentru a ne ajuta sa protejam o pisica adevarata din Romania impotriva iernilor severe\" \/>\n<meta name=\"twitter:image\" content=\"https:\/\/rolda.ro\/magazin\/wp-content\/uploads\/2023\/08\/cat_messenger1_anita_aug2023-removebg-preview.png\" \/>\n<meta name=\"twitter:label1\" content=\"Timp estimat pentru citire\" \/>\n\t<meta name=\"twitter:data1\" content=\"2 minute\" \/>\n<script type=\"application\/ld+json\" class=\"yoast-schema-graph\">{\"@context\":\"https:\/\/schema.org\",\"@graph\":[{\"@type\":\"WebSite\",\"@id\":\"https:\/\/rolda.ro\/magazin\/#website\",\"url\":\"https:\/\/rolda.ro\/magazin\/\",\"name\":\"ROLDA Magazin\",\"description\":\"Magazin\",\"potentialAction\":[{\"@type\":\"SearchAction\",\"target\":{\"@type\":\"EntryPoint\",\"urlTemplate\":\"https:\/\/rolda.ro\/magazin\/?s={search_term_string}\"},\"query-input\":\"required name=search_term_string\"}],\"inLanguage\":\"ro-RO\"},{\"@type\":\"ImageObject\",\"@id\":\"https:\/\/rolda.ro\/magazin\/produs\/pisica-mesager-rolda\/#primaryimage\",\"inLanguage\":\"ro-RO\",\"url\":\"https:\/\/rolda.ro\/magazin\/wp-content\/uploads\/2023\/08\/cat_messenger1_anita_aug2023-removebg-preview.png\",\"contentUrl\":\"https:\/\/rolda.ro\/magazin\/wp-content\/uploads\/2023\/08\/cat_messenger1_anita_aug2023-removebg-preview.png\",\"width\":600,\"height\":600},{\"@type\":\"WebPage\",\"@id\":\"https:\/\/rolda.ro\/magazin\/produs\/pisica-mesager-rolda\/#webpage\",\"url\":\"https:\/\/rolda.ro\/magazin\/produs\/pisica-mesager-rolda\/\",\"name\":\"Pisic\u0103 mesager ROLDA - ROLDA Magazin\",\"isPartOf\":{\"@id\":\"https:\/\/rolda.ro\/magazin\/#website\"},\"primaryImageOfPage\":{\"@id\":\"https:\/\/rolda.ro\/magazin\/produs\/pisica-mesager-rolda\/#primaryimage\"},\"datePublished\":\"2023-08-16T05:36:20+00:00\",\"dateModified\":\"2025-01-04T15:21:14+00:00\",\"breadcrumb\":{\"@id\":\"https:\/\/rolda.ro\/magazin\/produs\/pisica-mesager-rolda\/#breadcrumb\"},\"inLanguage\":\"ro-RO\",\"potentialAction\":[{\"@type\":\"ReadAction\",\"target\":[\"https:\/\/rolda.ro\/magazin\/produs\/pisica-mesager-rolda\/\"]}]},{\"@type\":\"BreadcrumbList\",\"@id\":\"https:\/\/rolda.ro\/magazin\/produs\/pisica-mesager-rolda\/#breadcrumb\",\"itemListElement\":[{\"@type\":\"ListItem\",\"position\":1,\"name\":\"Pagina principal\u0103\",\"item\":\"https:\/\/rolda.ro\/magazin\/\"},{\"@type\":\"ListItem\",\"position\":2,\"name\":\"Produse\",\"item\":\"https:\/\/rolda.ro\/magazin\/produse\/\"},{\"@type\":\"ListItem\",\"position\":3,\"name\":\"Pisic\u0103 mesager ROLDA\"}]}]}<\/script>\n<!-- \/ Yoast SEO plugin. -->","yoast_head_json":{"title":"Pisic\u0103 mesager ROLDA - ROLDA Magazin","robots":{"index":"index","follow":"follow","max-snippet":"max-snippet:-1","max-image-preview":"max-image-preview:large","max-video-preview":"max-video-preview:-1"},"canonical":"https:\/\/rolda.ro\/magazin\/produs\/pisica-mesager-rolda\/","og_locale":"ro_RO","og_type":"article","og_title":"Cumpara o decoratiune pisica mesager lucrata manual pentru a ne ajuta sa protejam o pisica adevarata din Romania impotriva iernilor severe","og_description":"Creat de: AnitaBSign Prin cump\u0103rarea acestui obiect, aju\u021bi echipa ROLDA s\u0103 ofere protec\u021bie unui c\u00e2ine \u00eempotriva gerurilor iernii \u0219i \u00eei asiguri confortul \u00een ad\u0103postul ROLDA. Calde \u00eembr\u0103\u021bi\u0219\u0103ri \u0219i mult\u0103 apreciere din partea pisicutelor noastre \u0219i a intregii echipe ROLDA! Cadoul t\u0103u ajut\u0103 prietenii patrupezi s\u0103 fie protejati corespunzator in timpul sezonului rece. Ad\u0103postul ROLDA este eficient construit, la standarde europene, \u00eens\u0103 iernile pot fi foarte reci, cu nopti cand temperaturile scad sub -10C. De\u0219i pisicile noastre au experien\u021b\u0103 \u00een a supravietui intemperiilor pe str\u0103zi, iar un loc la ad\u0103post este clar un plus pentru ele, tot simtim ca este datoria noastra sa oferim tot ce este mai bun atat lor cat \u0219i angaja\u021bilor aflati zilnic la datorie. Pisic\u0103 mesager","og_url":"https:\/\/rolda.ro\/magazin\/produs\/pisica-mesager-rolda\/","og_site_name":"ROLDA Magazin","article_modified_time":"2025-01-04T15:21:14+00:00","og_image":[{"width":600,"height":600,"url":"https:\/\/rolda.ro\/magazin\/wp-content\/uploads\/2023\/08\/cat_messenger1_anita_aug2023-removebg-preview.png","type":"image\/png"}],"twitter_card":"summary_large_image","twitter_title":"Cumpara o decoratiune pisica mesager lucrata manual pentru a ne ajuta sa protejam o pisica adevarata din Romania impotriva iernilor severe","twitter_image":"https:\/\/rolda.ro\/magazin\/wp-content\/uploads\/2023\/08\/cat_messenger1_anita_aug2023-removebg-preview.png","twitter_misc":{"Timp estimat pentru citire":"2 minute"},"schema":{"@context":"https:\/\/schema.org","@graph":[{"@type":"WebSite","@id":"https:\/\/rolda.ro\/magazin\/#website","url":"https:\/\/rolda.ro\/magazin\/","name":"ROLDA Magazin","description":"Magazin","potentialAction":[{"@type":"SearchAction","target":{"@type":"EntryPoint","urlTemplate":"https:\/\/rolda.ro\/magazin\/?s={search_term_string}"},"query-input":"required name=search_term_string"}],"inLanguage":"ro-RO"},{"@type":"ImageObject","@id":"https:\/\/rolda.ro\/magazin\/produs\/pisica-mesager-rolda\/#primaryimage","inLanguage":"ro-RO","url":"https:\/\/rolda.ro\/magazin\/wp-content\/uploads\/2023\/08\/cat_messenger1_anita_aug2023-removebg-preview.png","contentUrl":"https:\/\/rolda.ro\/magazin\/wp-content\/uploads\/2023\/08\/cat_messenger1_anita_aug2023-removebg-preview.png","width":600,"height":600},{"@type":"WebPage","@id":"https:\/\/rolda.ro\/magazin\/produs\/pisica-mesager-rolda\/#webpage","url":"https:\/\/rolda.ro\/magazin\/produs\/pisica-mesager-rolda\/","name":"Pisic\u0103 mesager ROLDA - ROLDA Magazin","isPartOf":{"@id":"https:\/\/rolda.ro\/magazin\/#website"},"primaryImageOfPage":{"@id":"https:\/\/rolda.ro\/magazin\/produs\/pisica-mesager-rolda\/#primaryimage"},"datePublished":"2023-08-16T05:36:20+00:00","dateModified":"2025-01-04T15:21:14+00:00","breadcrumb":{"@id":"https:\/\/rolda.ro\/magazin\/produs\/pisica-mesager-rolda\/#breadcrumb"},"inLanguage":"ro-RO","potentialAction":[{"@type":"ReadAction","target":["https:\/\/rolda.ro\/magazin\/produs\/pisica-mesager-rolda\/"]}]},{"@type":"BreadcrumbList","@id":"https:\/\/rolda.ro\/magazin\/produs\/pisica-mesager-rolda\/#breadcrumb","itemListElement":[{"@type":"ListItem","position":1,"name":"Pagina principal\u0103","item":"https:\/\/rolda.ro\/magazin\/"},{"@type":"ListItem","position":2,"name":"Produse","item":"https:\/\/rolda.ro\/magazin\/produse\/"},{"@type":"ListItem","position":3,"name":"Pisic\u0103 mesager ROLDA"}]}]}},"_links":{"self":[{"href":"https:\/\/rolda.ro\/magazin\/wp-json\/wp\/v2\/product\/1900"}],"collection":[{"href":"https:\/\/rolda.ro\/magazin\/wp-json\/wp\/v2\/product"}],"about":[{"href":"https:\/\/rolda.ro\/magazin\/wp-json\/wp\/v2\/types\/product"}],"replies":[{"embeddable":true,"href":"https:\/\/rolda.ro\/magazin\/wp-json\/wp\/v2\/comments?post=1900"}],"wp:featuredmedia":[{"embeddable":true,"href":"https:\/\/rolda.ro\/magazin\/wp-json\/wp\/v2\/media\/1901"}],"wp:attachment":[{"href":"https:\/\/rolda.ro\/magazin\/wp-json\/wp\/v2\/media?parent=1900"}],"wp:term":[{"taxonomy":"product_cat","embeddable":true,"href":"https:\/\/rolda.ro\/magazin\/wp-json\/wp\/v2\/product_cat?post=1900"},{"taxonomy":"product_tag","embeddable":true,"href":"https:\/\/rolda.ro\/magazin\/wp-json\/wp\/v2\/product_tag?post=1900"}],"curies":[{"name":"wp","href":"https:\/\/api.w.org\/{rel}","templated":true}]}}