{"id":1911,"date":"2023-09-05T11:53:00","date_gmt":"2023-09-05T11:53:00","guid":{"rendered":"https:\/\/rolda.ro\/magazin\/?post_type=product&#038;p=1911"},"modified":"2024-10-28T20:46:53","modified_gmt":"2024-10-28T20:46:53","slug":"colier-pisica-neagra-cu-bila-colorata","status":"publish","type":"product","link":"https:\/\/rolda.ro\/magazin\/produs\/colier-pisica-neagra-cu-bila-colorata\/","title":{"rendered":"Colier pisic\u0103 neagr\u0103 cu bil\u0103 colorat\u0103"},"content":{"rendered":"<p>Colier din lut polimeric realizat manual, montat pe \u0219nur de bumbac cerat negru.<br \/>\n\u00cenchidere de tip homar.<\/p>\n<p>Culoare: ro\u0219u, galben, albastru, verde<\/p>\n<p>Lungime colier desf\u0103cut aprox. 60 cm<br \/>\nDimensiuni pisicu\u021b\u0103 10 x 5,5 cm<\/p>\n<div class=\"disclaimer\">\n<p>Pentru produsele realizate de c\u0103tre artizanii mentiona\u021bi pe pagina fiec\u0103rui obiect disponibil \u00een Magazinul online ROLDA; organiza\u021bia noastr\u0103 nu \u00ee\u0219i asum\u0103 r\u0103spunderea pentru \u00eent\u00e2rzierile la livrare cauzate de artizani sau de c\u0103tre serviciile po\u0219tale, diferen\u021be de orice fel \u00eentre descrierea produselor prezentate\/v\u00e2ndute, modul \u00een care produsele sunt create, realizate, asamblate sau modul \u00een care sunt folosite dup\u0103 ce sunt cump\u0103rate.<\/p>\n<\/div>\n","protected":false},"excerpt":{"rendered":"<p class=\"createdby\">Created by: Georgeta &amp; MayaArt<\/p>\n<p class=\"toptext\"><strong>Prin cump\u0103rarea acestui obiect, aju\u021bi echipa ROLDA s\u0103 ofere m\u00e2ncare timp de 2 luni unui c\u00e2ine salvat de pe strad\u0103.<\/strong><\/p>\n<p class=\"desc\">Realizat din lut polimeric<\/p>\n","protected":false},"featured_media":1919,"comment_status":"open","ping_status":"closed","template":"","meta":[],"product_cat":[32],"product_tag":[192],"yoast_head":"<!-- This site is optimized with the Yoast SEO plugin v18.4.1 - https:\/\/yoast.com\/wordpress\/plugins\/seo\/ -->\n<title>Colier pisic\u0103 neagr\u0103 cu bil\u0103 colorat\u0103 - ROLDA Magazin<\/title>\n<meta name=\"robots\" content=\"index, follow, max-snippet:-1, max-image-preview:large, max-video-preview:-1\" \/>\n<link rel=\"canonical\" href=\"https:\/\/rolda.ro\/magazin\/produs\/colier-pisica-neagra-cu-bila-colorata\/\" \/>\n<meta property=\"og:locale\" content=\"ro_RO\" \/>\n<meta property=\"og:type\" content=\"article\" \/>\n<meta property=\"og:title\" content=\"Cumpara un colier pisica neagra cu bila colorata pentru a asigura hrana unui caine din adaposturile ROLDA timp de 2 luni\" \/>\n<meta property=\"og:description\" content=\"Created by: Georgeta &amp; MayaArt Prin cump\u0103rarea acestui obiect, aju\u021bi echipa ROLDA s\u0103 ofere m\u00e2ncare timp de 2 luni unui c\u00e2ine salvat de pe strad\u0103. Realizat din lut polimeric\" \/>\n<meta property=\"og:url\" content=\"https:\/\/rolda.ro\/magazin\/produs\/colier-pisica-neagra-cu-bila-colorata\/\" \/>\n<meta property=\"og:site_name\" content=\"ROLDA Magazin\" \/>\n<meta property=\"article:modified_time\" content=\"2024-10-28T20:46:53+00:00\" \/>\n<meta property=\"og:image\" content=\"https:\/\/rolda.ro\/magazin\/wp-content\/uploads\/2023\/09\/MAA_necklace_cat-red_july23-preview.png\" \/>\n\t<meta property=\"og:image:width\" content=\"1200\" \/>\n\t<meta property=\"og:image:height\" content=\"630\" \/>\n\t<meta property=\"og:image:type\" content=\"image\/png\" \/>\n<meta name=\"twitter:card\" content=\"summary_large_image\" \/>\n<meta name=\"twitter:title\" content=\"Cumpara un colier pisica neagra cu bila colorata pentru a asigura hrana unui caine din adaposturile ROLDA timp de 2 luni\" \/>\n<meta name=\"twitter:image\" content=\"https:\/\/rolda.ro\/magazin\/wp-content\/uploads\/2023\/09\/MAA_necklace_cat-red_july23-preview.png\" \/>\n<meta name=\"twitter:label1\" content=\"Timp estimat pentru citire\" \/>\n\t<meta name=\"twitter:data1\" content=\"1 minut\" \/>\n<script type=\"application\/ld+json\" class=\"yoast-schema-graph\">{\"@context\":\"https:\/\/schema.org\",\"@graph\":[{\"@type\":\"WebSite\",\"@id\":\"https:\/\/rolda.ro\/magazin\/#website\",\"url\":\"https:\/\/rolda.ro\/magazin\/\",\"name\":\"ROLDA Magazin\",\"description\":\"Magazin\",\"potentialAction\":[{\"@type\":\"SearchAction\",\"target\":{\"@type\":\"EntryPoint\",\"urlTemplate\":\"https:\/\/rolda.ro\/magazin\/?s={search_term_string}\"},\"query-input\":\"required name=search_term_string\"}],\"inLanguage\":\"ro-RO\"},{\"@type\":\"ImageObject\",\"@id\":\"https:\/\/rolda.ro\/magazin\/produs\/colier-pisica-neagra-cu-bila-colorata\/#primaryimage\",\"inLanguage\":\"ro-RO\",\"url\":\"https:\/\/rolda.ro\/magazin\/wp-content\/uploads\/2023\/09\/MAA_necklace_cat-red_july23-preview.png\",\"contentUrl\":\"https:\/\/rolda.ro\/magazin\/wp-content\/uploads\/2023\/09\/MAA_necklace_cat-red_july23-preview.png\",\"width\":1200,\"height\":630},{\"@type\":\"WebPage\",\"@id\":\"https:\/\/rolda.ro\/magazin\/produs\/colier-pisica-neagra-cu-bila-colorata\/#webpage\",\"url\":\"https:\/\/rolda.ro\/magazin\/produs\/colier-pisica-neagra-cu-bila-colorata\/\",\"name\":\"Colier pisic\u0103 neagr\u0103 cu bil\u0103 colorat\u0103 - ROLDA Magazin\",\"isPartOf\":{\"@id\":\"https:\/\/rolda.ro\/magazin\/#website\"},\"primaryImageOfPage\":{\"@id\":\"https:\/\/rolda.ro\/magazin\/produs\/colier-pisica-neagra-cu-bila-colorata\/#primaryimage\"},\"datePublished\":\"2023-09-05T11:53:00+00:00\",\"dateModified\":\"2024-10-28T20:46:53+00:00\",\"breadcrumb\":{\"@id\":\"https:\/\/rolda.ro\/magazin\/produs\/colier-pisica-neagra-cu-bila-colorata\/#breadcrumb\"},\"inLanguage\":\"ro-RO\",\"potentialAction\":[{\"@type\":\"ReadAction\",\"target\":[\"https:\/\/rolda.ro\/magazin\/produs\/colier-pisica-neagra-cu-bila-colorata\/\"]}]},{\"@type\":\"BreadcrumbList\",\"@id\":\"https:\/\/rolda.ro\/magazin\/produs\/colier-pisica-neagra-cu-bila-colorata\/#breadcrumb\",\"itemListElement\":[{\"@type\":\"ListItem\",\"position\":1,\"name\":\"Pagina principal\u0103\",\"item\":\"https:\/\/rolda.ro\/magazin\/\"},{\"@type\":\"ListItem\",\"position\":2,\"name\":\"Produse\",\"item\":\"https:\/\/rolda.ro\/magazin\/produse\/\"},{\"@type\":\"ListItem\",\"position\":3,\"name\":\"Colier pisic\u0103 neagr\u0103 cu bil\u0103 colorat\u0103\"}]}]}<\/script>\n<!-- \/ Yoast SEO plugin. -->","yoast_head_json":{"title":"Colier pisic\u0103 neagr\u0103 cu bil\u0103 colorat\u0103 - ROLDA Magazin","robots":{"index":"index","follow":"follow","max-snippet":"max-snippet:-1","max-image-preview":"max-image-preview:large","max-video-preview":"max-video-preview:-1"},"canonical":"https:\/\/rolda.ro\/magazin\/produs\/colier-pisica-neagra-cu-bila-colorata\/","og_locale":"ro_RO","og_type":"article","og_title":"Cumpara un colier pisica neagra cu bila colorata pentru a asigura hrana unui caine din adaposturile ROLDA timp de 2 luni","og_description":"Created by: Georgeta &amp; MayaArt Prin cump\u0103rarea acestui obiect, aju\u021bi echipa ROLDA s\u0103 ofere m\u00e2ncare timp de 2 luni unui c\u00e2ine salvat de pe strad\u0103. Realizat din lut polimeric","og_url":"https:\/\/rolda.ro\/magazin\/produs\/colier-pisica-neagra-cu-bila-colorata\/","og_site_name":"ROLDA Magazin","article_modified_time":"2024-10-28T20:46:53+00:00","og_image":[{"width":1200,"height":630,"url":"https:\/\/rolda.ro\/magazin\/wp-content\/uploads\/2023\/09\/MAA_necklace_cat-red_july23-preview.png","type":"image\/png"}],"twitter_card":"summary_large_image","twitter_title":"Cumpara un colier pisica neagra cu bila colorata pentru a asigura hrana unui caine din adaposturile ROLDA timp de 2 luni","twitter_image":"https:\/\/rolda.ro\/magazin\/wp-content\/uploads\/2023\/09\/MAA_necklace_cat-red_july23-preview.png","twitter_misc":{"Timp estimat pentru citire":"1 minut"},"schema":{"@context":"https:\/\/schema.org","@graph":[{"@type":"WebSite","@id":"https:\/\/rolda.ro\/magazin\/#website","url":"https:\/\/rolda.ro\/magazin\/","name":"ROLDA Magazin","description":"Magazin","potentialAction":[{"@type":"SearchAction","target":{"@type":"EntryPoint","urlTemplate":"https:\/\/rolda.ro\/magazin\/?s={search_term_string}"},"query-input":"required name=search_term_string"}],"inLanguage":"ro-RO"},{"@type":"ImageObject","@id":"https:\/\/rolda.ro\/magazin\/produs\/colier-pisica-neagra-cu-bila-colorata\/#primaryimage","inLanguage":"ro-RO","url":"https:\/\/rolda.ro\/magazin\/wp-content\/uploads\/2023\/09\/MAA_necklace_cat-red_july23-preview.png","contentUrl":"https:\/\/rolda.ro\/magazin\/wp-content\/uploads\/2023\/09\/MAA_necklace_cat-red_july23-preview.png","width":1200,"height":630},{"@type":"WebPage","@id":"https:\/\/rolda.ro\/magazin\/produs\/colier-pisica-neagra-cu-bila-colorata\/#webpage","url":"https:\/\/rolda.ro\/magazin\/produs\/colier-pisica-neagra-cu-bila-colorata\/","name":"Colier pisic\u0103 neagr\u0103 cu bil\u0103 colorat\u0103 - ROLDA Magazin","isPartOf":{"@id":"https:\/\/rolda.ro\/magazin\/#website"},"primaryImageOfPage":{"@id":"https:\/\/rolda.ro\/magazin\/produs\/colier-pisica-neagra-cu-bila-colorata\/#primaryimage"},"datePublished":"2023-09-05T11:53:00+00:00","dateModified":"2024-10-28T20:46:53+00:00","breadcrumb":{"@id":"https:\/\/rolda.ro\/magazin\/produs\/colier-pisica-neagra-cu-bila-colorata\/#breadcrumb"},"inLanguage":"ro-RO","potentialAction":[{"@type":"ReadAction","target":["https:\/\/rolda.ro\/magazin\/produs\/colier-pisica-neagra-cu-bila-colorata\/"]}]},{"@type":"BreadcrumbList","@id":"https:\/\/rolda.ro\/magazin\/produs\/colier-pisica-neagra-cu-bila-colorata\/#breadcrumb","itemListElement":[{"@type":"ListItem","position":1,"name":"Pagina principal\u0103","item":"https:\/\/rolda.ro\/magazin\/"},{"@type":"ListItem","position":2,"name":"Produse","item":"https:\/\/rolda.ro\/magazin\/produse\/"},{"@type":"ListItem","position":3,"name":"Colier pisic\u0103 neagr\u0103 cu bil\u0103 colorat\u0103"}]}]}},"_links":{"self":[{"href":"https:\/\/rolda.ro\/magazin\/wp-json\/wp\/v2\/product\/1911"}],"collection":[{"href":"https:\/\/rolda.ro\/magazin\/wp-json\/wp\/v2\/product"}],"about":[{"href":"https:\/\/rolda.ro\/magazin\/wp-json\/wp\/v2\/types\/product"}],"replies":[{"embeddable":true,"href":"https:\/\/rolda.ro\/magazin\/wp-json\/wp\/v2\/comments?post=1911"}],"wp:featuredmedia":[{"embeddable":true,"href":"https:\/\/rolda.ro\/magazin\/wp-json\/wp\/v2\/media\/1919"}],"wp:attachment":[{"href":"https:\/\/rolda.ro\/magazin\/wp-json\/wp\/v2\/media?parent=1911"}],"wp:term":[{"taxonomy":"product_cat","embeddable":true,"href":"https:\/\/rolda.ro\/magazin\/wp-json\/wp\/v2\/product_cat?post=1911"},{"taxonomy":"product_tag","embeddable":true,"href":"https:\/\/rolda.ro\/magazin\/wp-json\/wp\/v2\/product_tag?post=1911"}],"curies":[{"name":"wp","href":"https:\/\/api.w.org\/{rel}","templated":true}]}}