{"id":1912,"date":"2023-09-05T12:07:58","date_gmt":"2023-09-05T12:07:58","guid":{"rendered":"https:\/\/rolda.ro\/magazin\/?post_type=product&#038;p=1912"},"modified":"2024-11-08T11:21:14","modified_gmt":"2024-11-08T11:21:14","slug":"perna-de-voiaj-catel-colorat","status":"publish","type":"product","link":"https:\/\/rolda.ro\/magazin\/produs\/perna-de-voiaj-catel-colorat\/","title":{"rendered":"Pern\u0103 de voiaj c\u0103\u021bel colorat"},"content":{"rendered":"<p>Pern\u0103 de voiaj pentru copii se fixeaz\u0103 pe centura. Este realizat\u0103 din bumbac \u00een form\u0103 de pisicu\u021b\u0103 colorat\u0103.<br \/>\nHusa de pern\u0103 este deta\u0219abil\u0103 pentru a putea fi sp\u0103lat\u0103. Umplutura este distinct\u0103 pe fa\u021b\u0103 din material antialergenic, se poate sp\u0103la separat sau \u00eempreun\u0103 cu husa.<\/p>\n<p>Fixarea se face cu band\u0103 velcro.<\/p>\n<p>Instruc\u021biuni generale de \u00eentre\u021binere:<br \/>\nHusa de pern\u0103 se poate sp\u0103la manual sau \u00een ma\u0219ina de sp\u0103lat la 30 de grade Celsius.<br \/>\nUmplutura de pern\u0103 se poate sp\u0103la manual sau \u00een ma\u0219ina de sp\u0103lat rufe la 30 de grade Celsius.<br \/>\nHusa de pern\u0103 poate fi c\u0103lcat\u0103.<br \/>\nUmplutura nu poate fi c\u0103lcat\u0103.<\/p>\n<p>Culoare: Cap galben + corp multicolor<br \/>\nCap ro\u0219u + corp multicolor<\/p>\n<p>Dimensiuni: aprox. 50 x 15 cm<\/p>\n<div class=\"disclaimer\">\n<p>Pentru produsele realizate de c\u0103tre artizanii mentiona\u021bi pe pagina fiec\u0103rui obiect disponibil \u00een Magazinul online ROLDA; organiza\u021bia noastr\u0103 nu \u00ee\u0219i asum\u0103 r\u0103spunderea pentru \u00eent\u00e2rzierile la livrare cauzate de artizani sau de c\u0103tre serviciile po\u0219tale, diferen\u021be de orice fel \u00eentre descrierea produselor prezentate\/v\u00e2ndute, modul \u00een care produsele sunt create, realizate, asamblate sau modul \u00een care sunt folosite dup\u0103 ce sunt cump\u0103rate.<\/p>\n<\/div>\n","protected":false},"excerpt":{"rendered":"<p class=\"createdby\">Creat de: Georgeta &amp; MayaArt<\/p>\n<p class=\"toptext\"><strong>Prin cump\u0103rarea acestui obiect, aju\u021bi echipa ROLDA s\u0103 ofere m\u00e2ncare timp de 5 luni unui c\u00e2ine salvat de la abuzuri \u0219i alte pericole iminente de pe strad\u0103.<\/strong><\/p>\n<p class=\"desc\">Realizat din bumbac<\/p>\n","protected":false},"featured_media":1923,"comment_status":"open","ping_status":"closed","template":"","meta":[],"product_cat":[223],"product_tag":[192],"yoast_head":"<!-- This site is optimized with the Yoast SEO plugin v18.4.1 - https:\/\/yoast.com\/wordpress\/plugins\/seo\/ -->\n<title>Pern\u0103 de voiaj c\u0103\u021bel colorat - ROLDA Magazin<\/title>\n<meta name=\"robots\" content=\"index, follow, max-snippet:-1, max-image-preview:large, max-video-preview:-1\" \/>\n<link rel=\"canonical\" href=\"https:\/\/rolda.ro\/magazin\/produs\/perna-de-voiaj-catel-colorat\/\" \/>\n<meta property=\"og:locale\" content=\"ro_RO\" \/>\n<meta property=\"og:type\" content=\"article\" \/>\n<meta property=\"og:title\" content=\"Cumpara o perna colorata de voiaj pentru copii sub forma de caine pentru a asigura hrana unui caine din adaposturile ROLDA timp de 5 luni\" \/>\n<meta property=\"og:description\" content=\"Creat de: Georgeta &amp; MayaArt Prin cump\u0103rarea acestui obiect, aju\u021bi echipa ROLDA s\u0103 ofere m\u00e2ncare timp de 5 luni unui c\u00e2ine salvat de la abuzuri \u0219i alte pericole iminente de pe strad\u0103. Realizat din bumbac\" \/>\n<meta property=\"og:url\" content=\"https:\/\/rolda.ro\/magazin\/produs\/perna-de-voiaj-catel-colorat\/\" \/>\n<meta property=\"og:site_name\" content=\"ROLDA Magazin\" \/>\n<meta property=\"article:modified_time\" content=\"2024-11-08T11:21:14+00:00\" \/>\n<meta property=\"og:image\" content=\"https:\/\/rolda.ro\/magazin\/wp-content\/uploads\/2023\/09\/MAA_travel_pillow_dog_yellow_july23-preview.png\" \/>\n\t<meta property=\"og:image:width\" content=\"1200\" \/>\n\t<meta property=\"og:image:height\" content=\"630\" \/>\n\t<meta property=\"og:image:type\" content=\"image\/png\" \/>\n<meta name=\"twitter:card\" content=\"summary_large_image\" \/>\n<meta name=\"twitter:title\" content=\"Cumpara o perna colorata de voiaj pentru copii sub forma de caine pentru a asigura hrana unui caine din adaposturile ROLDA timp de 5 luni\" \/>\n<meta name=\"twitter:image\" content=\"https:\/\/rolda.ro\/magazin\/wp-content\/uploads\/2023\/09\/MAA_travel_pillow_dog_yellow_july23-preview.png\" \/>\n<meta name=\"twitter:label1\" content=\"Timp estimat pentru citire\" \/>\n\t<meta name=\"twitter:data1\" content=\"1 minut\" \/>\n<script type=\"application\/ld+json\" class=\"yoast-schema-graph\">{\"@context\":\"https:\/\/schema.org\",\"@graph\":[{\"@type\":\"WebSite\",\"@id\":\"https:\/\/rolda.ro\/magazin\/#website\",\"url\":\"https:\/\/rolda.ro\/magazin\/\",\"name\":\"ROLDA Magazin\",\"description\":\"Magazin\",\"potentialAction\":[{\"@type\":\"SearchAction\",\"target\":{\"@type\":\"EntryPoint\",\"urlTemplate\":\"https:\/\/rolda.ro\/magazin\/?s={search_term_string}\"},\"query-input\":\"required name=search_term_string\"}],\"inLanguage\":\"ro-RO\"},{\"@type\":\"ImageObject\",\"@id\":\"https:\/\/rolda.ro\/magazin\/produs\/perna-de-voiaj-catel-colorat\/#primaryimage\",\"inLanguage\":\"ro-RO\",\"url\":\"https:\/\/rolda.ro\/magazin\/wp-content\/uploads\/2023\/09\/MAA_travel_pillow_dog_yellow_july23-preview.png\",\"contentUrl\":\"https:\/\/rolda.ro\/magazin\/wp-content\/uploads\/2023\/09\/MAA_travel_pillow_dog_yellow_july23-preview.png\",\"width\":1200,\"height\":630},{\"@type\":\"WebPage\",\"@id\":\"https:\/\/rolda.ro\/magazin\/produs\/perna-de-voiaj-catel-colorat\/#webpage\",\"url\":\"https:\/\/rolda.ro\/magazin\/produs\/perna-de-voiaj-catel-colorat\/\",\"name\":\"Pern\u0103 de voiaj c\u0103\u021bel colorat - ROLDA Magazin\",\"isPartOf\":{\"@id\":\"https:\/\/rolda.ro\/magazin\/#website\"},\"primaryImageOfPage\":{\"@id\":\"https:\/\/rolda.ro\/magazin\/produs\/perna-de-voiaj-catel-colorat\/#primaryimage\"},\"datePublished\":\"2023-09-05T12:07:58+00:00\",\"dateModified\":\"2024-11-08T11:21:14+00:00\",\"breadcrumb\":{\"@id\":\"https:\/\/rolda.ro\/magazin\/produs\/perna-de-voiaj-catel-colorat\/#breadcrumb\"},\"inLanguage\":\"ro-RO\",\"potentialAction\":[{\"@type\":\"ReadAction\",\"target\":[\"https:\/\/rolda.ro\/magazin\/produs\/perna-de-voiaj-catel-colorat\/\"]}]},{\"@type\":\"BreadcrumbList\",\"@id\":\"https:\/\/rolda.ro\/magazin\/produs\/perna-de-voiaj-catel-colorat\/#breadcrumb\",\"itemListElement\":[{\"@type\":\"ListItem\",\"position\":1,\"name\":\"Pagina principal\u0103\",\"item\":\"https:\/\/rolda.ro\/magazin\/\"},{\"@type\":\"ListItem\",\"position\":2,\"name\":\"Produse\",\"item\":\"https:\/\/rolda.ro\/magazin\/produse\/\"},{\"@type\":\"ListItem\",\"position\":3,\"name\":\"Pern\u0103 de voiaj c\u0103\u021bel colorat\"}]}]}<\/script>\n<!-- \/ Yoast SEO plugin. -->","yoast_head_json":{"title":"Pern\u0103 de voiaj c\u0103\u021bel colorat - ROLDA Magazin","robots":{"index":"index","follow":"follow","max-snippet":"max-snippet:-1","max-image-preview":"max-image-preview:large","max-video-preview":"max-video-preview:-1"},"canonical":"https:\/\/rolda.ro\/magazin\/produs\/perna-de-voiaj-catel-colorat\/","og_locale":"ro_RO","og_type":"article","og_title":"Cumpara o perna colorata de voiaj pentru copii sub forma de caine pentru a asigura hrana unui caine din adaposturile ROLDA timp de 5 luni","og_description":"Creat de: Georgeta &amp; MayaArt Prin cump\u0103rarea acestui obiect, aju\u021bi echipa ROLDA s\u0103 ofere m\u00e2ncare timp de 5 luni unui c\u00e2ine salvat de la abuzuri \u0219i alte pericole iminente de pe strad\u0103. Realizat din bumbac","og_url":"https:\/\/rolda.ro\/magazin\/produs\/perna-de-voiaj-catel-colorat\/","og_site_name":"ROLDA Magazin","article_modified_time":"2024-11-08T11:21:14+00:00","og_image":[{"width":1200,"height":630,"url":"https:\/\/rolda.ro\/magazin\/wp-content\/uploads\/2023\/09\/MAA_travel_pillow_dog_yellow_july23-preview.png","type":"image\/png"}],"twitter_card":"summary_large_image","twitter_title":"Cumpara o perna colorata de voiaj pentru copii sub forma de caine pentru a asigura hrana unui caine din adaposturile ROLDA timp de 5 luni","twitter_image":"https:\/\/rolda.ro\/magazin\/wp-content\/uploads\/2023\/09\/MAA_travel_pillow_dog_yellow_july23-preview.png","twitter_misc":{"Timp estimat pentru citire":"1 minut"},"schema":{"@context":"https:\/\/schema.org","@graph":[{"@type":"WebSite","@id":"https:\/\/rolda.ro\/magazin\/#website","url":"https:\/\/rolda.ro\/magazin\/","name":"ROLDA Magazin","description":"Magazin","potentialAction":[{"@type":"SearchAction","target":{"@type":"EntryPoint","urlTemplate":"https:\/\/rolda.ro\/magazin\/?s={search_term_string}"},"query-input":"required name=search_term_string"}],"inLanguage":"ro-RO"},{"@type":"ImageObject","@id":"https:\/\/rolda.ro\/magazin\/produs\/perna-de-voiaj-catel-colorat\/#primaryimage","inLanguage":"ro-RO","url":"https:\/\/rolda.ro\/magazin\/wp-content\/uploads\/2023\/09\/MAA_travel_pillow_dog_yellow_july23-preview.png","contentUrl":"https:\/\/rolda.ro\/magazin\/wp-content\/uploads\/2023\/09\/MAA_travel_pillow_dog_yellow_july23-preview.png","width":1200,"height":630},{"@type":"WebPage","@id":"https:\/\/rolda.ro\/magazin\/produs\/perna-de-voiaj-catel-colorat\/#webpage","url":"https:\/\/rolda.ro\/magazin\/produs\/perna-de-voiaj-catel-colorat\/","name":"Pern\u0103 de voiaj c\u0103\u021bel colorat - ROLDA Magazin","isPartOf":{"@id":"https:\/\/rolda.ro\/magazin\/#website"},"primaryImageOfPage":{"@id":"https:\/\/rolda.ro\/magazin\/produs\/perna-de-voiaj-catel-colorat\/#primaryimage"},"datePublished":"2023-09-05T12:07:58+00:00","dateModified":"2024-11-08T11:21:14+00:00","breadcrumb":{"@id":"https:\/\/rolda.ro\/magazin\/produs\/perna-de-voiaj-catel-colorat\/#breadcrumb"},"inLanguage":"ro-RO","potentialAction":[{"@type":"ReadAction","target":["https:\/\/rolda.ro\/magazin\/produs\/perna-de-voiaj-catel-colorat\/"]}]},{"@type":"BreadcrumbList","@id":"https:\/\/rolda.ro\/magazin\/produs\/perna-de-voiaj-catel-colorat\/#breadcrumb","itemListElement":[{"@type":"ListItem","position":1,"name":"Pagina principal\u0103","item":"https:\/\/rolda.ro\/magazin\/"},{"@type":"ListItem","position":2,"name":"Produse","item":"https:\/\/rolda.ro\/magazin\/produse\/"},{"@type":"ListItem","position":3,"name":"Pern\u0103 de voiaj c\u0103\u021bel colorat"}]}]}},"_links":{"self":[{"href":"https:\/\/rolda.ro\/magazin\/wp-json\/wp\/v2\/product\/1912"}],"collection":[{"href":"https:\/\/rolda.ro\/magazin\/wp-json\/wp\/v2\/product"}],"about":[{"href":"https:\/\/rolda.ro\/magazin\/wp-json\/wp\/v2\/types\/product"}],"replies":[{"embeddable":true,"href":"https:\/\/rolda.ro\/magazin\/wp-json\/wp\/v2\/comments?post=1912"}],"wp:featuredmedia":[{"embeddable":true,"href":"https:\/\/rolda.ro\/magazin\/wp-json\/wp\/v2\/media\/1923"}],"wp:attachment":[{"href":"https:\/\/rolda.ro\/magazin\/wp-json\/wp\/v2\/media?parent=1912"}],"wp:term":[{"taxonomy":"product_cat","embeddable":true,"href":"https:\/\/rolda.ro\/magazin\/wp-json\/wp\/v2\/product_cat?post=1912"},{"taxonomy":"product_tag","embeddable":true,"href":"https:\/\/rolda.ro\/magazin\/wp-json\/wp\/v2\/product_tag?post=1912"}],"curies":[{"name":"wp","href":"https:\/\/api.w.org\/{rel}","templated":true}]}}