{"id":1991,"date":"2024-02-13T20:29:02","date_gmt":"2024-02-13T20:29:02","guid":{"rendered":"https:\/\/rolda.ro\/magazin\/?post_type=product&#038;p=1991"},"modified":"2025-02-23T07:42:09","modified_gmt":"2025-02-23T07:42:09","slug":"martisor-pisi-cutu","status":"publish","type":"product","link":"https:\/\/rolda.ro\/magazin\/produs\/martisor-pisi-cutu\/","title":{"rendered":"M\u0103r\u021bi\u0219or pisi-cu\u021bu"},"content":{"rendered":"<p>Culoare: diverse<\/p>\n<p>Dimensiuni: 5 x 8.5 cm<\/p>\n<p>Anul acesta, alege m\u0103r\u021bi\u0219oare f\u0103cute cu suflet. ROLDA \u00ee\u021bi ofera eternului duo mini-c\u00e2ine si mini-pisic\u0103, in viata reala beneficiari ai tuturor eforturilor noastre. \u0218i c\u00e2nd zic eforturile noastre, m\u0103 refer la cele ale echipei ROLDA, ale artizanului care realizeaz\u0103 aceste m\u0103r\u021bi\u0219oare deosebite \u0219i ale celor care le aleg pentru a le oferi mai departe celor dragi.<\/p>\n<p>Prime\u0219ti un pachet care contine un m\u0103r\u021bi\u0219or \u00een form\u0103 de pisic\u0103 \u0219i unul \u00een form\u0103 de c\u00e2ine. Cel \u00een form\u0103 de pisic\u0103 este lucrat manual din bumbac, cu umplutur\u0103 de puf siliconic \u0219i accesorii din poliester. \u0218i c\u00e2nd credeai c\u0103 nu poate exista nimic mai dr\u0103gu\u021b, afl\u0103 c\u0103 aceast\u0103 pisicu\u021b\u0103 are o fusti\u021b\u0103 \u0219ic. M\u0103r\u021bi\u0219orul vine pe un carton special cu \u0219nur specific s\u0103rb\u0103torii, dar poate fi desprins \u0219i prins de haine cu ajutorul unui ac de bro\u0219\u0103. M\u0103r\u021bi\u0219orul are o \u00een\u0103l\u021bime de 6 cm.<\/p>\n<p>C\u0103\u021belul textil este lucrat manual, umplut cu puf de silicon \u0219i are accesorii de poliester. Pentru a-l face mai festiv \u0219i potrivit ocaziei, are \u0219i o fund\u0103 simpatic\u0103. M\u0103r\u021bi\u0219orul, care are o \u00een\u0103l\u021bime de 5 x 8.5 cm, vine pe un carton special cu \u0219nur specific s\u0103rb\u0103torii, dar poate fi desprins \u0219i prins de haine cu ajutorul unui ac de bro\u0219\u0103<\/p>\n<p><b>NOT\u0102:<\/b> \u0218tiai c\u0103\u2026 dac\u0103 asezi fiecare c\u00e2ine si fiecare pisica din lume unul l\u00e2ng\u0103 altul, bl\u0103nurile lor al\u0103turate formeaz\u0103 un model complet? Desigur c\u0103 glumim! Dar nu uita c\u0103 juc\u0103riile noastre sunt realizate de m\u00e2ini dibace care taie materialul \u0219i cos cu maiestrie sa redea chiar si expresii faciale. Prin urmare, s-ar putea s\u0103 observi o mica diferen\u021be \u00eentre pozele de prezentare din magazinul online \u0219i cele pe care le prime\u0219ti acas\u0103.<\/p>\n<p>P\u0103pu\u0219ile Vesele este numele brandului creat de Raluca. Totul a inceput cand o mam\u0103 a vrut s\u0103 coas\u0103 o p\u0103pu\u0219ic\u0103 pentru feti\u021ba ei, folosind materiale r\u0103mase de la bunica croitoreas\u0103 si s-a transformat rapid \u00eentr-o mic\u0103 afacere. Raluc\u0103i \u00eei place s\u0103 se joace cu materialele naturale \u0219i mereu \u00eei cere p\u0103rerea feti\u021bei ei atunci c\u00e2nd face un nou model de p\u0103pu\u0219\u0103.<\/p>\n<p>Cu mare sim\u021b de r\u0103spundere \u0219i cu maximum de eficien\u021b\u0103 c\u0103tre orice contribu\u021bie f\u0103cut\u0103 cauzei noastre, ROLDA salveaz\u0103 animalele f\u0103r\u0103 ad\u0103post de la abuz \u0219i experien\u021be traumatizante, oferindu-le un loc \u00een ad\u0103postul nostru \u0219i ajut\u00e2nd animalele din comunit\u0103\u021bile s\u0103race aflate \u00een condi\u021bii de risc de neglijare \u0219i abandon.<\/p>\n<div class=\"disclaimer\">\n<p>Pentru produsele realizate de c\u0103tre artizanii mentiona\u021bi pe pagina fiec\u0103rui obiect disponibil \u00een Magazinul online ROLDA; organiza\u021bia noastr\u0103 nu \u00ee\u0219i asum\u0103 r\u0103spunderea pentru \u00eent\u00e2rzierile la livrare cauzate de artizani sau de c\u0103tre serviciile po\u0219tale, diferen\u021be de orice fel \u00eentre descrierea produselor prezentate\/v\u00e2ndute, modul \u00een care produsele sunt create, realizate, asamblate sau modul \u00een care sunt folosite dup\u0103 ce sunt cump\u0103rate.<\/p>\n<\/div>\n","protected":false},"excerpt":{"rendered":"<p class=\"createdby\">Creat de: P\u0103pu\u0219ile Vesele<\/p>\n<p class=\"toptext\"><strong>Ai f\u0103cut ceva minunat! Datorit\u0103 achizi\u021biei tale, acum putem s\u0103 \u00eei cump\u0103r\u0103m lui <a href=\"https:\/\/sponsoradog.rolda.org\/dog\/ben\/\" target=\"_blank\" rel=\"noopener\">Ben<\/a> m\u00e2ncare pentru 3 luni de zile. Asta \u00eenseamn\u0103 enorm pentru un c\u0103\u021bel am\u0103r\u00e2t precum Ben, care s-a chinuit pentru fiecare gur\u0103 de m\u00e2ncare pe str\u0103zi. Acum este \u00een siguran\u021b\u0103, la c\u0103ldur\u0103 \u0219i bine-hr\u0103nit! Ce dar minunat f\u0103cut unei alte viet\u0103\u021bi!<\/strong><\/p>\n<p class=\"desc\">Bumbac, umplutur\u0103 cu puf siliconic, decorare cu dantel\u0103 de bumbac\/poliester<\/p>\n","protected":false},"featured_media":1993,"comment_status":"open","ping_status":"closed","template":"","meta":[],"product_cat":[20],"product_tag":[187],"yoast_head":"<!-- This site is optimized with the Yoast SEO plugin v18.4.1 - https:\/\/yoast.com\/wordpress\/plugins\/seo\/ -->\n<title>M\u0103r\u021bi\u0219or pisi-cu\u021bu - ROLDA Magazin<\/title>\n<meta name=\"robots\" content=\"index, follow, max-snippet:-1, max-image-preview:large, max-video-preview:-1\" \/>\n<link rel=\"canonical\" href=\"https:\/\/rolda.ro\/magazin\/produs\/martisor-pisi-cutu\/\" \/>\n<meta property=\"og:locale\" content=\"ro_RO\" \/>\n<meta property=\"og:type\" content=\"article\" \/>\n<meta property=\"og:title\" content=\"Cumpara un set de martisoare catel-pisica pentru a asigura hrana unui caine din adapostul ROLDA timp de 3 luni\" \/>\n<meta property=\"og:description\" content=\"Creat de: P\u0103pu\u0219ile Vesele Ai f\u0103cut ceva minunat! Datorit\u0103 achizi\u021biei tale, acum putem s\u0103 \u00eei cump\u0103r\u0103m lui Ben m\u00e2ncare pentru 3 luni de zile. Asta \u00eenseamn\u0103 enorm pentru un c\u0103\u021bel am\u0103r\u00e2t precum Ben, care s-a chinuit pentru fiecare gur\u0103 de m\u00e2ncare pe str\u0103zi. Acum este \u00een siguran\u021b\u0103, la c\u0103ldur\u0103 \u0219i bine-hr\u0103nit! Ce dar minunat f\u0103cut unei alte viet\u0103\u021bi! Bumbac, umplutur\u0103 cu puf siliconic, decorare cu dantel\u0103 de bumbac\/poliester\" \/>\n<meta property=\"og:url\" content=\"https:\/\/rolda.ro\/magazin\/produs\/martisor-pisi-cutu\/\" \/>\n<meta property=\"og:site_name\" content=\"ROLDA Magazin\" \/>\n<meta property=\"article:modified_time\" content=\"2025-02-23T07:42:09+00:00\" \/>\n<meta property=\"og:image\" content=\"https:\/\/rolda.ro\/magazin\/wp-content\/uploads\/2024\/02\/martisor-preview.jpg\" \/>\n\t<meta property=\"og:image:width\" content=\"1200\" \/>\n\t<meta property=\"og:image:height\" content=\"630\" \/>\n\t<meta property=\"og:image:type\" content=\"image\/jpeg\" \/>\n<meta name=\"twitter:card\" content=\"summary_large_image\" \/>\n<meta name=\"twitter:title\" content=\"Cumpara un set de martisoare catel-pisica pentru a asigura hrana unui caine din adapostul ROLDA timp de 3 luni\" \/>\n<meta name=\"twitter:image\" content=\"https:\/\/rolda.ro\/magazin\/wp-content\/uploads\/2024\/02\/martisor-preview.jpg\" \/>\n<meta name=\"twitter:label1\" content=\"Timp estimat pentru citire\" \/>\n\t<meta name=\"twitter:data1\" content=\"3 minute\" \/>\n<script type=\"application\/ld+json\" class=\"yoast-schema-graph\">{\"@context\":\"https:\/\/schema.org\",\"@graph\":[{\"@type\":\"WebSite\",\"@id\":\"https:\/\/rolda.ro\/magazin\/#website\",\"url\":\"https:\/\/rolda.ro\/magazin\/\",\"name\":\"ROLDA Magazin\",\"description\":\"Magazin\",\"potentialAction\":[{\"@type\":\"SearchAction\",\"target\":{\"@type\":\"EntryPoint\",\"urlTemplate\":\"https:\/\/rolda.ro\/magazin\/?s={search_term_string}\"},\"query-input\":\"required name=search_term_string\"}],\"inLanguage\":\"ro-RO\"},{\"@type\":\"ImageObject\",\"@id\":\"https:\/\/rolda.ro\/magazin\/produs\/martisor-pisi-cutu\/#primaryimage\",\"inLanguage\":\"ro-RO\",\"url\":\"https:\/\/rolda.ro\/magazin\/wp-content\/uploads\/2024\/02\/martisor-preview.jpg\",\"contentUrl\":\"https:\/\/rolda.ro\/magazin\/wp-content\/uploads\/2024\/02\/martisor-preview.jpg\",\"width\":1200,\"height\":630},{\"@type\":\"WebPage\",\"@id\":\"https:\/\/rolda.ro\/magazin\/produs\/martisor-pisi-cutu\/#webpage\",\"url\":\"https:\/\/rolda.ro\/magazin\/produs\/martisor-pisi-cutu\/\",\"name\":\"M\u0103r\u021bi\u0219or pisi-cu\u021bu - ROLDA Magazin\",\"isPartOf\":{\"@id\":\"https:\/\/rolda.ro\/magazin\/#website\"},\"primaryImageOfPage\":{\"@id\":\"https:\/\/rolda.ro\/magazin\/produs\/martisor-pisi-cutu\/#primaryimage\"},\"datePublished\":\"2024-02-13T20:29:02+00:00\",\"dateModified\":\"2025-02-23T07:42:09+00:00\",\"breadcrumb\":{\"@id\":\"https:\/\/rolda.ro\/magazin\/produs\/martisor-pisi-cutu\/#breadcrumb\"},\"inLanguage\":\"ro-RO\",\"potentialAction\":[{\"@type\":\"ReadAction\",\"target\":[\"https:\/\/rolda.ro\/magazin\/produs\/martisor-pisi-cutu\/\"]}]},{\"@type\":\"BreadcrumbList\",\"@id\":\"https:\/\/rolda.ro\/magazin\/produs\/martisor-pisi-cutu\/#breadcrumb\",\"itemListElement\":[{\"@type\":\"ListItem\",\"position\":1,\"name\":\"Pagina principal\u0103\",\"item\":\"https:\/\/rolda.ro\/magazin\/\"},{\"@type\":\"ListItem\",\"position\":2,\"name\":\"Produse\",\"item\":\"https:\/\/rolda.ro\/magazin\/produse\/\"},{\"@type\":\"ListItem\",\"position\":3,\"name\":\"M\u0103r\u021bi\u0219or pisi-cu\u021bu\"}]}]}<\/script>\n<!-- \/ Yoast SEO plugin. -->","yoast_head_json":{"title":"M\u0103r\u021bi\u0219or pisi-cu\u021bu - ROLDA Magazin","robots":{"index":"index","follow":"follow","max-snippet":"max-snippet:-1","max-image-preview":"max-image-preview:large","max-video-preview":"max-video-preview:-1"},"canonical":"https:\/\/rolda.ro\/magazin\/produs\/martisor-pisi-cutu\/","og_locale":"ro_RO","og_type":"article","og_title":"Cumpara un set de martisoare catel-pisica pentru a asigura hrana unui caine din adapostul ROLDA timp de 3 luni","og_description":"Creat de: P\u0103pu\u0219ile Vesele Ai f\u0103cut ceva minunat! Datorit\u0103 achizi\u021biei tale, acum putem s\u0103 \u00eei cump\u0103r\u0103m lui Ben m\u00e2ncare pentru 3 luni de zile. Asta \u00eenseamn\u0103 enorm pentru un c\u0103\u021bel am\u0103r\u00e2t precum Ben, care s-a chinuit pentru fiecare gur\u0103 de m\u00e2ncare pe str\u0103zi. Acum este \u00een siguran\u021b\u0103, la c\u0103ldur\u0103 \u0219i bine-hr\u0103nit! Ce dar minunat f\u0103cut unei alte viet\u0103\u021bi! Bumbac, umplutur\u0103 cu puf siliconic, decorare cu dantel\u0103 de bumbac\/poliester","og_url":"https:\/\/rolda.ro\/magazin\/produs\/martisor-pisi-cutu\/","og_site_name":"ROLDA Magazin","article_modified_time":"2025-02-23T07:42:09+00:00","og_image":[{"width":1200,"height":630,"url":"https:\/\/rolda.ro\/magazin\/wp-content\/uploads\/2024\/02\/martisor-preview.jpg","type":"image\/jpeg"}],"twitter_card":"summary_large_image","twitter_title":"Cumpara un set de martisoare catel-pisica pentru a asigura hrana unui caine din adapostul ROLDA timp de 3 luni","twitter_image":"https:\/\/rolda.ro\/magazin\/wp-content\/uploads\/2024\/02\/martisor-preview.jpg","twitter_misc":{"Timp estimat pentru citire":"3 minute"},"schema":{"@context":"https:\/\/schema.org","@graph":[{"@type":"WebSite","@id":"https:\/\/rolda.ro\/magazin\/#website","url":"https:\/\/rolda.ro\/magazin\/","name":"ROLDA Magazin","description":"Magazin","potentialAction":[{"@type":"SearchAction","target":{"@type":"EntryPoint","urlTemplate":"https:\/\/rolda.ro\/magazin\/?s={search_term_string}"},"query-input":"required name=search_term_string"}],"inLanguage":"ro-RO"},{"@type":"ImageObject","@id":"https:\/\/rolda.ro\/magazin\/produs\/martisor-pisi-cutu\/#primaryimage","inLanguage":"ro-RO","url":"https:\/\/rolda.ro\/magazin\/wp-content\/uploads\/2024\/02\/martisor-preview.jpg","contentUrl":"https:\/\/rolda.ro\/magazin\/wp-content\/uploads\/2024\/02\/martisor-preview.jpg","width":1200,"height":630},{"@type":"WebPage","@id":"https:\/\/rolda.ro\/magazin\/produs\/martisor-pisi-cutu\/#webpage","url":"https:\/\/rolda.ro\/magazin\/produs\/martisor-pisi-cutu\/","name":"M\u0103r\u021bi\u0219or pisi-cu\u021bu - ROLDA Magazin","isPartOf":{"@id":"https:\/\/rolda.ro\/magazin\/#website"},"primaryImageOfPage":{"@id":"https:\/\/rolda.ro\/magazin\/produs\/martisor-pisi-cutu\/#primaryimage"},"datePublished":"2024-02-13T20:29:02+00:00","dateModified":"2025-02-23T07:42:09+00:00","breadcrumb":{"@id":"https:\/\/rolda.ro\/magazin\/produs\/martisor-pisi-cutu\/#breadcrumb"},"inLanguage":"ro-RO","potentialAction":[{"@type":"ReadAction","target":["https:\/\/rolda.ro\/magazin\/produs\/martisor-pisi-cutu\/"]}]},{"@type":"BreadcrumbList","@id":"https:\/\/rolda.ro\/magazin\/produs\/martisor-pisi-cutu\/#breadcrumb","itemListElement":[{"@type":"ListItem","position":1,"name":"Pagina principal\u0103","item":"https:\/\/rolda.ro\/magazin\/"},{"@type":"ListItem","position":2,"name":"Produse","item":"https:\/\/rolda.ro\/magazin\/produse\/"},{"@type":"ListItem","position":3,"name":"M\u0103r\u021bi\u0219or pisi-cu\u021bu"}]}]}},"_links":{"self":[{"href":"https:\/\/rolda.ro\/magazin\/wp-json\/wp\/v2\/product\/1991"}],"collection":[{"href":"https:\/\/rolda.ro\/magazin\/wp-json\/wp\/v2\/product"}],"about":[{"href":"https:\/\/rolda.ro\/magazin\/wp-json\/wp\/v2\/types\/product"}],"replies":[{"embeddable":true,"href":"https:\/\/rolda.ro\/magazin\/wp-json\/wp\/v2\/comments?post=1991"}],"wp:featuredmedia":[{"embeddable":true,"href":"https:\/\/rolda.ro\/magazin\/wp-json\/wp\/v2\/media\/1993"}],"wp:attachment":[{"href":"https:\/\/rolda.ro\/magazin\/wp-json\/wp\/v2\/media?parent=1991"}],"wp:term":[{"taxonomy":"product_cat","embeddable":true,"href":"https:\/\/rolda.ro\/magazin\/wp-json\/wp\/v2\/product_cat?post=1991"},{"taxonomy":"product_tag","embeddable":true,"href":"https:\/\/rolda.ro\/magazin\/wp-json\/wp\/v2\/product_tag?post=1991"}],"curies":[{"name":"wp","href":"https:\/\/api.w.org\/{rel}","templated":true}]}}