{"id":2009,"date":"2024-02-14T08:23:17","date_gmt":"2024-02-14T08:23:17","guid":{"rendered":"https:\/\/rolda.ro\/magazin\/?post_type=product&#038;p=2009"},"modified":"2025-01-04T15:21:13","modified_gmt":"2025-01-04T15:21:13","slug":"jucarie-catel-soricar","status":"publish","type":"product","link":"https:\/\/rolda.ro\/magazin\/produs\/jucarie-catel-soricar\/","title":{"rendered":"Juc\u0103rie c\u0103\u021bel \u0219oricar"},"content":{"rendered":"<p>Culoare: variat<\/p>\n<p>Dimensiune: 22 x 12 cm<\/p>\n<p>C\u0103\u021beii sunt minuna\u021bi! Dar \u0219oricarul Raluc\u0103i, lucrat manual din bumbac umplut cu puf siliconic,care vine accesorizat cu propria fund\u0103 de poliester, este un cadou fantastic! Cu o dimensiune de 22 x 12 cm, este mic \u0219i dr\u0103g\u0103la\u0219, aproape la fel ca adev\u0103ratul \u0219oricar. Acest cadou este grozav pentru copii mai mari de 3 ani.<\/p>\n<p><b>Not\u0103:<\/b> \u0218tiai c\u0103 \u2026 dac\u0103 asezi fiecare c\u00e2ine din lume unul l\u00e2ng\u0103 altul, bl\u0103nurile lor al\u0103turate formeaz\u0103 un model complet? Desigur c\u0103 glumim! Dar nu uita c\u0103 juc\u0103riile noastre sunt realizate de m\u00e2ini dibace care taie materialul \u0219i cos cu maiestrie sa redea chiar si expresii faciale. Prin urmare, s-ar putea s\u0103 observi o mica diferen\u021be \u00eentre pozele de prezentare din magazinul online \u0219i cele pe care le prime\u0219ti acas\u0103.  <\/p>\n<p><b>P\u0103pu\u0219ile Vesele<\/b> este numele brandului creat de Raluca. Totul a inceput cand o mam\u0103 a vrut s\u0103 coas\u0103 o p\u0103pu\u0219ic\u0103 pentru feti\u021ba ei, folosind materiale r\u0103mase de la bunica croitoreas\u0103 si s-a transformat rapid \u00eentr-o mic\u0103 afacere. Raluc\u0103i \u00eei place s\u0103 se joace cu materialele naturale \u0219i mereu \u00eei cere p\u0103rerea feti\u021bei ei atunci c\u00e2nd face un nou model de p\u0103pu\u0219\u0103.  <\/p>\n<p>Cu mare sim\u021b de r\u0103spundere \u0219i cu maximum de eficien\u021b\u0103 c\u0103tre orice contribu\u021bie f\u0103cut\u0103 cauzei noastre, ROLDA salveaz\u0103 animalele f\u0103r\u0103 ad\u0103post de la abuz \u0219i experien\u021be traumatizante, oferindu-le un loc \u00een ad\u0103postul nostru \u0219i ajut\u00e2nd animalele din comunit\u0103\u021bile s\u0103race aflate \u00een condi\u021bii de risc de neglijare \u0219i abandon.<\/p>\n<div class=\"disclaimer\">\n<p>Pentru produsele realizate de c\u0103tre artizanii mentiona\u021bi pe pagina fiec\u0103rui obiect disponibil \u00een Magazinul online ROLDA; organiza\u021bia noastr\u0103 nu \u00ee\u0219i asum\u0103 r\u0103spunderea pentru \u00eent\u00e2rzierile la livrare cauzate de artizani sau de c\u0103tre serviciile po\u0219tale, diferen\u021be de orice fel \u00eentre descrierea produselor prezentate\/v\u00e2ndute, modul \u00een care produsele sunt create, realizate, asamblate sau modul \u00een care sunt folosite dup\u0103 ce sunt cump\u0103rate.<\/p>\n<\/div>\n","protected":false},"excerpt":{"rendered":"<p class=\"createdby\">Creat de: P\u0103pu\u0219ile Vesele<\/p>\n<p class=\"toptext\"><strong>HAMul\u021bumesc! Cump\u0103r\u00e2nd acest cadou, ai ajutat echipa ROLDA de salvare s\u0103 \u00eel microcipeze pe L\u0103bu\u0219, un c\u00e2ine al c\u0103rui st\u0103p\u00e2n nu-\u0219i permite un asemenea serviciu. Astfel, dac\u0103 vreodat\u0103 devine curios \u0219i se \u00eendep\u0103rteaz\u0103, vom \u0219ti unde s\u0103 \u00eel aducem \u00eenapoi. \u00ce\u021bi mul\u021bumim c\u0103 te-ai asigurat c\u0103 L\u0103bu\u0219 nu va deveni niciodat\u0103 un c\u00e2ine comunitar!<\/strong><\/p>\n<p class=\"desc\">Bumbac, umplutur\u0103 cu puf siliconic, decorare cu dantel\u0103 de bumbac\/poliester<\/p>\n","protected":false},"featured_media":2019,"comment_status":"open","ping_status":"closed","template":"","meta":[],"product_cat":[247,38],"product_tag":[187],"yoast_head":"<!-- This site is optimized with the Yoast SEO plugin v18.4.1 - https:\/\/yoast.com\/wordpress\/plugins\/seo\/ -->\n<title>Juc\u0103rie c\u0103\u021bel \u0219oricar - ROLDA Magazin<\/title>\n<meta name=\"robots\" content=\"index, follow, max-snippet:-1, max-image-preview:large, max-video-preview:-1\" \/>\n<link rel=\"canonical\" href=\"https:\/\/rolda.ro\/magazin\/produs\/jucarie-catel-soricar\/\" \/>\n<meta property=\"og:locale\" content=\"ro_RO\" \/>\n<meta property=\"og:type\" content=\"article\" \/>\n<meta property=\"og:title\" content=\"Cumpara o jucarie caine teckel pentru a ne ajuta sa continuam sa microcipam si sa sterilizam cainii din comunitatea rurala saraca din Romania\" \/>\n<meta property=\"og:description\" content=\"Creat de: P\u0103pu\u0219ile Vesele HAMul\u021bumesc! Cump\u0103r\u00e2nd acest cadou, ai ajutat echipa ROLDA de salvare s\u0103 \u00eel microcipeze pe L\u0103bu\u0219, un c\u00e2ine al c\u0103rui st\u0103p\u00e2n nu-\u0219i permite un asemenea serviciu. Astfel, dac\u0103 vreodat\u0103 devine curios \u0219i se \u00eendep\u0103rteaz\u0103, vom \u0219ti unde s\u0103 \u00eel aducem \u00eenapoi. \u00ce\u021bi mul\u021bumim c\u0103 te-ai asigurat c\u0103 L\u0103bu\u0219 nu va deveni niciodat\u0103 un c\u00e2ine comunitar! Bumbac, umplutur\u0103 cu puf siliconic, decorare cu dantel\u0103 de bumbac\/poliester\" \/>\n<meta property=\"og:url\" content=\"https:\/\/rolda.ro\/magazin\/produs\/jucarie-catel-soricar\/\" \/>\n<meta property=\"og:site_name\" content=\"ROLDA Magazin\" \/>\n<meta property=\"article:modified_time\" content=\"2025-01-04T15:21:13+00:00\" \/>\n<meta property=\"og:image\" content=\"https:\/\/rolda.ro\/magazin\/wp-content\/uploads\/2024\/02\/catel-teckel-preview.jpg\" \/>\n\t<meta property=\"og:image:width\" content=\"1200\" \/>\n\t<meta property=\"og:image:height\" content=\"630\" \/>\n\t<meta property=\"og:image:type\" content=\"image\/jpeg\" \/>\n<meta name=\"twitter:card\" content=\"summary_large_image\" \/>\n<meta name=\"twitter:title\" content=\"Cumpara o jucarie caine teckel pentru a ne ajuta sa continuam sa microcipam si sa sterilizam cainii din comunitatea rurala saraca din Romania\" \/>\n<meta name=\"twitter:image\" content=\"https:\/\/rolda.ro\/magazin\/wp-content\/uploads\/2024\/02\/catel-teckel-preview.jpg\" \/>\n<meta name=\"twitter:label1\" content=\"Timp estimat pentru citire\" \/>\n\t<meta name=\"twitter:data1\" content=\"2 minute\" \/>\n<script type=\"application\/ld+json\" class=\"yoast-schema-graph\">{\"@context\":\"https:\/\/schema.org\",\"@graph\":[{\"@type\":\"WebSite\",\"@id\":\"https:\/\/rolda.ro\/magazin\/#website\",\"url\":\"https:\/\/rolda.ro\/magazin\/\",\"name\":\"ROLDA Magazin\",\"description\":\"Magazin\",\"potentialAction\":[{\"@type\":\"SearchAction\",\"target\":{\"@type\":\"EntryPoint\",\"urlTemplate\":\"https:\/\/rolda.ro\/magazin\/?s={search_term_string}\"},\"query-input\":\"required name=search_term_string\"}],\"inLanguage\":\"ro-RO\"},{\"@type\":\"ImageObject\",\"@id\":\"https:\/\/rolda.ro\/magazin\/produs\/jucarie-catel-soricar\/#primaryimage\",\"inLanguage\":\"ro-RO\",\"url\":\"https:\/\/rolda.ro\/magazin\/wp-content\/uploads\/2024\/02\/catel-teckel-preview.jpg\",\"contentUrl\":\"https:\/\/rolda.ro\/magazin\/wp-content\/uploads\/2024\/02\/catel-teckel-preview.jpg\",\"width\":1200,\"height\":630},{\"@type\":\"WebPage\",\"@id\":\"https:\/\/rolda.ro\/magazin\/produs\/jucarie-catel-soricar\/#webpage\",\"url\":\"https:\/\/rolda.ro\/magazin\/produs\/jucarie-catel-soricar\/\",\"name\":\"Juc\u0103rie c\u0103\u021bel \u0219oricar - ROLDA Magazin\",\"isPartOf\":{\"@id\":\"https:\/\/rolda.ro\/magazin\/#website\"},\"primaryImageOfPage\":{\"@id\":\"https:\/\/rolda.ro\/magazin\/produs\/jucarie-catel-soricar\/#primaryimage\"},\"datePublished\":\"2024-02-14T08:23:17+00:00\",\"dateModified\":\"2025-01-04T15:21:13+00:00\",\"breadcrumb\":{\"@id\":\"https:\/\/rolda.ro\/magazin\/produs\/jucarie-catel-soricar\/#breadcrumb\"},\"inLanguage\":\"ro-RO\",\"potentialAction\":[{\"@type\":\"ReadAction\",\"target\":[\"https:\/\/rolda.ro\/magazin\/produs\/jucarie-catel-soricar\/\"]}]},{\"@type\":\"BreadcrumbList\",\"@id\":\"https:\/\/rolda.ro\/magazin\/produs\/jucarie-catel-soricar\/#breadcrumb\",\"itemListElement\":[{\"@type\":\"ListItem\",\"position\":1,\"name\":\"Pagina principal\u0103\",\"item\":\"https:\/\/rolda.ro\/magazin\/\"},{\"@type\":\"ListItem\",\"position\":2,\"name\":\"Produse\",\"item\":\"https:\/\/rolda.ro\/magazin\/produse\/\"},{\"@type\":\"ListItem\",\"position\":3,\"name\":\"Juc\u0103rie c\u0103\u021bel \u0219oricar\"}]}]}<\/script>\n<!-- \/ Yoast SEO plugin. -->","yoast_head_json":{"title":"Juc\u0103rie c\u0103\u021bel \u0219oricar - ROLDA Magazin","robots":{"index":"index","follow":"follow","max-snippet":"max-snippet:-1","max-image-preview":"max-image-preview:large","max-video-preview":"max-video-preview:-1"},"canonical":"https:\/\/rolda.ro\/magazin\/produs\/jucarie-catel-soricar\/","og_locale":"ro_RO","og_type":"article","og_title":"Cumpara o jucarie caine teckel pentru a ne ajuta sa continuam sa microcipam si sa sterilizam cainii din comunitatea rurala saraca din Romania","og_description":"Creat de: P\u0103pu\u0219ile Vesele HAMul\u021bumesc! Cump\u0103r\u00e2nd acest cadou, ai ajutat echipa ROLDA de salvare s\u0103 \u00eel microcipeze pe L\u0103bu\u0219, un c\u00e2ine al c\u0103rui st\u0103p\u00e2n nu-\u0219i permite un asemenea serviciu. Astfel, dac\u0103 vreodat\u0103 devine curios \u0219i se \u00eendep\u0103rteaz\u0103, vom \u0219ti unde s\u0103 \u00eel aducem \u00eenapoi. \u00ce\u021bi mul\u021bumim c\u0103 te-ai asigurat c\u0103 L\u0103bu\u0219 nu va deveni niciodat\u0103 un c\u00e2ine comunitar! Bumbac, umplutur\u0103 cu puf siliconic, decorare cu dantel\u0103 de bumbac\/poliester","og_url":"https:\/\/rolda.ro\/magazin\/produs\/jucarie-catel-soricar\/","og_site_name":"ROLDA Magazin","article_modified_time":"2025-01-04T15:21:13+00:00","og_image":[{"width":1200,"height":630,"url":"https:\/\/rolda.ro\/magazin\/wp-content\/uploads\/2024\/02\/catel-teckel-preview.jpg","type":"image\/jpeg"}],"twitter_card":"summary_large_image","twitter_title":"Cumpara o jucarie caine teckel pentru a ne ajuta sa continuam sa microcipam si sa sterilizam cainii din comunitatea rurala saraca din Romania","twitter_image":"https:\/\/rolda.ro\/magazin\/wp-content\/uploads\/2024\/02\/catel-teckel-preview.jpg","twitter_misc":{"Timp estimat pentru citire":"2 minute"},"schema":{"@context":"https:\/\/schema.org","@graph":[{"@type":"WebSite","@id":"https:\/\/rolda.ro\/magazin\/#website","url":"https:\/\/rolda.ro\/magazin\/","name":"ROLDA Magazin","description":"Magazin","potentialAction":[{"@type":"SearchAction","target":{"@type":"EntryPoint","urlTemplate":"https:\/\/rolda.ro\/magazin\/?s={search_term_string}"},"query-input":"required name=search_term_string"}],"inLanguage":"ro-RO"},{"@type":"ImageObject","@id":"https:\/\/rolda.ro\/magazin\/produs\/jucarie-catel-soricar\/#primaryimage","inLanguage":"ro-RO","url":"https:\/\/rolda.ro\/magazin\/wp-content\/uploads\/2024\/02\/catel-teckel-preview.jpg","contentUrl":"https:\/\/rolda.ro\/magazin\/wp-content\/uploads\/2024\/02\/catel-teckel-preview.jpg","width":1200,"height":630},{"@type":"WebPage","@id":"https:\/\/rolda.ro\/magazin\/produs\/jucarie-catel-soricar\/#webpage","url":"https:\/\/rolda.ro\/magazin\/produs\/jucarie-catel-soricar\/","name":"Juc\u0103rie c\u0103\u021bel \u0219oricar - ROLDA Magazin","isPartOf":{"@id":"https:\/\/rolda.ro\/magazin\/#website"},"primaryImageOfPage":{"@id":"https:\/\/rolda.ro\/magazin\/produs\/jucarie-catel-soricar\/#primaryimage"},"datePublished":"2024-02-14T08:23:17+00:00","dateModified":"2025-01-04T15:21:13+00:00","breadcrumb":{"@id":"https:\/\/rolda.ro\/magazin\/produs\/jucarie-catel-soricar\/#breadcrumb"},"inLanguage":"ro-RO","potentialAction":[{"@type":"ReadAction","target":["https:\/\/rolda.ro\/magazin\/produs\/jucarie-catel-soricar\/"]}]},{"@type":"BreadcrumbList","@id":"https:\/\/rolda.ro\/magazin\/produs\/jucarie-catel-soricar\/#breadcrumb","itemListElement":[{"@type":"ListItem","position":1,"name":"Pagina principal\u0103","item":"https:\/\/rolda.ro\/magazin\/"},{"@type":"ListItem","position":2,"name":"Produse","item":"https:\/\/rolda.ro\/magazin\/produse\/"},{"@type":"ListItem","position":3,"name":"Juc\u0103rie c\u0103\u021bel \u0219oricar"}]}]}},"_links":{"self":[{"href":"https:\/\/rolda.ro\/magazin\/wp-json\/wp\/v2\/product\/2009"}],"collection":[{"href":"https:\/\/rolda.ro\/magazin\/wp-json\/wp\/v2\/product"}],"about":[{"href":"https:\/\/rolda.ro\/magazin\/wp-json\/wp\/v2\/types\/product"}],"replies":[{"embeddable":true,"href":"https:\/\/rolda.ro\/magazin\/wp-json\/wp\/v2\/comments?post=2009"}],"wp:featuredmedia":[{"embeddable":true,"href":"https:\/\/rolda.ro\/magazin\/wp-json\/wp\/v2\/media\/2019"}],"wp:attachment":[{"href":"https:\/\/rolda.ro\/magazin\/wp-json\/wp\/v2\/media?parent=2009"}],"wp:term":[{"taxonomy":"product_cat","embeddable":true,"href":"https:\/\/rolda.ro\/magazin\/wp-json\/wp\/v2\/product_cat?post=2009"},{"taxonomy":"product_tag","embeddable":true,"href":"https:\/\/rolda.ro\/magazin\/wp-json\/wp\/v2\/product_tag?post=2009"}],"curies":[{"name":"wp","href":"https:\/\/api.w.org\/{rel}","templated":true}]}}