{"id":2025,"date":"2024-02-14T10:48:11","date_gmt":"2024-02-14T10:48:11","guid":{"rendered":"https:\/\/rolda.ro\/magazin\/?post_type=product&#038;p=2025"},"modified":"2024-11-08T11:15:02","modified_gmt":"2024-11-08T11:15:02","slug":"semn-de-carte-cu-zodie","status":"publish","type":"product","link":"https:\/\/rolda.ro\/magazin\/produs\/semn-de-carte-cu-zodie\/","title":{"rendered":"Semn de carte cu zodie"},"content":{"rendered":"<p>Nu pierde niciodat\u0103 din vedere cine e\u0219ti cu adev\u0103rat! Nici m\u0103car atunci c\u00e2nd cite\u0219ti cartea preferat\u0103. \u00cen schimb, folose\u0219te acest minunat semn de carte din lemn, f\u0103cut special pentru zodia ta. Este pictat manual \u0219i are un ciucure albastru (culoarea ROLDA) pe care \u00eel po\u021bi at\u00e2rna \u00een afara c\u0103r\u021bii pentru un plus de manevrabilitate. Avem c\u00e2te un model pentru fiecare zodie, cu o descriere simpatic\u0103 \u0219i o recomandare nutri\u021bional\u0103 adaptat\u0103.<\/p>\n<p>E\u0219ti \u00eentre c\u0103r\u021bi acum? Atunci pune-l la loc, \u00een husa lui cu fund\u0103 asortat\u0103.<\/p>\n<p>Wooden Tales\/Cadouri de Poveste este o t\u00e2n\u0103r\u0103 talentat\u0103, care iube\u0219te s\u0103 lucreze cu propriile m\u00e2ini \u0219i s\u0103 modeleze lemnul, sco\u021b\u00e2nd la iveal\u0103 milioane de pove\u0219ti. Odat\u0103 cu \u00eenceputul colabor\u0103rii noastre, acest artizan va scrie un nou capitol, unul dedicat iubirii pentru animale.<\/p>\n<p>Cu mare sim\u021b de r\u0103spundere \u0219i cu maximum de eficien\u021b\u0103 c\u0103tre orice contribu\u021bie f\u0103cut\u0103 cauzei noastr\u0103, ROLDA salveaz\u0103 animalele f\u0103r\u0103 ad\u0103post de la abuz \u0219i experien\u021be traumatizante, oferindu-le un loc \u00een ad\u0103postul nostru \u0219i ajut\u00e2nd animalele din comunit\u0103\u021bile s\u0103race aflate \u00een condi\u021bii de risc de neglijare \u0219i abandon.<\/p>\n<div class=\"disclaimer\">\n<p>Pentru produsele realizate de c\u0103tre artizanii mentiona\u021bi pe pagina fiec\u0103rui obiect disponibil \u00een Magazinul online ROLDA; organiza\u021bia noastr\u0103 nu \u00ee\u0219i asum\u0103 r\u0103spunderea pentru \u00eent\u00e2rzierile la livrare cauzate de artizani sau de c\u0103tre serviciile po\u0219tale, diferen\u021be de orice fel \u00eentre descrierea produselor prezentate\/v\u00e2ndute, modul \u00een care produsele sunt create, realizate, asamblate sau modul \u00een care sunt folosite dup\u0103 ce sunt cump\u0103rate.<\/p>\n<\/div>\n","protected":false},"excerpt":{"rendered":"<p class=\"createdby\">Creat de: Wooden Tales \/ Cadouri de Poveste<\/p>\n<p class=\"toptext\"><strong>Bun\u0103 treab\u0103! Cump\u0103r\u00e2nd acest cadou, aju\u021bi echipa ROLDA de salvare s\u0103 \u00eel \u021bin\u0103 pe Smiley bine-hr\u0103nit timp de o lun\u0103 \u00eentreag\u0103! Acest c\u0103\u021bel adorabil salvat de pe str\u0103zile periculoase va fi recunosc\u0103tor pentru c\u0103 nu va mai fi niciodat\u0103 fl\u0103m\u00e2nd. Mul\u021bumim!<\/strong><\/p>\n<p class=\"desc\">Material: lemn pictat manual<\/p>\n","protected":false},"featured_media":2027,"comment_status":"open","ping_status":"closed","template":"","meta":[],"product_cat":[18],"product_tag":[187],"yoast_head":"<!-- This site is optimized with the Yoast SEO plugin v18.4.1 - https:\/\/yoast.com\/wordpress\/plugins\/seo\/ -->\n<title>Semn de carte cu zodie - ROLDA Magazin<\/title>\n<meta name=\"robots\" content=\"index, follow, max-snippet:-1, max-image-preview:large, max-video-preview:-1\" \/>\n<link rel=\"canonical\" href=\"https:\/\/rolda.ro\/magazin\/produs\/semn-de-carte-cu-zodie\/\" \/>\n<meta property=\"og:locale\" content=\"ro_RO\" \/>\n<meta property=\"og:type\" content=\"article\" \/>\n<meta property=\"og:title\" content=\"Cumpara un semn de carte cu zodie pentru a asigura hrana unui caine din adaposturile ROLDA timp de 2 luni\" \/>\n<meta property=\"og:description\" content=\"Creat de: Wooden Tales \/ Cadouri de Poveste Bun\u0103 treab\u0103! Cump\u0103r\u00e2nd acest cadou, aju\u021bi echipa ROLDA de salvare s\u0103 \u00eel \u021bin\u0103 pe Smiley bine-hr\u0103nit timp de o lun\u0103 \u00eentreag\u0103! Acest c\u0103\u021bel adorabil salvat de pe str\u0103zile periculoase va fi recunosc\u0103tor pentru c\u0103 nu va mai fi niciodat\u0103 fl\u0103m\u00e2nd. Mul\u021bumim! Material: lemn pictat manual\" \/>\n<meta property=\"og:url\" content=\"https:\/\/rolda.ro\/magazin\/produs\/semn-de-carte-cu-zodie\/\" \/>\n<meta property=\"og:site_name\" content=\"ROLDA Magazin\" \/>\n<meta property=\"article:modified_time\" content=\"2024-11-08T11:15:02+00:00\" \/>\n<meta property=\"og:image\" content=\"https:\/\/rolda.ro\/magazin\/wp-content\/uploads\/2024\/02\/zodiac-ro.jpg\" \/>\n\t<meta property=\"og:image:width\" content=\"1200\" \/>\n\t<meta property=\"og:image:height\" content=\"900\" \/>\n\t<meta property=\"og:image:type\" content=\"image\/jpeg\" \/>\n<meta name=\"twitter:card\" content=\"summary_large_image\" \/>\n<meta name=\"twitter:title\" content=\"Cumpara un semn de carte cu zodie pentru a asigura hrana unui caine din adaposturile ROLDA timp de 2 luni\" \/>\n<meta name=\"twitter:image\" content=\"https:\/\/rolda.ro\/magazin\/wp-content\/uploads\/2024\/02\/zodiac-ro.jpg\" \/>\n<meta name=\"twitter:label1\" content=\"Timp estimat pentru citire\" \/>\n\t<meta name=\"twitter:data1\" content=\"1 minut\" \/>\n<script type=\"application\/ld+json\" class=\"yoast-schema-graph\">{\"@context\":\"https:\/\/schema.org\",\"@graph\":[{\"@type\":\"WebSite\",\"@id\":\"https:\/\/rolda.ro\/magazin\/#website\",\"url\":\"https:\/\/rolda.ro\/magazin\/\",\"name\":\"ROLDA Magazin\",\"description\":\"Magazin\",\"potentialAction\":[{\"@type\":\"SearchAction\",\"target\":{\"@type\":\"EntryPoint\",\"urlTemplate\":\"https:\/\/rolda.ro\/magazin\/?s={search_term_string}\"},\"query-input\":\"required name=search_term_string\"}],\"inLanguage\":\"ro-RO\"},{\"@type\":\"ImageObject\",\"@id\":\"https:\/\/rolda.ro\/magazin\/produs\/semn-de-carte-cu-zodie\/#primaryimage\",\"inLanguage\":\"ro-RO\",\"url\":\"https:\/\/rolda.ro\/magazin\/wp-content\/uploads\/2024\/02\/zodiac-ro.jpg\",\"contentUrl\":\"https:\/\/rolda.ro\/magazin\/wp-content\/uploads\/2024\/02\/zodiac-ro.jpg\",\"width\":1200,\"height\":900},{\"@type\":\"WebPage\",\"@id\":\"https:\/\/rolda.ro\/magazin\/produs\/semn-de-carte-cu-zodie\/#webpage\",\"url\":\"https:\/\/rolda.ro\/magazin\/produs\/semn-de-carte-cu-zodie\/\",\"name\":\"Semn de carte cu zodie - ROLDA Magazin\",\"isPartOf\":{\"@id\":\"https:\/\/rolda.ro\/magazin\/#website\"},\"primaryImageOfPage\":{\"@id\":\"https:\/\/rolda.ro\/magazin\/produs\/semn-de-carte-cu-zodie\/#primaryimage\"},\"datePublished\":\"2024-02-14T10:48:11+00:00\",\"dateModified\":\"2024-11-08T11:15:02+00:00\",\"breadcrumb\":{\"@id\":\"https:\/\/rolda.ro\/magazin\/produs\/semn-de-carte-cu-zodie\/#breadcrumb\"},\"inLanguage\":\"ro-RO\",\"potentialAction\":[{\"@type\":\"ReadAction\",\"target\":[\"https:\/\/rolda.ro\/magazin\/produs\/semn-de-carte-cu-zodie\/\"]}]},{\"@type\":\"BreadcrumbList\",\"@id\":\"https:\/\/rolda.ro\/magazin\/produs\/semn-de-carte-cu-zodie\/#breadcrumb\",\"itemListElement\":[{\"@type\":\"ListItem\",\"position\":1,\"name\":\"Pagina principal\u0103\",\"item\":\"https:\/\/rolda.ro\/magazin\/\"},{\"@type\":\"ListItem\",\"position\":2,\"name\":\"Produse\",\"item\":\"https:\/\/rolda.ro\/magazin\/produse\/\"},{\"@type\":\"ListItem\",\"position\":3,\"name\":\"Semn de carte cu zodie\"}]}]}<\/script>\n<!-- \/ Yoast SEO plugin. -->","yoast_head_json":{"title":"Semn de carte cu zodie - ROLDA Magazin","robots":{"index":"index","follow":"follow","max-snippet":"max-snippet:-1","max-image-preview":"max-image-preview:large","max-video-preview":"max-video-preview:-1"},"canonical":"https:\/\/rolda.ro\/magazin\/produs\/semn-de-carte-cu-zodie\/","og_locale":"ro_RO","og_type":"article","og_title":"Cumpara un semn de carte cu zodie pentru a asigura hrana unui caine din adaposturile ROLDA timp de 2 luni","og_description":"Creat de: Wooden Tales \/ Cadouri de Poveste Bun\u0103 treab\u0103! Cump\u0103r\u00e2nd acest cadou, aju\u021bi echipa ROLDA de salvare s\u0103 \u00eel \u021bin\u0103 pe Smiley bine-hr\u0103nit timp de o lun\u0103 \u00eentreag\u0103! Acest c\u0103\u021bel adorabil salvat de pe str\u0103zile periculoase va fi recunosc\u0103tor pentru c\u0103 nu va mai fi niciodat\u0103 fl\u0103m\u00e2nd. Mul\u021bumim! Material: lemn pictat manual","og_url":"https:\/\/rolda.ro\/magazin\/produs\/semn-de-carte-cu-zodie\/","og_site_name":"ROLDA Magazin","article_modified_time":"2024-11-08T11:15:02+00:00","og_image":[{"width":1200,"height":900,"url":"https:\/\/rolda.ro\/magazin\/wp-content\/uploads\/2024\/02\/zodiac-ro.jpg","type":"image\/jpeg"}],"twitter_card":"summary_large_image","twitter_title":"Cumpara un semn de carte cu zodie pentru a asigura hrana unui caine din adaposturile ROLDA timp de 2 luni","twitter_image":"https:\/\/rolda.ro\/magazin\/wp-content\/uploads\/2024\/02\/zodiac-ro.jpg","twitter_misc":{"Timp estimat pentru citire":"1 minut"},"schema":{"@context":"https:\/\/schema.org","@graph":[{"@type":"WebSite","@id":"https:\/\/rolda.ro\/magazin\/#website","url":"https:\/\/rolda.ro\/magazin\/","name":"ROLDA Magazin","description":"Magazin","potentialAction":[{"@type":"SearchAction","target":{"@type":"EntryPoint","urlTemplate":"https:\/\/rolda.ro\/magazin\/?s={search_term_string}"},"query-input":"required name=search_term_string"}],"inLanguage":"ro-RO"},{"@type":"ImageObject","@id":"https:\/\/rolda.ro\/magazin\/produs\/semn-de-carte-cu-zodie\/#primaryimage","inLanguage":"ro-RO","url":"https:\/\/rolda.ro\/magazin\/wp-content\/uploads\/2024\/02\/zodiac-ro.jpg","contentUrl":"https:\/\/rolda.ro\/magazin\/wp-content\/uploads\/2024\/02\/zodiac-ro.jpg","width":1200,"height":900},{"@type":"WebPage","@id":"https:\/\/rolda.ro\/magazin\/produs\/semn-de-carte-cu-zodie\/#webpage","url":"https:\/\/rolda.ro\/magazin\/produs\/semn-de-carte-cu-zodie\/","name":"Semn de carte cu zodie - ROLDA Magazin","isPartOf":{"@id":"https:\/\/rolda.ro\/magazin\/#website"},"primaryImageOfPage":{"@id":"https:\/\/rolda.ro\/magazin\/produs\/semn-de-carte-cu-zodie\/#primaryimage"},"datePublished":"2024-02-14T10:48:11+00:00","dateModified":"2024-11-08T11:15:02+00:00","breadcrumb":{"@id":"https:\/\/rolda.ro\/magazin\/produs\/semn-de-carte-cu-zodie\/#breadcrumb"},"inLanguage":"ro-RO","potentialAction":[{"@type":"ReadAction","target":["https:\/\/rolda.ro\/magazin\/produs\/semn-de-carte-cu-zodie\/"]}]},{"@type":"BreadcrumbList","@id":"https:\/\/rolda.ro\/magazin\/produs\/semn-de-carte-cu-zodie\/#breadcrumb","itemListElement":[{"@type":"ListItem","position":1,"name":"Pagina principal\u0103","item":"https:\/\/rolda.ro\/magazin\/"},{"@type":"ListItem","position":2,"name":"Produse","item":"https:\/\/rolda.ro\/magazin\/produse\/"},{"@type":"ListItem","position":3,"name":"Semn de carte cu zodie"}]}]}},"_links":{"self":[{"href":"https:\/\/rolda.ro\/magazin\/wp-json\/wp\/v2\/product\/2025"}],"collection":[{"href":"https:\/\/rolda.ro\/magazin\/wp-json\/wp\/v2\/product"}],"about":[{"href":"https:\/\/rolda.ro\/magazin\/wp-json\/wp\/v2\/types\/product"}],"replies":[{"embeddable":true,"href":"https:\/\/rolda.ro\/magazin\/wp-json\/wp\/v2\/comments?post=2025"}],"wp:featuredmedia":[{"embeddable":true,"href":"https:\/\/rolda.ro\/magazin\/wp-json\/wp\/v2\/media\/2027"}],"wp:attachment":[{"href":"https:\/\/rolda.ro\/magazin\/wp-json\/wp\/v2\/media?parent=2025"}],"wp:term":[{"taxonomy":"product_cat","embeddable":true,"href":"https:\/\/rolda.ro\/magazin\/wp-json\/wp\/v2\/product_cat?post=2025"},{"taxonomy":"product_tag","embeddable":true,"href":"https:\/\/rolda.ro\/magazin\/wp-json\/wp\/v2\/product_tag?post=2025"}],"curies":[{"name":"wp","href":"https:\/\/api.w.org\/{rel}","templated":true}]}}