{"id":2090,"date":"2024-06-20T13:30:16","date_gmt":"2024-06-20T13:30:16","guid":{"rendered":"https:\/\/rolda.ro\/magazin\/?post_type=product&#038;p=2090"},"modified":"2024-08-22T10:00:40","modified_gmt":"2024-08-22T10:00:40","slug":"breloc-pisicuta-cu-pata-albastra","status":"publish","type":"product","link":"https:\/\/rolda.ro\/magazin\/produs\/breloc-pisicuta-cu-pata-albastra\/","title":{"rendered":"Breloc pisicu\u021b\u0103 cu pat\u0103 albastr\u0103"},"content":{"rendered":"<p>Culoare: alb cu albastru<\/p>\n<p>Dimensiune: 7&#215;9 cm<\/p>\n<p>Breloc pisic\u0103 din fetru cu umplutur\u0103 antialergic\u0103 cu ochi \u0219i nas din plastic.<\/p>\n<p>Nimic nu spune acas\u0103 mai bine dec\u00e2t un animal de companie iubitor. Ce amintire frumoas\u0103 de purtat mereu cu tine! Asemeni acestui breloc din fetru \u00een forma unui cap de pisic\u0103. Materialele folosite sunt moi \u0219i colorate, f\u0103c\u00e2nd ca acest produs s\u0103 fie unul vesel \u0219i pl\u0103cut de g\u0103sit \u00een geant\u0103. Umplutura este hipoalergenic\u0103; ochii \u0219i nasul sunt din plastic negru. Datorit\u0103 dimensiunii, acest breloc poate \u00eenc\u0103pea u\u0219or \u00een buzunar \u0219i \u00een geant\u0103, permi\u021b\u00e2ndu-le utilizatorilor s\u0103 \u00ee\u0219i localizeze cu u\u0219urin\u021b\u0103 cheile. Mai mult, acest design este unic; ai zero \u0219anse ca altcineva s\u0103 confunde cheile tale cu ale lor.<\/p>\n<p>Acest produs este realizat exclusiv pentru magazinul ROLDA de c\u0103tre Anita, un artizan rom\u00e2n autentic. \u00centruc\u00e2t muncim \u00een fiecare zi pentru a transforma lumea \u00eentr-un loc mai bun pentru oameni \u0219i animale, sus\u021binem artizanii ale c\u0103ror crea\u021bii respect\u0103 natura.<\/p>\n<p>Cu mare sim\u021b de r\u0103spundere \u0219i cu maximum de eficien\u021b\u0103 c\u0103tre orice contribu\u021bie f\u0103cut\u0103 cauzei noastr\u0103, ROLDA salveaz\u0103 animalele f\u0103r\u0103 ad\u0103post de la abuz \u0219i experien\u021be traumatizante, oferindu-le un loc \u00een ad\u0103postul nostru \u0219i ajut\u00e2nd animalele din comunit\u0103\u021bile s\u0103race aflate \u00een condi\u021bii de risc de neglijare \u0219i abandon.<\/p>\n<div class=\"disclaimer\">\n<p>Pentru produsele realizate de c\u0103tre artizanii mentiona\u021bi pe pagina fiec\u0103rui obiect disponibil \u00een Magazinul online ROLDA; organiza\u021bia noastr\u0103 nu \u00ee\u0219i asum\u0103 r\u0103spunderea pentru \u00eent\u00e2rzierile la livrare cauzate de artizani sau de c\u0103tre serviciile po\u0219tale, diferen\u021be de orice fel \u00eentre descrierea produselor prezentate\/v\u00e2ndute, modul \u00een care produsele sunt create, realizate, asamblate sau modul \u00een care sunt folosite dup\u0103 ce sunt cump\u0103rate.<\/p>\n<\/div>\n","protected":false},"excerpt":{"rendered":"<p class=\"createdby\">Creat de: AnitaBSign<\/p>\n<p class=\"toptext\"><strong>Prin cump\u0103rarea acestui obiect, aju\u021bi echipa ROLDA s\u0103 ofere protec\u021bie unui c\u00e2ine \u00eempotriva gerurilor iernii \u0219i \u00eei asiguri confortul \u00een ad\u0103postul ROLDA.<\/strong><\/p>\n<p class=\"desc\">Calde \u00eembr\u0103\u021bi\u0219\u0103ri \u0219i mult\u0103 apreciere din partea pisicutelor noastre \u0219i a intregii echipe ROLDA! Cadoul t\u0103u ajut\u0103 prietenii patrupezi s\u0103 fie protejati corespunzator in timpul sezonului rece. Ad\u0103postul ROLDA este eficient construit, la standarde europene, \u00eens\u0103 iernile pot fi foarte reci, cu nopti cand temperaturile scad sub -10C. De\u0219i pisicile noastre au experien\u021b\u0103 \u00een a supravietui intemperiilor pe str\u0103zi, iar un loc la ad\u0103post este clar un plus pentru ele, tot simtim ca este datoria noastra sa oferim tot ce este mai bun atat lor cat \u0219i angaja\u021bilor aflati zilnic la datorie.<\/p>\n<p>Realizat din fetru cu umplutur\u0103 antialergic\u0103<\/p>\n","protected":false},"featured_media":2087,"comment_status":"open","ping_status":"closed","template":"","meta":[],"product_cat":[28],"product_tag":[187],"yoast_head":"<!-- This site is optimized with the Yoast SEO plugin v18.4.1 - https:\/\/yoast.com\/wordpress\/plugins\/seo\/ -->\n<title>Breloc pisicu\u021b\u0103 cu pat\u0103 albastr\u0103 - ROLDA Magazin<\/title>\n<meta name=\"robots\" content=\"index, follow, max-snippet:-1, max-image-preview:large, max-video-preview:-1\" \/>\n<link rel=\"canonical\" href=\"https:\/\/rolda.ro\/magazin\/produs\/breloc-pisicuta-cu-pata-albastra\/\" \/>\n<meta property=\"og:locale\" content=\"ro_RO\" \/>\n<meta property=\"og:type\" content=\"article\" \/>\n<meta property=\"og:title\" content=\"Cumpara un breloc pisicuta cu pata albastra lucrata manual pentru a ne ajuta sa protejam o pisica adevarata din Romania impotriva iernilor severe\" \/>\n<meta property=\"og:description\" content=\"Creat de: AnitaBSign Prin cump\u0103rarea acestui obiect, aju\u021bi echipa ROLDA s\u0103 ofere protec\u021bie unui c\u00e2ine \u00eempotriva gerurilor iernii \u0219i \u00eei asiguri confortul \u00een ad\u0103postul ROLDA. Calde \u00eembr\u0103\u021bi\u0219\u0103ri \u0219i mult\u0103 apreciere din partea pisicutelor noastre \u0219i a intregii echipe ROLDA! Cadoul t\u0103u ajut\u0103 prietenii patrupezi s\u0103 fie protejati corespunzator in timpul sezonului rece. Ad\u0103postul ROLDA este eficient construit, la standarde europene, \u00eens\u0103 iernile pot fi foarte reci, cu nopti cand temperaturile scad sub -10C. De\u0219i pisicile noastre au experien\u021b\u0103 \u00een a supravietui intemperiilor pe str\u0103zi, iar un loc la ad\u0103post este clar un plus pentru ele, tot simtim ca este datoria noastra sa oferim tot ce este mai bun atat lor cat \u0219i angaja\u021bilor aflati zilnic la datorie. Realizat din fetru cu umplutur\u0103 antialergic\u0103\" \/>\n<meta property=\"og:url\" content=\"https:\/\/rolda.ro\/magazin\/produs\/breloc-pisicuta-cu-pata-albastra\/\" \/>\n<meta property=\"og:site_name\" content=\"ROLDA Magazin\" \/>\n<meta property=\"article:modified_time\" content=\"2024-08-22T10:00:40+00:00\" \/>\n<meta property=\"og:image\" content=\"https:\/\/rolda.ro\/magazin\/wp-content\/uploads\/2024\/06\/style1-preview.jpg\" \/>\n\t<meta property=\"og:image:width\" content=\"1200\" \/>\n\t<meta property=\"og:image:height\" content=\"630\" \/>\n\t<meta property=\"og:image:type\" content=\"image\/jpeg\" \/>\n<meta name=\"twitter:card\" content=\"summary_large_image\" \/>\n<meta name=\"twitter:title\" content=\"Cumpara un breloc pisicuta cu pata albastra lucrata manual pentru a ne ajuta sa protejam o pisica adevarata din Romania impotriva iernilor severe\" \/>\n<meta name=\"twitter:image\" content=\"https:\/\/rolda.ro\/magazin\/wp-content\/uploads\/2024\/06\/style1-preview.jpg\" \/>\n<meta name=\"twitter:label1\" content=\"Timp estimat pentru citire\" \/>\n\t<meta name=\"twitter:data1\" content=\"2 minute\" \/>\n<script type=\"application\/ld+json\" class=\"yoast-schema-graph\">{\"@context\":\"https:\/\/schema.org\",\"@graph\":[{\"@type\":\"WebSite\",\"@id\":\"https:\/\/rolda.ro\/magazin\/#website\",\"url\":\"https:\/\/rolda.ro\/magazin\/\",\"name\":\"ROLDA Magazin\",\"description\":\"Magazin\",\"potentialAction\":[{\"@type\":\"SearchAction\",\"target\":{\"@type\":\"EntryPoint\",\"urlTemplate\":\"https:\/\/rolda.ro\/magazin\/?s={search_term_string}\"},\"query-input\":\"required name=search_term_string\"}],\"inLanguage\":\"ro-RO\"},{\"@type\":\"ImageObject\",\"@id\":\"https:\/\/rolda.ro\/magazin\/produs\/breloc-pisicuta-cu-pata-albastra\/#primaryimage\",\"inLanguage\":\"ro-RO\",\"url\":\"https:\/\/rolda.ro\/magazin\/wp-content\/uploads\/2024\/06\/style1-preview.jpg\",\"contentUrl\":\"https:\/\/rolda.ro\/magazin\/wp-content\/uploads\/2024\/06\/style1-preview.jpg\",\"width\":1200,\"height\":630},{\"@type\":\"WebPage\",\"@id\":\"https:\/\/rolda.ro\/magazin\/produs\/breloc-pisicuta-cu-pata-albastra\/#webpage\",\"url\":\"https:\/\/rolda.ro\/magazin\/produs\/breloc-pisicuta-cu-pata-albastra\/\",\"name\":\"Breloc pisicu\u021b\u0103 cu pat\u0103 albastr\u0103 - ROLDA Magazin\",\"isPartOf\":{\"@id\":\"https:\/\/rolda.ro\/magazin\/#website\"},\"primaryImageOfPage\":{\"@id\":\"https:\/\/rolda.ro\/magazin\/produs\/breloc-pisicuta-cu-pata-albastra\/#primaryimage\"},\"datePublished\":\"2024-06-20T13:30:16+00:00\",\"dateModified\":\"2024-08-22T10:00:40+00:00\",\"breadcrumb\":{\"@id\":\"https:\/\/rolda.ro\/magazin\/produs\/breloc-pisicuta-cu-pata-albastra\/#breadcrumb\"},\"inLanguage\":\"ro-RO\",\"potentialAction\":[{\"@type\":\"ReadAction\",\"target\":[\"https:\/\/rolda.ro\/magazin\/produs\/breloc-pisicuta-cu-pata-albastra\/\"]}]},{\"@type\":\"BreadcrumbList\",\"@id\":\"https:\/\/rolda.ro\/magazin\/produs\/breloc-pisicuta-cu-pata-albastra\/#breadcrumb\",\"itemListElement\":[{\"@type\":\"ListItem\",\"position\":1,\"name\":\"Pagina principal\u0103\",\"item\":\"https:\/\/rolda.ro\/magazin\/\"},{\"@type\":\"ListItem\",\"position\":2,\"name\":\"Produse\",\"item\":\"https:\/\/rolda.ro\/magazin\/produse\/\"},{\"@type\":\"ListItem\",\"position\":3,\"name\":\"Breloc pisicu\u021b\u0103 cu pat\u0103 albastr\u0103\"}]}]}<\/script>\n<!-- \/ Yoast SEO plugin. -->","yoast_head_json":{"title":"Breloc pisicu\u021b\u0103 cu pat\u0103 albastr\u0103 - ROLDA Magazin","robots":{"index":"index","follow":"follow","max-snippet":"max-snippet:-1","max-image-preview":"max-image-preview:large","max-video-preview":"max-video-preview:-1"},"canonical":"https:\/\/rolda.ro\/magazin\/produs\/breloc-pisicuta-cu-pata-albastra\/","og_locale":"ro_RO","og_type":"article","og_title":"Cumpara un breloc pisicuta cu pata albastra lucrata manual pentru a ne ajuta sa protejam o pisica adevarata din Romania impotriva iernilor severe","og_description":"Creat de: AnitaBSign Prin cump\u0103rarea acestui obiect, aju\u021bi echipa ROLDA s\u0103 ofere protec\u021bie unui c\u00e2ine \u00eempotriva gerurilor iernii \u0219i \u00eei asiguri confortul \u00een ad\u0103postul ROLDA. Calde \u00eembr\u0103\u021bi\u0219\u0103ri \u0219i mult\u0103 apreciere din partea pisicutelor noastre \u0219i a intregii echipe ROLDA! Cadoul t\u0103u ajut\u0103 prietenii patrupezi s\u0103 fie protejati corespunzator in timpul sezonului rece. Ad\u0103postul ROLDA este eficient construit, la standarde europene, \u00eens\u0103 iernile pot fi foarte reci, cu nopti cand temperaturile scad sub -10C. De\u0219i pisicile noastre au experien\u021b\u0103 \u00een a supravietui intemperiilor pe str\u0103zi, iar un loc la ad\u0103post este clar un plus pentru ele, tot simtim ca este datoria noastra sa oferim tot ce este mai bun atat lor cat \u0219i angaja\u021bilor aflati zilnic la datorie. Realizat din fetru cu umplutur\u0103 antialergic\u0103","og_url":"https:\/\/rolda.ro\/magazin\/produs\/breloc-pisicuta-cu-pata-albastra\/","og_site_name":"ROLDA Magazin","article_modified_time":"2024-08-22T10:00:40+00:00","og_image":[{"width":1200,"height":630,"url":"https:\/\/rolda.ro\/magazin\/wp-content\/uploads\/2024\/06\/style1-preview.jpg","type":"image\/jpeg"}],"twitter_card":"summary_large_image","twitter_title":"Cumpara un breloc pisicuta cu pata albastra lucrata manual pentru a ne ajuta sa protejam o pisica adevarata din Romania impotriva iernilor severe","twitter_image":"https:\/\/rolda.ro\/magazin\/wp-content\/uploads\/2024\/06\/style1-preview.jpg","twitter_misc":{"Timp estimat pentru citire":"2 minute"},"schema":{"@context":"https:\/\/schema.org","@graph":[{"@type":"WebSite","@id":"https:\/\/rolda.ro\/magazin\/#website","url":"https:\/\/rolda.ro\/magazin\/","name":"ROLDA Magazin","description":"Magazin","potentialAction":[{"@type":"SearchAction","target":{"@type":"EntryPoint","urlTemplate":"https:\/\/rolda.ro\/magazin\/?s={search_term_string}"},"query-input":"required name=search_term_string"}],"inLanguage":"ro-RO"},{"@type":"ImageObject","@id":"https:\/\/rolda.ro\/magazin\/produs\/breloc-pisicuta-cu-pata-albastra\/#primaryimage","inLanguage":"ro-RO","url":"https:\/\/rolda.ro\/magazin\/wp-content\/uploads\/2024\/06\/style1-preview.jpg","contentUrl":"https:\/\/rolda.ro\/magazin\/wp-content\/uploads\/2024\/06\/style1-preview.jpg","width":1200,"height":630},{"@type":"WebPage","@id":"https:\/\/rolda.ro\/magazin\/produs\/breloc-pisicuta-cu-pata-albastra\/#webpage","url":"https:\/\/rolda.ro\/magazin\/produs\/breloc-pisicuta-cu-pata-albastra\/","name":"Breloc pisicu\u021b\u0103 cu pat\u0103 albastr\u0103 - ROLDA Magazin","isPartOf":{"@id":"https:\/\/rolda.ro\/magazin\/#website"},"primaryImageOfPage":{"@id":"https:\/\/rolda.ro\/magazin\/produs\/breloc-pisicuta-cu-pata-albastra\/#primaryimage"},"datePublished":"2024-06-20T13:30:16+00:00","dateModified":"2024-08-22T10:00:40+00:00","breadcrumb":{"@id":"https:\/\/rolda.ro\/magazin\/produs\/breloc-pisicuta-cu-pata-albastra\/#breadcrumb"},"inLanguage":"ro-RO","potentialAction":[{"@type":"ReadAction","target":["https:\/\/rolda.ro\/magazin\/produs\/breloc-pisicuta-cu-pata-albastra\/"]}]},{"@type":"BreadcrumbList","@id":"https:\/\/rolda.ro\/magazin\/produs\/breloc-pisicuta-cu-pata-albastra\/#breadcrumb","itemListElement":[{"@type":"ListItem","position":1,"name":"Pagina principal\u0103","item":"https:\/\/rolda.ro\/magazin\/"},{"@type":"ListItem","position":2,"name":"Produse","item":"https:\/\/rolda.ro\/magazin\/produse\/"},{"@type":"ListItem","position":3,"name":"Breloc pisicu\u021b\u0103 cu pat\u0103 albastr\u0103"}]}]}},"_links":{"self":[{"href":"https:\/\/rolda.ro\/magazin\/wp-json\/wp\/v2\/product\/2090"}],"collection":[{"href":"https:\/\/rolda.ro\/magazin\/wp-json\/wp\/v2\/product"}],"about":[{"href":"https:\/\/rolda.ro\/magazin\/wp-json\/wp\/v2\/types\/product"}],"replies":[{"embeddable":true,"href":"https:\/\/rolda.ro\/magazin\/wp-json\/wp\/v2\/comments?post=2090"}],"wp:featuredmedia":[{"embeddable":true,"href":"https:\/\/rolda.ro\/magazin\/wp-json\/wp\/v2\/media\/2087"}],"wp:attachment":[{"href":"https:\/\/rolda.ro\/magazin\/wp-json\/wp\/v2\/media?parent=2090"}],"wp:term":[{"taxonomy":"product_cat","embeddable":true,"href":"https:\/\/rolda.ro\/magazin\/wp-json\/wp\/v2\/product_cat?post=2090"},{"taxonomy":"product_tag","embeddable":true,"href":"https:\/\/rolda.ro\/magazin\/wp-json\/wp\/v2\/product_tag?post=2090"}],"curies":[{"name":"wp","href":"https:\/\/api.w.org\/{rel}","templated":true}]}}