{"id":2091,"date":"2024-06-20T13:37:53","date_gmt":"2024-06-20T13:37:53","guid":{"rendered":"https:\/\/rolda.ro\/magazin\/?post_type=product&#038;p=2091"},"modified":"2024-08-22T10:00:44","modified_gmt":"2024-08-22T10:00:44","slug":"breloc-caine-cu-urechi-maro","status":"publish","type":"product","link":"https:\/\/rolda.ro\/magazin\/produs\/breloc-caine-cu-urechi-maro\/","title":{"rendered":"Breloc c\u00e2ine cu urechi maro"},"content":{"rendered":"<p>Culoare: maro cu alb<\/p>\n<p>Dimensiune: 9&#215;7 cm<\/p>\n<p>Breloc c\u00e2ine din fetru lucrat manual \u0219i detalii din plastic.<\/p>\n<p>Acas\u0103 este locul unde se afl\u0103 c\u00e2inele t\u0103u. Adic\u0103 locul unde acesta te a\u0219teapt\u0103 cu ner\u0103bdare s\u0103 vii s\u0103 te joci, s\u0103 \u00eel m\u00e2ng\u00e2i \u0219i s\u0103 merge\u021bi la plimbare. \u00ce\u021bi vei aminti de acest lucru de fiecare dat\u0103 c\u00e2nd vei \u00eentinde m\u00e2na dup\u0103 chei. Prin urmare, pentru a te ajuta s\u0103 p\u0103strez vie aceast\u0103 emo\u021bie, \u00ee\u021bi recomand\u0103m acest breloc din fetru, creat de Anita BSign, un artist local foarte talentat. Produsul este realizat din fetru moale cu detalii negre din plastic. \u0218i pentru a-\u021bi aminti c\u0103 nu to\u021bi c\u00e2inii au norocul de a avea o cas\u0103 \u0219i pe cineva care s\u0103 se gr\u0103beasc\u0103 s\u0103 se \u00eentoarc\u0103 la ei, am inclus mesajul ROLDA \u201eGive hope\u201d, pentru a putea deschide cu u\u0219urin\u021b\u0103 o conversa\u021bie cu al\u021bii despre importan\u021ba adop\u021biilor.<\/p>\n<p>Acest produs este realizat exclusiv pentru magazinul ROLDA de c\u0103tre Anita, un artizan rom\u00e2n autentic. \u00centruc\u00e2t muncim \u00een fiecare zi pentru a transforma lumea \u00eentr-un loc mai bun pentru oameni \u0219i animale, sus\u021binem artizanii ale c\u0103ror crea\u021bii respect\u0103 natura.<\/p>\n<p>Cu mare sim\u021b de r\u0103spundere \u0219i cu maximum de eficien\u021b\u0103 c\u0103tre orice contribu\u021bie f\u0103cut\u0103 cauzei noastr\u0103, ROLDA salveaz\u0103 animalele f\u0103r\u0103 ad\u0103post de la abuz \u0219i experien\u021be traumatizante, oferindu-le un loc \u00een ad\u0103postul nostru \u0219i ajut\u00e2nd animalele din comunit\u0103\u021bile s\u0103race aflate \u00een condi\u021bii de risc de neglijare \u0219i abandon.<\/p>\n<div class=\"disclaimer\">\n<p>Pentru produsele realizate de c\u0103tre artizanii mentiona\u021bi pe pagina fiec\u0103rui obiect disponibil \u00een Magazinul online ROLDA; organiza\u021bia noastr\u0103 nu \u00ee\u0219i asum\u0103 r\u0103spunderea pentru \u00eent\u00e2rzierile la livrare cauzate de artizani sau de c\u0103tre serviciile po\u0219tale, diferen\u021be de orice fel \u00eentre descrierea produselor prezentate\/v\u00e2ndute, modul \u00een care produsele sunt create, realizate, asamblate sau modul \u00een care sunt folosite dup\u0103 ce sunt cump\u0103rate.<\/p>\n<\/div>\n","protected":false},"excerpt":{"rendered":"<p class=\"createdby\">Creat de: AnitaBSign<\/p>\n<p class=\"toptext\"><strong>Prin cump\u0103rarea acestui obiect, aju\u021bi echipa ROLDA s\u0103 ofere protec\u021bie unui c\u00e2ine \u00eempotriva gerurilor iernii \u0219i \u00eei asiguri confortul \u00een ad\u0103postul ROLDA.<\/strong><\/p>\n<p class=\"desc\">Calde \u00eembr\u0103\u021bi\u0219\u0103ri \u0219i mult\u0103 apreciere din partea pisicutelor noastre \u0219i a intregii echipe ROLDA! Cadoul t\u0103u ajut\u0103 prietenii patrupezi s\u0103 fie protejati corespunzator in timpul sezonului rece. Ad\u0103postul ROLDA este eficient construit, la standarde europene, \u00eens\u0103 iernile pot fi foarte reci, cu nopti cand temperaturile scad sub -10C. De\u0219i pisicile noastre au experien\u021b\u0103 \u00een a supravietui intemperiilor pe str\u0103zi, iar un loc la ad\u0103post este clar un plus pentru ele, tot simtim ca este datoria noastra sa oferim tot ce este mai bun atat lor cat \u0219i angaja\u021bilor aflati zilnic la datorie.<\/p>\n<p>Realizat din fetru cu elemente din plastic<\/p>\n","protected":false},"featured_media":2088,"comment_status":"open","ping_status":"closed","template":"","meta":[],"product_cat":[28],"product_tag":[187],"yoast_head":"<!-- This site is optimized with the Yoast SEO plugin v18.4.1 - https:\/\/yoast.com\/wordpress\/plugins\/seo\/ -->\n<title>Breloc c\u00e2ine cu urechi maro - ROLDA Magazin<\/title>\n<meta name=\"robots\" content=\"index, follow, max-snippet:-1, max-image-preview:large, max-video-preview:-1\" \/>\n<link rel=\"canonical\" href=\"https:\/\/rolda.ro\/magazin\/produs\/breloc-caine-cu-urechi-maro\/\" \/>\n<meta property=\"og:locale\" content=\"ro_RO\" \/>\n<meta property=\"og:type\" content=\"article\" \/>\n<meta property=\"og:title\" content=\"Cumpara un breloc caine cu urechi maro lucrat manual pentru a ne ajuta sa protejam un caine adevarat din Romania impotriva iernilor severe\" \/>\n<meta property=\"og:description\" content=\"Creat de: AnitaBSign Prin cump\u0103rarea acestui obiect, aju\u021bi echipa ROLDA s\u0103 ofere protec\u021bie unui c\u00e2ine \u00eempotriva gerurilor iernii \u0219i \u00eei asiguri confortul \u00een ad\u0103postul ROLDA. Calde \u00eembr\u0103\u021bi\u0219\u0103ri \u0219i mult\u0103 apreciere din partea pisicutelor noastre \u0219i a intregii echipe ROLDA! Cadoul t\u0103u ajut\u0103 prietenii patrupezi s\u0103 fie protejati corespunzator in timpul sezonului rece. Ad\u0103postul ROLDA este eficient construit, la standarde europene, \u00eens\u0103 iernile pot fi foarte reci, cu nopti cand temperaturile scad sub -10C. De\u0219i pisicile noastre au experien\u021b\u0103 \u00een a supravietui intemperiilor pe str\u0103zi, iar un loc la ad\u0103post este clar un plus pentru ele, tot simtim ca este datoria noastra sa oferim tot ce este mai bun atat lor cat \u0219i angaja\u021bilor aflati zilnic la datorie. Realizat din fetru cu elemente din plastic\" \/>\n<meta property=\"og:url\" content=\"https:\/\/rolda.ro\/magazin\/produs\/breloc-caine-cu-urechi-maro\/\" \/>\n<meta property=\"og:site_name\" content=\"ROLDA Magazin\" \/>\n<meta property=\"article:modified_time\" content=\"2024-08-22T10:00:44+00:00\" \/>\n<meta property=\"og:image\" content=\"https:\/\/rolda.ro\/magazin\/wp-content\/uploads\/2024\/06\/style2-preview.jpg\" \/>\n\t<meta property=\"og:image:width\" content=\"1200\" \/>\n\t<meta property=\"og:image:height\" content=\"630\" \/>\n\t<meta property=\"og:image:type\" content=\"image\/jpeg\" \/>\n<meta name=\"twitter:card\" content=\"summary_large_image\" \/>\n<meta name=\"twitter:title\" content=\"Cumpara un breloc caine cu urechi maro lucrat manual pentru a ne ajuta sa protejam un caine adevarat din Romania impotriva iernilor severe\" \/>\n<meta name=\"twitter:image\" content=\"https:\/\/rolda.ro\/magazin\/wp-content\/uploads\/2024\/06\/style2-preview.jpg\" \/>\n<meta name=\"twitter:label1\" content=\"Timp estimat pentru citire\" \/>\n\t<meta name=\"twitter:data1\" content=\"2 minute\" \/>\n<script type=\"application\/ld+json\" class=\"yoast-schema-graph\">{\"@context\":\"https:\/\/schema.org\",\"@graph\":[{\"@type\":\"WebSite\",\"@id\":\"https:\/\/rolda.ro\/magazin\/#website\",\"url\":\"https:\/\/rolda.ro\/magazin\/\",\"name\":\"ROLDA Magazin\",\"description\":\"Magazin\",\"potentialAction\":[{\"@type\":\"SearchAction\",\"target\":{\"@type\":\"EntryPoint\",\"urlTemplate\":\"https:\/\/rolda.ro\/magazin\/?s={search_term_string}\"},\"query-input\":\"required name=search_term_string\"}],\"inLanguage\":\"ro-RO\"},{\"@type\":\"ImageObject\",\"@id\":\"https:\/\/rolda.ro\/magazin\/produs\/breloc-caine-cu-urechi-maro\/#primaryimage\",\"inLanguage\":\"ro-RO\",\"url\":\"https:\/\/rolda.ro\/magazin\/wp-content\/uploads\/2024\/06\/style2-preview.jpg\",\"contentUrl\":\"https:\/\/rolda.ro\/magazin\/wp-content\/uploads\/2024\/06\/style2-preview.jpg\",\"width\":1200,\"height\":630},{\"@type\":\"WebPage\",\"@id\":\"https:\/\/rolda.ro\/magazin\/produs\/breloc-caine-cu-urechi-maro\/#webpage\",\"url\":\"https:\/\/rolda.ro\/magazin\/produs\/breloc-caine-cu-urechi-maro\/\",\"name\":\"Breloc c\u00e2ine cu urechi maro - ROLDA Magazin\",\"isPartOf\":{\"@id\":\"https:\/\/rolda.ro\/magazin\/#website\"},\"primaryImageOfPage\":{\"@id\":\"https:\/\/rolda.ro\/magazin\/produs\/breloc-caine-cu-urechi-maro\/#primaryimage\"},\"datePublished\":\"2024-06-20T13:37:53+00:00\",\"dateModified\":\"2024-08-22T10:00:44+00:00\",\"breadcrumb\":{\"@id\":\"https:\/\/rolda.ro\/magazin\/produs\/breloc-caine-cu-urechi-maro\/#breadcrumb\"},\"inLanguage\":\"ro-RO\",\"potentialAction\":[{\"@type\":\"ReadAction\",\"target\":[\"https:\/\/rolda.ro\/magazin\/produs\/breloc-caine-cu-urechi-maro\/\"]}]},{\"@type\":\"BreadcrumbList\",\"@id\":\"https:\/\/rolda.ro\/magazin\/produs\/breloc-caine-cu-urechi-maro\/#breadcrumb\",\"itemListElement\":[{\"@type\":\"ListItem\",\"position\":1,\"name\":\"Pagina principal\u0103\",\"item\":\"https:\/\/rolda.ro\/magazin\/\"},{\"@type\":\"ListItem\",\"position\":2,\"name\":\"Produse\",\"item\":\"https:\/\/rolda.ro\/magazin\/produse\/\"},{\"@type\":\"ListItem\",\"position\":3,\"name\":\"Breloc c\u00e2ine cu urechi maro\"}]}]}<\/script>\n<!-- \/ Yoast SEO plugin. -->","yoast_head_json":{"title":"Breloc c\u00e2ine cu urechi maro - ROLDA Magazin","robots":{"index":"index","follow":"follow","max-snippet":"max-snippet:-1","max-image-preview":"max-image-preview:large","max-video-preview":"max-video-preview:-1"},"canonical":"https:\/\/rolda.ro\/magazin\/produs\/breloc-caine-cu-urechi-maro\/","og_locale":"ro_RO","og_type":"article","og_title":"Cumpara un breloc caine cu urechi maro lucrat manual pentru a ne ajuta sa protejam un caine adevarat din Romania impotriva iernilor severe","og_description":"Creat de: AnitaBSign Prin cump\u0103rarea acestui obiect, aju\u021bi echipa ROLDA s\u0103 ofere protec\u021bie unui c\u00e2ine \u00eempotriva gerurilor iernii \u0219i \u00eei asiguri confortul \u00een ad\u0103postul ROLDA. Calde \u00eembr\u0103\u021bi\u0219\u0103ri \u0219i mult\u0103 apreciere din partea pisicutelor noastre \u0219i a intregii echipe ROLDA! Cadoul t\u0103u ajut\u0103 prietenii patrupezi s\u0103 fie protejati corespunzator in timpul sezonului rece. Ad\u0103postul ROLDA este eficient construit, la standarde europene, \u00eens\u0103 iernile pot fi foarte reci, cu nopti cand temperaturile scad sub -10C. De\u0219i pisicile noastre au experien\u021b\u0103 \u00een a supravietui intemperiilor pe str\u0103zi, iar un loc la ad\u0103post este clar un plus pentru ele, tot simtim ca este datoria noastra sa oferim tot ce este mai bun atat lor cat \u0219i angaja\u021bilor aflati zilnic la datorie. Realizat din fetru cu elemente din plastic","og_url":"https:\/\/rolda.ro\/magazin\/produs\/breloc-caine-cu-urechi-maro\/","og_site_name":"ROLDA Magazin","article_modified_time":"2024-08-22T10:00:44+00:00","og_image":[{"width":1200,"height":630,"url":"https:\/\/rolda.ro\/magazin\/wp-content\/uploads\/2024\/06\/style2-preview.jpg","type":"image\/jpeg"}],"twitter_card":"summary_large_image","twitter_title":"Cumpara un breloc caine cu urechi maro lucrat manual pentru a ne ajuta sa protejam un caine adevarat din Romania impotriva iernilor severe","twitter_image":"https:\/\/rolda.ro\/magazin\/wp-content\/uploads\/2024\/06\/style2-preview.jpg","twitter_misc":{"Timp estimat pentru citire":"2 minute"},"schema":{"@context":"https:\/\/schema.org","@graph":[{"@type":"WebSite","@id":"https:\/\/rolda.ro\/magazin\/#website","url":"https:\/\/rolda.ro\/magazin\/","name":"ROLDA Magazin","description":"Magazin","potentialAction":[{"@type":"SearchAction","target":{"@type":"EntryPoint","urlTemplate":"https:\/\/rolda.ro\/magazin\/?s={search_term_string}"},"query-input":"required name=search_term_string"}],"inLanguage":"ro-RO"},{"@type":"ImageObject","@id":"https:\/\/rolda.ro\/magazin\/produs\/breloc-caine-cu-urechi-maro\/#primaryimage","inLanguage":"ro-RO","url":"https:\/\/rolda.ro\/magazin\/wp-content\/uploads\/2024\/06\/style2-preview.jpg","contentUrl":"https:\/\/rolda.ro\/magazin\/wp-content\/uploads\/2024\/06\/style2-preview.jpg","width":1200,"height":630},{"@type":"WebPage","@id":"https:\/\/rolda.ro\/magazin\/produs\/breloc-caine-cu-urechi-maro\/#webpage","url":"https:\/\/rolda.ro\/magazin\/produs\/breloc-caine-cu-urechi-maro\/","name":"Breloc c\u00e2ine cu urechi maro - ROLDA Magazin","isPartOf":{"@id":"https:\/\/rolda.ro\/magazin\/#website"},"primaryImageOfPage":{"@id":"https:\/\/rolda.ro\/magazin\/produs\/breloc-caine-cu-urechi-maro\/#primaryimage"},"datePublished":"2024-06-20T13:37:53+00:00","dateModified":"2024-08-22T10:00:44+00:00","breadcrumb":{"@id":"https:\/\/rolda.ro\/magazin\/produs\/breloc-caine-cu-urechi-maro\/#breadcrumb"},"inLanguage":"ro-RO","potentialAction":[{"@type":"ReadAction","target":["https:\/\/rolda.ro\/magazin\/produs\/breloc-caine-cu-urechi-maro\/"]}]},{"@type":"BreadcrumbList","@id":"https:\/\/rolda.ro\/magazin\/produs\/breloc-caine-cu-urechi-maro\/#breadcrumb","itemListElement":[{"@type":"ListItem","position":1,"name":"Pagina principal\u0103","item":"https:\/\/rolda.ro\/magazin\/"},{"@type":"ListItem","position":2,"name":"Produse","item":"https:\/\/rolda.ro\/magazin\/produse\/"},{"@type":"ListItem","position":3,"name":"Breloc c\u00e2ine cu urechi maro"}]}]}},"_links":{"self":[{"href":"https:\/\/rolda.ro\/magazin\/wp-json\/wp\/v2\/product\/2091"}],"collection":[{"href":"https:\/\/rolda.ro\/magazin\/wp-json\/wp\/v2\/product"}],"about":[{"href":"https:\/\/rolda.ro\/magazin\/wp-json\/wp\/v2\/types\/product"}],"replies":[{"embeddable":true,"href":"https:\/\/rolda.ro\/magazin\/wp-json\/wp\/v2\/comments?post=2091"}],"wp:featuredmedia":[{"embeddable":true,"href":"https:\/\/rolda.ro\/magazin\/wp-json\/wp\/v2\/media\/2088"}],"wp:attachment":[{"href":"https:\/\/rolda.ro\/magazin\/wp-json\/wp\/v2\/media?parent=2091"}],"wp:term":[{"taxonomy":"product_cat","embeddable":true,"href":"https:\/\/rolda.ro\/magazin\/wp-json\/wp\/v2\/product_cat?post=2091"},{"taxonomy":"product_tag","embeddable":true,"href":"https:\/\/rolda.ro\/magazin\/wp-json\/wp\/v2\/product_tag?post=2091"}],"curies":[{"name":"wp","href":"https:\/\/api.w.org\/{rel}","templated":true}]}}