{"id":2129,"date":"2024-11-08T14:27:37","date_gmt":"2024-11-08T14:27:37","guid":{"rendered":"https:\/\/rolda.ro\/magazin\/?post_type=product&#038;p=2129"},"modified":"2024-11-08T14:37:06","modified_gmt":"2024-11-08T14:37:06","slug":"surprise-box-black-friday","status":"publish","type":"product","link":"https:\/\/rolda.ro\/magazin\/produs\/surprise-box-black-friday\/","title":{"rendered":"Surprise box Black Friday"},"content":{"rendered":"","protected":false},"excerpt":{"rendered":"<p class=\"toptext\"><strong>De Black Friday, surprinde-te pe tine \u0219i pe prietenul t\u0103u patruped cu un ROLDA Surprise Box personalizat \u2013 cadouri speciale at\u00e2t pentru tine, c\u00e2t \u0219i pentru pisica sau c\u0103\u021belul t\u0103u!<\/p>\n<p class=\"desc\" style=\"padding-top: 24px;\">Te rug\u0103m s\u0103 ne men\u021bionezi \u00een noti\u021be dac\u0103 prietenul t\u0103u bl\u0103nos este pisic\u0103 sau c\u0103\u021bel pentru a crea un pachet persoanlizat pentru voi.<\/p>\n","protected":false},"featured_media":2127,"comment_status":"open","ping_status":"closed","template":"","meta":[],"product_cat":[16],"product_tag":[192],"yoast_head":"<!-- This site is optimized with the Yoast SEO plugin v18.4.1 - https:\/\/yoast.com\/wordpress\/plugins\/seo\/ -->\n<title>Surprise box Black Friday - ROLDA Magazin<\/title>\n<meta name=\"robots\" content=\"index, follow, max-snippet:-1, max-image-preview:large, max-video-preview:-1\" \/>\n<link rel=\"canonical\" href=\"https:\/\/rolda.ro\/magazin\/produs\/surprise-box-black-friday\/\" \/>\n<meta property=\"og:locale\" content=\"ro_RO\" \/>\n<meta property=\"og:type\" content=\"article\" \/>\n<meta property=\"og:title\" content=\"Surprise box Black Friday - ROLDA Magazin\" \/>\n<meta property=\"og:description\" content=\"De Black Friday, surprinde-te pe tine \u0219i pe prietenul t\u0103u patruped cu un ROLDA Surprise Box personalizat \u2013 cadouri speciale at\u00e2t pentru tine, c\u00e2t \u0219i pentru pisica sau c\u0103\u021belul t\u0103u! Te rug\u0103m s\u0103 ne men\u021bionezi \u00een noti\u021be dac\u0103 prietenul t\u0103u bl\u0103nos este pisic\u0103 sau c\u0103\u021bel pentru a crea un pachet persoanlizat pentru voi.\" \/>\n<meta property=\"og:url\" content=\"https:\/\/rolda.ro\/magazin\/produs\/surprise-box-black-friday\/\" \/>\n<meta property=\"og:site_name\" content=\"ROLDA Magazin\" \/>\n<meta property=\"article:modified_time\" content=\"2024-11-08T14:37:06+00:00\" \/>\n<meta property=\"og:image\" content=\"https:\/\/rolda.ro\/magazin\/wp-content\/uploads\/2024\/11\/Surprise-box.png\" \/>\n\t<meta property=\"og:image:width\" content=\"4320\" \/>\n\t<meta property=\"og:image:height\" content=\"4320\" \/>\n\t<meta property=\"og:image:type\" content=\"image\/png\" \/>\n<meta name=\"twitter:card\" content=\"summary_large_image\" \/>\n<script type=\"application\/ld+json\" class=\"yoast-schema-graph\">{\"@context\":\"https:\/\/schema.org\",\"@graph\":[{\"@type\":\"WebSite\",\"@id\":\"https:\/\/rolda.ro\/magazin\/#website\",\"url\":\"https:\/\/rolda.ro\/magazin\/\",\"name\":\"ROLDA Magazin\",\"description\":\"Magazin\",\"potentialAction\":[{\"@type\":\"SearchAction\",\"target\":{\"@type\":\"EntryPoint\",\"urlTemplate\":\"https:\/\/rolda.ro\/magazin\/?s={search_term_string}\"},\"query-input\":\"required name=search_term_string\"}],\"inLanguage\":\"ro-RO\"},{\"@type\":\"ImageObject\",\"@id\":\"https:\/\/rolda.ro\/magazin\/produs\/surprise-box-black-friday\/#primaryimage\",\"inLanguage\":\"ro-RO\",\"url\":\"https:\/\/rolda.ro\/magazin\/wp-content\/uploads\/2024\/11\/Surprise-box.png\",\"contentUrl\":\"https:\/\/rolda.ro\/magazin\/wp-content\/uploads\/2024\/11\/Surprise-box.png\",\"width\":4320,\"height\":4320},{\"@type\":\"WebPage\",\"@id\":\"https:\/\/rolda.ro\/magazin\/produs\/surprise-box-black-friday\/#webpage\",\"url\":\"https:\/\/rolda.ro\/magazin\/produs\/surprise-box-black-friday\/\",\"name\":\"Surprise box Black Friday - ROLDA Magazin\",\"isPartOf\":{\"@id\":\"https:\/\/rolda.ro\/magazin\/#website\"},\"primaryImageOfPage\":{\"@id\":\"https:\/\/rolda.ro\/magazin\/produs\/surprise-box-black-friday\/#primaryimage\"},\"datePublished\":\"2024-11-08T14:27:37+00:00\",\"dateModified\":\"2024-11-08T14:37:06+00:00\",\"breadcrumb\":{\"@id\":\"https:\/\/rolda.ro\/magazin\/produs\/surprise-box-black-friday\/#breadcrumb\"},\"inLanguage\":\"ro-RO\",\"potentialAction\":[{\"@type\":\"ReadAction\",\"target\":[\"https:\/\/rolda.ro\/magazin\/produs\/surprise-box-black-friday\/\"]}]},{\"@type\":\"BreadcrumbList\",\"@id\":\"https:\/\/rolda.ro\/magazin\/produs\/surprise-box-black-friday\/#breadcrumb\",\"itemListElement\":[{\"@type\":\"ListItem\",\"position\":1,\"name\":\"Pagina principal\u0103\",\"item\":\"https:\/\/rolda.ro\/magazin\/\"},{\"@type\":\"ListItem\",\"position\":2,\"name\":\"Produse\",\"item\":\"https:\/\/rolda.ro\/magazin\/produse\/\"},{\"@type\":\"ListItem\",\"position\":3,\"name\":\"Surprise box Black Friday\"}]}]}<\/script>\n<!-- \/ Yoast SEO plugin. -->","yoast_head_json":{"title":"Surprise box Black Friday - ROLDA Magazin","robots":{"index":"index","follow":"follow","max-snippet":"max-snippet:-1","max-image-preview":"max-image-preview:large","max-video-preview":"max-video-preview:-1"},"canonical":"https:\/\/rolda.ro\/magazin\/produs\/surprise-box-black-friday\/","og_locale":"ro_RO","og_type":"article","og_title":"Surprise box Black Friday - ROLDA Magazin","og_description":"De Black Friday, surprinde-te pe tine \u0219i pe prietenul t\u0103u patruped cu un ROLDA Surprise Box personalizat \u2013 cadouri speciale at\u00e2t pentru tine, c\u00e2t \u0219i pentru pisica sau c\u0103\u021belul t\u0103u! Te rug\u0103m s\u0103 ne men\u021bionezi \u00een noti\u021be dac\u0103 prietenul t\u0103u bl\u0103nos este pisic\u0103 sau c\u0103\u021bel pentru a crea un pachet persoanlizat pentru voi.","og_url":"https:\/\/rolda.ro\/magazin\/produs\/surprise-box-black-friday\/","og_site_name":"ROLDA Magazin","article_modified_time":"2024-11-08T14:37:06+00:00","og_image":[{"width":4320,"height":4320,"url":"https:\/\/rolda.ro\/magazin\/wp-content\/uploads\/2024\/11\/Surprise-box.png","type":"image\/png"}],"twitter_card":"summary_large_image","schema":{"@context":"https:\/\/schema.org","@graph":[{"@type":"WebSite","@id":"https:\/\/rolda.ro\/magazin\/#website","url":"https:\/\/rolda.ro\/magazin\/","name":"ROLDA Magazin","description":"Magazin","potentialAction":[{"@type":"SearchAction","target":{"@type":"EntryPoint","urlTemplate":"https:\/\/rolda.ro\/magazin\/?s={search_term_string}"},"query-input":"required name=search_term_string"}],"inLanguage":"ro-RO"},{"@type":"ImageObject","@id":"https:\/\/rolda.ro\/magazin\/produs\/surprise-box-black-friday\/#primaryimage","inLanguage":"ro-RO","url":"https:\/\/rolda.ro\/magazin\/wp-content\/uploads\/2024\/11\/Surprise-box.png","contentUrl":"https:\/\/rolda.ro\/magazin\/wp-content\/uploads\/2024\/11\/Surprise-box.png","width":4320,"height":4320},{"@type":"WebPage","@id":"https:\/\/rolda.ro\/magazin\/produs\/surprise-box-black-friday\/#webpage","url":"https:\/\/rolda.ro\/magazin\/produs\/surprise-box-black-friday\/","name":"Surprise box Black Friday - ROLDA Magazin","isPartOf":{"@id":"https:\/\/rolda.ro\/magazin\/#website"},"primaryImageOfPage":{"@id":"https:\/\/rolda.ro\/magazin\/produs\/surprise-box-black-friday\/#primaryimage"},"datePublished":"2024-11-08T14:27:37+00:00","dateModified":"2024-11-08T14:37:06+00:00","breadcrumb":{"@id":"https:\/\/rolda.ro\/magazin\/produs\/surprise-box-black-friday\/#breadcrumb"},"inLanguage":"ro-RO","potentialAction":[{"@type":"ReadAction","target":["https:\/\/rolda.ro\/magazin\/produs\/surprise-box-black-friday\/"]}]},{"@type":"BreadcrumbList","@id":"https:\/\/rolda.ro\/magazin\/produs\/surprise-box-black-friday\/#breadcrumb","itemListElement":[{"@type":"ListItem","position":1,"name":"Pagina principal\u0103","item":"https:\/\/rolda.ro\/magazin\/"},{"@type":"ListItem","position":2,"name":"Produse","item":"https:\/\/rolda.ro\/magazin\/produse\/"},{"@type":"ListItem","position":3,"name":"Surprise box Black Friday"}]}]}},"_links":{"self":[{"href":"https:\/\/rolda.ro\/magazin\/wp-json\/wp\/v2\/product\/2129"}],"collection":[{"href":"https:\/\/rolda.ro\/magazin\/wp-json\/wp\/v2\/product"}],"about":[{"href":"https:\/\/rolda.ro\/magazin\/wp-json\/wp\/v2\/types\/product"}],"replies":[{"embeddable":true,"href":"https:\/\/rolda.ro\/magazin\/wp-json\/wp\/v2\/comments?post=2129"}],"wp:featuredmedia":[{"embeddable":true,"href":"https:\/\/rolda.ro\/magazin\/wp-json\/wp\/v2\/media\/2127"}],"wp:attachment":[{"href":"https:\/\/rolda.ro\/magazin\/wp-json\/wp\/v2\/media?parent=2129"}],"wp:term":[{"taxonomy":"product_cat","embeddable":true,"href":"https:\/\/rolda.ro\/magazin\/wp-json\/wp\/v2\/product_cat?post=2129"},{"taxonomy":"product_tag","embeddable":true,"href":"https:\/\/rolda.ro\/magazin\/wp-json\/wp\/v2\/product_tag?post=2129"}],"curies":[{"name":"wp","href":"https:\/\/api.w.org\/{rel}","templated":true}]}}