{"id":2226,"date":"2025-02-26T19:26:09","date_gmt":"2025-02-26T19:26:09","guid":{"rendered":"https:\/\/rolda.ro\/magazin\/?post_type=product&#038;p=2226"},"modified":"2026-01-22T10:42:08","modified_gmt":"2026-01-22T10:42:08","slug":"cana-emailata-personalizata-rolda","status":"publish","type":"product","link":"https:\/\/rolda.ro\/magazin\/produs\/cana-emailata-personalizata-rolda\/","title":{"rendered":"Can\u0103 emailat\u0103 personalizat\u0103 ROLDA"},"content":{"rendered":"<p>U\u0219oar\u0103 \u0219i durabil\u0103, cana emailat\u0103 \u00een stil retro este un must-have pentru fiecare camper devotat.<\/p>\n<p>Dimensiuni cana: \u00f887\u00d780 mm, 350ml<br \/>\nSuprafa\u021ba maxim\u0103 de imprimare: 190 mm x 50 mm<br \/>\nNu poate fi sp\u0103lat \u00een ma\u0219in\u0103 de sp\u0103lat vase \u0219i folosit\u0103 \u00een cuptor cu microunde<\/p>\n<p>Cu mare sim\u021b de r\u0103spundere \u0219i cu maximum de eficien\u021b\u0103 c\u0103tre orice contribu\u021bie f\u0103cut\u0103 cauzei noastr\u0103, ROLDA salveaz\u0103 animalele f\u0103r\u0103 ad\u0103post de la abuz \u0219i experien\u021be traumatizante, oferindu-le un loc \u00een ad\u0103postul nostru \u0219i ajut\u00e2nd animalele din comunit\u0103\u021bile s\u0103race aflate \u00een condi\u021bii de risc de neglijare \u0219i abandon.<\/p>\n<div class=\"disclaimer\">\n<p>Pentru produsele realizate de c\u0103tre artizanii mentiona\u021bi pe pagina fiec\u0103rui obiect disponibil \u00een Magazinul online ROLDA; organiza\u021bia noastr\u0103 nu \u00ee\u0219i asum\u0103 r\u0103spunderea pentru \u00eent\u00e2rzierile la livrare cauzate de artizani sau de c\u0103tre serviciile po\u0219tale, diferen\u021be de orice fel \u00eentre descrierea produselor prezentate\/v\u00e2ndute, modul \u00een care produsele sunt create, realizate, asamblate sau modul \u00een care sunt folosite dup\u0103 ce sunt cump\u0103rate.<\/p>\n<\/div>\n","protected":false},"excerpt":{"rendered":"<p class=\"createdby\">Creat de: ROLDA<\/p>\n<p class=\"toptext\"><strong>Bun\u0103 treab\u0103! Cump\u0103r\u00e2nd acest cadou, aju\u021bi echipa ROLDA de salvare s\u0103 \u00eel \u021bin\u0103 pe Smiley bine-hr\u0103nit timp de 2 luni! Acest c\u0103\u021bel adorabil salvat de pe str\u0103zile periculoase va fi recunosc\u0103tor pentru c\u0103 nu va mai fi niciodat\u0103 fl\u0103m\u00e2nd. Mul\u021bumim!<\/strong><\/p>\n<p class=\"desc\">Material: email<\/p>\n","protected":false},"featured_media":2234,"comment_status":"open","ping_status":"closed","template":"","meta":[],"product_cat":[250],"product_tag":[188,192],"yoast_head":"<!-- This site is optimized with the Yoast SEO plugin v18.4.1 - https:\/\/yoast.com\/wordpress\/plugins\/seo\/ -->\n<title>Can\u0103 emailat\u0103 personalizat\u0103 ROLDA - ROLDA Magazin<\/title>\n<meta name=\"robots\" content=\"index, follow, max-snippet:-1, max-image-preview:large, max-video-preview:-1\" \/>\n<link rel=\"canonical\" href=\"https:\/\/rolda.ro\/magazin\/produs\/cana-emailata-personalizata-rolda\/\" \/>\n<meta property=\"og:locale\" content=\"ro_RO\" \/>\n<meta property=\"og:type\" content=\"article\" \/>\n<meta property=\"og:title\" content=\"Cumpara o cana emailata personalizata ROLDA pentru a asigura hrana unui caine din adaposturile ROLDA timp de 2 luni\" \/>\n<meta property=\"og:description\" content=\"Creat de: ROLDA Bun\u0103 treab\u0103! Cump\u0103r\u00e2nd acest cadou, aju\u021bi echipa ROLDA de salvare s\u0103 \u00eel \u021bin\u0103 pe Smiley bine-hr\u0103nit timp de 2 luni! Acest c\u0103\u021bel adorabil salvat de pe str\u0103zile periculoase va fi recunosc\u0103tor pentru c\u0103 nu va mai fi niciodat\u0103 fl\u0103m\u00e2nd. Mul\u021bumim! Material: email\" \/>\n<meta property=\"og:url\" content=\"https:\/\/rolda.ro\/magazin\/produs\/cana-emailata-personalizata-rolda\/\" \/>\n<meta property=\"og:site_name\" content=\"ROLDA Magazin\" \/>\n<meta property=\"article:modified_time\" content=\"2026-01-22T10:42:08+00:00\" \/>\n<meta property=\"og:image\" content=\"https:\/\/rolda.ro\/magazin\/wp-content\/uploads\/2025\/02\/cana3-2.png\" \/>\n\t<meta property=\"og:image:width\" content=\"600\" \/>\n\t<meta property=\"og:image:height\" content=\"600\" \/>\n\t<meta property=\"og:image:type\" content=\"image\/png\" \/>\n<meta name=\"twitter:card\" content=\"summary_large_image\" \/>\n<meta name=\"twitter:title\" content=\"Cumpara o cana emailata personalizata ROLDA pentru a asigura hrana unui caine din adaposturile ROLDA timp de 2 luni\" \/>\n<meta name=\"twitter:image\" content=\"https:\/\/rolda.ro\/magazin\/wp-content\/uploads\/2025\/02\/cana3-2.png\" \/>\n<meta name=\"twitter:label1\" content=\"Timp estimat pentru citire\" \/>\n\t<meta name=\"twitter:data1\" content=\"1 minut\" \/>\n<script type=\"application\/ld+json\" class=\"yoast-schema-graph\">{\"@context\":\"https:\/\/schema.org\",\"@graph\":[{\"@type\":\"WebSite\",\"@id\":\"https:\/\/rolda.ro\/magazin\/#website\",\"url\":\"https:\/\/rolda.ro\/magazin\/\",\"name\":\"ROLDA Magazin\",\"description\":\"Magazin\",\"potentialAction\":[{\"@type\":\"SearchAction\",\"target\":{\"@type\":\"EntryPoint\",\"urlTemplate\":\"https:\/\/rolda.ro\/magazin\/?s={search_term_string}\"},\"query-input\":\"required name=search_term_string\"}],\"inLanguage\":\"ro-RO\"},{\"@type\":\"ImageObject\",\"@id\":\"https:\/\/rolda.ro\/magazin\/produs\/cana-emailata-personalizata-rolda\/#primaryimage\",\"inLanguage\":\"ro-RO\",\"url\":\"https:\/\/rolda.ro\/magazin\/wp-content\/uploads\/2025\/02\/cana3-2.png\",\"contentUrl\":\"https:\/\/rolda.ro\/magazin\/wp-content\/uploads\/2025\/02\/cana3-2.png\",\"width\":600,\"height\":600},{\"@type\":\"WebPage\",\"@id\":\"https:\/\/rolda.ro\/magazin\/produs\/cana-emailata-personalizata-rolda\/#webpage\",\"url\":\"https:\/\/rolda.ro\/magazin\/produs\/cana-emailata-personalizata-rolda\/\",\"name\":\"Can\u0103 emailat\u0103 personalizat\u0103 ROLDA - ROLDA Magazin\",\"isPartOf\":{\"@id\":\"https:\/\/rolda.ro\/magazin\/#website\"},\"primaryImageOfPage\":{\"@id\":\"https:\/\/rolda.ro\/magazin\/produs\/cana-emailata-personalizata-rolda\/#primaryimage\"},\"datePublished\":\"2025-02-26T19:26:09+00:00\",\"dateModified\":\"2026-01-22T10:42:08+00:00\",\"breadcrumb\":{\"@id\":\"https:\/\/rolda.ro\/magazin\/produs\/cana-emailata-personalizata-rolda\/#breadcrumb\"},\"inLanguage\":\"ro-RO\",\"potentialAction\":[{\"@type\":\"ReadAction\",\"target\":[\"https:\/\/rolda.ro\/magazin\/produs\/cana-emailata-personalizata-rolda\/\"]}]},{\"@type\":\"BreadcrumbList\",\"@id\":\"https:\/\/rolda.ro\/magazin\/produs\/cana-emailata-personalizata-rolda\/#breadcrumb\",\"itemListElement\":[{\"@type\":\"ListItem\",\"position\":1,\"name\":\"Pagina principal\u0103\",\"item\":\"https:\/\/rolda.ro\/magazin\/\"},{\"@type\":\"ListItem\",\"position\":2,\"name\":\"Produse\",\"item\":\"https:\/\/rolda.ro\/magazin\/produse\/\"},{\"@type\":\"ListItem\",\"position\":3,\"name\":\"Can\u0103 emailat\u0103 personalizat\u0103 ROLDA\"}]}]}<\/script>\n<!-- \/ Yoast SEO plugin. -->","yoast_head_json":{"title":"Can\u0103 emailat\u0103 personalizat\u0103 ROLDA - ROLDA Magazin","robots":{"index":"index","follow":"follow","max-snippet":"max-snippet:-1","max-image-preview":"max-image-preview:large","max-video-preview":"max-video-preview:-1"},"canonical":"https:\/\/rolda.ro\/magazin\/produs\/cana-emailata-personalizata-rolda\/","og_locale":"ro_RO","og_type":"article","og_title":"Cumpara o cana emailata personalizata ROLDA pentru a asigura hrana unui caine din adaposturile ROLDA timp de 2 luni","og_description":"Creat de: ROLDA Bun\u0103 treab\u0103! Cump\u0103r\u00e2nd acest cadou, aju\u021bi echipa ROLDA de salvare s\u0103 \u00eel \u021bin\u0103 pe Smiley bine-hr\u0103nit timp de 2 luni! Acest c\u0103\u021bel adorabil salvat de pe str\u0103zile periculoase va fi recunosc\u0103tor pentru c\u0103 nu va mai fi niciodat\u0103 fl\u0103m\u00e2nd. Mul\u021bumim! Material: email","og_url":"https:\/\/rolda.ro\/magazin\/produs\/cana-emailata-personalizata-rolda\/","og_site_name":"ROLDA Magazin","article_modified_time":"2026-01-22T10:42:08+00:00","og_image":[{"width":600,"height":600,"url":"https:\/\/rolda.ro\/magazin\/wp-content\/uploads\/2025\/02\/cana3-2.png","type":"image\/png"}],"twitter_card":"summary_large_image","twitter_title":"Cumpara o cana emailata personalizata ROLDA pentru a asigura hrana unui caine din adaposturile ROLDA timp de 2 luni","twitter_image":"https:\/\/rolda.ro\/magazin\/wp-content\/uploads\/2025\/02\/cana3-2.png","twitter_misc":{"Timp estimat pentru citire":"1 minut"},"schema":{"@context":"https:\/\/schema.org","@graph":[{"@type":"WebSite","@id":"https:\/\/rolda.ro\/magazin\/#website","url":"https:\/\/rolda.ro\/magazin\/","name":"ROLDA Magazin","description":"Magazin","potentialAction":[{"@type":"SearchAction","target":{"@type":"EntryPoint","urlTemplate":"https:\/\/rolda.ro\/magazin\/?s={search_term_string}"},"query-input":"required name=search_term_string"}],"inLanguage":"ro-RO"},{"@type":"ImageObject","@id":"https:\/\/rolda.ro\/magazin\/produs\/cana-emailata-personalizata-rolda\/#primaryimage","inLanguage":"ro-RO","url":"https:\/\/rolda.ro\/magazin\/wp-content\/uploads\/2025\/02\/cana3-2.png","contentUrl":"https:\/\/rolda.ro\/magazin\/wp-content\/uploads\/2025\/02\/cana3-2.png","width":600,"height":600},{"@type":"WebPage","@id":"https:\/\/rolda.ro\/magazin\/produs\/cana-emailata-personalizata-rolda\/#webpage","url":"https:\/\/rolda.ro\/magazin\/produs\/cana-emailata-personalizata-rolda\/","name":"Can\u0103 emailat\u0103 personalizat\u0103 ROLDA - ROLDA Magazin","isPartOf":{"@id":"https:\/\/rolda.ro\/magazin\/#website"},"primaryImageOfPage":{"@id":"https:\/\/rolda.ro\/magazin\/produs\/cana-emailata-personalizata-rolda\/#primaryimage"},"datePublished":"2025-02-26T19:26:09+00:00","dateModified":"2026-01-22T10:42:08+00:00","breadcrumb":{"@id":"https:\/\/rolda.ro\/magazin\/produs\/cana-emailata-personalizata-rolda\/#breadcrumb"},"inLanguage":"ro-RO","potentialAction":[{"@type":"ReadAction","target":["https:\/\/rolda.ro\/magazin\/produs\/cana-emailata-personalizata-rolda\/"]}]},{"@type":"BreadcrumbList","@id":"https:\/\/rolda.ro\/magazin\/produs\/cana-emailata-personalizata-rolda\/#breadcrumb","itemListElement":[{"@type":"ListItem","position":1,"name":"Pagina principal\u0103","item":"https:\/\/rolda.ro\/magazin\/"},{"@type":"ListItem","position":2,"name":"Produse","item":"https:\/\/rolda.ro\/magazin\/produse\/"},{"@type":"ListItem","position":3,"name":"Can\u0103 emailat\u0103 personalizat\u0103 ROLDA"}]}]}},"_links":{"self":[{"href":"https:\/\/rolda.ro\/magazin\/wp-json\/wp\/v2\/product\/2226"}],"collection":[{"href":"https:\/\/rolda.ro\/magazin\/wp-json\/wp\/v2\/product"}],"about":[{"href":"https:\/\/rolda.ro\/magazin\/wp-json\/wp\/v2\/types\/product"}],"replies":[{"embeddable":true,"href":"https:\/\/rolda.ro\/magazin\/wp-json\/wp\/v2\/comments?post=2226"}],"wp:featuredmedia":[{"embeddable":true,"href":"https:\/\/rolda.ro\/magazin\/wp-json\/wp\/v2\/media\/2234"}],"wp:attachment":[{"href":"https:\/\/rolda.ro\/magazin\/wp-json\/wp\/v2\/media?parent=2226"}],"wp:term":[{"taxonomy":"product_cat","embeddable":true,"href":"https:\/\/rolda.ro\/magazin\/wp-json\/wp\/v2\/product_cat?post=2226"},{"taxonomy":"product_tag","embeddable":true,"href":"https:\/\/rolda.ro\/magazin\/wp-json\/wp\/v2\/product_tag?post=2226"}],"curies":[{"name":"wp","href":"https:\/\/api.w.org\/{rel}","templated":true}]}}