{"id":2341,"date":"2025-02-26T22:37:41","date_gmt":"2025-02-26T22:37:41","guid":{"rendered":"https:\/\/rolda.ro\/magazin\/?post_type=product&#038;p=2341"},"modified":"2026-01-22T10:42:26","modified_gmt":"2026-01-22T10:42:26","slug":"hanorac-personalizat-rolda","status":"publish","type":"product","link":"https:\/\/rolda.ro\/magazin\/produs\/hanorac-personalizat-rolda\/","title":{"rendered":"Hanorac personalizat ROLDA"},"content":{"rendered":"<p>Glug\u0103 dublu stratificat\u0103<br \/>\nSnururi plate \u00een culoarea asortat\u0103, cu v\u00e2rf metalic<br \/>\nOchiuri metalice<br \/>\nBand\u0103 \u00een interiorul g\u00e2tului din spate<br \/>\nTiv la m\u00e2nec\u0103 \u0219i tiv inferior cu cus\u0103tur\u0103 superioar\u0103 cu ac dublu<\/p>\n<p>Material: 85% Bumbac, 15% Poliester &#8211; Reciclat, Tesatura spalata<\/p>\n<p>Greutate: 350 g\/m\u00b2<\/p>\n<p>Instruc\u021biuni de sp\u0103lare: sp\u0103lare &#8211; 30\u00b0, c\u0103lcare &#8211; 110\u00b0, albire &#8211; nu<\/p>\n<p>Cu mare sim\u021b de r\u0103spundere \u0219i cu maximum de eficien\u021b\u0103 c\u0103tre orice contribu\u021bie f\u0103cut\u0103 cauzei noastr\u0103, ROLDA salveaz\u0103 animalele f\u0103r\u0103 ad\u0103post de la abuz \u0219i experien\u021be traumatizante, oferindu-le un loc \u00een ad\u0103postul nostru \u0219i ajut\u00e2nd animalele din comunit\u0103\u021bile s\u0103race aflate \u00een condi\u021bii de risc de neglijare \u0219i abandon.<\/p>\n<div class=\"disclaimer\">\n<p>Pentru produsele realizate de c\u0103tre artizanii mentiona\u021bi pe pagina fiec\u0103rui obiect disponibil \u00een Magazinul online ROLDA; organiza\u021bia noastr\u0103 nu \u00ee\u0219i asum\u0103 r\u0103spunderea pentru \u00eent\u00e2rzierile la livrare cauzate de artizani sau de c\u0103tre serviciile po\u0219tale, diferen\u021be de orice fel \u00eentre descrierea produselor prezentate\/v\u00e2ndute, modul \u00een care produsele sunt create, realizate, asamblate sau modul \u00een care sunt folosite dup\u0103 ce sunt cump\u0103rate.<\/p>\n<\/div>\n","protected":false},"excerpt":{"rendered":"<p class=\"createdbynone\">Creat de: ROLDA<\/p>\n<p class=\"toptext\"><strong>Prin cump\u0103rarea acestui obiect, aju\u021bi echipa de salvare ROLDA s\u0103 ofere m\u00e2ncare timp de 6 luni unui c\u00e2ine salvat de la abuzuri \u0219i alte pericole iminente de pe strad\u0103.<\/strong><\/p>\n<p class=\"desc\">Bumbac 100%<\/p>\n","protected":false},"featured_media":2354,"comment_status":"open","ping_status":"closed","template":"","meta":[],"product_cat":[250],"product_tag":[188,192],"yoast_head":"<!-- This site is optimized with the Yoast SEO plugin v18.4.1 - https:\/\/yoast.com\/wordpress\/plugins\/seo\/ -->\n<title>Hanorac personalizat ROLDA - ROLDA Magazin<\/title>\n<meta name=\"robots\" content=\"index, follow, max-snippet:-1, max-image-preview:large, max-video-preview:-1\" \/>\n<link rel=\"canonical\" href=\"https:\/\/rolda.ro\/magazin\/produs\/hanorac-personalizat-rolda\/\" \/>\n<meta property=\"og:locale\" content=\"ro_RO\" \/>\n<meta property=\"og:type\" content=\"article\" \/>\n<meta property=\"og:title\" content=\"Cumpara un hanorac personalizat ROLDA pentru a asigura hrana unui caine din adaposturile ROLDA timp de 6 luni\" \/>\n<meta property=\"og:description\" content=\"Creat de: ROLDA Prin cump\u0103rarea acestui obiect, aju\u021bi echipa de salvare ROLDA s\u0103 ofere m\u00e2ncare timp de 6 luni unui c\u00e2ine salvat de la abuzuri \u0219i alte pericole iminente de pe strad\u0103. Bumbac 100%\" \/>\n<meta property=\"og:url\" content=\"https:\/\/rolda.ro\/magazin\/produs\/hanorac-personalizat-rolda\/\" \/>\n<meta property=\"og:site_name\" content=\"ROLDA Magazin\" \/>\n<meta property=\"article:modified_time\" content=\"2026-01-22T10:42:26+00:00\" \/>\n<meta property=\"og:image\" content=\"https:\/\/rolda.ro\/magazin\/wp-content\/uploads\/2025\/02\/h41.png\" \/>\n\t<meta property=\"og:image:width\" content=\"600\" \/>\n\t<meta property=\"og:image:height\" content=\"600\" \/>\n\t<meta property=\"og:image:type\" content=\"image\/png\" \/>\n<meta name=\"twitter:card\" content=\"summary_large_image\" \/>\n<meta name=\"twitter:title\" content=\"Cumpara un hanorac personalizat ROLDA pentru a asigura hrana unui caine din adaposturile ROLDA timp de 6 luni\" \/>\n<meta name=\"twitter:image\" content=\"https:\/\/rolda.ro\/magazin\/wp-content\/uploads\/2025\/02\/h41.png\" \/>\n<meta name=\"twitter:label1\" content=\"Timp estimat pentru citire\" \/>\n\t<meta name=\"twitter:data1\" content=\"1 minut\" \/>\n<script type=\"application\/ld+json\" class=\"yoast-schema-graph\">{\"@context\":\"https:\/\/schema.org\",\"@graph\":[{\"@type\":\"WebSite\",\"@id\":\"https:\/\/rolda.ro\/magazin\/#website\",\"url\":\"https:\/\/rolda.ro\/magazin\/\",\"name\":\"ROLDA Magazin\",\"description\":\"Magazin\",\"potentialAction\":[{\"@type\":\"SearchAction\",\"target\":{\"@type\":\"EntryPoint\",\"urlTemplate\":\"https:\/\/rolda.ro\/magazin\/?s={search_term_string}\"},\"query-input\":\"required name=search_term_string\"}],\"inLanguage\":\"ro-RO\"},{\"@type\":\"ImageObject\",\"@id\":\"https:\/\/rolda.ro\/magazin\/produs\/hanorac-personalizat-rolda\/#primaryimage\",\"inLanguage\":\"ro-RO\",\"url\":\"https:\/\/rolda.ro\/magazin\/wp-content\/uploads\/2025\/02\/h41.png\",\"contentUrl\":\"https:\/\/rolda.ro\/magazin\/wp-content\/uploads\/2025\/02\/h41.png\",\"width\":600,\"height\":600},{\"@type\":\"WebPage\",\"@id\":\"https:\/\/rolda.ro\/magazin\/produs\/hanorac-personalizat-rolda\/#webpage\",\"url\":\"https:\/\/rolda.ro\/magazin\/produs\/hanorac-personalizat-rolda\/\",\"name\":\"Hanorac personalizat ROLDA - ROLDA Magazin\",\"isPartOf\":{\"@id\":\"https:\/\/rolda.ro\/magazin\/#website\"},\"primaryImageOfPage\":{\"@id\":\"https:\/\/rolda.ro\/magazin\/produs\/hanorac-personalizat-rolda\/#primaryimage\"},\"datePublished\":\"2025-02-26T22:37:41+00:00\",\"dateModified\":\"2026-01-22T10:42:26+00:00\",\"breadcrumb\":{\"@id\":\"https:\/\/rolda.ro\/magazin\/produs\/hanorac-personalizat-rolda\/#breadcrumb\"},\"inLanguage\":\"ro-RO\",\"potentialAction\":[{\"@type\":\"ReadAction\",\"target\":[\"https:\/\/rolda.ro\/magazin\/produs\/hanorac-personalizat-rolda\/\"]}]},{\"@type\":\"BreadcrumbList\",\"@id\":\"https:\/\/rolda.ro\/magazin\/produs\/hanorac-personalizat-rolda\/#breadcrumb\",\"itemListElement\":[{\"@type\":\"ListItem\",\"position\":1,\"name\":\"Pagina principal\u0103\",\"item\":\"https:\/\/rolda.ro\/magazin\/\"},{\"@type\":\"ListItem\",\"position\":2,\"name\":\"Produse\",\"item\":\"https:\/\/rolda.ro\/magazin\/produse\/\"},{\"@type\":\"ListItem\",\"position\":3,\"name\":\"Hanorac personalizat ROLDA\"}]}]}<\/script>\n<!-- \/ Yoast SEO plugin. -->","yoast_head_json":{"title":"Hanorac personalizat ROLDA - ROLDA Magazin","robots":{"index":"index","follow":"follow","max-snippet":"max-snippet:-1","max-image-preview":"max-image-preview:large","max-video-preview":"max-video-preview:-1"},"canonical":"https:\/\/rolda.ro\/magazin\/produs\/hanorac-personalizat-rolda\/","og_locale":"ro_RO","og_type":"article","og_title":"Cumpara un hanorac personalizat ROLDA pentru a asigura hrana unui caine din adaposturile ROLDA timp de 6 luni","og_description":"Creat de: ROLDA Prin cump\u0103rarea acestui obiect, aju\u021bi echipa de salvare ROLDA s\u0103 ofere m\u00e2ncare timp de 6 luni unui c\u00e2ine salvat de la abuzuri \u0219i alte pericole iminente de pe strad\u0103. Bumbac 100%","og_url":"https:\/\/rolda.ro\/magazin\/produs\/hanorac-personalizat-rolda\/","og_site_name":"ROLDA Magazin","article_modified_time":"2026-01-22T10:42:26+00:00","og_image":[{"width":600,"height":600,"url":"https:\/\/rolda.ro\/magazin\/wp-content\/uploads\/2025\/02\/h41.png","type":"image\/png"}],"twitter_card":"summary_large_image","twitter_title":"Cumpara un hanorac personalizat ROLDA pentru a asigura hrana unui caine din adaposturile ROLDA timp de 6 luni","twitter_image":"https:\/\/rolda.ro\/magazin\/wp-content\/uploads\/2025\/02\/h41.png","twitter_misc":{"Timp estimat pentru citire":"1 minut"},"schema":{"@context":"https:\/\/schema.org","@graph":[{"@type":"WebSite","@id":"https:\/\/rolda.ro\/magazin\/#website","url":"https:\/\/rolda.ro\/magazin\/","name":"ROLDA Magazin","description":"Magazin","potentialAction":[{"@type":"SearchAction","target":{"@type":"EntryPoint","urlTemplate":"https:\/\/rolda.ro\/magazin\/?s={search_term_string}"},"query-input":"required name=search_term_string"}],"inLanguage":"ro-RO"},{"@type":"ImageObject","@id":"https:\/\/rolda.ro\/magazin\/produs\/hanorac-personalizat-rolda\/#primaryimage","inLanguage":"ro-RO","url":"https:\/\/rolda.ro\/magazin\/wp-content\/uploads\/2025\/02\/h41.png","contentUrl":"https:\/\/rolda.ro\/magazin\/wp-content\/uploads\/2025\/02\/h41.png","width":600,"height":600},{"@type":"WebPage","@id":"https:\/\/rolda.ro\/magazin\/produs\/hanorac-personalizat-rolda\/#webpage","url":"https:\/\/rolda.ro\/magazin\/produs\/hanorac-personalizat-rolda\/","name":"Hanorac personalizat ROLDA - ROLDA Magazin","isPartOf":{"@id":"https:\/\/rolda.ro\/magazin\/#website"},"primaryImageOfPage":{"@id":"https:\/\/rolda.ro\/magazin\/produs\/hanorac-personalizat-rolda\/#primaryimage"},"datePublished":"2025-02-26T22:37:41+00:00","dateModified":"2026-01-22T10:42:26+00:00","breadcrumb":{"@id":"https:\/\/rolda.ro\/magazin\/produs\/hanorac-personalizat-rolda\/#breadcrumb"},"inLanguage":"ro-RO","potentialAction":[{"@type":"ReadAction","target":["https:\/\/rolda.ro\/magazin\/produs\/hanorac-personalizat-rolda\/"]}]},{"@type":"BreadcrumbList","@id":"https:\/\/rolda.ro\/magazin\/produs\/hanorac-personalizat-rolda\/#breadcrumb","itemListElement":[{"@type":"ListItem","position":1,"name":"Pagina principal\u0103","item":"https:\/\/rolda.ro\/magazin\/"},{"@type":"ListItem","position":2,"name":"Produse","item":"https:\/\/rolda.ro\/magazin\/produse\/"},{"@type":"ListItem","position":3,"name":"Hanorac personalizat ROLDA"}]}]}},"_links":{"self":[{"href":"https:\/\/rolda.ro\/magazin\/wp-json\/wp\/v2\/product\/2341"}],"collection":[{"href":"https:\/\/rolda.ro\/magazin\/wp-json\/wp\/v2\/product"}],"about":[{"href":"https:\/\/rolda.ro\/magazin\/wp-json\/wp\/v2\/types\/product"}],"replies":[{"embeddable":true,"href":"https:\/\/rolda.ro\/magazin\/wp-json\/wp\/v2\/comments?post=2341"}],"wp:featuredmedia":[{"embeddable":true,"href":"https:\/\/rolda.ro\/magazin\/wp-json\/wp\/v2\/media\/2354"}],"wp:attachment":[{"href":"https:\/\/rolda.ro\/magazin\/wp-json\/wp\/v2\/media?parent=2341"}],"wp:term":[{"taxonomy":"product_cat","embeddable":true,"href":"https:\/\/rolda.ro\/magazin\/wp-json\/wp\/v2\/product_cat?post=2341"},{"taxonomy":"product_tag","embeddable":true,"href":"https:\/\/rolda.ro\/magazin\/wp-json\/wp\/v2\/product_tag?post=2341"}],"curies":[{"name":"wp","href":"https:\/\/api.w.org\/{rel}","templated":true}]}}