{"id":2529,"date":"2025-07-21T09:28:20","date_gmt":"2025-07-21T09:28:20","guid":{"rendered":"https:\/\/rolda.ro\/magazin\/?post_type=product&#038;p=2529"},"modified":"2026-01-22T10:43:00","modified_gmt":"2026-01-22T10:43:00","slug":"colier-oxi-caine","status":"publish","type":"product","link":"https:\/\/rolda.ro\/magazin\/produs\/colier-oxi-caine\/","title":{"rendered":"Colier OXI C\u00e2ine"},"content":{"rendered":"<p>Culori: ro\u0219u, portocaliu, azur, blueberry, verde fistic<\/p>\n<p>Dimensiuni: Medalion: 6 x 4,5 cm. Lungime \u0219nur bumbac cerat: 45 + 5 cm.<\/p>\n<p>Unde \u00eei st\u0103 cel mai bine prietenului t\u0103u bl\u0103nos? Al\u0103turi de tine. Cand? Mereu. \u0218i dac\u0103 nu po\u021bi lua originalul cu tine chiar peste tot, ai op\u021biunea de a-l \u021bine mai aproape purtand aceasta pies\u0103 de bijuterie, lucrat\u0103 manual din argil\u0103 polimeric\u0103. Chiar daca mai mic in dimensiune dec\u00e2t prietenul t\u0103u blanos.<\/p>\n<p>Cu mare sim\u021b de r\u0103spundere \u0219i cu maximum de eficien\u021b\u0103 c\u0103tre orice contribu\u021bie f\u0103cut\u0103 cauzei noastr\u0103, ROLDA salveaz\u0103 animalele f\u0103r\u0103 ad\u0103post de la abuz \u0219i experien\u021be traumatizante, oferindu-le un loc \u00een ad\u0103postul nostru \u0219i ajut\u00e2nd animalele din comunit\u0103\u021bile s\u0103race aflate \u00een condi\u021bii de risc de neglijare \u0219i abandon.<\/p>\n<div class=\"disclaimer\">\n<p>Pentru produsele realizate de c\u0103tre artizanii mentiona\u021bi pe pagina fiec\u0103rui obiect disponibil \u00een Magazinul online ROLDA; organiza\u021bia noastr\u0103 nu \u00ee\u0219i asum\u0103 r\u0103spunderea pentru \u00eent\u00e2rzierile la livrare cauzate de artizani sau de c\u0103tre serviciile po\u0219tale, diferen\u021be de orice fel \u00eentre descrierea produselor prezentate\/v\u00e2ndute, modul \u00een care produsele sunt create, realizate, asamblate sau modul \u00een care sunt folosite dup\u0103 ce sunt cump\u0103rate.<\/p>\n<\/div>\n","protected":false},"excerpt":{"rendered":"<p class=\"createdby\">Creat de: Georgeta &amp; MayaArt<\/p>\n<p class=\"toptext\"><strong>Prin cump\u0103rarea acestui obiect, aju\u021bi echipa ROLDA s\u0103 ofere protec\u021bie unui c\u00e2ine \u00eempotriva gerurilor iernii \u0219i \u00eei asiguri confortul \u00een ad\u0103postul ROLDA.<\/strong><\/p>\n<p class=\"desc\">Calde \u00eembr\u0103\u021bi\u0219\u0103ri \u0219i mult\u0103 apreciere din partea pisicutelor noastre \u0219i a intregii echipe ROLDA! Cadoul t\u0103u ajut\u0103 prietenii patrupezi s\u0103 fie protejati corespunzator in timpul sezonului rece. Ad\u0103postul ROLDA este eficient construit, la standarde europene, \u00eens\u0103 iernile pot fi foarte reci, cu nopti cand temperaturile scad sub -10C. De\u0219i pisicile noastre au experien\u021b\u0103 \u00een a supravietui intemperiilor pe str\u0103zi, iar un loc la ad\u0103post este clar un plus pentru ele, tot simtim ca este datoria noastra sa oferim tot ce este mai bun atat lor cat \u0219i angaja\u021bilor aflati zilnic la datorie.<\/p>\n<p>Realizat din lut polimeric<\/p>\n","protected":false},"featured_media":2517,"comment_status":"open","ping_status":"closed","template":"","meta":[],"product_cat":[32],"product_tag":[192],"yoast_head":"<!-- This site is optimized with the Yoast SEO plugin v18.4.1 - https:\/\/yoast.com\/wordpress\/plugins\/seo\/ -->\n<title>Colier OXI C\u00e2ine - ROLDA Magazin<\/title>\n<meta name=\"robots\" content=\"index, follow, max-snippet:-1, max-image-preview:large, max-video-preview:-1\" \/>\n<link rel=\"canonical\" href=\"https:\/\/rolda.ro\/magazin\/produs\/colier-oxi-caine\/\" \/>\n<meta property=\"og:locale\" content=\"ro_RO\" \/>\n<meta property=\"og:type\" content=\"article\" \/>\n<meta property=\"og:title\" content=\"Cumpara un colier OXI caine realizat manual in Romania pentru a asigura confortul unui caine in adapostul ROLDA\" \/>\n<meta property=\"og:description\" content=\"Creat de: Georgeta &amp; MayaArt Prin cump\u0103rarea acestui obiect, aju\u021bi echipa ROLDA s\u0103 ofere protec\u021bie unui c\u00e2ine \u00eempotriva gerurilor iernii \u0219i \u00eei asiguri confortul \u00een ad\u0103postul ROLDA. Calde \u00eembr\u0103\u021bi\u0219\u0103ri \u0219i mult\u0103 apreciere din partea pisicutelor noastre \u0219i a intregii echipe ROLDA! Cadoul t\u0103u ajut\u0103 prietenii patrupezi s\u0103 fie protejati corespunzator in timpul sezonului rece. Ad\u0103postul ROLDA este eficient construit, la standarde europene, \u00eens\u0103 iernile pot fi foarte reci, cu nopti cand temperaturile scad sub -10C. De\u0219i pisicile noastre au experien\u021b\u0103 \u00een a supravietui intemperiilor pe str\u0103zi, iar un loc la ad\u0103post este clar un plus pentru ele, tot simtim ca este datoria noastra sa oferim tot ce este mai bun atat lor cat \u0219i angaja\u021bilor aflati zilnic la datorie. Realizat din lut polimeric\" \/>\n<meta property=\"og:url\" content=\"https:\/\/rolda.ro\/magazin\/produs\/colier-oxi-caine\/\" \/>\n<meta property=\"og:site_name\" content=\"ROLDA Magazin\" \/>\n<meta property=\"article:modified_time\" content=\"2026-01-22T10:43:00+00:00\" \/>\n<meta property=\"og:image\" content=\"https:\/\/rolda.ro\/magazin\/wp-content\/uploads\/2025\/07\/OXI_Dog_Colier_Orange.jpg\" \/>\n\t<meta property=\"og:image:width\" content=\"600\" \/>\n\t<meta property=\"og:image:height\" content=\"600\" \/>\n\t<meta property=\"og:image:type\" content=\"image\/jpeg\" \/>\n<meta name=\"twitter:card\" content=\"summary_large_image\" \/>\n<meta name=\"twitter:title\" content=\"Cumpara un colier OXI caine realizat manual in Romania pentru a asigura confortul unui caine in adapostul ROLDA\" \/>\n<meta name=\"twitter:image\" content=\"https:\/\/rolda.ro\/magazin\/wp-content\/uploads\/2025\/07\/OXI_Dog_Colier_Orange.jpg\" \/>\n<meta name=\"twitter:label1\" content=\"Timp estimat pentru citire\" \/>\n\t<meta name=\"twitter:data1\" content=\"1 minut\" \/>\n<script type=\"application\/ld+json\" class=\"yoast-schema-graph\">{\"@context\":\"https:\/\/schema.org\",\"@graph\":[{\"@type\":\"WebSite\",\"@id\":\"https:\/\/rolda.ro\/magazin\/#website\",\"url\":\"https:\/\/rolda.ro\/magazin\/\",\"name\":\"ROLDA Magazin\",\"description\":\"Magazin\",\"potentialAction\":[{\"@type\":\"SearchAction\",\"target\":{\"@type\":\"EntryPoint\",\"urlTemplate\":\"https:\/\/rolda.ro\/magazin\/?s={search_term_string}\"},\"query-input\":\"required name=search_term_string\"}],\"inLanguage\":\"ro-RO\"},{\"@type\":\"ImageObject\",\"@id\":\"https:\/\/rolda.ro\/magazin\/produs\/colier-oxi-caine\/#primaryimage\",\"inLanguage\":\"ro-RO\",\"url\":\"https:\/\/rolda.ro\/magazin\/wp-content\/uploads\/2025\/07\/OXI_Dog_Colier_Orange.jpg\",\"contentUrl\":\"https:\/\/rolda.ro\/magazin\/wp-content\/uploads\/2025\/07\/OXI_Dog_Colier_Orange.jpg\",\"width\":600,\"height\":600},{\"@type\":\"WebPage\",\"@id\":\"https:\/\/rolda.ro\/magazin\/produs\/colier-oxi-caine\/#webpage\",\"url\":\"https:\/\/rolda.ro\/magazin\/produs\/colier-oxi-caine\/\",\"name\":\"Colier OXI C\u00e2ine - ROLDA Magazin\",\"isPartOf\":{\"@id\":\"https:\/\/rolda.ro\/magazin\/#website\"},\"primaryImageOfPage\":{\"@id\":\"https:\/\/rolda.ro\/magazin\/produs\/colier-oxi-caine\/#primaryimage\"},\"datePublished\":\"2025-07-21T09:28:20+00:00\",\"dateModified\":\"2026-01-22T10:43:00+00:00\",\"breadcrumb\":{\"@id\":\"https:\/\/rolda.ro\/magazin\/produs\/colier-oxi-caine\/#breadcrumb\"},\"inLanguage\":\"ro-RO\",\"potentialAction\":[{\"@type\":\"ReadAction\",\"target\":[\"https:\/\/rolda.ro\/magazin\/produs\/colier-oxi-caine\/\"]}]},{\"@type\":\"BreadcrumbList\",\"@id\":\"https:\/\/rolda.ro\/magazin\/produs\/colier-oxi-caine\/#breadcrumb\",\"itemListElement\":[{\"@type\":\"ListItem\",\"position\":1,\"name\":\"Pagina principal\u0103\",\"item\":\"https:\/\/rolda.ro\/magazin\/\"},{\"@type\":\"ListItem\",\"position\":2,\"name\":\"Produse\",\"item\":\"https:\/\/rolda.ro\/magazin\/produse\/\"},{\"@type\":\"ListItem\",\"position\":3,\"name\":\"Colier OXI C\u00e2ine\"}]}]}<\/script>\n<!-- \/ Yoast SEO plugin. -->","yoast_head_json":{"title":"Colier OXI C\u00e2ine - ROLDA Magazin","robots":{"index":"index","follow":"follow","max-snippet":"max-snippet:-1","max-image-preview":"max-image-preview:large","max-video-preview":"max-video-preview:-1"},"canonical":"https:\/\/rolda.ro\/magazin\/produs\/colier-oxi-caine\/","og_locale":"ro_RO","og_type":"article","og_title":"Cumpara un colier OXI caine realizat manual in Romania pentru a asigura confortul unui caine in adapostul ROLDA","og_description":"Creat de: Georgeta &amp; MayaArt Prin cump\u0103rarea acestui obiect, aju\u021bi echipa ROLDA s\u0103 ofere protec\u021bie unui c\u00e2ine \u00eempotriva gerurilor iernii \u0219i \u00eei asiguri confortul \u00een ad\u0103postul ROLDA. Calde \u00eembr\u0103\u021bi\u0219\u0103ri \u0219i mult\u0103 apreciere din partea pisicutelor noastre \u0219i a intregii echipe ROLDA! Cadoul t\u0103u ajut\u0103 prietenii patrupezi s\u0103 fie protejati corespunzator in timpul sezonului rece. Ad\u0103postul ROLDA este eficient construit, la standarde europene, \u00eens\u0103 iernile pot fi foarte reci, cu nopti cand temperaturile scad sub -10C. De\u0219i pisicile noastre au experien\u021b\u0103 \u00een a supravietui intemperiilor pe str\u0103zi, iar un loc la ad\u0103post este clar un plus pentru ele, tot simtim ca este datoria noastra sa oferim tot ce este mai bun atat lor cat \u0219i angaja\u021bilor aflati zilnic la datorie. Realizat din lut polimeric","og_url":"https:\/\/rolda.ro\/magazin\/produs\/colier-oxi-caine\/","og_site_name":"ROLDA Magazin","article_modified_time":"2026-01-22T10:43:00+00:00","og_image":[{"width":600,"height":600,"url":"https:\/\/rolda.ro\/magazin\/wp-content\/uploads\/2025\/07\/OXI_Dog_Colier_Orange.jpg","type":"image\/jpeg"}],"twitter_card":"summary_large_image","twitter_title":"Cumpara un colier OXI caine realizat manual in Romania pentru a asigura confortul unui caine in adapostul ROLDA","twitter_image":"https:\/\/rolda.ro\/magazin\/wp-content\/uploads\/2025\/07\/OXI_Dog_Colier_Orange.jpg","twitter_misc":{"Timp estimat pentru citire":"1 minut"},"schema":{"@context":"https:\/\/schema.org","@graph":[{"@type":"WebSite","@id":"https:\/\/rolda.ro\/magazin\/#website","url":"https:\/\/rolda.ro\/magazin\/","name":"ROLDA Magazin","description":"Magazin","potentialAction":[{"@type":"SearchAction","target":{"@type":"EntryPoint","urlTemplate":"https:\/\/rolda.ro\/magazin\/?s={search_term_string}"},"query-input":"required name=search_term_string"}],"inLanguage":"ro-RO"},{"@type":"ImageObject","@id":"https:\/\/rolda.ro\/magazin\/produs\/colier-oxi-caine\/#primaryimage","inLanguage":"ro-RO","url":"https:\/\/rolda.ro\/magazin\/wp-content\/uploads\/2025\/07\/OXI_Dog_Colier_Orange.jpg","contentUrl":"https:\/\/rolda.ro\/magazin\/wp-content\/uploads\/2025\/07\/OXI_Dog_Colier_Orange.jpg","width":600,"height":600},{"@type":"WebPage","@id":"https:\/\/rolda.ro\/magazin\/produs\/colier-oxi-caine\/#webpage","url":"https:\/\/rolda.ro\/magazin\/produs\/colier-oxi-caine\/","name":"Colier OXI C\u00e2ine - ROLDA Magazin","isPartOf":{"@id":"https:\/\/rolda.ro\/magazin\/#website"},"primaryImageOfPage":{"@id":"https:\/\/rolda.ro\/magazin\/produs\/colier-oxi-caine\/#primaryimage"},"datePublished":"2025-07-21T09:28:20+00:00","dateModified":"2026-01-22T10:43:00+00:00","breadcrumb":{"@id":"https:\/\/rolda.ro\/magazin\/produs\/colier-oxi-caine\/#breadcrumb"},"inLanguage":"ro-RO","potentialAction":[{"@type":"ReadAction","target":["https:\/\/rolda.ro\/magazin\/produs\/colier-oxi-caine\/"]}]},{"@type":"BreadcrumbList","@id":"https:\/\/rolda.ro\/magazin\/produs\/colier-oxi-caine\/#breadcrumb","itemListElement":[{"@type":"ListItem","position":1,"name":"Pagina principal\u0103","item":"https:\/\/rolda.ro\/magazin\/"},{"@type":"ListItem","position":2,"name":"Produse","item":"https:\/\/rolda.ro\/magazin\/produse\/"},{"@type":"ListItem","position":3,"name":"Colier OXI C\u00e2ine"}]}]}},"_links":{"self":[{"href":"https:\/\/rolda.ro\/magazin\/wp-json\/wp\/v2\/product\/2529"}],"collection":[{"href":"https:\/\/rolda.ro\/magazin\/wp-json\/wp\/v2\/product"}],"about":[{"href":"https:\/\/rolda.ro\/magazin\/wp-json\/wp\/v2\/types\/product"}],"replies":[{"embeddable":true,"href":"https:\/\/rolda.ro\/magazin\/wp-json\/wp\/v2\/comments?post=2529"}],"wp:featuredmedia":[{"embeddable":true,"href":"https:\/\/rolda.ro\/magazin\/wp-json\/wp\/v2\/media\/2517"}],"wp:attachment":[{"href":"https:\/\/rolda.ro\/magazin\/wp-json\/wp\/v2\/media?parent=2529"}],"wp:term":[{"taxonomy":"product_cat","embeddable":true,"href":"https:\/\/rolda.ro\/magazin\/wp-json\/wp\/v2\/product_cat?post=2529"},{"taxonomy":"product_tag","embeddable":true,"href":"https:\/\/rolda.ro\/magazin\/wp-json\/wp\/v2\/product_tag?post=2529"}],"curies":[{"name":"wp","href":"https:\/\/api.w.org\/{rel}","templated":true}]}}