{"id":2530,"date":"2025-07-21T09:41:35","date_gmt":"2025-07-21T09:41:35","guid":{"rendered":"https:\/\/rolda.ro\/magazin\/?post_type=product&#038;p=2530"},"modified":"2026-01-22T10:43:12","modified_gmt":"2026-01-22T10:43:12","slug":"brosa-oxi-caine","status":"publish","type":"product","link":"https:\/\/rolda.ro\/magazin\/produs\/brosa-oxi-caine\/","title":{"rendered":"Bro\u0219\u0103 OXI C\u00e2ine"},"content":{"rendered":"<p>Culori: ro\u0219u, portocaliu, azur, blueberry, verde fistic<\/p>\n<p>Dimenisuni: 4,5 x 4 cm<\/p>\n<p>Unde este locul c\u00e2inelui t\u0103u? Clar: mereu aproape de tine. Unde este locul miilor de c\u0103\u021bei din ad\u0103posturi sau care \u00eenc\u0103 hoinaresc str\u0103zile singuri \u0219i fl\u0103m\u00e2nzi? \u00cen case c\u0103lduroase, al\u0103turi de oameni cu suflet bun. Chiar dac\u0103 aceste lucruri nu sunt scrise pe bro\u0219a OXI C\u00e2ine, bijuteria lucrat\u0103 manual \u00ee\u021bi reaminte\u0219te s\u0103 vorbesti despre aceste lucruri oricui dore\u0219te s\u0103 afle cum poate ajuta animalele mai mult. Poate chiar achizi\u021bion\u00e2nd un asemenea obiect decorativ.<\/p>\n<p>Cu mare sim\u021b de r\u0103spundere \u0219i cu maximum de eficien\u021b\u0103 c\u0103tre orice contribu\u021bie f\u0103cut\u0103 cauzei noastr\u0103, ROLDA salveaz\u0103 animalele f\u0103r\u0103 ad\u0103post de la abuz \u0219i experien\u021be traumatizante, oferindu-le un loc \u00een ad\u0103postul nostru \u0219i ajut\u00e2nd animalele din comunit\u0103\u021bile s\u0103race aflate \u00een condi\u021bii de risc de neglijare \u0219i abandon.<\/p>\n<div class=\"disclaimer\">\n<p>Pentru produsele realizate de c\u0103tre artizanii mentiona\u021bi pe pagina fiec\u0103rui obiect disponibil \u00een Magazinul online ROLDA; organiza\u021bia noastr\u0103 nu \u00ee\u0219i asum\u0103 r\u0103spunderea pentru \u00eent\u00e2rzierile la livrare cauzate de artizani sau de c\u0103tre serviciile po\u0219tale, diferen\u021be de orice fel \u00eentre descrierea produselor prezentate\/v\u00e2ndute, modul \u00een care produsele sunt create, realizate, asamblate sau modul \u00een care sunt folosite dup\u0103 ce sunt cump\u0103rate.<\/p>\n<\/div>\n","protected":false},"excerpt":{"rendered":"<p class=\"createdby\">Creat de: Georgeta &amp; MayaArt<\/p>\n<p class=\"toptext\"><strong>Prin cump\u0103rarea acestui obiect, aju\u021bi echipa ROLDA s\u0103 ofere m\u00e2ncare timp de o lun\u0103 unui animal salvat de pe strad\u0103.<\/strong><\/p>\n<p class=\"desc\">Realizat din lut polimeric<\/p>\n","protected":false},"featured_media":2509,"comment_status":"open","ping_status":"closed","template":"","meta":[],"product_cat":[20],"product_tag":[192],"yoast_head":"<!-- This site is optimized with the Yoast SEO plugin v18.4.1 - https:\/\/yoast.com\/wordpress\/plugins\/seo\/ -->\n<title>Bro\u0219\u0103 OXI C\u00e2ine - ROLDA Magazin<\/title>\n<meta name=\"robots\" content=\"index, follow, max-snippet:-1, max-image-preview:large, max-video-preview:-1\" \/>\n<link rel=\"canonical\" href=\"https:\/\/rolda.ro\/magazin\/produs\/brosa-oxi-caine\/\" \/>\n<meta property=\"og:locale\" content=\"ro_RO\" \/>\n<meta property=\"og:type\" content=\"article\" \/>\n<meta property=\"og:title\" content=\"Cumpara o brosa OXI caine lucrata manual in Romania pentru a asigura hrana unei caine din adaposturile ROLDA timp de o lun\u0103\" \/>\n<meta property=\"og:description\" content=\"Creat de: Georgeta &amp; MayaArt Prin cump\u0103rarea acestui obiect, aju\u021bi echipa ROLDA s\u0103 ofere m\u00e2ncare timp de o lun\u0103 unui animal salvat de pe strad\u0103. Realizat din lut polimeric\" \/>\n<meta property=\"og:url\" content=\"https:\/\/rolda.ro\/magazin\/produs\/brosa-oxi-caine\/\" \/>\n<meta property=\"og:site_name\" content=\"ROLDA Magazin\" \/>\n<meta property=\"article:modified_time\" content=\"2026-01-22T10:43:12+00:00\" \/>\n<meta property=\"og:image\" content=\"https:\/\/rolda.ro\/magazin\/wp-content\/uploads\/2025\/07\/OXI_Dog_Brooch_Blueberry_shake.jpg\" \/>\n\t<meta property=\"og:image:width\" content=\"600\" \/>\n\t<meta property=\"og:image:height\" content=\"600\" \/>\n\t<meta property=\"og:image:type\" content=\"image\/jpeg\" \/>\n<meta name=\"twitter:card\" content=\"summary_large_image\" \/>\n<meta name=\"twitter:title\" content=\"Cumpara o brosa OXI caine lucrata manual in Romania pentru a asigura hrana unei caine din adaposturile ROLDA timp de o lun\u0103\" \/>\n<meta name=\"twitter:image\" content=\"https:\/\/rolda.ro\/magazin\/wp-content\/uploads\/2025\/07\/OXI_Dog_Brooch_Blueberry_shake.jpg\" \/>\n<meta name=\"twitter:label1\" content=\"Timp estimat pentru citire\" \/>\n\t<meta name=\"twitter:data1\" content=\"1 minut\" \/>\n<script type=\"application\/ld+json\" class=\"yoast-schema-graph\">{\"@context\":\"https:\/\/schema.org\",\"@graph\":[{\"@type\":\"WebSite\",\"@id\":\"https:\/\/rolda.ro\/magazin\/#website\",\"url\":\"https:\/\/rolda.ro\/magazin\/\",\"name\":\"ROLDA Magazin\",\"description\":\"Magazin\",\"potentialAction\":[{\"@type\":\"SearchAction\",\"target\":{\"@type\":\"EntryPoint\",\"urlTemplate\":\"https:\/\/rolda.ro\/magazin\/?s={search_term_string}\"},\"query-input\":\"required name=search_term_string\"}],\"inLanguage\":\"ro-RO\"},{\"@type\":\"ImageObject\",\"@id\":\"https:\/\/rolda.ro\/magazin\/produs\/brosa-oxi-caine\/#primaryimage\",\"inLanguage\":\"ro-RO\",\"url\":\"https:\/\/rolda.ro\/magazin\/wp-content\/uploads\/2025\/07\/OXI_Dog_Brooch_Blueberry_shake.jpg\",\"contentUrl\":\"https:\/\/rolda.ro\/magazin\/wp-content\/uploads\/2025\/07\/OXI_Dog_Brooch_Blueberry_shake.jpg\",\"width\":600,\"height\":600},{\"@type\":\"WebPage\",\"@id\":\"https:\/\/rolda.ro\/magazin\/produs\/brosa-oxi-caine\/#webpage\",\"url\":\"https:\/\/rolda.ro\/magazin\/produs\/brosa-oxi-caine\/\",\"name\":\"Bro\u0219\u0103 OXI C\u00e2ine - ROLDA Magazin\",\"isPartOf\":{\"@id\":\"https:\/\/rolda.ro\/magazin\/#website\"},\"primaryImageOfPage\":{\"@id\":\"https:\/\/rolda.ro\/magazin\/produs\/brosa-oxi-caine\/#primaryimage\"},\"datePublished\":\"2025-07-21T09:41:35+00:00\",\"dateModified\":\"2026-01-22T10:43:12+00:00\",\"breadcrumb\":{\"@id\":\"https:\/\/rolda.ro\/magazin\/produs\/brosa-oxi-caine\/#breadcrumb\"},\"inLanguage\":\"ro-RO\",\"potentialAction\":[{\"@type\":\"ReadAction\",\"target\":[\"https:\/\/rolda.ro\/magazin\/produs\/brosa-oxi-caine\/\"]}]},{\"@type\":\"BreadcrumbList\",\"@id\":\"https:\/\/rolda.ro\/magazin\/produs\/brosa-oxi-caine\/#breadcrumb\",\"itemListElement\":[{\"@type\":\"ListItem\",\"position\":1,\"name\":\"Pagina principal\u0103\",\"item\":\"https:\/\/rolda.ro\/magazin\/\"},{\"@type\":\"ListItem\",\"position\":2,\"name\":\"Produse\",\"item\":\"https:\/\/rolda.ro\/magazin\/produse\/\"},{\"@type\":\"ListItem\",\"position\":3,\"name\":\"Bro\u0219\u0103 OXI C\u00e2ine\"}]}]}<\/script>\n<!-- \/ Yoast SEO plugin. -->","yoast_head_json":{"title":"Bro\u0219\u0103 OXI C\u00e2ine - ROLDA Magazin","robots":{"index":"index","follow":"follow","max-snippet":"max-snippet:-1","max-image-preview":"max-image-preview:large","max-video-preview":"max-video-preview:-1"},"canonical":"https:\/\/rolda.ro\/magazin\/produs\/brosa-oxi-caine\/","og_locale":"ro_RO","og_type":"article","og_title":"Cumpara o brosa OXI caine lucrata manual in Romania pentru a asigura hrana unei caine din adaposturile ROLDA timp de o lun\u0103","og_description":"Creat de: Georgeta &amp; MayaArt Prin cump\u0103rarea acestui obiect, aju\u021bi echipa ROLDA s\u0103 ofere m\u00e2ncare timp de o lun\u0103 unui animal salvat de pe strad\u0103. Realizat din lut polimeric","og_url":"https:\/\/rolda.ro\/magazin\/produs\/brosa-oxi-caine\/","og_site_name":"ROLDA Magazin","article_modified_time":"2026-01-22T10:43:12+00:00","og_image":[{"width":600,"height":600,"url":"https:\/\/rolda.ro\/magazin\/wp-content\/uploads\/2025\/07\/OXI_Dog_Brooch_Blueberry_shake.jpg","type":"image\/jpeg"}],"twitter_card":"summary_large_image","twitter_title":"Cumpara o brosa OXI caine lucrata manual in Romania pentru a asigura hrana unei caine din adaposturile ROLDA timp de o lun\u0103","twitter_image":"https:\/\/rolda.ro\/magazin\/wp-content\/uploads\/2025\/07\/OXI_Dog_Brooch_Blueberry_shake.jpg","twitter_misc":{"Timp estimat pentru citire":"1 minut"},"schema":{"@context":"https:\/\/schema.org","@graph":[{"@type":"WebSite","@id":"https:\/\/rolda.ro\/magazin\/#website","url":"https:\/\/rolda.ro\/magazin\/","name":"ROLDA Magazin","description":"Magazin","potentialAction":[{"@type":"SearchAction","target":{"@type":"EntryPoint","urlTemplate":"https:\/\/rolda.ro\/magazin\/?s={search_term_string}"},"query-input":"required name=search_term_string"}],"inLanguage":"ro-RO"},{"@type":"ImageObject","@id":"https:\/\/rolda.ro\/magazin\/produs\/brosa-oxi-caine\/#primaryimage","inLanguage":"ro-RO","url":"https:\/\/rolda.ro\/magazin\/wp-content\/uploads\/2025\/07\/OXI_Dog_Brooch_Blueberry_shake.jpg","contentUrl":"https:\/\/rolda.ro\/magazin\/wp-content\/uploads\/2025\/07\/OXI_Dog_Brooch_Blueberry_shake.jpg","width":600,"height":600},{"@type":"WebPage","@id":"https:\/\/rolda.ro\/magazin\/produs\/brosa-oxi-caine\/#webpage","url":"https:\/\/rolda.ro\/magazin\/produs\/brosa-oxi-caine\/","name":"Bro\u0219\u0103 OXI C\u00e2ine - ROLDA Magazin","isPartOf":{"@id":"https:\/\/rolda.ro\/magazin\/#website"},"primaryImageOfPage":{"@id":"https:\/\/rolda.ro\/magazin\/produs\/brosa-oxi-caine\/#primaryimage"},"datePublished":"2025-07-21T09:41:35+00:00","dateModified":"2026-01-22T10:43:12+00:00","breadcrumb":{"@id":"https:\/\/rolda.ro\/magazin\/produs\/brosa-oxi-caine\/#breadcrumb"},"inLanguage":"ro-RO","potentialAction":[{"@type":"ReadAction","target":["https:\/\/rolda.ro\/magazin\/produs\/brosa-oxi-caine\/"]}]},{"@type":"BreadcrumbList","@id":"https:\/\/rolda.ro\/magazin\/produs\/brosa-oxi-caine\/#breadcrumb","itemListElement":[{"@type":"ListItem","position":1,"name":"Pagina principal\u0103","item":"https:\/\/rolda.ro\/magazin\/"},{"@type":"ListItem","position":2,"name":"Produse","item":"https:\/\/rolda.ro\/magazin\/produse\/"},{"@type":"ListItem","position":3,"name":"Bro\u0219\u0103 OXI C\u00e2ine"}]}]}},"_links":{"self":[{"href":"https:\/\/rolda.ro\/magazin\/wp-json\/wp\/v2\/product\/2530"}],"collection":[{"href":"https:\/\/rolda.ro\/magazin\/wp-json\/wp\/v2\/product"}],"about":[{"href":"https:\/\/rolda.ro\/magazin\/wp-json\/wp\/v2\/types\/product"}],"replies":[{"embeddable":true,"href":"https:\/\/rolda.ro\/magazin\/wp-json\/wp\/v2\/comments?post=2530"}],"wp:featuredmedia":[{"embeddable":true,"href":"https:\/\/rolda.ro\/magazin\/wp-json\/wp\/v2\/media\/2509"}],"wp:attachment":[{"href":"https:\/\/rolda.ro\/magazin\/wp-json\/wp\/v2\/media?parent=2530"}],"wp:term":[{"taxonomy":"product_cat","embeddable":true,"href":"https:\/\/rolda.ro\/magazin\/wp-json\/wp\/v2\/product_cat?post=2530"},{"taxonomy":"product_tag","embeddable":true,"href":"https:\/\/rolda.ro\/magazin\/wp-json\/wp\/v2\/product_tag?post=2530"}],"curies":[{"name":"wp","href":"https:\/\/api.w.org\/{rel}","templated":true}]}}