{"id":812,"date":"2022-03-31T14:32:54","date_gmt":"2022-03-31T14:32:54","guid":{"rendered":"https:\/\/rolda.ro\/magazin\/?post_type=product&#038;p=812"},"modified":"2026-04-03T18:57:32","modified_gmt":"2026-04-03T18:57:32","slug":"geanta-pictura-caine","status":"publish","type":"product","link":"https:\/\/rolda.ro\/magazin\/produs\/geanta-pictura-caine\/","title":{"rendered":"Geant\u0103 pictur\u0103 c\u00e2ine"},"content":{"rendered":"<p>Obiectul este creat de Simona, un artizan rom\u00e2n pasionat de animale. Gen\u021bile Simonei sunt 100% lucrate manual \u0219i pot fi personalizate cu imaginea propriului animal. ROLDA este m\u00e2ndr\u0103 s\u0103 v\u00e2nd\u0103 gen\u021bi @madebysimo \u00een magazinul propriu.<br \/>\nROLDA ajut\u0103 \u00een mod eficient \u0219i responsabil animalele f\u0103r\u0103 st\u0103p\u00e2n, neglijate \u0219i abuzate, precum \u0219i st\u0103p\u00e2nii din comunit\u0103\u021bile s\u0103race care au dificult\u0103\u021bi \u00een a se \u00eengriji de animale \u00een mod corespunz\u0103tor.<\/p>\n<p>Culoare: gray<\/p>\n<p>Dimensiune geant\u0103: 40 x 37 x 14cm<br \/>\nBuzunar interior: 20 x 21cm<br \/>\nBuzunar exterior: 18 x 18cm<br \/>\nGeanta este lucrat\u0103 manual din fetru, pictat\u0103 manual cu un c\u00e2ine frumos \u0219i colorat.<br \/>\nAre dou\u0103 buzunare, dintre care cel extern se \u00eenchide cu fermoar.<\/p>\n<p><span style=\"color: red;\">Aten\u021bie! Pentru cur\u0103\u021barea acestui produs se aplic\u0103 instruc\u021biuni speciale. <a style=\"color: #03b6e7;\" href=\"https:\/\/rolda.ro\/magazin\/instructiuni-de-curatare\/\" target=\"_blank\" rel=\"noopener\"><span style=\"text-decoration: underline;\"><strong>Cite\u0219te aici<\/strong><\/span><\/a>!<\/span><\/p>\n<div class=\"disclaimer\">\n<p>Pentru produsele realizate de c\u0103tre artizanii mentiona\u021bi pe pagina fiec\u0103rui obiect disponibil \u00een Magazinul online ROLDA; organiza\u021bia noastr\u0103 nu \u00ee\u0219i asum\u0103 r\u0103spunderea pentru \u00eent\u00e2rzierile la livrare cauzate de artizani sau de c\u0103tre serviciile po\u0219tale, diferen\u021be de orice fel \u00eentre descrierea produselor prezentate\/v\u00e2ndute, modul \u00een care produsele sunt create, realizate, asamblate sau modul \u00een care sunt folosite dup\u0103 ce sunt cump\u0103rate.<\/p>\n<\/div>\n","protected":false},"excerpt":{"rendered":"<p class=\"createdby\">Creat de: Simona<\/p>\n<p class=\"toptext\"><strong>Prin cump\u0103rarea acestui obiect, aju\u021bi echipa ROLDA s\u0103 ofere m\u00e2ncare timp de 4 luni unui c\u00e2ine salvat de la abuzuri \u0219i alte pericole iminente de pe strad\u0103.<\/strong><\/p>\n<p class=\"desc\">Din fetru, vopsea pentru textile, \u00eenchidere cu magne\u021bi<\/p>\n","protected":false},"featured_media":52,"comment_status":"closed","ping_status":"closed","template":"","meta":[],"product_cat":[17],"product_tag":[190,187],"yoast_head":"<!-- This site is optimized with the Yoast SEO plugin v18.4.1 - https:\/\/yoast.com\/wordpress\/plugins\/seo\/ -->\n<title>Geant\u0103 pictur\u0103 c\u00e2ine - ROLDA Magazin<\/title>\n<meta name=\"robots\" content=\"index, follow, max-snippet:-1, max-image-preview:large, max-video-preview:-1\" \/>\n<link rel=\"canonical\" href=\"https:\/\/rolda.ro\/magazin\/produs\/geanta-pictura-caine\/\" \/>\n<meta property=\"og:locale\" content=\"ro_RO\" \/>\n<meta property=\"og:type\" content=\"article\" \/>\n<meta property=\"og:title\" content=\"Cumpara o geanta personalizabila cu pictura caine pentru a asigura hrana unui caine din adapostul ROLDA timp de 4 luni\" \/>\n<meta property=\"og:description\" content=\"Creat de: Simona Prin cump\u0103rarea acestui obiect, aju\u021bi echipa ROLDA s\u0103 ofere m\u00e2ncare timp de 4 luni unui c\u00e2ine salvat de la abuzuri \u0219i alte pericole iminente de pe strad\u0103. Din fetru, vopsea pentru textile, \u00eenchidere cu magne\u021bi\" \/>\n<meta property=\"og:url\" content=\"https:\/\/rolda.ro\/magazin\/produs\/geanta-pictura-caine\/\" \/>\n<meta property=\"og:site_name\" content=\"ROLDA Magazin\" \/>\n<meta property=\"article:modified_time\" content=\"2026-04-03T18:57:32+00:00\" \/>\n<meta property=\"og:image\" content=\"https:\/\/rolda.ro\/magazin\/wp-content\/uploads\/2022\/03\/painteddogbag_SIMO_Aprilie2020.jpg\" \/>\n\t<meta property=\"og:image:width\" content=\"600\" \/>\n\t<meta property=\"og:image:height\" content=\"600\" \/>\n\t<meta property=\"og:image:type\" content=\"image\/jpeg\" \/>\n<meta name=\"twitter:card\" content=\"summary_large_image\" \/>\n<meta name=\"twitter:title\" content=\"Cumpara o geanta personalizabila cu pictura caine pentru a asigura hrana unui caine din adapostul ROLDA timp de 4 luni\" \/>\n<meta name=\"twitter:image\" content=\"https:\/\/rolda.ro\/magazin\/wp-content\/uploads\/2022\/03\/painteddogbag_SIMO_Aprilie2020.jpg\" \/>\n<meta name=\"twitter:label1\" content=\"Timp estimat pentru citire\" \/>\n\t<meta name=\"twitter:data1\" content=\"1 minut\" \/>\n<script type=\"application\/ld+json\" class=\"yoast-schema-graph\">{\"@context\":\"https:\/\/schema.org\",\"@graph\":[{\"@type\":\"WebSite\",\"@id\":\"https:\/\/rolda.ro\/magazin\/#website\",\"url\":\"https:\/\/rolda.ro\/magazin\/\",\"name\":\"ROLDA Magazin\",\"description\":\"Magazin\",\"potentialAction\":[{\"@type\":\"SearchAction\",\"target\":{\"@type\":\"EntryPoint\",\"urlTemplate\":\"https:\/\/rolda.ro\/magazin\/?s={search_term_string}\"},\"query-input\":\"required name=search_term_string\"}],\"inLanguage\":\"ro-RO\"},{\"@type\":\"ImageObject\",\"@id\":\"https:\/\/rolda.ro\/magazin\/produs\/geanta-pictura-caine\/#primaryimage\",\"inLanguage\":\"ro-RO\",\"url\":\"https:\/\/rolda.ro\/magazin\/wp-content\/uploads\/2022\/03\/painteddogbag_SIMO_Aprilie2020.jpg\",\"contentUrl\":\"https:\/\/rolda.ro\/magazin\/wp-content\/uploads\/2022\/03\/painteddogbag_SIMO_Aprilie2020.jpg\",\"width\":600,\"height\":600},{\"@type\":\"WebPage\",\"@id\":\"https:\/\/rolda.ro\/magazin\/produs\/geanta-pictura-caine\/#webpage\",\"url\":\"https:\/\/rolda.ro\/magazin\/produs\/geanta-pictura-caine\/\",\"name\":\"Geant\u0103 pictur\u0103 c\u00e2ine - ROLDA Magazin\",\"isPartOf\":{\"@id\":\"https:\/\/rolda.ro\/magazin\/#website\"},\"primaryImageOfPage\":{\"@id\":\"https:\/\/rolda.ro\/magazin\/produs\/geanta-pictura-caine\/#primaryimage\"},\"datePublished\":\"2022-03-31T14:32:54+00:00\",\"dateModified\":\"2026-04-03T18:57:32+00:00\",\"breadcrumb\":{\"@id\":\"https:\/\/rolda.ro\/magazin\/produs\/geanta-pictura-caine\/#breadcrumb\"},\"inLanguage\":\"ro-RO\",\"potentialAction\":[{\"@type\":\"ReadAction\",\"target\":[\"https:\/\/rolda.ro\/magazin\/produs\/geanta-pictura-caine\/\"]}]},{\"@type\":\"BreadcrumbList\",\"@id\":\"https:\/\/rolda.ro\/magazin\/produs\/geanta-pictura-caine\/#breadcrumb\",\"itemListElement\":[{\"@type\":\"ListItem\",\"position\":1,\"name\":\"Pagina principal\u0103\",\"item\":\"https:\/\/rolda.ro\/magazin\/\"},{\"@type\":\"ListItem\",\"position\":2,\"name\":\"Produse\",\"item\":\"https:\/\/rolda.ro\/magazin\/produse\/\"},{\"@type\":\"ListItem\",\"position\":3,\"name\":\"Geant\u0103 pictur\u0103 c\u00e2ine\"}]}]}<\/script>\n<!-- \/ Yoast SEO plugin. -->","yoast_head_json":{"title":"Geant\u0103 pictur\u0103 c\u00e2ine - ROLDA Magazin","robots":{"index":"index","follow":"follow","max-snippet":"max-snippet:-1","max-image-preview":"max-image-preview:large","max-video-preview":"max-video-preview:-1"},"canonical":"https:\/\/rolda.ro\/magazin\/produs\/geanta-pictura-caine\/","og_locale":"ro_RO","og_type":"article","og_title":"Cumpara o geanta personalizabila cu pictura caine pentru a asigura hrana unui caine din adapostul ROLDA timp de 4 luni","og_description":"Creat de: Simona Prin cump\u0103rarea acestui obiect, aju\u021bi echipa ROLDA s\u0103 ofere m\u00e2ncare timp de 4 luni unui c\u00e2ine salvat de la abuzuri \u0219i alte pericole iminente de pe strad\u0103. Din fetru, vopsea pentru textile, \u00eenchidere cu magne\u021bi","og_url":"https:\/\/rolda.ro\/magazin\/produs\/geanta-pictura-caine\/","og_site_name":"ROLDA Magazin","article_modified_time":"2026-04-03T18:57:32+00:00","og_image":[{"width":600,"height":600,"url":"https:\/\/rolda.ro\/magazin\/wp-content\/uploads\/2022\/03\/painteddogbag_SIMO_Aprilie2020.jpg","type":"image\/jpeg"}],"twitter_card":"summary_large_image","twitter_title":"Cumpara o geanta personalizabila cu pictura caine pentru a asigura hrana unui caine din adapostul ROLDA timp de 4 luni","twitter_image":"https:\/\/rolda.ro\/magazin\/wp-content\/uploads\/2022\/03\/painteddogbag_SIMO_Aprilie2020.jpg","twitter_misc":{"Timp estimat pentru citire":"1 minut"},"schema":{"@context":"https:\/\/schema.org","@graph":[{"@type":"WebSite","@id":"https:\/\/rolda.ro\/magazin\/#website","url":"https:\/\/rolda.ro\/magazin\/","name":"ROLDA Magazin","description":"Magazin","potentialAction":[{"@type":"SearchAction","target":{"@type":"EntryPoint","urlTemplate":"https:\/\/rolda.ro\/magazin\/?s={search_term_string}"},"query-input":"required name=search_term_string"}],"inLanguage":"ro-RO"},{"@type":"ImageObject","@id":"https:\/\/rolda.ro\/magazin\/produs\/geanta-pictura-caine\/#primaryimage","inLanguage":"ro-RO","url":"https:\/\/rolda.ro\/magazin\/wp-content\/uploads\/2022\/03\/painteddogbag_SIMO_Aprilie2020.jpg","contentUrl":"https:\/\/rolda.ro\/magazin\/wp-content\/uploads\/2022\/03\/painteddogbag_SIMO_Aprilie2020.jpg","width":600,"height":600},{"@type":"WebPage","@id":"https:\/\/rolda.ro\/magazin\/produs\/geanta-pictura-caine\/#webpage","url":"https:\/\/rolda.ro\/magazin\/produs\/geanta-pictura-caine\/","name":"Geant\u0103 pictur\u0103 c\u00e2ine - ROLDA Magazin","isPartOf":{"@id":"https:\/\/rolda.ro\/magazin\/#website"},"primaryImageOfPage":{"@id":"https:\/\/rolda.ro\/magazin\/produs\/geanta-pictura-caine\/#primaryimage"},"datePublished":"2022-03-31T14:32:54+00:00","dateModified":"2026-04-03T18:57:32+00:00","breadcrumb":{"@id":"https:\/\/rolda.ro\/magazin\/produs\/geanta-pictura-caine\/#breadcrumb"},"inLanguage":"ro-RO","potentialAction":[{"@type":"ReadAction","target":["https:\/\/rolda.ro\/magazin\/produs\/geanta-pictura-caine\/"]}]},{"@type":"BreadcrumbList","@id":"https:\/\/rolda.ro\/magazin\/produs\/geanta-pictura-caine\/#breadcrumb","itemListElement":[{"@type":"ListItem","position":1,"name":"Pagina principal\u0103","item":"https:\/\/rolda.ro\/magazin\/"},{"@type":"ListItem","position":2,"name":"Produse","item":"https:\/\/rolda.ro\/magazin\/produse\/"},{"@type":"ListItem","position":3,"name":"Geant\u0103 pictur\u0103 c\u00e2ine"}]}]}},"_links":{"self":[{"href":"https:\/\/rolda.ro\/magazin\/wp-json\/wp\/v2\/product\/812"}],"collection":[{"href":"https:\/\/rolda.ro\/magazin\/wp-json\/wp\/v2\/product"}],"about":[{"href":"https:\/\/rolda.ro\/magazin\/wp-json\/wp\/v2\/types\/product"}],"replies":[{"embeddable":true,"href":"https:\/\/rolda.ro\/magazin\/wp-json\/wp\/v2\/comments?post=812"}],"wp:featuredmedia":[{"embeddable":true,"href":"https:\/\/rolda.ro\/magazin\/wp-json\/wp\/v2\/media\/52"}],"wp:attachment":[{"href":"https:\/\/rolda.ro\/magazin\/wp-json\/wp\/v2\/media?parent=812"}],"wp:term":[{"taxonomy":"product_cat","embeddable":true,"href":"https:\/\/rolda.ro\/magazin\/wp-json\/wp\/v2\/product_cat?post=812"},{"taxonomy":"product_tag","embeddable":true,"href":"https:\/\/rolda.ro\/magazin\/wp-json\/wp\/v2\/product_tag?post=812"}],"curies":[{"name":"wp","href":"https:\/\/api.w.org\/{rel}","templated":true}]}}