{"id":813,"date":"2022-03-31T14:32:54","date_gmt":"2022-03-31T14:32:54","guid":{"rendered":"https:\/\/rolda.ro\/magazin\/?post_type=product&#038;p=813"},"modified":"2024-03-06T08:55:40","modified_gmt":"2024-03-06T08:55:40","slug":"geanta-imprimeu-pisicuta-neagra","status":"publish","type":"product","link":"https:\/\/rolda.ro\/magazin\/produs\/geanta-imprimeu-pisicuta-neagra\/","title":{"rendered":"Geant\u0103 imprimeu &#8222;Pisicu\u021b\u0103 neagr\u0103&#8221;"},"content":{"rendered":"<p>O pisicu\u021b\u0103 simpatic\u0103, pe fetru verde ca iarba, u\u0219or de purtat. Materialul textil este pictat cu acrilice pe baz\u0103 de ap\u0103. Geanta are un buzunar interior cu \u00eenchidere magnetic\u0103. Acest obiect este creat de Simona, un artizan rom\u00e2n pasionat de animale. Gen\u021bile Simonei sunt 100% lucrate manual \u0219i pot fi personalizate cu imaginea propriului animal. ROLDA este m\u00e2ndr\u0103 s\u0103 comercializeze gen\u021bi @madebysimo \u00een magazinul propriu.<br \/>\nROLDA ajut\u0103 \u00een mod eficient \u0219i responsabil animalele f\u0103r\u0103 st\u0103p\u00e2n, neglijate \u0219i abuzate, precum \u0219i st\u0103p\u00e2nii de animale din comunit\u0103\u021bile s\u0103race care se str\u0103duiesc s\u0103-\u0219i \u00eengrijeasc\u0103 \u00een mod responsabil animalele de companie.<\/p>\n<p>Culoare: verde<\/p>\n<p>Dimensiuni Geant\u0103: 40 x 37 x 14cm<br \/>\nDimensiune buzunar interior: 20 x 26cm<\/p>\n<p><span style=\"color: red;\">Aten\u021bie! Pentru cur\u0103\u021barea acestui produs respect\u0103 instruc\u021biunile speciale. <strong><span style=\"text-decoration: underline;\"><a style=\"color: #03b6e7;\" href=\"https:\/\/rolda.ro\/magazin\/instructiuni-de-cur\u0103\u021bare\/\" target=\"_blank\" rel=\"noopener\">Cite\u0219te aici<\/a><\/span><\/strong>!<\/span><\/p>\n<div class=\"disclaimer\">\n<p>Pentru produsele realizate de c\u0103tre artizanii mentiona\u021bi pe pagina fiec\u0103rui obiect disponibil \u00een Magazinul online ROLDA; organiza\u021bia noastr\u0103 nu \u00ee\u0219i asum\u0103 r\u0103spunderea pentru \u00eent\u00e2rzierile la livrare cauzate de artizani sau de c\u0103tre serviciile po\u0219tale, diferen\u021be de orice fel \u00eentre descrierea produselor prezentate\/v\u00e2ndute, modul \u00een care produsele sunt create, realizate, asamblate sau modul \u00een care sunt folosite dup\u0103 ce sunt cump\u0103rate.<\/p>\n<\/div>\n","protected":false},"excerpt":{"rendered":"<p class=\"createdby\">Creat de: Simona<\/p>\n<p class=\"toptext\"><strong>Prin cump\u0103rarea acestui obiect, aju\u021bi echipa ROLDA s\u0103 ofere m\u00e2ncare timp de 4 luni unui c\u00e2ine salvat de la abuzuri \u0219i alte pericole iminente de pe strad\u0103.<\/strong><\/p>\n<p class=\"desc\">Fetru verde de 3 mm, vopsea pentru textile, \u00eenchidere cu magne\u021bi<\/p>\n","protected":false},"featured_media":53,"comment_status":"closed","ping_status":"closed","template":"","meta":[],"product_cat":[17],"product_tag":[190,187],"yoast_head":"<!-- This site is optimized with the Yoast SEO plugin v18.4.1 - https:\/\/yoast.com\/wordpress\/plugins\/seo\/ -->\n<title>Geant\u0103 imprimeu &quot;Pisicu\u021b\u0103 neagr\u0103&quot; - ROLDA Magazin<\/title>\n<meta name=\"robots\" content=\"index, follow, max-snippet:-1, max-image-preview:large, max-video-preview:-1\" \/>\n<link rel=\"canonical\" href=\"https:\/\/rolda.ro\/magazin\/produs\/geanta-imprimeu-pisicuta-neagra\/\" \/>\n<meta property=\"og:locale\" content=\"ro_RO\" \/>\n<meta property=\"og:type\" content=\"article\" \/>\n<meta property=\"og:title\" content=\"Cumpara o geanta cu imprimeu pisicuta neagra pentru a asigura hrana unui caine din adapostul ROLDA timp de 4 luni\" \/>\n<meta property=\"og:description\" content=\"Creat de: Simona Prin cump\u0103rarea acestui obiect, aju\u021bi echipa ROLDA s\u0103 ofere m\u00e2ncare timp de 4 luni unui c\u00e2ine salvat de la abuzuri \u0219i alte pericole iminente de pe strad\u0103. Fetru verde de 3 mm, vopsea pentru textile, \u00eenchidere cu magne\u021bi\" \/>\n<meta property=\"og:url\" content=\"https:\/\/rolda.ro\/magazin\/produs\/geanta-imprimeu-pisicuta-neagra\/\" \/>\n<meta property=\"og:site_name\" content=\"ROLDA Magazin\" \/>\n<meta property=\"article:modified_time\" content=\"2024-03-06T08:55:40+00:00\" \/>\n<meta property=\"og:image\" content=\"https:\/\/rolda.ro\/magazin\/wp-content\/uploads\/2022\/03\/blackkittybag_SIMONA_Aprilie2020.jpg\" \/>\n\t<meta property=\"og:image:width\" content=\"600\" \/>\n\t<meta property=\"og:image:height\" content=\"600\" \/>\n\t<meta property=\"og:image:type\" content=\"image\/jpeg\" \/>\n<meta name=\"twitter:card\" content=\"summary_large_image\" \/>\n<meta name=\"twitter:title\" content=\"Cumpara o geanta cu imprimeu pisicuta neagra pentru a asigura hrana unui caine din adapostul ROLDA timp de 4 luni\" \/>\n<meta name=\"twitter:image\" content=\"https:\/\/rolda.ro\/magazin\/wp-content\/uploads\/2022\/03\/blackkittybag_SIMONA_Aprilie2020.jpg\" \/>\n<meta name=\"twitter:label1\" content=\"Timp estimat pentru citire\" \/>\n\t<meta name=\"twitter:data1\" content=\"1 minut\" \/>\n<script type=\"application\/ld+json\" class=\"yoast-schema-graph\">{\"@context\":\"https:\/\/schema.org\",\"@graph\":[{\"@type\":\"WebSite\",\"@id\":\"https:\/\/rolda.ro\/magazin\/#website\",\"url\":\"https:\/\/rolda.ro\/magazin\/\",\"name\":\"ROLDA Magazin\",\"description\":\"Magazin\",\"potentialAction\":[{\"@type\":\"SearchAction\",\"target\":{\"@type\":\"EntryPoint\",\"urlTemplate\":\"https:\/\/rolda.ro\/magazin\/?s={search_term_string}\"},\"query-input\":\"required name=search_term_string\"}],\"inLanguage\":\"ro-RO\"},{\"@type\":\"ImageObject\",\"@id\":\"https:\/\/rolda.ro\/magazin\/produs\/geanta-imprimeu-pisicuta-neagra\/#primaryimage\",\"inLanguage\":\"ro-RO\",\"url\":\"https:\/\/rolda.ro\/magazin\/wp-content\/uploads\/2022\/03\/blackkittybag_SIMONA_Aprilie2020.jpg\",\"contentUrl\":\"https:\/\/rolda.ro\/magazin\/wp-content\/uploads\/2022\/03\/blackkittybag_SIMONA_Aprilie2020.jpg\",\"width\":600,\"height\":600},{\"@type\":\"WebPage\",\"@id\":\"https:\/\/rolda.ro\/magazin\/produs\/geanta-imprimeu-pisicuta-neagra\/#webpage\",\"url\":\"https:\/\/rolda.ro\/magazin\/produs\/geanta-imprimeu-pisicuta-neagra\/\",\"name\":\"Geant\u0103 imprimeu \\\"Pisicu\u021b\u0103 neagr\u0103\\\" - ROLDA Magazin\",\"isPartOf\":{\"@id\":\"https:\/\/rolda.ro\/magazin\/#website\"},\"primaryImageOfPage\":{\"@id\":\"https:\/\/rolda.ro\/magazin\/produs\/geanta-imprimeu-pisicuta-neagra\/#primaryimage\"},\"datePublished\":\"2022-03-31T14:32:54+00:00\",\"dateModified\":\"2024-03-06T08:55:40+00:00\",\"breadcrumb\":{\"@id\":\"https:\/\/rolda.ro\/magazin\/produs\/geanta-imprimeu-pisicuta-neagra\/#breadcrumb\"},\"inLanguage\":\"ro-RO\",\"potentialAction\":[{\"@type\":\"ReadAction\",\"target\":[\"https:\/\/rolda.ro\/magazin\/produs\/geanta-imprimeu-pisicuta-neagra\/\"]}]},{\"@type\":\"BreadcrumbList\",\"@id\":\"https:\/\/rolda.ro\/magazin\/produs\/geanta-imprimeu-pisicuta-neagra\/#breadcrumb\",\"itemListElement\":[{\"@type\":\"ListItem\",\"position\":1,\"name\":\"Pagina principal\u0103\",\"item\":\"https:\/\/rolda.ro\/magazin\/\"},{\"@type\":\"ListItem\",\"position\":2,\"name\":\"Produse\",\"item\":\"https:\/\/rolda.ro\/magazin\/produse\/\"},{\"@type\":\"ListItem\",\"position\":3,\"name\":\"Geant\u0103 imprimeu &#8222;Pisicu\u021b\u0103 neagr\u0103&#8221;\"}]}]}<\/script>\n<!-- \/ Yoast SEO plugin. -->","yoast_head_json":{"title":"Geant\u0103 imprimeu \"Pisicu\u021b\u0103 neagr\u0103\" - ROLDA Magazin","robots":{"index":"index","follow":"follow","max-snippet":"max-snippet:-1","max-image-preview":"max-image-preview:large","max-video-preview":"max-video-preview:-1"},"canonical":"https:\/\/rolda.ro\/magazin\/produs\/geanta-imprimeu-pisicuta-neagra\/","og_locale":"ro_RO","og_type":"article","og_title":"Cumpara o geanta cu imprimeu pisicuta neagra pentru a asigura hrana unui caine din adapostul ROLDA timp de 4 luni","og_description":"Creat de: Simona Prin cump\u0103rarea acestui obiect, aju\u021bi echipa ROLDA s\u0103 ofere m\u00e2ncare timp de 4 luni unui c\u00e2ine salvat de la abuzuri \u0219i alte pericole iminente de pe strad\u0103. Fetru verde de 3 mm, vopsea pentru textile, \u00eenchidere cu magne\u021bi","og_url":"https:\/\/rolda.ro\/magazin\/produs\/geanta-imprimeu-pisicuta-neagra\/","og_site_name":"ROLDA Magazin","article_modified_time":"2024-03-06T08:55:40+00:00","og_image":[{"width":600,"height":600,"url":"https:\/\/rolda.ro\/magazin\/wp-content\/uploads\/2022\/03\/blackkittybag_SIMONA_Aprilie2020.jpg","type":"image\/jpeg"}],"twitter_card":"summary_large_image","twitter_title":"Cumpara o geanta cu imprimeu pisicuta neagra pentru a asigura hrana unui caine din adapostul ROLDA timp de 4 luni","twitter_image":"https:\/\/rolda.ro\/magazin\/wp-content\/uploads\/2022\/03\/blackkittybag_SIMONA_Aprilie2020.jpg","twitter_misc":{"Timp estimat pentru citire":"1 minut"},"schema":{"@context":"https:\/\/schema.org","@graph":[{"@type":"WebSite","@id":"https:\/\/rolda.ro\/magazin\/#website","url":"https:\/\/rolda.ro\/magazin\/","name":"ROLDA Magazin","description":"Magazin","potentialAction":[{"@type":"SearchAction","target":{"@type":"EntryPoint","urlTemplate":"https:\/\/rolda.ro\/magazin\/?s={search_term_string}"},"query-input":"required name=search_term_string"}],"inLanguage":"ro-RO"},{"@type":"ImageObject","@id":"https:\/\/rolda.ro\/magazin\/produs\/geanta-imprimeu-pisicuta-neagra\/#primaryimage","inLanguage":"ro-RO","url":"https:\/\/rolda.ro\/magazin\/wp-content\/uploads\/2022\/03\/blackkittybag_SIMONA_Aprilie2020.jpg","contentUrl":"https:\/\/rolda.ro\/magazin\/wp-content\/uploads\/2022\/03\/blackkittybag_SIMONA_Aprilie2020.jpg","width":600,"height":600},{"@type":"WebPage","@id":"https:\/\/rolda.ro\/magazin\/produs\/geanta-imprimeu-pisicuta-neagra\/#webpage","url":"https:\/\/rolda.ro\/magazin\/produs\/geanta-imprimeu-pisicuta-neagra\/","name":"Geant\u0103 imprimeu \"Pisicu\u021b\u0103 neagr\u0103\" - ROLDA Magazin","isPartOf":{"@id":"https:\/\/rolda.ro\/magazin\/#website"},"primaryImageOfPage":{"@id":"https:\/\/rolda.ro\/magazin\/produs\/geanta-imprimeu-pisicuta-neagra\/#primaryimage"},"datePublished":"2022-03-31T14:32:54+00:00","dateModified":"2024-03-06T08:55:40+00:00","breadcrumb":{"@id":"https:\/\/rolda.ro\/magazin\/produs\/geanta-imprimeu-pisicuta-neagra\/#breadcrumb"},"inLanguage":"ro-RO","potentialAction":[{"@type":"ReadAction","target":["https:\/\/rolda.ro\/magazin\/produs\/geanta-imprimeu-pisicuta-neagra\/"]}]},{"@type":"BreadcrumbList","@id":"https:\/\/rolda.ro\/magazin\/produs\/geanta-imprimeu-pisicuta-neagra\/#breadcrumb","itemListElement":[{"@type":"ListItem","position":1,"name":"Pagina principal\u0103","item":"https:\/\/rolda.ro\/magazin\/"},{"@type":"ListItem","position":2,"name":"Produse","item":"https:\/\/rolda.ro\/magazin\/produse\/"},{"@type":"ListItem","position":3,"name":"Geant\u0103 imprimeu &#8222;Pisicu\u021b\u0103 neagr\u0103&#8221;"}]}]}},"_links":{"self":[{"href":"https:\/\/rolda.ro\/magazin\/wp-json\/wp\/v2\/product\/813"}],"collection":[{"href":"https:\/\/rolda.ro\/magazin\/wp-json\/wp\/v2\/product"}],"about":[{"href":"https:\/\/rolda.ro\/magazin\/wp-json\/wp\/v2\/types\/product"}],"replies":[{"embeddable":true,"href":"https:\/\/rolda.ro\/magazin\/wp-json\/wp\/v2\/comments?post=813"}],"wp:featuredmedia":[{"embeddable":true,"href":"https:\/\/rolda.ro\/magazin\/wp-json\/wp\/v2\/media\/53"}],"wp:attachment":[{"href":"https:\/\/rolda.ro\/magazin\/wp-json\/wp\/v2\/media?parent=813"}],"wp:term":[{"taxonomy":"product_cat","embeddable":true,"href":"https:\/\/rolda.ro\/magazin\/wp-json\/wp\/v2\/product_cat?post=813"},{"taxonomy":"product_tag","embeddable":true,"href":"https:\/\/rolda.ro\/magazin\/wp-json\/wp\/v2\/product_tag?post=813"}],"curies":[{"name":"wp","href":"https:\/\/api.w.org\/{rel}","templated":true}]}}