{"id":816,"date":"2022-03-31T14:32:54","date_gmt":"2022-03-31T14:32:54","guid":{"rendered":"https:\/\/rolda.ro\/magazin\/?post_type=product&#038;p=816"},"modified":"2025-08-14T21:13:21","modified_gmt":"2025-08-14T21:13:21","slug":"ceas-rolda-de-perete-stil-retro-60","status":"publish","type":"product","link":"https:\/\/rolda.ro\/magazin\/produs\/ceas-rolda-de-perete-stil-retro-60\/","title":{"rendered":"Ceas ROLDA de perete stil retro &#8217;60"},"content":{"rendered":"<p>Ceas de perete lucrat manual din discuri de vinil reciclate de la Electrecord Music, cu mecanism silen\u021bios. Acest obiect este creat de Vinilistic, un artizan rom\u00e2n care recicleaz\u0103 vechi albume de vinil \u0219i le transform\u0103 \u00een produse grozave pe care ROLDA este fericit\u0103 s\u0103 le v\u00e2nd\u0103 \u00een magazinul propriu.<br \/>\nROLDA ajut\u0103 \u00een mod eficient \u0219i responsabil animalele f\u0103r\u0103 st\u0103p\u00e2n, neglijate \u0219i abuzate, precum \u0219i st\u0103p\u00e2nii din comunit\u0103\u021bile s\u0103race care au dificult\u0103\u021bi \u00een a se \u00eengriji de animale \u00een mod corespunz\u0103tor.<\/p>\n<p>Culoare: negru<\/p>\n<p>Diametru: 30 cm<\/p>\n<div class=\"disclaimer\">\n<p>Pentru produsele realizate de c\u0103tre artizanii mentiona\u021bi pe pagina fiec\u0103rui obiect disponibil \u00een Magazinul online ROLDA; organiza\u021bia noastr\u0103 nu \u00ee\u0219i asum\u0103 r\u0103spunderea pentru \u00eent\u00e2rzierile la livrare cauzate de artizani sau de c\u0103tre serviciile po\u0219tale, diferen\u021be de orice fel \u00eentre descrierea produselor prezentate\/v\u00e2ndute, modul \u00een care produsele sunt create, realizate, asamblate sau modul \u00een care sunt folosite dup\u0103 ce sunt cump\u0103rate.<\/p>\n<\/div>\n","protected":false},"excerpt":{"rendered":"<p class=\"createdby\">Creat de: Vinilistic<\/p>\n<p class=\"toptext\"><strong>Prin cump\u0103rarea acestui obiect, aju\u021bi echipa de salvare ROLDA s\u0103 ofere m\u00e2ncare timp de trei luni unui c\u00e2ine salvat de la abuzuri \u0219i alte pericole iminente de pe strad\u0103.<\/strong><\/p>\n<p class=\"desc\">Realizat din discuri de vinil reciclate.<\/p>\n","protected":false},"featured_media":54,"comment_status":"open","ping_status":"closed","template":"","meta":[],"product_cat":[22],"product_tag":[191,188,187],"yoast_head":"<!-- This site is optimized with the Yoast SEO plugin v18.4.1 - https:\/\/yoast.com\/wordpress\/plugins\/seo\/ -->\n<title>Ceas ROLDA de perete stil retro &#039;60 - ROLDA Magazin<\/title>\n<meta name=\"robots\" content=\"index, follow, max-snippet:-1, max-image-preview:large, max-video-preview:-1\" \/>\n<link rel=\"canonical\" href=\"https:\/\/rolda.ro\/magazin\/produs\/ceas-rolda-de-perete-stil-retro-60\/\" \/>\n<meta property=\"og:locale\" content=\"ro_RO\" \/>\n<meta property=\"og:type\" content=\"article\" \/>\n<meta property=\"og:title\" content=\"Cumpara un ceas de perete realizat din discuri de vinil reciclate pentru a asigura hrana unui caine din adapostul ROLDA timp de 3 luni\" \/>\n<meta property=\"og:description\" content=\"Creat de: Vinilistic Prin cump\u0103rarea acestui obiect, aju\u021bi echipa de salvare ROLDA s\u0103 ofere m\u00e2ncare timp de trei luni unui c\u00e2ine salvat de la abuzuri \u0219i alte pericole iminente de pe strad\u0103. Realizat din discuri de vinil reciclate.\" \/>\n<meta property=\"og:url\" content=\"https:\/\/rolda.ro\/magazin\/produs\/ceas-rolda-de-perete-stil-retro-60\/\" \/>\n<meta property=\"og:site_name\" content=\"ROLDA Magazin\" \/>\n<meta property=\"article:modified_time\" content=\"2025-08-14T21:13:21+00:00\" \/>\n<meta property=\"og:image\" content=\"https:\/\/rolda.ro\/magazin\/wp-content\/uploads\/2022\/03\/vinilistic_clock_VNL_apr2020.jpg\" \/>\n\t<meta property=\"og:image:width\" content=\"600\" \/>\n\t<meta property=\"og:image:height\" content=\"600\" \/>\n\t<meta property=\"og:image:type\" content=\"image\/jpeg\" \/>\n<meta name=\"twitter:card\" content=\"summary_large_image\" \/>\n<meta name=\"twitter:title\" content=\"Cumpara un ceas de perete realizat din discuri de vinil reciclate pentru a asigura hrana unui caine din adapostul ROLDA timp de 3 luni\" \/>\n<meta name=\"twitter:image\" content=\"https:\/\/rolda.ro\/magazin\/wp-content\/uploads\/2022\/03\/vinilistic_clock_VNL_apr2020.jpg\" \/>\n<meta name=\"twitter:label1\" content=\"Timp estimat pentru citire\" \/>\n\t<meta name=\"twitter:data1\" content=\"1 minut\" \/>\n<script type=\"application\/ld+json\" class=\"yoast-schema-graph\">{\"@context\":\"https:\/\/schema.org\",\"@graph\":[{\"@type\":\"WebSite\",\"@id\":\"https:\/\/rolda.ro\/magazin\/#website\",\"url\":\"https:\/\/rolda.ro\/magazin\/\",\"name\":\"ROLDA Magazin\",\"description\":\"Magazin\",\"potentialAction\":[{\"@type\":\"SearchAction\",\"target\":{\"@type\":\"EntryPoint\",\"urlTemplate\":\"https:\/\/rolda.ro\/magazin\/?s={search_term_string}\"},\"query-input\":\"required name=search_term_string\"}],\"inLanguage\":\"ro-RO\"},{\"@type\":\"ImageObject\",\"@id\":\"https:\/\/rolda.ro\/magazin\/produs\/ceas-rolda-de-perete-stil-retro-60\/#primaryimage\",\"inLanguage\":\"ro-RO\",\"url\":\"https:\/\/rolda.ro\/magazin\/wp-content\/uploads\/2022\/03\/vinilistic_clock_VNL_apr2020.jpg\",\"contentUrl\":\"https:\/\/rolda.ro\/magazin\/wp-content\/uploads\/2022\/03\/vinilistic_clock_VNL_apr2020.jpg\",\"width\":600,\"height\":600},{\"@type\":\"WebPage\",\"@id\":\"https:\/\/rolda.ro\/magazin\/produs\/ceas-rolda-de-perete-stil-retro-60\/#webpage\",\"url\":\"https:\/\/rolda.ro\/magazin\/produs\/ceas-rolda-de-perete-stil-retro-60\/\",\"name\":\"Ceas ROLDA de perete stil retro '60 - ROLDA Magazin\",\"isPartOf\":{\"@id\":\"https:\/\/rolda.ro\/magazin\/#website\"},\"primaryImageOfPage\":{\"@id\":\"https:\/\/rolda.ro\/magazin\/produs\/ceas-rolda-de-perete-stil-retro-60\/#primaryimage\"},\"datePublished\":\"2022-03-31T14:32:54+00:00\",\"dateModified\":\"2025-08-14T21:13:21+00:00\",\"breadcrumb\":{\"@id\":\"https:\/\/rolda.ro\/magazin\/produs\/ceas-rolda-de-perete-stil-retro-60\/#breadcrumb\"},\"inLanguage\":\"ro-RO\",\"potentialAction\":[{\"@type\":\"ReadAction\",\"target\":[\"https:\/\/rolda.ro\/magazin\/produs\/ceas-rolda-de-perete-stil-retro-60\/\"]}]},{\"@type\":\"BreadcrumbList\",\"@id\":\"https:\/\/rolda.ro\/magazin\/produs\/ceas-rolda-de-perete-stil-retro-60\/#breadcrumb\",\"itemListElement\":[{\"@type\":\"ListItem\",\"position\":1,\"name\":\"Pagina principal\u0103\",\"item\":\"https:\/\/rolda.ro\/magazin\/\"},{\"@type\":\"ListItem\",\"position\":2,\"name\":\"Produse\",\"item\":\"https:\/\/rolda.ro\/magazin\/produse\/\"},{\"@type\":\"ListItem\",\"position\":3,\"name\":\"Ceas ROLDA de perete stil retro &#8217;60\"}]}]}<\/script>\n<!-- \/ Yoast SEO plugin. -->","yoast_head_json":{"title":"Ceas ROLDA de perete stil retro '60 - ROLDA Magazin","robots":{"index":"index","follow":"follow","max-snippet":"max-snippet:-1","max-image-preview":"max-image-preview:large","max-video-preview":"max-video-preview:-1"},"canonical":"https:\/\/rolda.ro\/magazin\/produs\/ceas-rolda-de-perete-stil-retro-60\/","og_locale":"ro_RO","og_type":"article","og_title":"Cumpara un ceas de perete realizat din discuri de vinil reciclate pentru a asigura hrana unui caine din adapostul ROLDA timp de 3 luni","og_description":"Creat de: Vinilistic Prin cump\u0103rarea acestui obiect, aju\u021bi echipa de salvare ROLDA s\u0103 ofere m\u00e2ncare timp de trei luni unui c\u00e2ine salvat de la abuzuri \u0219i alte pericole iminente de pe strad\u0103. Realizat din discuri de vinil reciclate.","og_url":"https:\/\/rolda.ro\/magazin\/produs\/ceas-rolda-de-perete-stil-retro-60\/","og_site_name":"ROLDA Magazin","article_modified_time":"2025-08-14T21:13:21+00:00","og_image":[{"width":600,"height":600,"url":"https:\/\/rolda.ro\/magazin\/wp-content\/uploads\/2022\/03\/vinilistic_clock_VNL_apr2020.jpg","type":"image\/jpeg"}],"twitter_card":"summary_large_image","twitter_title":"Cumpara un ceas de perete realizat din discuri de vinil reciclate pentru a asigura hrana unui caine din adapostul ROLDA timp de 3 luni","twitter_image":"https:\/\/rolda.ro\/magazin\/wp-content\/uploads\/2022\/03\/vinilistic_clock_VNL_apr2020.jpg","twitter_misc":{"Timp estimat pentru citire":"1 minut"},"schema":{"@context":"https:\/\/schema.org","@graph":[{"@type":"WebSite","@id":"https:\/\/rolda.ro\/magazin\/#website","url":"https:\/\/rolda.ro\/magazin\/","name":"ROLDA Magazin","description":"Magazin","potentialAction":[{"@type":"SearchAction","target":{"@type":"EntryPoint","urlTemplate":"https:\/\/rolda.ro\/magazin\/?s={search_term_string}"},"query-input":"required name=search_term_string"}],"inLanguage":"ro-RO"},{"@type":"ImageObject","@id":"https:\/\/rolda.ro\/magazin\/produs\/ceas-rolda-de-perete-stil-retro-60\/#primaryimage","inLanguage":"ro-RO","url":"https:\/\/rolda.ro\/magazin\/wp-content\/uploads\/2022\/03\/vinilistic_clock_VNL_apr2020.jpg","contentUrl":"https:\/\/rolda.ro\/magazin\/wp-content\/uploads\/2022\/03\/vinilistic_clock_VNL_apr2020.jpg","width":600,"height":600},{"@type":"WebPage","@id":"https:\/\/rolda.ro\/magazin\/produs\/ceas-rolda-de-perete-stil-retro-60\/#webpage","url":"https:\/\/rolda.ro\/magazin\/produs\/ceas-rolda-de-perete-stil-retro-60\/","name":"Ceas ROLDA de perete stil retro '60 - ROLDA Magazin","isPartOf":{"@id":"https:\/\/rolda.ro\/magazin\/#website"},"primaryImageOfPage":{"@id":"https:\/\/rolda.ro\/magazin\/produs\/ceas-rolda-de-perete-stil-retro-60\/#primaryimage"},"datePublished":"2022-03-31T14:32:54+00:00","dateModified":"2025-08-14T21:13:21+00:00","breadcrumb":{"@id":"https:\/\/rolda.ro\/magazin\/produs\/ceas-rolda-de-perete-stil-retro-60\/#breadcrumb"},"inLanguage":"ro-RO","potentialAction":[{"@type":"ReadAction","target":["https:\/\/rolda.ro\/magazin\/produs\/ceas-rolda-de-perete-stil-retro-60\/"]}]},{"@type":"BreadcrumbList","@id":"https:\/\/rolda.ro\/magazin\/produs\/ceas-rolda-de-perete-stil-retro-60\/#breadcrumb","itemListElement":[{"@type":"ListItem","position":1,"name":"Pagina principal\u0103","item":"https:\/\/rolda.ro\/magazin\/"},{"@type":"ListItem","position":2,"name":"Produse","item":"https:\/\/rolda.ro\/magazin\/produse\/"},{"@type":"ListItem","position":3,"name":"Ceas ROLDA de perete stil retro &#8217;60"}]}]}},"_links":{"self":[{"href":"https:\/\/rolda.ro\/magazin\/wp-json\/wp\/v2\/product\/816"}],"collection":[{"href":"https:\/\/rolda.ro\/magazin\/wp-json\/wp\/v2\/product"}],"about":[{"href":"https:\/\/rolda.ro\/magazin\/wp-json\/wp\/v2\/types\/product"}],"replies":[{"embeddable":true,"href":"https:\/\/rolda.ro\/magazin\/wp-json\/wp\/v2\/comments?post=816"}],"wp:featuredmedia":[{"embeddable":true,"href":"https:\/\/rolda.ro\/magazin\/wp-json\/wp\/v2\/media\/54"}],"wp:attachment":[{"href":"https:\/\/rolda.ro\/magazin\/wp-json\/wp\/v2\/media?parent=816"}],"wp:term":[{"taxonomy":"product_cat","embeddable":true,"href":"https:\/\/rolda.ro\/magazin\/wp-json\/wp\/v2\/product_cat?post=816"},{"taxonomy":"product_tag","embeddable":true,"href":"https:\/\/rolda.ro\/magazin\/wp-json\/wp\/v2\/product_tag?post=816"}],"curies":[{"name":"wp","href":"https:\/\/api.w.org\/{rel}","templated":true}]}}