{"id":817,"date":"2022-03-31T14:32:54","date_gmt":"2022-03-31T14:32:54","guid":{"rendered":"https:\/\/rolda.ro\/magazin\/?post_type=product&#038;p=817"},"modified":"2024-03-06T08:55:53","modified_gmt":"2024-03-06T08:55:53","slug":"masca-de-protectie-rolda-unisex-neagra","status":"publish","type":"product","link":"https:\/\/rolda.ro\/magazin\/produs\/masca-de-protectie-rolda-unisex-neagra\/","title":{"rendered":"Masc\u0103 de protec\u021bie ROLDA unisex"},"content":{"rendered":"<p>Aceast\u0103 masc\u0103 personalizat cu logo\/mesaj ROLDA este produs\u0103 de c\u0103tre o companie rom\u00e2neasc\u0103, de\u021binut\u0103 de Constantin, un mare iubitor de animale.<br \/>\nROLDA ajut\u0103 \u00een mod eficient \u0219i responsabil animalele f\u0103r\u0103 st\u0103p\u00e2n, neglijate \u0219i abuzate, precum \u0219i st\u0103p\u00e2nii din comunit\u0103\u021bile s\u0103race care au dificult\u0103\u021bi \u00een a se \u00eengriji de animale \u00een mod corespunz\u0103tor.<br \/>\nCulori: negru cu imprimeu alb<\/p>\n<p>Masc\u0103 textil\u0103 reutilizabil\u0103, din bumbac 100%, densitate de 150g\/mp, 2 straturi, confortabil\u0103 \u0219i care te las\u0103 s\u0103 respiri \u00een voie.<br \/>\nRealizat\u0103 \u0219i imprimat\u0103 prin serigrafie \u00een Rom\u00e2nia. Personalizat\u0103 cu detalii ROLDA.<br \/>\nInstruc\u021biuni: Masca poate fi sp\u0103lat\u0103 la ma\u0219in\u0103 \u0219i c\u0103lcat\u0103. Sp\u0103larea este recomandat\u0103 la 65 de grade Celsius.<\/p>\n<p>Dimensiune: 24 x 15 cm<\/p>\n<p><span style=\"color: red\">Nu sp\u0103la masca la ma\u0219in\u0103 al\u0103turi de alte haine! Nu folosi \u00een\u0103lbitor!<\/span><\/p>\n<div class=\"disclaimer\">\n<p>Pentru produsele realizate de c\u0103tre artizanii mentiona\u021bi pe pagina fiec\u0103rui obiect disponibil \u00een Magazinul online ROLDA; organiza\u021bia noastr\u0103 nu \u00ee\u0219i asum\u0103 r\u0103spunderea pentru \u00eent\u00e2rzierile la livrare cauzate de artizani sau de c\u0103tre serviciile po\u0219tale, diferen\u021be de orice fel \u00eentre descrierea produselor prezentate\/v\u00e2ndute, modul \u00een care produsele sunt create, realizate, asamblate sau modul \u00een care sunt folosite dup\u0103 ce sunt cump\u0103rate.<\/p>\n<\/div>\n","protected":false},"excerpt":{"rendered":"<p class=\"createdby\">Creat de: Constantin<\/p>\n<p class=\"toptext\"><strong>Prin cump\u0103rarea acestui obiect, aju\u021bi echipa de salvare ROLDA s\u0103 ofere m\u00e2ncare timp de dou\u0103 s\u0103pt\u0103m\u00e2ni unui c\u00e2ine salvat de la abuzuri \u0219i alte pericole iminente de pe strad\u0103.<\/strong><\/p>\n<p class=\"desc\">Realizat\u0103 din bumbac, produs\u0103 \u00een Rom\u00e2nia<\/p>\n","protected":false},"featured_media":565,"comment_status":"open","ping_status":"closed","template":"","meta":[],"product_cat":[31],"product_tag":[189,188],"yoast_head":"<!-- This site is optimized with the Yoast SEO plugin v18.4.1 - https:\/\/yoast.com\/wordpress\/plugins\/seo\/ -->\n<title>Masc\u0103 de protec\u021bie ROLDA unisex - ROLDA Magazin<\/title>\n<meta name=\"robots\" content=\"index, follow, max-snippet:-1, max-image-preview:large, max-video-preview:-1\" \/>\n<link rel=\"canonical\" href=\"https:\/\/rolda.ro\/magazin\/produs\/masca-de-protectie-rolda-unisex-neagra\/\" \/>\n<meta property=\"og:locale\" content=\"ro_RO\" \/>\n<meta property=\"og:type\" content=\"article\" \/>\n<meta property=\"og:title\" content=\"Cumpara o masca de protectie pentru a asigura hrana unui caine din adapostul ROLDA timp de 2 saptamani\" \/>\n<meta property=\"og:description\" content=\"Creat de: Constantin Prin cump\u0103rarea acestui obiect, aju\u021bi echipa de salvare ROLDA s\u0103 ofere m\u00e2ncare timp de dou\u0103 s\u0103pt\u0103m\u00e2ni unui c\u00e2ine salvat de la abuzuri \u0219i alte pericole iminente de pe strad\u0103. Realizat\u0103 din bumbac, produs\u0103 \u00een Rom\u00e2nia\" \/>\n<meta property=\"og:url\" content=\"https:\/\/rolda.ro\/magazin\/produs\/masca-de-protectie-rolda-unisex-neagra\/\" \/>\n<meta property=\"og:site_name\" content=\"ROLDA Magazin\" \/>\n<meta property=\"article:modified_time\" content=\"2024-03-06T08:55:53+00:00\" \/>\n<meta property=\"og:image\" content=\"https:\/\/rolda.ro\/magazin\/wp-content\/uploads\/2022\/03\/mask_sacoseRO_SCSblack_apr2020.jpg\" \/>\n\t<meta property=\"og:image:width\" content=\"600\" \/>\n\t<meta property=\"og:image:height\" content=\"600\" \/>\n\t<meta property=\"og:image:type\" content=\"image\/jpeg\" \/>\n<meta name=\"twitter:card\" content=\"summary_large_image\" \/>\n<meta name=\"twitter:title\" content=\"Cumpara o masca de protectie pentru a asigura hrana unui caine din adapostul ROLDA timp de 2 saptamani\" \/>\n<meta name=\"twitter:image\" content=\"https:\/\/rolda.ro\/magazin\/wp-content\/uploads\/2022\/03\/mask_sacoseRO_SCSblack_apr2020.jpg\" \/>\n<meta name=\"twitter:label1\" content=\"Timp estimat pentru citire\" \/>\n\t<meta name=\"twitter:data1\" content=\"1 minut\" \/>\n<script type=\"application\/ld+json\" class=\"yoast-schema-graph\">{\"@context\":\"https:\/\/schema.org\",\"@graph\":[{\"@type\":\"WebSite\",\"@id\":\"https:\/\/rolda.ro\/magazin\/#website\",\"url\":\"https:\/\/rolda.ro\/magazin\/\",\"name\":\"ROLDA Magazin\",\"description\":\"Magazin\",\"potentialAction\":[{\"@type\":\"SearchAction\",\"target\":{\"@type\":\"EntryPoint\",\"urlTemplate\":\"https:\/\/rolda.ro\/magazin\/?s={search_term_string}\"},\"query-input\":\"required name=search_term_string\"}],\"inLanguage\":\"ro-RO\"},{\"@type\":\"ImageObject\",\"@id\":\"https:\/\/rolda.ro\/magazin\/produs\/masca-de-protectie-rolda-unisex-neagra\/#primaryimage\",\"inLanguage\":\"ro-RO\",\"url\":\"https:\/\/rolda.ro\/magazin\/wp-content\/uploads\/2022\/03\/mask_sacoseRO_SCSblack_apr2020.jpg\",\"contentUrl\":\"https:\/\/rolda.ro\/magazin\/wp-content\/uploads\/2022\/03\/mask_sacoseRO_SCSblack_apr2020.jpg\",\"width\":600,\"height\":600},{\"@type\":\"WebPage\",\"@id\":\"https:\/\/rolda.ro\/magazin\/produs\/masca-de-protectie-rolda-unisex-neagra\/#webpage\",\"url\":\"https:\/\/rolda.ro\/magazin\/produs\/masca-de-protectie-rolda-unisex-neagra\/\",\"name\":\"Masc\u0103 de protec\u021bie ROLDA unisex - ROLDA Magazin\",\"isPartOf\":{\"@id\":\"https:\/\/rolda.ro\/magazin\/#website\"},\"primaryImageOfPage\":{\"@id\":\"https:\/\/rolda.ro\/magazin\/produs\/masca-de-protectie-rolda-unisex-neagra\/#primaryimage\"},\"datePublished\":\"2022-03-31T14:32:54+00:00\",\"dateModified\":\"2024-03-06T08:55:53+00:00\",\"breadcrumb\":{\"@id\":\"https:\/\/rolda.ro\/magazin\/produs\/masca-de-protectie-rolda-unisex-neagra\/#breadcrumb\"},\"inLanguage\":\"ro-RO\",\"potentialAction\":[{\"@type\":\"ReadAction\",\"target\":[\"https:\/\/rolda.ro\/magazin\/produs\/masca-de-protectie-rolda-unisex-neagra\/\"]}]},{\"@type\":\"BreadcrumbList\",\"@id\":\"https:\/\/rolda.ro\/magazin\/produs\/masca-de-protectie-rolda-unisex-neagra\/#breadcrumb\",\"itemListElement\":[{\"@type\":\"ListItem\",\"position\":1,\"name\":\"Pagina principal\u0103\",\"item\":\"https:\/\/rolda.ro\/magazin\/\"},{\"@type\":\"ListItem\",\"position\":2,\"name\":\"Produse\",\"item\":\"https:\/\/rolda.ro\/magazin\/produse\/\"},{\"@type\":\"ListItem\",\"position\":3,\"name\":\"Masc\u0103 de protec\u021bie ROLDA unisex\"}]}]}<\/script>\n<!-- \/ Yoast SEO plugin. -->","yoast_head_json":{"title":"Masc\u0103 de protec\u021bie ROLDA unisex - ROLDA Magazin","robots":{"index":"index","follow":"follow","max-snippet":"max-snippet:-1","max-image-preview":"max-image-preview:large","max-video-preview":"max-video-preview:-1"},"canonical":"https:\/\/rolda.ro\/magazin\/produs\/masca-de-protectie-rolda-unisex-neagra\/","og_locale":"ro_RO","og_type":"article","og_title":"Cumpara o masca de protectie pentru a asigura hrana unui caine din adapostul ROLDA timp de 2 saptamani","og_description":"Creat de: Constantin Prin cump\u0103rarea acestui obiect, aju\u021bi echipa de salvare ROLDA s\u0103 ofere m\u00e2ncare timp de dou\u0103 s\u0103pt\u0103m\u00e2ni unui c\u00e2ine salvat de la abuzuri \u0219i alte pericole iminente de pe strad\u0103. Realizat\u0103 din bumbac, produs\u0103 \u00een Rom\u00e2nia","og_url":"https:\/\/rolda.ro\/magazin\/produs\/masca-de-protectie-rolda-unisex-neagra\/","og_site_name":"ROLDA Magazin","article_modified_time":"2024-03-06T08:55:53+00:00","og_image":[{"width":600,"height":600,"url":"https:\/\/rolda.ro\/magazin\/wp-content\/uploads\/2022\/03\/mask_sacoseRO_SCSblack_apr2020.jpg","type":"image\/jpeg"}],"twitter_card":"summary_large_image","twitter_title":"Cumpara o masca de protectie pentru a asigura hrana unui caine din adapostul ROLDA timp de 2 saptamani","twitter_image":"https:\/\/rolda.ro\/magazin\/wp-content\/uploads\/2022\/03\/mask_sacoseRO_SCSblack_apr2020.jpg","twitter_misc":{"Timp estimat pentru citire":"1 minut"},"schema":{"@context":"https:\/\/schema.org","@graph":[{"@type":"WebSite","@id":"https:\/\/rolda.ro\/magazin\/#website","url":"https:\/\/rolda.ro\/magazin\/","name":"ROLDA Magazin","description":"Magazin","potentialAction":[{"@type":"SearchAction","target":{"@type":"EntryPoint","urlTemplate":"https:\/\/rolda.ro\/magazin\/?s={search_term_string}"},"query-input":"required name=search_term_string"}],"inLanguage":"ro-RO"},{"@type":"ImageObject","@id":"https:\/\/rolda.ro\/magazin\/produs\/masca-de-protectie-rolda-unisex-neagra\/#primaryimage","inLanguage":"ro-RO","url":"https:\/\/rolda.ro\/magazin\/wp-content\/uploads\/2022\/03\/mask_sacoseRO_SCSblack_apr2020.jpg","contentUrl":"https:\/\/rolda.ro\/magazin\/wp-content\/uploads\/2022\/03\/mask_sacoseRO_SCSblack_apr2020.jpg","width":600,"height":600},{"@type":"WebPage","@id":"https:\/\/rolda.ro\/magazin\/produs\/masca-de-protectie-rolda-unisex-neagra\/#webpage","url":"https:\/\/rolda.ro\/magazin\/produs\/masca-de-protectie-rolda-unisex-neagra\/","name":"Masc\u0103 de protec\u021bie ROLDA unisex - ROLDA Magazin","isPartOf":{"@id":"https:\/\/rolda.ro\/magazin\/#website"},"primaryImageOfPage":{"@id":"https:\/\/rolda.ro\/magazin\/produs\/masca-de-protectie-rolda-unisex-neagra\/#primaryimage"},"datePublished":"2022-03-31T14:32:54+00:00","dateModified":"2024-03-06T08:55:53+00:00","breadcrumb":{"@id":"https:\/\/rolda.ro\/magazin\/produs\/masca-de-protectie-rolda-unisex-neagra\/#breadcrumb"},"inLanguage":"ro-RO","potentialAction":[{"@type":"ReadAction","target":["https:\/\/rolda.ro\/magazin\/produs\/masca-de-protectie-rolda-unisex-neagra\/"]}]},{"@type":"BreadcrumbList","@id":"https:\/\/rolda.ro\/magazin\/produs\/masca-de-protectie-rolda-unisex-neagra\/#breadcrumb","itemListElement":[{"@type":"ListItem","position":1,"name":"Pagina principal\u0103","item":"https:\/\/rolda.ro\/magazin\/"},{"@type":"ListItem","position":2,"name":"Produse","item":"https:\/\/rolda.ro\/magazin\/produse\/"},{"@type":"ListItem","position":3,"name":"Masc\u0103 de protec\u021bie ROLDA unisex"}]}]}},"_links":{"self":[{"href":"https:\/\/rolda.ro\/magazin\/wp-json\/wp\/v2\/product\/817"}],"collection":[{"href":"https:\/\/rolda.ro\/magazin\/wp-json\/wp\/v2\/product"}],"about":[{"href":"https:\/\/rolda.ro\/magazin\/wp-json\/wp\/v2\/types\/product"}],"replies":[{"embeddable":true,"href":"https:\/\/rolda.ro\/magazin\/wp-json\/wp\/v2\/comments?post=817"}],"wp:featuredmedia":[{"embeddable":true,"href":"https:\/\/rolda.ro\/magazin\/wp-json\/wp\/v2\/media\/565"}],"wp:attachment":[{"href":"https:\/\/rolda.ro\/magazin\/wp-json\/wp\/v2\/media?parent=817"}],"wp:term":[{"taxonomy":"product_cat","embeddable":true,"href":"https:\/\/rolda.ro\/magazin\/wp-json\/wp\/v2\/product_cat?post=817"},{"taxonomy":"product_tag","embeddable":true,"href":"https:\/\/rolda.ro\/magazin\/wp-json\/wp\/v2\/product_tag?post=817"}],"curies":[{"name":"wp","href":"https:\/\/api.w.org\/{rel}","templated":true}]}}