{"id":895,"date":"2022-03-31T14:33:11","date_gmt":"2022-03-31T14:33:11","guid":{"rendered":"https:\/\/rolda.ro\/magazin\/?post_type=product&#038;p=895"},"modified":"2024-03-06T08:53:22","modified_gmt":"2024-03-06T08:53:22","slug":"puzzle-cu-animalul-tau-de-companie","status":"publish","type":"product","link":"https:\/\/rolda.ro\/magazin\/produs\/puzzle-cu-animalul-tau-de-companie\/","title":{"rendered":"Puzzle cu animalul t\u0103u de companie"},"content":{"rendered":"<p>Pentru a comanda un puzzle personalizat cu imaginea animalului t\u0103u de companie, urmeaz\u0103 ace\u0219ti pa\u0219i:<br \/>\nTrimite doar 1 (una) poz\u0103 la rolda@rolda.gmail.com<br \/>\nTipul fotografiei: vedere<br \/>\nFotografia trebuie s\u0103 fie original\u0103, nu trebuie s\u0103 fie modificat\u0103 (decupat\u0103, cu efecte ad\u0103ugate etc.)<br \/>\nFotografia trebuie s\u0103 fie de 300 dpi<br \/>\nSfat: Alege o poz\u0103 clar\u0103, f\u0103cut\u0103 cu telefonul<br \/>\nImportat din China<\/p>\n<p>ROLDA ajut\u0103 \u00een mod eficient \u0219i responsabil animalele f\u0103r\u0103 st\u0103p\u00e2n, neglijate \u0219i abuzate, precum \u0219i st\u0103p\u00e2nii din comunit\u0103\u021bile s\u0103race care au dificult\u0103\u021bi \u00een a se \u00eengriji de animale \u00een mod corespunz\u0103tor. <\/p>\n<p>Culori: variat<\/p>\n<p>Dimensiuni: 52 x 38 cm <\/p>\n<div class=\"disclaimer\">\n<p>Pentru produsele realizate de c\u0103tre artizanii mentiona\u021bi pe pagina fiec\u0103rui obiect disponibil \u00een Magazinul online ROLDA; organiza\u021bia noastr\u0103 nu \u00ee\u0219i asum\u0103 r\u0103spunderea pentru \u00eent\u00e2rzierile la livrare cauzate de artizani sau de c\u0103tre serviciile po\u0219tale, diferen\u021be de orice fel \u00eentre descrierea produselor prezentate\/v\u00e2ndute, modul \u00een care produsele sunt create, realizate, asamblate sau modul \u00een care sunt folosite dup\u0103 ce sunt cump\u0103rate.<\/p>\n<\/div>\n","protected":false},"excerpt":{"rendered":"<p class=\"createdbynone\">none<\/p>\n<p class=\"toptext\"><strong>Prin cump\u0103rarea acestui obiect, aju\u021bi echipa ROLDA s\u0103 sprijine comunit\u0103\u021bile s\u0103race din Rom\u00e2nia prin campanii de microcipare \u0219i sterilizare. Acest lucru va preveni abandonul c\u0103\u021beilor n\u0103scu\u021bi nedori\u021bi care ajung pe str\u0103zi.<\/strong><\/p>\n<p class=\"desc\">Din carton, cu 500 de piese<br \/>\nAten\u021bie! Acest produs nu este potrivit pentru copiii cu v\u00e2rst\u0103 sub 3 ani.<br \/>\nDisclaimer: Distribuitorul \u00ee\u0219i asum\u0103 \u00eentreaga r\u0103spundere pentru calitatea imaginii \u0219i pentru orice \u00eent\u00e2rziere la livrare. <\/p>\n","protected":false},"featured_media":709,"comment_status":"open","ping_status":"closed","template":"","meta":[],"product_cat":[221],"product_tag":[192],"yoast_head":"<!-- This site is optimized with the Yoast SEO plugin v18.4.1 - https:\/\/yoast.com\/wordpress\/plugins\/seo\/ -->\n<title>Puzzle cu animalul t\u0103u de companie - ROLDA Magazin<\/title>\n<meta name=\"robots\" content=\"index, follow, max-snippet:-1, max-image-preview:large, max-video-preview:-1\" \/>\n<link rel=\"canonical\" href=\"https:\/\/rolda.ro\/magazin\/produs\/puzzle-cu-animalul-tau-de-companie\/\" \/>\n<meta property=\"og:locale\" content=\"ro_RO\" \/>\n<meta property=\"og:type\" content=\"article\" \/>\n<meta property=\"og:title\" content=\"Cumpara acest puzzle care poate fi personalizat cu poza animalului tau de companie pentru a ne ajuta sa continuam sa microcipam si sa sterilizam cainii din comunitatea rurala saraca din Romania\" \/>\n<meta property=\"og:description\" content=\"none Prin cump\u0103rarea acestui obiect, aju\u021bi echipa ROLDA s\u0103 sprijine comunit\u0103\u021bile s\u0103race din Rom\u00e2nia prin campanii de microcipare \u0219i sterilizare. Acest lucru va preveni abandonul c\u0103\u021beilor n\u0103scu\u021bi nedori\u021bi care ajung pe str\u0103zi. Din carton, cu 500 de piese Aten\u021bie! Acest produs nu este potrivit pentru copiii cu v\u00e2rst\u0103 sub 3 ani.  Disclaimer: Distribuitorul \u00ee\u0219i asum\u0103 \u00eentreaga r\u0103spundere pentru calitatea imaginii \u0219i pentru orice \u00eent\u00e2rziere la livrare.\" \/>\n<meta property=\"og:url\" content=\"https:\/\/rolda.ro\/magazin\/produs\/puzzle-cu-animalul-tau-de-companie\/\" \/>\n<meta property=\"og:site_name\" content=\"ROLDA Magazin\" \/>\n<meta property=\"article:modified_time\" content=\"2024-03-06T08:53:22+00:00\" \/>\n<meta property=\"og:image\" content=\"https:\/\/rolda.ro\/magazin\/wp-content\/uploads\/2022\/03\/puzzle-1.jpg\" \/>\n\t<meta property=\"og:image:width\" content=\"600\" \/>\n\t<meta property=\"og:image:height\" content=\"600\" \/>\n\t<meta property=\"og:image:type\" content=\"image\/jpeg\" \/>\n<meta name=\"twitter:card\" content=\"summary_large_image\" \/>\n<meta name=\"twitter:title\" content=\"Cumpara acest puzzle care poate fi personalizat cu poza animalului tau de companie pentru a ne ajuta sa continuam sa microcipam si sa sterilizam cainii din comunitatea rurala saraca din Romania\" \/>\n<meta name=\"twitter:image\" content=\"https:\/\/rolda.ro\/magazin\/wp-content\/uploads\/2022\/03\/puzzle-1.jpg\" \/>\n<meta name=\"twitter:label1\" content=\"Timp estimat pentru citire\" \/>\n\t<meta name=\"twitter:data1\" content=\"1 minut\" \/>\n<script type=\"application\/ld+json\" class=\"yoast-schema-graph\">{\"@context\":\"https:\/\/schema.org\",\"@graph\":[{\"@type\":\"WebSite\",\"@id\":\"https:\/\/rolda.ro\/magazin\/#website\",\"url\":\"https:\/\/rolda.ro\/magazin\/\",\"name\":\"ROLDA Magazin\",\"description\":\"Magazin\",\"potentialAction\":[{\"@type\":\"SearchAction\",\"target\":{\"@type\":\"EntryPoint\",\"urlTemplate\":\"https:\/\/rolda.ro\/magazin\/?s={search_term_string}\"},\"query-input\":\"required name=search_term_string\"}],\"inLanguage\":\"ro-RO\"},{\"@type\":\"ImageObject\",\"@id\":\"https:\/\/rolda.ro\/magazin\/produs\/puzzle-cu-animalul-tau-de-companie\/#primaryimage\",\"inLanguage\":\"ro-RO\",\"url\":\"https:\/\/rolda.ro\/magazin\/wp-content\/uploads\/2022\/03\/puzzle-1.jpg\",\"contentUrl\":\"https:\/\/rolda.ro\/magazin\/wp-content\/uploads\/2022\/03\/puzzle-1.jpg\",\"width\":600,\"height\":600},{\"@type\":\"WebPage\",\"@id\":\"https:\/\/rolda.ro\/magazin\/produs\/puzzle-cu-animalul-tau-de-companie\/#webpage\",\"url\":\"https:\/\/rolda.ro\/magazin\/produs\/puzzle-cu-animalul-tau-de-companie\/\",\"name\":\"Puzzle cu animalul t\u0103u de companie - ROLDA Magazin\",\"isPartOf\":{\"@id\":\"https:\/\/rolda.ro\/magazin\/#website\"},\"primaryImageOfPage\":{\"@id\":\"https:\/\/rolda.ro\/magazin\/produs\/puzzle-cu-animalul-tau-de-companie\/#primaryimage\"},\"datePublished\":\"2022-03-31T14:33:11+00:00\",\"dateModified\":\"2024-03-06T08:53:22+00:00\",\"breadcrumb\":{\"@id\":\"https:\/\/rolda.ro\/magazin\/produs\/puzzle-cu-animalul-tau-de-companie\/#breadcrumb\"},\"inLanguage\":\"ro-RO\",\"potentialAction\":[{\"@type\":\"ReadAction\",\"target\":[\"https:\/\/rolda.ro\/magazin\/produs\/puzzle-cu-animalul-tau-de-companie\/\"]}]},{\"@type\":\"BreadcrumbList\",\"@id\":\"https:\/\/rolda.ro\/magazin\/produs\/puzzle-cu-animalul-tau-de-companie\/#breadcrumb\",\"itemListElement\":[{\"@type\":\"ListItem\",\"position\":1,\"name\":\"Pagina principal\u0103\",\"item\":\"https:\/\/rolda.ro\/magazin\/\"},{\"@type\":\"ListItem\",\"position\":2,\"name\":\"Produse\",\"item\":\"https:\/\/rolda.ro\/magazin\/produse\/\"},{\"@type\":\"ListItem\",\"position\":3,\"name\":\"Puzzle cu animalul t\u0103u de companie\"}]}]}<\/script>\n<!-- \/ Yoast SEO plugin. -->","yoast_head_json":{"title":"Puzzle cu animalul t\u0103u de companie - ROLDA Magazin","robots":{"index":"index","follow":"follow","max-snippet":"max-snippet:-1","max-image-preview":"max-image-preview:large","max-video-preview":"max-video-preview:-1"},"canonical":"https:\/\/rolda.ro\/magazin\/produs\/puzzle-cu-animalul-tau-de-companie\/","og_locale":"ro_RO","og_type":"article","og_title":"Cumpara acest puzzle care poate fi personalizat cu poza animalului tau de companie pentru a ne ajuta sa continuam sa microcipam si sa sterilizam cainii din comunitatea rurala saraca din Romania","og_description":"none Prin cump\u0103rarea acestui obiect, aju\u021bi echipa ROLDA s\u0103 sprijine comunit\u0103\u021bile s\u0103race din Rom\u00e2nia prin campanii de microcipare \u0219i sterilizare. Acest lucru va preveni abandonul c\u0103\u021beilor n\u0103scu\u021bi nedori\u021bi care ajung pe str\u0103zi. Din carton, cu 500 de piese Aten\u021bie! Acest produs nu este potrivit pentru copiii cu v\u00e2rst\u0103 sub 3 ani.  Disclaimer: Distribuitorul \u00ee\u0219i asum\u0103 \u00eentreaga r\u0103spundere pentru calitatea imaginii \u0219i pentru orice \u00eent\u00e2rziere la livrare.","og_url":"https:\/\/rolda.ro\/magazin\/produs\/puzzle-cu-animalul-tau-de-companie\/","og_site_name":"ROLDA Magazin","article_modified_time":"2024-03-06T08:53:22+00:00","og_image":[{"width":600,"height":600,"url":"https:\/\/rolda.ro\/magazin\/wp-content\/uploads\/2022\/03\/puzzle-1.jpg","type":"image\/jpeg"}],"twitter_card":"summary_large_image","twitter_title":"Cumpara acest puzzle care poate fi personalizat cu poza animalului tau de companie pentru a ne ajuta sa continuam sa microcipam si sa sterilizam cainii din comunitatea rurala saraca din Romania","twitter_image":"https:\/\/rolda.ro\/magazin\/wp-content\/uploads\/2022\/03\/puzzle-1.jpg","twitter_misc":{"Timp estimat pentru citire":"1 minut"},"schema":{"@context":"https:\/\/schema.org","@graph":[{"@type":"WebSite","@id":"https:\/\/rolda.ro\/magazin\/#website","url":"https:\/\/rolda.ro\/magazin\/","name":"ROLDA Magazin","description":"Magazin","potentialAction":[{"@type":"SearchAction","target":{"@type":"EntryPoint","urlTemplate":"https:\/\/rolda.ro\/magazin\/?s={search_term_string}"},"query-input":"required name=search_term_string"}],"inLanguage":"ro-RO"},{"@type":"ImageObject","@id":"https:\/\/rolda.ro\/magazin\/produs\/puzzle-cu-animalul-tau-de-companie\/#primaryimage","inLanguage":"ro-RO","url":"https:\/\/rolda.ro\/magazin\/wp-content\/uploads\/2022\/03\/puzzle-1.jpg","contentUrl":"https:\/\/rolda.ro\/magazin\/wp-content\/uploads\/2022\/03\/puzzle-1.jpg","width":600,"height":600},{"@type":"WebPage","@id":"https:\/\/rolda.ro\/magazin\/produs\/puzzle-cu-animalul-tau-de-companie\/#webpage","url":"https:\/\/rolda.ro\/magazin\/produs\/puzzle-cu-animalul-tau-de-companie\/","name":"Puzzle cu animalul t\u0103u de companie - ROLDA Magazin","isPartOf":{"@id":"https:\/\/rolda.ro\/magazin\/#website"},"primaryImageOfPage":{"@id":"https:\/\/rolda.ro\/magazin\/produs\/puzzle-cu-animalul-tau-de-companie\/#primaryimage"},"datePublished":"2022-03-31T14:33:11+00:00","dateModified":"2024-03-06T08:53:22+00:00","breadcrumb":{"@id":"https:\/\/rolda.ro\/magazin\/produs\/puzzle-cu-animalul-tau-de-companie\/#breadcrumb"},"inLanguage":"ro-RO","potentialAction":[{"@type":"ReadAction","target":["https:\/\/rolda.ro\/magazin\/produs\/puzzle-cu-animalul-tau-de-companie\/"]}]},{"@type":"BreadcrumbList","@id":"https:\/\/rolda.ro\/magazin\/produs\/puzzle-cu-animalul-tau-de-companie\/#breadcrumb","itemListElement":[{"@type":"ListItem","position":1,"name":"Pagina principal\u0103","item":"https:\/\/rolda.ro\/magazin\/"},{"@type":"ListItem","position":2,"name":"Produse","item":"https:\/\/rolda.ro\/magazin\/produse\/"},{"@type":"ListItem","position":3,"name":"Puzzle cu animalul t\u0103u de companie"}]}]}},"_links":{"self":[{"href":"https:\/\/rolda.ro\/magazin\/wp-json\/wp\/v2\/product\/895"}],"collection":[{"href":"https:\/\/rolda.ro\/magazin\/wp-json\/wp\/v2\/product"}],"about":[{"href":"https:\/\/rolda.ro\/magazin\/wp-json\/wp\/v2\/types\/product"}],"replies":[{"embeddable":true,"href":"https:\/\/rolda.ro\/magazin\/wp-json\/wp\/v2\/comments?post=895"}],"wp:featuredmedia":[{"embeddable":true,"href":"https:\/\/rolda.ro\/magazin\/wp-json\/wp\/v2\/media\/709"}],"wp:attachment":[{"href":"https:\/\/rolda.ro\/magazin\/wp-json\/wp\/v2\/media?parent=895"}],"wp:term":[{"taxonomy":"product_cat","embeddable":true,"href":"https:\/\/rolda.ro\/magazin\/wp-json\/wp\/v2\/product_cat?post=895"},{"taxonomy":"product_tag","embeddable":true,"href":"https:\/\/rolda.ro\/magazin\/wp-json\/wp\/v2\/product_tag?post=895"}],"curies":[{"name":"wp","href":"https:\/\/api.w.org\/{rel}","templated":true}]}}