{"id":905,"date":"2022-03-31T14:33:12","date_gmt":"2022-03-31T14:33:12","guid":{"rendered":"https:\/\/rolda.ro\/magazin\/?post_type=product&#038;p=905"},"modified":"2024-11-06T10:13:10","modified_gmt":"2024-11-06T10:13:10","slug":"portofel-sport-realizat-manual","status":"publish","type":"product","link":"https:\/\/rolda.ro\/magazin\/produs\/portofel-sport-realizat-manual\/","title":{"rendered":"Portofel sport realizat manual"},"content":{"rendered":"<p>Culoare: variat<\/p>\n<p>Dimensiune: 21 x 19 cm<\/p>\n<p>Acest obiect este creat \u00een exclusivitate pentru ROLDA de c\u0103tre Anita, un artizan rom\u00e2n. Portofelul este lucrat manual din bumbac organic, imprimat \u0219i realizat pe o structur\u0103 solid\u0103. Are buzunare pentru carduri, un buzunar mare \u0219i buzunare cu fermoar pentru monede.<br \/>\nROLDA ajut\u0103 \u00een mod eficient \u0219i responsabil animalele f\u0103r\u0103 st\u0103p\u00e2n, neglijate \u0219i abuzate, precum \u0219i st\u0103p\u00e2nii din comunit\u0103\u021bile s\u0103race care au dificult\u0103\u021bi \u00een a se \u00eengriji de animale \u00een mod corespunz\u0103tor.<\/p>\n<div class=\"disclaimer\">\n<p>Pentru produsele realizate de c\u0103tre artizanii mentiona\u021bi pe pagina fiec\u0103rui obiect disponibil \u00een Magazinul online ROLDA; organiza\u021bia noastr\u0103 nu \u00ee\u0219i asum\u0103 r\u0103spunderea pentru \u00eent\u00e2rzierile la livrare cauzate de artizani sau de c\u0103tre serviciile po\u0219tale, diferen\u021be de orice fel \u00eentre descrierea produselor prezentate\/v\u00e2ndute, modul \u00een care produsele sunt create, realizate, asamblate sau modul \u00een care sunt folosite dup\u0103 ce sunt cump\u0103rate.<\/p>\n<\/div>\n","protected":false},"excerpt":{"rendered":"<p class=\"createdby\">Creat de: AnitaBSign<\/p>\n<p class=\"toptext\"><strong>Prin cump\u0103rarea acestui obiect, aju\u021bi echipa de salvare ROLDA s\u0103 ofere m\u00e2ncare timp de trei luni unui c\u00e2ine salvat de la abuzuri \u0219i alte pericole iminente de pe strad\u0103.<\/strong><\/p>\n<p class=\"desc\">Realizat din bumbac<\/p>\n","protected":false},"featured_media":1455,"comment_status":"closed","ping_status":"closed","template":"","meta":[],"product_cat":[247,40],"product_tag":[188,187],"yoast_head":"<!-- This site is optimized with the Yoast SEO plugin v18.4.1 - https:\/\/yoast.com\/wordpress\/plugins\/seo\/ -->\n<title>Portofel sport realizat manual - ROLDA Magazin<\/title>\n<meta name=\"robots\" content=\"index, follow, max-snippet:-1, max-image-preview:large, max-video-preview:-1\" \/>\n<link rel=\"canonical\" href=\"https:\/\/rolda.ro\/magazin\/produs\/portofel-sport-realizat-manual\/\" \/>\n<meta property=\"og:locale\" content=\"ro_RO\" \/>\n<meta property=\"og:type\" content=\"article\" \/>\n<meta property=\"og:title\" content=\"Cumpara un colier lucrat manual in Romania pentru a asigura hrana unui caine din adapostul ROLDA timp de 3 luni\" \/>\n<meta property=\"og:description\" content=\"Creat de: AnitaBSign Prin cump\u0103rarea acestui obiect, aju\u021bi echipa de salvare ROLDA s\u0103 ofere m\u00e2ncare timp de trei luni unui c\u00e2ine salvat de la abuzuri \u0219i alte pericole iminente de pe strad\u0103. Realizat din bumbac\" \/>\n<meta property=\"og:url\" content=\"https:\/\/rolda.ro\/magazin\/produs\/portofel-sport-realizat-manual\/\" \/>\n<meta property=\"og:site_name\" content=\"ROLDA Magazin\" \/>\n<meta property=\"article:modified_time\" content=\"2024-11-06T10:13:10+00:00\" \/>\n<meta property=\"og:image\" content=\"https:\/\/rolda.ro\/magazin\/wp-content\/uploads\/2022\/03\/wallet-preview2022.jpg\" \/>\n\t<meta property=\"og:image:width\" content=\"1200\" \/>\n\t<meta property=\"og:image:height\" content=\"600\" \/>\n\t<meta property=\"og:image:type\" content=\"image\/jpeg\" \/>\n<meta name=\"twitter:card\" content=\"summary_large_image\" \/>\n<meta name=\"twitter:title\" content=\"Cumpara un colier lucrat manual in Romania pentru a asigura hrana unui caine din adapostul ROLDA timp de 3 luni\" \/>\n<meta name=\"twitter:image\" content=\"https:\/\/rolda.ro\/magazin\/wp-content\/uploads\/2022\/03\/wallet-preview2022.jpg\" \/>\n<meta name=\"twitter:label1\" content=\"Timp estimat pentru citire\" \/>\n\t<meta name=\"twitter:data1\" content=\"1 minut\" \/>\n<script type=\"application\/ld+json\" class=\"yoast-schema-graph\">{\"@context\":\"https:\/\/schema.org\",\"@graph\":[{\"@type\":\"WebSite\",\"@id\":\"https:\/\/rolda.ro\/magazin\/#website\",\"url\":\"https:\/\/rolda.ro\/magazin\/\",\"name\":\"ROLDA Magazin\",\"description\":\"Magazin\",\"potentialAction\":[{\"@type\":\"SearchAction\",\"target\":{\"@type\":\"EntryPoint\",\"urlTemplate\":\"https:\/\/rolda.ro\/magazin\/?s={search_term_string}\"},\"query-input\":\"required name=search_term_string\"}],\"inLanguage\":\"ro-RO\"},{\"@type\":\"ImageObject\",\"@id\":\"https:\/\/rolda.ro\/magazin\/produs\/portofel-sport-realizat-manual\/#primaryimage\",\"inLanguage\":\"ro-RO\",\"url\":\"https:\/\/rolda.ro\/magazin\/wp-content\/uploads\/2022\/03\/wallet-preview2022.jpg\",\"contentUrl\":\"https:\/\/rolda.ro\/magazin\/wp-content\/uploads\/2022\/03\/wallet-preview2022.jpg\",\"width\":1200,\"height\":600},{\"@type\":\"WebPage\",\"@id\":\"https:\/\/rolda.ro\/magazin\/produs\/portofel-sport-realizat-manual\/#webpage\",\"url\":\"https:\/\/rolda.ro\/magazin\/produs\/portofel-sport-realizat-manual\/\",\"name\":\"Portofel sport realizat manual - ROLDA Magazin\",\"isPartOf\":{\"@id\":\"https:\/\/rolda.ro\/magazin\/#website\"},\"primaryImageOfPage\":{\"@id\":\"https:\/\/rolda.ro\/magazin\/produs\/portofel-sport-realizat-manual\/#primaryimage\"},\"datePublished\":\"2022-03-31T14:33:12+00:00\",\"dateModified\":\"2024-11-06T10:13:10+00:00\",\"breadcrumb\":{\"@id\":\"https:\/\/rolda.ro\/magazin\/produs\/portofel-sport-realizat-manual\/#breadcrumb\"},\"inLanguage\":\"ro-RO\",\"potentialAction\":[{\"@type\":\"ReadAction\",\"target\":[\"https:\/\/rolda.ro\/magazin\/produs\/portofel-sport-realizat-manual\/\"]}]},{\"@type\":\"BreadcrumbList\",\"@id\":\"https:\/\/rolda.ro\/magazin\/produs\/portofel-sport-realizat-manual\/#breadcrumb\",\"itemListElement\":[{\"@type\":\"ListItem\",\"position\":1,\"name\":\"Pagina principal\u0103\",\"item\":\"https:\/\/rolda.ro\/magazin\/\"},{\"@type\":\"ListItem\",\"position\":2,\"name\":\"Produse\",\"item\":\"https:\/\/rolda.ro\/magazin\/produse\/\"},{\"@type\":\"ListItem\",\"position\":3,\"name\":\"Portofel sport realizat manual\"}]}]}<\/script>\n<!-- \/ Yoast SEO plugin. -->","yoast_head_json":{"title":"Portofel sport realizat manual - ROLDA Magazin","robots":{"index":"index","follow":"follow","max-snippet":"max-snippet:-1","max-image-preview":"max-image-preview:large","max-video-preview":"max-video-preview:-1"},"canonical":"https:\/\/rolda.ro\/magazin\/produs\/portofel-sport-realizat-manual\/","og_locale":"ro_RO","og_type":"article","og_title":"Cumpara un colier lucrat manual in Romania pentru a asigura hrana unui caine din adapostul ROLDA timp de 3 luni","og_description":"Creat de: AnitaBSign Prin cump\u0103rarea acestui obiect, aju\u021bi echipa de salvare ROLDA s\u0103 ofere m\u00e2ncare timp de trei luni unui c\u00e2ine salvat de la abuzuri \u0219i alte pericole iminente de pe strad\u0103. Realizat din bumbac","og_url":"https:\/\/rolda.ro\/magazin\/produs\/portofel-sport-realizat-manual\/","og_site_name":"ROLDA Magazin","article_modified_time":"2024-11-06T10:13:10+00:00","og_image":[{"width":1200,"height":600,"url":"https:\/\/rolda.ro\/magazin\/wp-content\/uploads\/2022\/03\/wallet-preview2022.jpg","type":"image\/jpeg"}],"twitter_card":"summary_large_image","twitter_title":"Cumpara un colier lucrat manual in Romania pentru a asigura hrana unui caine din adapostul ROLDA timp de 3 luni","twitter_image":"https:\/\/rolda.ro\/magazin\/wp-content\/uploads\/2022\/03\/wallet-preview2022.jpg","twitter_misc":{"Timp estimat pentru citire":"1 minut"},"schema":{"@context":"https:\/\/schema.org","@graph":[{"@type":"WebSite","@id":"https:\/\/rolda.ro\/magazin\/#website","url":"https:\/\/rolda.ro\/magazin\/","name":"ROLDA Magazin","description":"Magazin","potentialAction":[{"@type":"SearchAction","target":{"@type":"EntryPoint","urlTemplate":"https:\/\/rolda.ro\/magazin\/?s={search_term_string}"},"query-input":"required name=search_term_string"}],"inLanguage":"ro-RO"},{"@type":"ImageObject","@id":"https:\/\/rolda.ro\/magazin\/produs\/portofel-sport-realizat-manual\/#primaryimage","inLanguage":"ro-RO","url":"https:\/\/rolda.ro\/magazin\/wp-content\/uploads\/2022\/03\/wallet-preview2022.jpg","contentUrl":"https:\/\/rolda.ro\/magazin\/wp-content\/uploads\/2022\/03\/wallet-preview2022.jpg","width":1200,"height":600},{"@type":"WebPage","@id":"https:\/\/rolda.ro\/magazin\/produs\/portofel-sport-realizat-manual\/#webpage","url":"https:\/\/rolda.ro\/magazin\/produs\/portofel-sport-realizat-manual\/","name":"Portofel sport realizat manual - ROLDA Magazin","isPartOf":{"@id":"https:\/\/rolda.ro\/magazin\/#website"},"primaryImageOfPage":{"@id":"https:\/\/rolda.ro\/magazin\/produs\/portofel-sport-realizat-manual\/#primaryimage"},"datePublished":"2022-03-31T14:33:12+00:00","dateModified":"2024-11-06T10:13:10+00:00","breadcrumb":{"@id":"https:\/\/rolda.ro\/magazin\/produs\/portofel-sport-realizat-manual\/#breadcrumb"},"inLanguage":"ro-RO","potentialAction":[{"@type":"ReadAction","target":["https:\/\/rolda.ro\/magazin\/produs\/portofel-sport-realizat-manual\/"]}]},{"@type":"BreadcrumbList","@id":"https:\/\/rolda.ro\/magazin\/produs\/portofel-sport-realizat-manual\/#breadcrumb","itemListElement":[{"@type":"ListItem","position":1,"name":"Pagina principal\u0103","item":"https:\/\/rolda.ro\/magazin\/"},{"@type":"ListItem","position":2,"name":"Produse","item":"https:\/\/rolda.ro\/magazin\/produse\/"},{"@type":"ListItem","position":3,"name":"Portofel sport realizat manual"}]}]}},"_links":{"self":[{"href":"https:\/\/rolda.ro\/magazin\/wp-json\/wp\/v2\/product\/905"}],"collection":[{"href":"https:\/\/rolda.ro\/magazin\/wp-json\/wp\/v2\/product"}],"about":[{"href":"https:\/\/rolda.ro\/magazin\/wp-json\/wp\/v2\/types\/product"}],"replies":[{"embeddable":true,"href":"https:\/\/rolda.ro\/magazin\/wp-json\/wp\/v2\/comments?post=905"}],"wp:featuredmedia":[{"embeddable":true,"href":"https:\/\/rolda.ro\/magazin\/wp-json\/wp\/v2\/media\/1455"}],"wp:attachment":[{"href":"https:\/\/rolda.ro\/magazin\/wp-json\/wp\/v2\/media?parent=905"}],"wp:term":[{"taxonomy":"product_cat","embeddable":true,"href":"https:\/\/rolda.ro\/magazin\/wp-json\/wp\/v2\/product_cat?post=905"},{"taxonomy":"product_tag","embeddable":true,"href":"https:\/\/rolda.ro\/magazin\/wp-json\/wp\/v2\/product_tag?post=905"}],"curies":[{"name":"wp","href":"https:\/\/api.w.org\/{rel}","templated":true}]}}