{"id":920,"date":"2022-03-31T14:33:17","date_gmt":"2022-03-31T14:33:17","guid":{"rendered":"https:\/\/rolda.ro\/magazin\/?post_type=product&#038;p=920"},"modified":"2024-03-06T08:52:32","modified_gmt":"2024-03-06T08:52:32","slug":"sticker-astazi-am-vorbit-pentru-ei","status":"publish","type":"product","link":"https:\/\/rolda.ro\/magazin\/produs\/sticker-astazi-am-vorbit-pentru-ei\/","title":{"rendered":"Sticker &#8222;Astazi am vorbit pentru ei&#8221;"},"content":{"rendered":"<p>Acest articol exclusivist este creat de Dafina, o artist\u0103 rom\u00e2nc\u0103 extrem de talentat\u0103 \u0219i poate fi achizi\u021bionat doar din magazinul online ROLDA. ROLDA ajut\u0103 \u00een mod responsabil \u0219i eficient animalele f\u0103r\u0103 ad\u0103post abuzate \u0219i neglijate, precum \u0219i comunit\u0103\u021bile s\u0103race de iubitori de animale care se lupt\u0103 s\u0103 \u00ee\u0219i \u00eengrijeasc\u0103 responsabil animalele de companie.<\/p>\n<p>Culoare: multicolor<\/p>\n<p>Dimensiuni: 900 x 900px<\/p>\n<div class=\"disclaimer\">\n<p>Pentru produsele realizate de c\u0103tre artizanii mentiona\u021bi pe pagina fiec\u0103rui obiect disponibil \u00een Magazinul online ROLDA; organiza\u021bia noastr\u0103 nu \u00ee\u0219i asum\u0103 r\u0103spunderea pentru \u00eent\u00e2rzierile la livrare cauzate de artizani sau de c\u0103tre serviciile po\u0219tale, diferen\u021be de orice fel \u00eentre descrierea produselor prezentate\/v\u00e2ndute, modul \u00een care produsele sunt create, realizate, asamblate sau modul \u00een care sunt folosite dup\u0103 ce sunt cump\u0103rate.<\/p>\n<\/div>\n","protected":false},"excerpt":{"rendered":"<p class=\"createdbynone\">Creat de: Dafina<\/p>\n<p class=\"toptext\"><strong>Prin cump\u0103rarea acestui obiect, aju\u021bi echipa de salvare ROLDA s\u0103 ofere m\u00e2ncare timp de o s\u0103pt\u0103m\u00e2n\u0103 unui c\u00e2ine salvat de la abuzuri \u0219i alte pericole iminente de pe strad\u0103.<\/strong><\/p>\n<p class=\"desc\">Autocolant de h\u00e2rtie pentru sus\u021binerea drepturilor animalelor<\/p>\n","protected":false},"featured_media":225,"comment_status":"open","ping_status":"closed","template":"","meta":[],"product_cat":[37],"product_tag":[189],"yoast_head":"<!-- This site is optimized with the Yoast SEO plugin v18.4.1 - https:\/\/yoast.com\/wordpress\/plugins\/seo\/ -->\n<title>Sticker &quot;Astazi am vorbit pentru ei&quot; - ROLDA Magazin<\/title>\n<meta name=\"robots\" content=\"index, follow, max-snippet:-1, max-image-preview:large, max-video-preview:-1\" \/>\n<link rel=\"canonical\" href=\"https:\/\/rolda.ro\/magazin\/produs\/sticker-astazi-am-vorbit-pentru-ei\/\" \/>\n<meta property=\"og:locale\" content=\"ro_RO\" \/>\n<meta property=\"og:type\" content=\"article\" \/>\n<meta property=\"og:title\" content=\"Cumpara stickerul &quot;Astazi am vorbit pentru ei&quot; si asigura hrana unui caine din adapostul ROLDA timp de o saptamana\" \/>\n<meta property=\"og:description\" content=\"Creat de: Dafina Prin cump\u0103rarea acestui obiect, aju\u021bi echipa de salvare ROLDA s\u0103 ofere m\u00e2ncare timp de o s\u0103pt\u0103m\u00e2n\u0103 unui c\u00e2ine salvat de la abuzuri \u0219i alte pericole iminente de pe strad\u0103. Autocolant de h\u00e2rtie pentru sus\u021binerea drepturilor animalelor\" \/>\n<meta property=\"og:url\" content=\"https:\/\/rolda.ro\/magazin\/produs\/sticker-astazi-am-vorbit-pentru-ei\/\" \/>\n<meta property=\"og:site_name\" content=\"ROLDA Magazin\" \/>\n<meta property=\"article:modified_time\" content=\"2024-03-06T08:52:32+00:00\" \/>\n<meta property=\"og:image\" content=\"https:\/\/rolda.ro\/magazin\/wp-content\/uploads\/2022\/03\/astazi-am-vorbit-despre-ei-preview-fb.png\" \/>\n\t<meta property=\"og:image:width\" content=\"1200\" \/>\n\t<meta property=\"og:image:height\" content=\"630\" \/>\n\t<meta property=\"og:image:type\" content=\"image\/png\" \/>\n<meta name=\"twitter:card\" content=\"summary_large_image\" \/>\n<meta name=\"twitter:title\" content=\"Cumpara stickerul &quot;Astazi am vorbit pentru ei&quot; si asigura hrana unui caine din adapostul ROLDA timp de o saptamana\" \/>\n<meta name=\"twitter:image\" content=\"https:\/\/rolda.ro\/magazin\/wp-content\/uploads\/2022\/03\/astazi-am-vorbit-despre-ei-preview-fb.png\" \/>\n<meta name=\"twitter:label1\" content=\"Timp estimat pentru citire\" \/>\n\t<meta name=\"twitter:data1\" content=\"1 minut\" \/>\n<script type=\"application\/ld+json\" class=\"yoast-schema-graph\">{\"@context\":\"https:\/\/schema.org\",\"@graph\":[{\"@type\":\"WebSite\",\"@id\":\"https:\/\/rolda.ro\/magazin\/#website\",\"url\":\"https:\/\/rolda.ro\/magazin\/\",\"name\":\"ROLDA Magazin\",\"description\":\"Magazin\",\"potentialAction\":[{\"@type\":\"SearchAction\",\"target\":{\"@type\":\"EntryPoint\",\"urlTemplate\":\"https:\/\/rolda.ro\/magazin\/?s={search_term_string}\"},\"query-input\":\"required name=search_term_string\"}],\"inLanguage\":\"ro-RO\"},{\"@type\":\"ImageObject\",\"@id\":\"https:\/\/rolda.ro\/magazin\/produs\/sticker-astazi-am-vorbit-pentru-ei\/#primaryimage\",\"inLanguage\":\"ro-RO\",\"url\":\"https:\/\/rolda.ro\/magazin\/wp-content\/uploads\/2022\/03\/astazi-am-vorbit-despre-ei-preview-fb.png\",\"contentUrl\":\"https:\/\/rolda.ro\/magazin\/wp-content\/uploads\/2022\/03\/astazi-am-vorbit-despre-ei-preview-fb.png\",\"width\":1200,\"height\":630},{\"@type\":\"WebPage\",\"@id\":\"https:\/\/rolda.ro\/magazin\/produs\/sticker-astazi-am-vorbit-pentru-ei\/#webpage\",\"url\":\"https:\/\/rolda.ro\/magazin\/produs\/sticker-astazi-am-vorbit-pentru-ei\/\",\"name\":\"Sticker \\\"Astazi am vorbit pentru ei\\\" - ROLDA Magazin\",\"isPartOf\":{\"@id\":\"https:\/\/rolda.ro\/magazin\/#website\"},\"primaryImageOfPage\":{\"@id\":\"https:\/\/rolda.ro\/magazin\/produs\/sticker-astazi-am-vorbit-pentru-ei\/#primaryimage\"},\"datePublished\":\"2022-03-31T14:33:17+00:00\",\"dateModified\":\"2024-03-06T08:52:32+00:00\",\"breadcrumb\":{\"@id\":\"https:\/\/rolda.ro\/magazin\/produs\/sticker-astazi-am-vorbit-pentru-ei\/#breadcrumb\"},\"inLanguage\":\"ro-RO\",\"potentialAction\":[{\"@type\":\"ReadAction\",\"target\":[\"https:\/\/rolda.ro\/magazin\/produs\/sticker-astazi-am-vorbit-pentru-ei\/\"]}]},{\"@type\":\"BreadcrumbList\",\"@id\":\"https:\/\/rolda.ro\/magazin\/produs\/sticker-astazi-am-vorbit-pentru-ei\/#breadcrumb\",\"itemListElement\":[{\"@type\":\"ListItem\",\"position\":1,\"name\":\"Pagina principal\u0103\",\"item\":\"https:\/\/rolda.ro\/magazin\/\"},{\"@type\":\"ListItem\",\"position\":2,\"name\":\"Produse\",\"item\":\"https:\/\/rolda.ro\/magazin\/produse\/\"},{\"@type\":\"ListItem\",\"position\":3,\"name\":\"Sticker &#8222;Astazi am vorbit pentru ei&#8221;\"}]}]}<\/script>\n<!-- \/ Yoast SEO plugin. -->","yoast_head_json":{"title":"Sticker \"Astazi am vorbit pentru ei\" - ROLDA Magazin","robots":{"index":"index","follow":"follow","max-snippet":"max-snippet:-1","max-image-preview":"max-image-preview:large","max-video-preview":"max-video-preview:-1"},"canonical":"https:\/\/rolda.ro\/magazin\/produs\/sticker-astazi-am-vorbit-pentru-ei\/","og_locale":"ro_RO","og_type":"article","og_title":"Cumpara stickerul \"Astazi am vorbit pentru ei\" si asigura hrana unui caine din adapostul ROLDA timp de o saptamana","og_description":"Creat de: Dafina Prin cump\u0103rarea acestui obiect, aju\u021bi echipa de salvare ROLDA s\u0103 ofere m\u00e2ncare timp de o s\u0103pt\u0103m\u00e2n\u0103 unui c\u00e2ine salvat de la abuzuri \u0219i alte pericole iminente de pe strad\u0103. Autocolant de h\u00e2rtie pentru sus\u021binerea drepturilor animalelor","og_url":"https:\/\/rolda.ro\/magazin\/produs\/sticker-astazi-am-vorbit-pentru-ei\/","og_site_name":"ROLDA Magazin","article_modified_time":"2024-03-06T08:52:32+00:00","og_image":[{"width":1200,"height":630,"url":"https:\/\/rolda.ro\/magazin\/wp-content\/uploads\/2022\/03\/astazi-am-vorbit-despre-ei-preview-fb.png","type":"image\/png"}],"twitter_card":"summary_large_image","twitter_title":"Cumpara stickerul \"Astazi am vorbit pentru ei\" si asigura hrana unui caine din adapostul ROLDA timp de o saptamana","twitter_image":"https:\/\/rolda.ro\/magazin\/wp-content\/uploads\/2022\/03\/astazi-am-vorbit-despre-ei-preview-fb.png","twitter_misc":{"Timp estimat pentru citire":"1 minut"},"schema":{"@context":"https:\/\/schema.org","@graph":[{"@type":"WebSite","@id":"https:\/\/rolda.ro\/magazin\/#website","url":"https:\/\/rolda.ro\/magazin\/","name":"ROLDA Magazin","description":"Magazin","potentialAction":[{"@type":"SearchAction","target":{"@type":"EntryPoint","urlTemplate":"https:\/\/rolda.ro\/magazin\/?s={search_term_string}"},"query-input":"required name=search_term_string"}],"inLanguage":"ro-RO"},{"@type":"ImageObject","@id":"https:\/\/rolda.ro\/magazin\/produs\/sticker-astazi-am-vorbit-pentru-ei\/#primaryimage","inLanguage":"ro-RO","url":"https:\/\/rolda.ro\/magazin\/wp-content\/uploads\/2022\/03\/astazi-am-vorbit-despre-ei-preview-fb.png","contentUrl":"https:\/\/rolda.ro\/magazin\/wp-content\/uploads\/2022\/03\/astazi-am-vorbit-despre-ei-preview-fb.png","width":1200,"height":630},{"@type":"WebPage","@id":"https:\/\/rolda.ro\/magazin\/produs\/sticker-astazi-am-vorbit-pentru-ei\/#webpage","url":"https:\/\/rolda.ro\/magazin\/produs\/sticker-astazi-am-vorbit-pentru-ei\/","name":"Sticker \"Astazi am vorbit pentru ei\" - ROLDA Magazin","isPartOf":{"@id":"https:\/\/rolda.ro\/magazin\/#website"},"primaryImageOfPage":{"@id":"https:\/\/rolda.ro\/magazin\/produs\/sticker-astazi-am-vorbit-pentru-ei\/#primaryimage"},"datePublished":"2022-03-31T14:33:17+00:00","dateModified":"2024-03-06T08:52:32+00:00","breadcrumb":{"@id":"https:\/\/rolda.ro\/magazin\/produs\/sticker-astazi-am-vorbit-pentru-ei\/#breadcrumb"},"inLanguage":"ro-RO","potentialAction":[{"@type":"ReadAction","target":["https:\/\/rolda.ro\/magazin\/produs\/sticker-astazi-am-vorbit-pentru-ei\/"]}]},{"@type":"BreadcrumbList","@id":"https:\/\/rolda.ro\/magazin\/produs\/sticker-astazi-am-vorbit-pentru-ei\/#breadcrumb","itemListElement":[{"@type":"ListItem","position":1,"name":"Pagina principal\u0103","item":"https:\/\/rolda.ro\/magazin\/"},{"@type":"ListItem","position":2,"name":"Produse","item":"https:\/\/rolda.ro\/magazin\/produse\/"},{"@type":"ListItem","position":3,"name":"Sticker &#8222;Astazi am vorbit pentru ei&#8221;"}]}]}},"_links":{"self":[{"href":"https:\/\/rolda.ro\/magazin\/wp-json\/wp\/v2\/product\/920"}],"collection":[{"href":"https:\/\/rolda.ro\/magazin\/wp-json\/wp\/v2\/product"}],"about":[{"href":"https:\/\/rolda.ro\/magazin\/wp-json\/wp\/v2\/types\/product"}],"replies":[{"embeddable":true,"href":"https:\/\/rolda.ro\/magazin\/wp-json\/wp\/v2\/comments?post=920"}],"wp:featuredmedia":[{"embeddable":true,"href":"https:\/\/rolda.ro\/magazin\/wp-json\/wp\/v2\/media\/225"}],"wp:attachment":[{"href":"https:\/\/rolda.ro\/magazin\/wp-json\/wp\/v2\/media?parent=920"}],"wp:term":[{"taxonomy":"product_cat","embeddable":true,"href":"https:\/\/rolda.ro\/magazin\/wp-json\/wp\/v2\/product_cat?post=920"},{"taxonomy":"product_tag","embeddable":true,"href":"https:\/\/rolda.ro\/magazin\/wp-json\/wp\/v2\/product_tag?post=920"}],"curies":[{"name":"wp","href":"https:\/\/api.w.org\/{rel}","templated":true}]}}